{"id":6015,"date":"2023-02-01T13:48:20","date_gmt":"2023-02-01T13:48:20","guid":{"rendered":"https:\/\/moverdb.com\/?page_id=6015"},"modified":"2026-01-08T15:29:16","modified_gmt":"2026-01-08T15:29:16","slug":"moving-companies-costa-rica","status":"publish","type":"page","link":"https:\/\/moverdb.com\/ro\/moving-companies\/moving-companies-costa-rica\/","title":{"rendered":"6 Cele mai bune companii de mutare interna\u021bional\u0103 \u00een Costa Rica"},"content":{"rendered":"<p>V\u0103 muta\u021bi la sau de la <a href=\"https:\/\/moverdb.com\/ro\/moving-to-costa-rica\/\" data-internallinksmanager029f6b8e52c=\"427\" title=\"V\u0103 muta\u021bi \u00een Costa Rica? 2026 Costurile vie\u021bii \u0219i sfaturi de relocare\">Costa Rica<\/a>, sau v\u0103 muta\u021bi \u00een Costa Rica? Atunci s-ar putea s\u0103 fi\u021bi interesat de un ajutor pentru mutarea tuturor bunurilor dumneavoastr\u0103, deoarece poate fi complex, mai ales dac\u0103 v\u0103 muta\u021bi dintr-o \u021bar\u0103 \u00een alta. Mai jos am compilat o list\u0103 de Costa Rica. <a href=\"https:\/\/moverdb.com\/ro\/international-removals\/\" data-internallinksmanager029f6b8e52c=\"27\" title=\"36 Cele mai bune companii de mut\u0103ri interna\u021bionale din Marea Britanie\">companii de mutare<\/a> care sunt membri ai grupului <a href=\"https:\/\/moverdb.com\/ro\/iam\/\" data-internallinksmanager029f6b8e52c=\"23\" title=\"Explica\u021bii despre Asocia\u021bia Interna\u021bional\u0103 a Transportatorilor (IAM)\">Asocia\u021bia Interna\u021bional\u0103 a Transportatorilor<\/a> (IAM) \u0219i\/sau <a href=\"https:\/\/moverdb.com\/ro\/fidi-faim\/\" data-internallinksmanager029f6b8e52c=\"16\" title=\"FIDI &amp; FAIM (FIDI Accredited International Mover) Explicat\">FIDI<\/a> Accredited International Mover (FAIM) care v\u0103 poate ajuta.<\/p>\n<div id=\"ez-toc-container\" class=\"ez-toc-v2_0_82_2 ez-toc-wrap-left counter-hierarchy ez-toc-counter ez-toc-transparent ez-toc-container-direction\">\n<div class=\"ez-toc-title-container\">\n<p class=\"ez-toc-title\" style=\"cursor:inherit\">Sec\u021biuni<\/p>\n<span class=\"ez-toc-title-toggle\"><a href=\"#\" class=\"ez-toc-pull-right ez-toc-btn ez-toc-btn-xs ez-toc-btn-default ez-toc-toggle\" aria-label=\"Comuta\u021bi tabelul de con\u021binut\"><span class=\"ez-toc-js-icon-con\"><span class=\"\"><span class=\"eztoc-hide\" style=\"display:none;\">Toggle<\/span><span class=\"ez-toc-icon-toggle-span\"><svg style=\"fill: #999;color:#999\" xmlns=\"http:\/\/www.w3.org\/2000\/svg\" class=\"list-377408\" width=\"20px\" height=\"20px\" viewbox=\"0 0 24 24\" fill=\"none\"><path d=\"M6 6H4v2h2V6zm14 0H8v2h12V6zM4 11h2v2H4v-2zm16 0H8v2h12v-2zM4 16h2v2H4v-2zm16 0H8v2h12v-2z\" fill=\"currentColor\"><\/path><\/svg><svg style=\"fill: #999;color:#999\" class=\"arrow-unsorted-368013\" xmlns=\"http:\/\/www.w3.org\/2000\/svg\" width=\"10px\" height=\"10px\" viewbox=\"0 0 24 24\" version=\"1.2\" baseprofile=\"tiny\"><path d=\"M18.2 9.3l-6.2-6.3-6.2 6.3c-.2.2-.3.4-.3.7s.1.5.3.7c.2.2.4.3.7.3h11c.3 0 .5-.1.7-.3.2-.2.3-.5.3-.7s-.1-.5-.3-.7zM5.8 14.7l6.2 6.3 6.2-6.3c.2-.2.3-.5.3-.7s-.1-.5-.3-.7c-.2-.2-.4-.3-.7-.3h-11c-.3 0-.5.1-.7.3-.2.2-.3.5-.3.7s.1.5.3.7z\"\/><\/svg><\/span><\/span><\/span><\/a><\/span><\/div>\n<nav><ul class='ez-toc-list ez-toc-list-level-1 eztoc-toggle-hide-by-default' ><li class='ez-toc-page-1 ez-toc-heading-level-2'><a class=\"ez-toc-link ez-toc-heading-1\" href=\"https:\/\/moverdb.com\/ro\/moving-companies\/moving-companies-costa-rica\/#1_Allianz_Moving\" >1. Allianz Moving<\/a><\/li><li class='ez-toc-page-1 ez-toc-heading-level-2'><a class=\"ez-toc-link ez-toc-heading-2\" href=\"https:\/\/moverdb.com\/ro\/moving-companies\/moving-companies-costa-rica\/#2_Gateway_Moving_and_Relocation\" >2. Mutarea \u0219i relocarea Gateway<\/a><\/li><li class='ez-toc-page-1 ez-toc-heading-level-2'><a class=\"ez-toc-link ez-toc-heading-3\" href=\"https:\/\/moverdb.com\/ro\/moving-companies\/moving-companies-costa-rica\/#3_Inter_Moves_SG_Global\" >3. Inter Moves SG Global<\/a><\/li><li class='ez-toc-page-1 ez-toc-heading-level-2'><a class=\"ez-toc-link ez-toc-heading-4\" href=\"https:\/\/moverdb.com\/ro\/moving-companies\/moving-companies-costa-rica\/#4_Mudanzas_Mundiales\" >4. Mudanzas Mundiales<\/a><\/li><li class='ez-toc-page-1 ez-toc-heading-level-2'><a class=\"ez-toc-link ez-toc-heading-5\" href=\"https:\/\/moverdb.com\/ro\/moving-companies\/moving-companies-costa-rica\/#5_Multimodal\" >5. Multimodal<\/a><\/li><li class='ez-toc-page-1 ez-toc-heading-level-2'><a class=\"ez-toc-link ez-toc-heading-6\" href=\"https:\/\/moverdb.com\/ro\/moving-companies\/moving-companies-costa-rica\/#6_Winmovers\" >6. Winmovers<\/a><\/li><li class='ez-toc-page-1 ez-toc-heading-level-2'><a class=\"ez-toc-link ez-toc-heading-7\" href=\"https:\/\/moverdb.com\/ro\/moving-companies\/moving-companies-costa-rica\/#Other_Useful_Guides_to_Costa_Rica\" >Alte ghiduri utile pentru Costa Rica<\/a><\/li><\/ul><\/nav><\/div>\n<h2><span class=\"ez-toc-section\" id=\"1_Allianz_Moving\"><\/span><strong>1. Allianz Moving<\/strong><span class=\"ez-toc-section-end\"><\/span><\/h2>\n<p><img loading=\"lazy\" decoding=\"async\" class=\"alignnone size-full wp-image-5925\" src=\"https:\/\/moverdb.com\/wp-content\/uploads\/Allianz-Moving-international-moving-company.png\" alt=\"Allianz Moving companie de mut\u0103ri interna\u021bionale\" width=\"1440\" height=\"684\" data-wp-pid=\"5925\" srcset=\"https:\/\/moverdb.com\/wp-content\/uploads\/Allianz-Moving-international-moving-company.png 1440w, https:\/\/moverdb.com\/wp-content\/uploads\/Allianz-Moving-international-moving-company-300x143.png 300w, https:\/\/moverdb.com\/wp-content\/uploads\/Allianz-Moving-international-moving-company-1024x486.png 1024w, https:\/\/moverdb.com\/wp-content\/uploads\/Allianz-Moving-international-moving-company-18x9.png 18w, https:\/\/moverdb.com\/wp-content\/uploads\/Allianz-Moving-international-moving-company-600x285.png 600w\" sizes=\"auto, (max-width: 1440px) 100vw, 1440px\" \/><\/p>\n<ul>\n<li>Mut\u0103ri locale \u0219i na\u021bionale<\/li>\n<li>Mut\u0103ri interna\u021bionale<\/li>\n<li>Servicii de relocare<\/li>\n<li>Mut\u0103ri reziden\u021biale<\/li>\n<li>Mutarea birourilor<\/li>\n<li>Serviciul de ambalare<\/li>\n<li>Asigurare<\/li>\n<li>Mutarea animalelor de companie<\/li>\n<li><a href=\"https:\/\/moverdb.com\/ro\/car-transport-shipping\/\" data-internallinksmanager029f6b8e52c=\"2\" title=\"2026 Transport auto interna\u021bional \u0219i oferte de transport maritim de vehicule\">Transportul auto<\/a><\/li>\n<li>Facilit\u0103\u021bi de depozitare<\/li>\n<\/ul>\n<p>Allianz Moving este un furnizor de solu\u021bii de relocare interna\u021bional\u0103 cu peste 20 de ani de experien\u021b\u0103 \u00een mut\u0103ri locale \u0219i reloc\u0103ri globale. Ace\u0219tia ofer\u0103 reloc\u0103ri interna\u021bionale prin intermediul re\u021belei lor globale de parteneri de mutare. Ei sunt membri IAM cu 7 ani de serviciu.<\/p>\n<p>Allianz Moving ofer\u0103 un studiu \u00eenainte de mutare pentru a v\u0103 evalua nevoile \u0219i pentru a v\u0103 oferi o ofert\u0103. Ace\u0219tia v\u0103 vor oferi un serviciu de ambalare care v\u0103 va proteja bunurile \u0219i vor aranja transportul acestora, inclusiv v\u0103muirea. Ofer\u0103, de asemenea, servicii suplimentare de mutare interna\u021bional\u0103 pentru animale de companie \u0219i ma\u0219ini, precum \u0219i facilit\u0103\u021bi de depozitare pe termen scurt sau lung.<\/p>\n<p>Site web: <a href=\"http:\/\/www.allianzmoving.com\" target=\"_blank\" rel=\"noopener\">http:\/\/www.allianzmoving.com<\/a><\/p>\n<h2><span class=\"ez-toc-section\" id=\"2_Gateway_Moving_and_Relocation\"><\/span><strong>2. Mutarea \u0219i relocarea Gateway<\/strong><span class=\"ez-toc-section-end\"><\/span><\/h2>\n<p><img loading=\"lazy\" decoding=\"async\" class=\"alignnone size-full wp-image-5949\" src=\"https:\/\/moverdb.com\/wp-content\/uploads\/Gateway-Moving-and-Relocation-international-moving-company.png\" alt=\"Gateway Moving and Relocation companie de mutare interna\u021bional\u0103\" width=\"1440\" height=\"683\" data-wp-pid=\"5949\" srcset=\"https:\/\/moverdb.com\/wp-content\/uploads\/Gateway-Moving-and-Relocation-international-moving-company.png 1440w, https:\/\/moverdb.com\/wp-content\/uploads\/Gateway-Moving-and-Relocation-international-moving-company-300x142.png 300w, https:\/\/moverdb.com\/wp-content\/uploads\/Gateway-Moving-and-Relocation-international-moving-company-1024x486.png 1024w, https:\/\/moverdb.com\/wp-content\/uploads\/Gateway-Moving-and-Relocation-international-moving-company-18x9.png 18w, https:\/\/moverdb.com\/wp-content\/uploads\/Gateway-Moving-and-Relocation-international-moving-company-600x285.png 600w\" sizes=\"auto, (max-width: 1440px) 100vw, 1440px\" \/><\/p>\n<ul>\n<li>Mut\u0103ri locale \u0219i na\u021bionale<\/li>\n<li>Mut\u0103ri interna\u021bionale<\/li>\n<li>Mut\u0103ri reziden\u021biale<\/li>\n<li>Reloc\u0103ri industriale \u0219i de birouri<\/li>\n<li>Pachete de mutare personalizate<\/li>\n<li>Servicii de \u00eempachetare \u0219i ambalare<\/li>\n<li>Echipamente de \u00eenalt\u0103 calitate<\/li>\n<li>Brokeraj vamal<\/li>\n<li>Transportul vehiculelor<\/li>\n<li>Facilit\u0103\u021bi de depozitare<\/li>\n<\/ul>\n<p>Gateway Moving and Relocation este o companie de mutare \u0219i relocare de\u021binut\u0103 de o familie, care se bazeaz\u0103 \u00een <a href=\"https:\/\/moverdb.com\/ro\/moving-to-san-jose\/\" data-internallinksmanager029f6b8e52c=\"64\" title=\"Te mu\u021bi \u00een San Jose? 2026 Costuri de trai \u0219i sfaturi de relocare\">San Jose<\/a> cu un birou \u00een <a href=\"https:\/\/moverdb.com\/ro\/moving-companies\/moving-companies-nicaragua\/\" data-internallinksmanager029f6b8e52c=\"278\" title=\"Cele mai bune companii de mutare interna\u021bional\u0103 \u00een Nicaragua\">Nicaragua<\/a>. Ace\u0219tia colaboreaz\u0103 cu al\u021bi agen\u021bi de mutare din \u00eentreaga lume pentru a oferi servicii interna\u021bionale. Sunt membri ai IAM cu 6 ani de activitate.<\/p>\n<p>Gateway Moving and Relocation ofer\u0103 pachete de mutare personalizate, adaptate la nevoile dumneavoastr\u0103. V\u0103 vor oferi un serviciu de ambalare care s\u0103 v\u0103 protejeze obiectele \u00een timp ce sunt \u00een tranzit, acest lucru include orice, de la fine\u021buri <a href=\"https:\/\/moverdb.com\/ro\/moving-to-china\/\" data-internallinksmanager029f6b8e52c=\"357\" title=\"V\u0103 muta\u021bi \u00een China? 2026 Costurile de trai \u0219i sfaturi de relocare\">china<\/a> la instrumente muzicale \u0219i la mobil\u0103 voluminoas\u0103. Ace\u0219tia ofer\u0103 servicii de brokeraj vamal, servicii de transport de vehicule \u0219i servicii de depozitare \u00eenainte sau dup\u0103 mutare.<\/p>\n<p>Site web: <a href=\"https:\/\/www.gatewaymovingcr.com\" target=\"_blank\" rel=\"noopener\">https:\/\/www.gatewaymovingcr.com<\/a><\/p>\n<h2><span class=\"ez-toc-section\" id=\"3_Inter_Moves_SG_Global\"><\/span><strong>3. Inter Moves SG Global<\/strong><span class=\"ez-toc-section-end\"><\/span><\/h2>\n<p><img loading=\"lazy\" decoding=\"async\" class=\"alignnone size-full wp-image-5959\" src=\"https:\/\/moverdb.com\/wp-content\/uploads\/Inter-Moves-SG-Global-international-moving-company.png\" alt=\"Inter Moves SG Companie de mut\u0103ri interna\u021bionale globale\" width=\"1440\" height=\"684\" data-wp-pid=\"5959\" srcset=\"https:\/\/moverdb.com\/wp-content\/uploads\/Inter-Moves-SG-Global-international-moving-company.png 1440w, https:\/\/moverdb.com\/wp-content\/uploads\/Inter-Moves-SG-Global-international-moving-company-300x143.png 300w, https:\/\/moverdb.com\/wp-content\/uploads\/Inter-Moves-SG-Global-international-moving-company-1024x486.png 1024w, https:\/\/moverdb.com\/wp-content\/uploads\/Inter-Moves-SG-Global-international-moving-company-18x9.png 18w, https:\/\/moverdb.com\/wp-content\/uploads\/Inter-Moves-SG-Global-international-moving-company-600x285.png 600w\" sizes=\"auto, (max-width: 1440px) 100vw, 1440px\" \/><\/p>\n<ul>\n<li>Mut\u0103ri locale \u0219i na\u021bionale<\/li>\n<li>Mut\u0103ri interna\u021bionale<\/li>\n<li>Mutarea gospod\u0103riei<\/li>\n<li>Mutarea birourilor<\/li>\n<li>Servicii de ambalare<\/li>\n<li>Broker vamal<\/li>\n<li>Antichit\u0103\u021bi \u0219i mut\u0103ri de opere de art\u0103<\/li>\n<li>Transportul vehiculelor<\/li>\n<li>Op\u021biuni de asigurare<\/li>\n<li>Facilit\u0103\u021bi de depozitare<\/li>\n<\/ul>\n<p>Inter Moves SG Global este un furnizor de servicii de expediere de m\u0103rfuri \u0219i de mut\u0103ri interna\u021bionale, fondat \u00een 2001. Ace\u0219tia ofer\u0103 servicii de mutare local\u0103, na\u021bional\u0103 \u0219i interna\u021bional\u0103 at\u00e2t pentru gospod\u0103rii, c\u00e2t \u0219i pentru birouri. Ei sunt membri ai IAM cu 21 de ani de serviciu.<\/p>\n<p>Inter Moves SG Global ofer\u0103 un serviciu profesionist de mutare care v\u0103 va \u00eempacheta bunurile \u0219i va face aranjamentele necesare pentru a le \u00eenc\u0103rca \u00een containere \u0219i l\u0103zi, \u00eempreun\u0103 cu transportul la destina\u021bie, inclusiv brokerajul vamal. Ace\u0219tia ofer\u0103 servicii de brokeraj de asigurare pentru a g\u0103si cea mai bun\u0103 acoperire de asigurare pentru mutarea dumneavoastr\u0103. Ei ofer\u0103 chiar \u0219i un hotel Bed &amp; Breakfast pentru cei care se mut\u0103 \u0219i care au nevoie de cazare temporar\u0103.<\/p>\n<p>Site web: <a href=\"http:\/\/www.InterMoves-SGCR.com\" target=\"_blank\" rel=\"noopener\">http:\/\/www.InterMoves-SGCR.com<\/a><\/p>\n<h2><span class=\"ez-toc-section\" id=\"4_Mudanzas_Mundiales\"><\/span><strong>4. Mudanzas Mundiales<\/strong><span class=\"ez-toc-section-end\"><\/span><\/h2>\n<p><img loading=\"lazy\" decoding=\"async\" class=\"alignnone size-full wp-image-5981\" src=\"https:\/\/moverdb.com\/wp-content\/uploads\/Mudanzas-Mundiales-international-moving-company.png\" alt=\"Mudanzas Mundiales companie interna\u021bional\u0103 de mutare\" width=\"1440\" height=\"680\" data-wp-pid=\"5981\" srcset=\"https:\/\/moverdb.com\/wp-content\/uploads\/Mudanzas-Mundiales-international-moving-company.png 1440w, https:\/\/moverdb.com\/wp-content\/uploads\/Mudanzas-Mundiales-international-moving-company-300x142.png 300w, https:\/\/moverdb.com\/wp-content\/uploads\/Mudanzas-Mundiales-international-moving-company-1024x484.png 1024w, https:\/\/moverdb.com\/wp-content\/uploads\/Mudanzas-Mundiales-international-moving-company-18x9.png 18w, https:\/\/moverdb.com\/wp-content\/uploads\/Mudanzas-Mundiales-international-moving-company-600x283.png 600w\" sizes=\"auto, (max-width: 1440px) 100vw, 1440px\" \/><\/p>\n<ul>\n<li>Mut\u0103ri interna\u021bionale<\/li>\n<li>Mut\u0103ri reziden\u021biale<\/li>\n<li>Mut\u0103ri comerciale<\/li>\n<li>Servicii de relocare<\/li>\n<li>Serviciu profesionist de ambalare<\/li>\n<li>Transport terestru, maritim sau aerian<\/li>\n<li>Broker vamal<\/li>\n<li>Transportul operelor de art\u0103<\/li>\n<li>Transportul animalelor de companie<\/li>\n<li>Facilit\u0103\u021bi de depozitare<\/li>\n<\/ul>\n<p>Mudanzas Mundiales este o companie de mut\u0103ri cu peste 60 de ani de experien\u021b\u0103 \u00een domeniul logisticii integrate \u0219i al comer\u021bului interna\u021bional. Aceasta are birouri \u00een San Jose \u0219i Nicaragua. Sunt membri ai IAM cu 53 de ani de activitate \u0219i sunt acredita\u021bi de FIDI.<\/p>\n<p>Mudanzas Mundiales ofer\u0103 o abordare personalizat\u0103 a mut\u0103rilor cu un serviciu de la u\u0219\u0103 la u\u0219\u0103 care include un serviciu de ambalare folosind materiale de calitate superioar\u0103 p\u00e2n\u0103 la despachetarea \u0219i aranjarea mobilei. Se va ocupa de transportul pe uscat, pe mare sau pe calea aerului, cu servicii de brokeraj vamal \u0219i asigurare. Serviciile lor de relocare v\u0103 vor ajuta \u00een ceea ce prive\u0219te orientarea, g\u0103sirea unei locuin\u021be \u0219i a unei \u0219coli, serviciile de sosire \u0219i preg\u0103tirea lingvistic\u0103 \u0219i cultural\u0103.<\/p>\n<p>Site web: <a href=\"http:\/\/mudanzasmundiales.com\" target=\"_blank\" rel=\"noopener\">http:\/\/mudanzasmundiales.com<\/a><\/p>\n<h2><span class=\"ez-toc-section\" id=\"5_Multimodal\"><\/span><strong>5. Multimodal<\/strong><span class=\"ez-toc-section-end\"><\/span><\/h2>\n<p><img loading=\"lazy\" decoding=\"async\" class=\"alignnone size-full wp-image-5984\" src=\"https:\/\/moverdb.com\/wp-content\/uploads\/Multimodal-international-moving-company.png\" alt=\"Companie de mut\u0103ri interna\u021bionale multimodale\" width=\"1440\" height=\"680\" data-wp-pid=\"5984\" srcset=\"https:\/\/moverdb.com\/wp-content\/uploads\/Multimodal-international-moving-company.png 1440w, https:\/\/moverdb.com\/wp-content\/uploads\/Multimodal-international-moving-company-300x142.png 300w, https:\/\/moverdb.com\/wp-content\/uploads\/Multimodal-international-moving-company-1024x484.png 1024w, https:\/\/moverdb.com\/wp-content\/uploads\/Multimodal-international-moving-company-18x9.png 18w, https:\/\/moverdb.com\/wp-content\/uploads\/Multimodal-international-moving-company-600x283.png 600w\" sizes=\"auto, (max-width: 1440px) 100vw, 1440px\" \/><\/p>\n<ul>\n<li>Mut\u0103ri interna\u021bionale<\/li>\n<li>Mut\u0103ri reziden\u021biale<\/li>\n<li>Mutarea birourilor<\/li>\n<li>Manipularea \u0219i monitorizarea expedierilor<\/li>\n<li>Transport terestru, maritim \u0219i aerian<\/li>\n<li>Brokeraj vamal<\/li>\n<li>Asigurarea m\u0103rfurilor<\/li>\n<li>Transportul animalelor de companie<\/li>\n<li>Transportul vehiculelor<\/li>\n<li>Facilit\u0103\u021bi de depozitare<\/li>\n<\/ul>\n<p>Multimodal este un furnizor specializat \u00een comer\u021b interna\u021bional \u0219i servicii vamale care ofer\u0103 servicii de mutare \u00een Costa Rica \u0219i Nicaragua. A fost \u00eenfiin\u021bat\u0103 \u00een 1999 \u0219i oferea \u00een principal m\u0103rfuri aeriene, dar s-a extins pentru a oferi toate mijloacele de transport. Este membru al IAM, cu 37 de ani de activitate, \u0219i lucreaz\u0103 \u00een parteneriat cu alte agen\u021bii pentru a-\u0219i oferi serviciile la nivel interna\u021bional.<\/p>\n<p>Multimodal ofer\u0103 un serviciu de mutare sigur \u0219i fiabil, f\u0103r\u0103 complica\u021bii \u0219i costuri inutile. Ace\u0219tia ofer\u0103 servicii profesionale de ambalare pentru a v\u0103 transporta bunurile \u00een condi\u021bii de siguran\u021b\u0103 \u0219i vor aranja transportul pe uscat, pe mare sau pe calea aerului, \u00eempreun\u0103 cu brokerajul vamal.<\/p>\n<p>Site web: <a href=\"http:\/\/www.multimodalcr.com\" target=\"_blank\" rel=\"noopener\">http:\/\/www.multimodalcr.com<\/a><\/p>\n<h2><span class=\"ez-toc-section\" id=\"6_Winmovers\"><\/span><strong>6. Winmovers<\/strong><span class=\"ez-toc-section-end\"><\/span><\/h2>\n<p><img loading=\"lazy\" decoding=\"async\" class=\"alignnone size-full wp-image-6016\" src=\"https:\/\/moverdb.com\/wp-content\/uploads\/Winmovers-international-moving-company.png\" alt=\"Winmovers companie de mutare interna\u021bional\u0103\" width=\"1440\" height=\"678\" data-wp-pid=\"6016\" srcset=\"https:\/\/moverdb.com\/wp-content\/uploads\/Winmovers-international-moving-company.png 1440w, https:\/\/moverdb.com\/wp-content\/uploads\/Winmovers-international-moving-company-300x141.png 300w, https:\/\/moverdb.com\/wp-content\/uploads\/Winmovers-international-moving-company-1024x482.png 1024w, https:\/\/moverdb.com\/wp-content\/uploads\/Winmovers-international-moving-company-18x8.png 18w, https:\/\/moverdb.com\/wp-content\/uploads\/Winmovers-international-moving-company-600x283.png 600w\" sizes=\"auto, (max-width: 1440px) 100vw, 1440px\" \/><\/p>\n<ul>\n<li>Mut\u0103ri locale \u0219i na\u021bionale<\/li>\n<li>Mut\u0103ri interna\u021bionale<\/li>\n<li>Mutarea gospod\u0103riei<\/li>\n<li>Mi\u0219c\u0103ri de afaceri<\/li>\n<li>Serviciu din u\u0219\u0103 \u00een u\u0219\u0103<\/li>\n<li>Serviciu profesionist de ambalare<\/li>\n<li>Ambalaje industriale<\/li>\n<li>Transport terestru, aerian \u0219i maritim<\/li>\n<li>Articole de specialitate, cum ar fi pianul \u0219i echipamentele informatice<\/li>\n<li>O flot\u0103 diversificat\u0103 de camioane<\/li>\n<\/ul>\n<p>Winmovers este un furnizor de servicii de mut\u0103ri interna\u021bionale \u0219i locale, fondat \u00een 2003. Ei sunt membri ai IAM cu 19 ani de serviciu \u0219i sunt acredita\u021bi de FIDI. Ei au o flot\u0103 larg\u0103 \u0219i divers\u0103 de camioane care satisface o varietate de nevoi de transport.<\/p>\n<p>Winmovers ofer\u0103 un serviciu de la u\u0219\u0103 la u\u0219\u0103 care include un serviciu de ambalare profesionist oferit de personal calificat care v\u0103 va proteja bunurile cu o gam\u0103 de materiale de ambalare, cum ar fi cutii, huse \u0219i p\u0103turi. De asemenea, ace\u0219tia \u00ee\u0219i creeaz\u0103 propriile cutii de lemn certificate. Ace\u0219tia vor organiza expedierea bunurilor dumneavoastr\u0103 pe cale terestr\u0103, aerian\u0103 sau maritim\u0103.<\/p>\n<p>Site web: <a href=\"http:\/\/www.winmovers.com\" target=\"_blank\" rel=\"noopener\">http:\/\/www.winmovers.com<\/a><\/p>\n<h2><span class=\"ez-toc-section\" id=\"Other_Useful_Guides_to_Costa_Rica\"><\/span>Alte ghiduri utile pentru Costa Rica<span class=\"ez-toc-section-end\"><\/span><\/h2>\n<ul>\n<li> <a href=\"https:\/\/moverdb.com\/ro\/transport-maritim-de-containere\/costa-rica\/\">2024 Tarife de transport maritim de containere c\u0103tre \u0219i din Costa Rica<\/a><\/li>\n<li> <a href=\"https:\/\/moverdb.com\/ro\/moving-to-costa-rica\/\">V\u0103 muta\u021bi \u00een Costa Rica? 2026 Costurile vie\u021bii \u0219i sfaturi de relocare<\/a><\/li>\n<li> <a href=\"https:\/\/moverdb.com\/ro\/moving-to-costa-rica\/living-in-costa-rica\/\">21 de secrete despre via\u021ba \u00een Costa Rica pe care trebuie s\u0103 le \u0219ti\u021bi \u00eenainte de a v\u0103 muta<\/a><\/li>\n<\/ul>","protected":false},"excerpt":{"rendered":"<p>Are you moving to or from Costa Rica, or moving within Costa Rica? Then you might be interested in some help moving all of your belongings as it can be complex especially if you are moving countries. Below we have compiled a list of Costa Rican removal companies that are members of the International Association [&hellip;]<\/p>\n","protected":false},"author":4,"featured_media":0,"parent":190,"menu_order":0,"comment_status":"closed","ping_status":"closed","template":"","meta":{"_genesis_hide_title":false,"_genesis_hide_breadcrumbs":false,"_genesis_hide_singular_image":false,"_genesis_hide_footer_widgets":false,"_genesis_custom_body_class":"","_genesis_custom_post_class":"","_genesis_layout":"","footnotes":""},"class_list":{"0":"post-6015","1":"page","2":"type-page","3":"status-publish","5":"entry","6":"has-post-thumbnail"},"_links":{"self":[{"href":"https:\/\/moverdb.com\/ro\/wp-json\/wp\/v2\/pages\/6015","targetHints":{"allow":["GET"]}}],"collection":[{"href":"https:\/\/moverdb.com\/ro\/wp-json\/wp\/v2\/pages"}],"about":[{"href":"https:\/\/moverdb.com\/ro\/wp-json\/wp\/v2\/types\/page"}],"author":[{"embeddable":true,"href":"https:\/\/moverdb.com\/ro\/wp-json\/wp\/v2\/users\/4"}],"replies":[{"embeddable":true,"href":"https:\/\/moverdb.com\/ro\/wp-json\/wp\/v2\/comments?post=6015"}],"version-history":[{"count":2,"href":"https:\/\/moverdb.com\/ro\/wp-json\/wp\/v2\/pages\/6015\/revisions"}],"predecessor-version":[{"id":18296,"href":"https:\/\/moverdb.com\/ro\/wp-json\/wp\/v2\/pages\/6015\/revisions\/18296"}],"up":[{"embeddable":true,"href":"https:\/\/moverdb.com\/ro\/wp-json\/wp\/v2\/pages\/190"}],"wp:attachment":[{"href":"https:\/\/moverdb.com\/ro\/wp-json\/wp\/v2\/media?parent=6015"}],"curies":[{"name":"wp","href":"https:\/\/api.w.org\/{rel}","templated":true}]}}