{"id":5575,"date":"2022-11-24T01:39:45","date_gmt":"2022-11-24T01:39:45","guid":{"rendered":"https:\/\/moverdb.com\/?page_id=5575"},"modified":"2026-01-08T14:38:40","modified_gmt":"2026-01-08T14:38:40","slug":"us-virgin-islands","status":"publish","type":"page","link":"https:\/\/moverdb.com\/ro\/container-shipping\/us-virgin-islands\/","title":{"rendered":"2026 Transport maritim de m\u0103rfuri container Tarife de transport maritim c\u0103tre \u0219i din Insulele Virgine Americane"},"content":{"rendered":"<div class=\"wp-block-image\">\n<figure class=\"aligncenter size-full\"><img loading=\"lazy\" decoding=\"async\" width=\"1000\" height=\"667\" src=\"https:\/\/moverdb.com\/wp-content\/uploads\/us-virgin-islands.jpg\" alt=\"Vedere panoramic\u0103 a insulei caraibiene St Thomas, Insulele Virgine Americane\" class=\"wp-image-5558\" srcset=\"https:\/\/moverdb.com\/wp-content\/uploads\/us-virgin-islands.jpg 1000w, https:\/\/moverdb.com\/wp-content\/uploads\/us-virgin-islands-300x200.jpg 300w, https:\/\/moverdb.com\/wp-content\/uploads\/us-virgin-islands-18x12.jpg 18w, https:\/\/moverdb.com\/wp-content\/uploads\/us-virgin-islands-600x400.jpg 600w\" sizes=\"auto, (max-width: 1000px) 100vw, 1000px\" \/><\/figure>\n<\/div>\n\n\n<p>The<strong> <a href=\"https:\/\/moverdb.com\/ro\/moving-to-the-us-virgin-islands\/\" data-internallinksmanager029f6b8e52c=\"386\" title=\"V\u0103 muta\u021bi \u00een Insulele Virgine Americane? Costurile vie\u021bii \u00een 2023\">Insulele Virgine Americane<\/a><\/strong> sunt perfecte pentru to\u021bi cei care \u00ee\u0219i pot permite s\u0103 se retrag\u0103 \u00eentr-un loc exclusivist de evadare \u0219i s\u0103 tr\u0103iasc\u0103 via\u021ba de vis pe o insul\u0103.<\/p>\n\n\n\n<p>Acest mic teritoriu american din Caraibe cuprinde 53 de insule, dintre care 4 sunt locuite \u00een principal (Saint Croix, Saint Thomas, Saint John \u0219i Water Island).<\/p>\n\n\n\n<p>Acest mic paradis este o op\u021biune premium pentru coloni\u0219tii care doresc s\u0103 experimenteze un nivel de trai mai ridicat, deoarece insulele ofer\u0103 multe op\u021biuni de lux pentru cazare \u0219i divertisment.<\/p>\n\n\n\n<p>Totu\u0219i, transportul obiectelor de uz casnic acolo poate fi un pic mai complicat. \u00cen timp ce croazierele sunt adesea v\u0103zute la insulele <a href=\"https:\/\/moverdb.com\/ro\/top-49-container-ports\/\" data-internallinksmanager029f6b8e52c=\"80\" title=\"Top 49 cele mai mari \u0219i mai aglomerate porturi de containere \u00een 2026\">porturi<\/a>, garniturile de marf\u0103 sunt o priveli\u0219te rar\u0103.<\/p>\n\n\n\n<p>\u00cen orice caz, exist\u0103 mai multe op\u021biuni pe care le-am enumerat \u00een tabelele de mai jos. Nu ezita\u021bi s\u0103 consulta\u021bi \u0219i instrumentul nostru de estimare \u0219i s\u0103 completa\u021bi datele dumneavoastr\u0103 pentru o ofert\u0103 personalizat\u0103.<\/p>\n\n\n\n<h2 class=\"wp-block-heading\">Costurile de transport maritim de containere \u00een Insulele Virgine Americane (St Croix)<\/h2>\n\n\n<div class=\"wp-block-image\">\n<figure class=\"aligncenter size-large\"><img loading=\"lazy\" decoding=\"async\" width=\"1024\" height=\"539\" src=\"https:\/\/moverdb.com\/wp-content\/uploads\/Shipping-Container-Costs-to-US-Virgin-Islands-1024x539.png\" alt=\"Costurile de transport maritim de containere \u00een Insulele Virgine Americane (St Croix)\" class=\"wp-image-5561\" srcset=\"https:\/\/moverdb.com\/wp-content\/uploads\/Shipping-Container-Costs-to-US-Virgin-Islands-1024x539.png 1024w, https:\/\/moverdb.com\/wp-content\/uploads\/Shipping-Container-Costs-to-US-Virgin-Islands-300x158.png 300w, https:\/\/moverdb.com\/wp-content\/uploads\/Shipping-Container-Costs-to-US-Virgin-Islands-1536x809.png 1536w, https:\/\/moverdb.com\/wp-content\/uploads\/Shipping-Container-Costs-to-US-Virgin-Islands-18x9.png 18w, https:\/\/moverdb.com\/wp-content\/uploads\/Shipping-Container-Costs-to-US-Virgin-Islands-600x316.png 600w, https:\/\/moverdb.com\/wp-content\/uploads\/Shipping-Container-Costs-to-US-Virgin-Islands.png 2000w\" sizes=\"auto, (max-width: 1024px) 100vw, 1024px\" \/><\/figure>\n<\/div>\n\n\n<table id=\"tablepress-231\" class=\"tablepress tablepress-id-231\">\n<thead>\n<tr class=\"row-1\">\n\t<th class=\"column-1\">\u021aara de destina\u021bie (port\/ora\u0219)<\/th><th class=\"column-2\">20FT<\/th><th class=\"column-3\">40FT<\/th>\n<\/tr>\n<\/thead>\n<tbody class=\"row-striping row-hover\">\n<tr class=\"row-2\">\n\t<td class=\"column-1\"><a href=\"https:\/\/moverdb.com\/ro\/container-shipping\/andorra\/\" data-internallinksmanager029f6b8e52c=\"88\" title=\"2026 Taxe de transport maritim de m\u0103rfuri containerizate c\u0103tre \u0219i din Andorra\">Andorra (Andorra la Vella)<\/a><\/td><td class=\"column-2\">$1,868<\/td><td class=\"column-3\">$3,171<\/td>\n<\/tr>\n<tr class=\"row-3\">\n\t<td class=\"column-1\"><a href=\"https:\/\/moverdb.com\/ro\/container-shipping\/australia\/\" data-internallinksmanager029f6b8e52c=\"89\" title=\"2026 Tarife de transport maritim de containere c\u0103tre \u0219i din Australia\">Australia (Sydney)<\/a><\/td><td class=\"column-2\">$12,406<\/td><td class=\"column-3\">N\/A<\/td>\n<\/tr>\n<tr class=\"row-4\">\n\t<td class=\"column-1\"><a href=\"https:\/\/moverdb.com\/ro\/container-shipping\/austria\/\" data-internallinksmanager029f6b8e52c=\"95\" title=\"2026 Taxe de transport maritim de m\u0103rfuri containerizate c\u0103tre \u0219i din Austria\">Austria (Viena)<\/a><\/td><td class=\"column-2\">N\/A<\/td><td class=\"column-3\">$3,739<\/td>\n<\/tr>\n<tr class=\"row-5\">\n\t<td class=\"column-1\"><a href=\"https:\/\/moverdb.com\/ro\/container-shipping\/bahrain\/\" data-internallinksmanager029f6b8e52c=\"96\" title=\"2026 Taxe de expediere a containerelor de transport maritim de marf\u0103 c\u0103tre \u0219i din Bahrain\">Bahrain (Manama)<\/a><\/td><td class=\"column-2\">N\/A<\/td><td class=\"column-3\">$12,306<\/td>\n<\/tr>\n<tr class=\"row-6\">\n\t<td class=\"column-1\"><a href=\"https:\/\/moverdb.com\/ro\/container-shipping\/belize\/\" data-internallinksmanager029f6b8e52c=\"137\" title=\"2026 Transport maritim de marf\u0103 container Taxe de transport maritim c\u0103tre \u0219i din Belize\">Belize (Belize City)<\/a><\/td><td class=\"column-2\">$847<\/td><td class=\"column-3\">$872<\/td>\n<\/tr>\n<tr class=\"row-7\">\n\t<td class=\"column-1\"><a href=\"https:\/\/moverdb.com\/ro\/container-shipping\/brazil\/\" data-internallinksmanager029f6b8e52c=\"98\" title=\"2026 Transport maritim de marf\u0103 container Taxe de transport maritim c\u0103tre \u0219i din Brazilia\">Brazilia (Santos)<\/a><\/td><td class=\"column-2\">$3,937<\/td><td class=\"column-3\">$4,059<\/td>\n<\/tr>\n<tr class=\"row-8\">\n\t<td class=\"column-1\"><a href=\"https:\/\/moverdb.com\/ro\/container-shipping\/cambodia\/\" data-internallinksmanager029f6b8e52c=\"101\" title=\"2026 Transport maritim de marf\u0103 container Tarife de transport maritim c\u0103tre \u0219i din Cambodgia\">Cambodgia (Sihanoukville)<\/a><\/td><td class=\"column-2\">$7,007<\/td><td class=\"column-3\">$7,362<\/td>\n<\/tr>\n<tr class=\"row-9\">\n\t<td class=\"column-1\"><a href=\"https:\/\/moverdb.com\/ro\/container-shipping\/canada\/\" data-internallinksmanager029f6b8e52c=\"102\" title=\"2026 Transport maritim de marf\u0103 container Tarife de transport maritim c\u0103tre \u0219i din Canada\">Canada (Toronto)<\/a><\/td><td class=\"column-2\">$2,024<\/td><td class=\"column-3\">$2,814<\/td>\n<\/tr>\n<tr class=\"row-10\">\n\t<td class=\"column-1\"><a href=\"https:\/\/moverdb.com\/ro\/container-shipping\/china\/\" data-internallinksmanager029f6b8e52c=\"105\" title=\"2026 Transport maritim de m\u0103rfuri container de transport maritim Tarife de expediere c\u0103tre \u0219i din China\">China (Beijing)<\/a><\/td><td class=\"column-2\">$6,158<\/td><td class=\"column-3\">$6,221<\/td>\n<\/tr>\n<tr class=\"row-11\">\n\t<td class=\"column-1\">China (Shanghai)<\/td><td class=\"column-2\">$5,110<\/td><td class=\"column-3\">$5,408<\/td>\n<\/tr>\n<tr class=\"row-12\">\n\t<td class=\"column-1\"><a href=\"https:\/\/moverdb.com\/ro\/container-shipping\/colombia\/\" data-internallinksmanager029f6b8e52c=\"106\" title=\"2026 Transport maritim de m\u0103rfuri container Tarife de transport maritim c\u0103tre \u0219i din Columbia\">Columbia (Barranquilla)<\/a><\/td><td class=\"column-2\">$704<\/td><td class=\"column-3\">$1,218<\/td>\n<\/tr>\n<tr class=\"row-13\">\n\t<td class=\"column-1\"><a href=\"https:\/\/moverdb.com\/ro\/container-shipping\/costa-rica\/\" data-internallinksmanager029f6b8e52c=\"138\" title=\"2026 Taxe de expediere a containerelor de marf\u0103 maritim\u0103 c\u0103tre \u0219i din Costa Rica\">Costa Rica (Limon)<\/a><\/td><td class=\"column-2\">$758<\/td><td class=\"column-3\">$8,660<\/td>\n<\/tr>\n<tr class=\"row-14\">\n\t<td class=\"column-1\"><a href=\"https:\/\/moverdb.com\/ro\/container-shipping\/croatia\/\" data-internallinksmanager029f6b8e52c=\"107\" title=\"2026 Transport maritim de m\u0103rfuri container Tarife de transport maritim c\u0103tre \u0219i din Croa\u021bia\">Croa\u021bia (Rijeka)<\/a><\/td><td class=\"column-2\">$2,079<\/td><td class=\"column-3\">$2,709<\/td>\n<\/tr>\n<tr class=\"row-15\">\n\t<td class=\"column-1\"><a href=\"https:\/\/moverdb.com\/ro\/container-shipping\/dominican-republic\/\" data-internallinksmanager029f6b8e52c=\"112\" title=\"2026 Taxe de expediere a containerelor de marf\u0103 maritim\u0103 c\u0103tre \u0219i din Republica Dominican\u0103\">Republica Dominican\u0103 (Santo Domingo)<\/a><\/td><td class=\"column-2\">$1,023<\/td><td class=\"column-3\">$1,271<\/td>\n<\/tr>\n<tr class=\"row-16\">\n\t<td class=\"column-1\"><a href=\"https:\/\/moverdb.com\/ro\/container-shipping\/germany\/\" data-internallinksmanager029f6b8e52c=\"118\" title=\"2026 Taxe de expediere a containerelor de transport maritim de marf\u0103 c\u0103tre \u0219i din Germania\">Germania (Hamburg)<\/a><\/td><td class=\"column-2\">$1,958<\/td><td class=\"column-3\">$2,583<\/td>\n<\/tr>\n<tr class=\"row-17\">\n\t<td class=\"column-1\"><a href=\"https:\/\/moverdb.com\/ro\/container-shipping\/greece\/\" data-internallinksmanager029f6b8e52c=\"120\" title=\"2026 Transport maritim de marf\u0103 container Tarife de transport maritim c\u0103tre \u0219i din Grecia\">Grecia (Piraeus)<\/a><\/td><td class=\"column-2\">$1,771<\/td><td class=\"column-3\">$2,436<\/td>\n<\/tr>\n<tr class=\"row-18\">\n\t<td class=\"column-1\"><a href=\"https:\/\/moverdb.com\/ro\/container-shipping\/guatemala\/\" data-internallinksmanager029f6b8e52c=\"139\" title=\"2026 Transport maritim de marf\u0103 container Tarife de transport maritim c\u0103tre \u0219i din Guatemala\">Guatemala (Guatemala City)<\/a><\/td><td class=\"column-2\">$737<\/td><td class=\"column-3\">$851<\/td>\n<\/tr>\n<tr class=\"row-19\">\n\t<td class=\"column-1\"><a href=\"https:\/\/moverdb.com\/ro\/container-shipping\/guernsey\/\" data-internallinksmanager029f6b8e52c=\"121\" title=\"2026 Taxe de expediere a containerelor de marf\u0103 maritim\u0103 c\u0103tre \u0219i din Guernsey\">Guernsey (St Peter Port)<\/a><\/td><td class=\"column-2\">$2,233<\/td><td class=\"column-3\">$3,182<\/td>\n<\/tr>\n<tr class=\"row-20\">\n\t<td class=\"column-1\"><a href=\"https:\/\/moverdb.com\/ro\/container-shipping\/haiti\/\" data-internallinksmanager029f6b8e52c=\"122\" title=\"2026 Transport maritim de marf\u0103 container Taxe de expediere c\u0103tre \u0219i din Haiti\">Haiti (Port-au-Prince)<\/a><\/td><td class=\"column-2\">$1,023<\/td><td class=\"column-3\">$1,271<\/td>\n<\/tr>\n<tr class=\"row-21\">\n\t<td class=\"column-1\"><a href=\"https:\/\/moverdb.com\/ro\/container-shipping\/hong-kong\/\" data-internallinksmanager029f6b8e52c=\"123\" title=\"2026 Taxe de expediere a containerelor de transport maritim de marf\u0103 c\u0103tre \u0219i din Hong Kong\">Hong Kong (Hong Kong)<\/a><\/td><td class=\"column-2\">$12,708<\/td><td class=\"column-3\">$12,615<\/td>\n<\/tr>\n<tr class=\"row-22\">\n\t<td class=\"column-1\"><a href=\"https:\/\/moverdb.com\/ro\/container-shipping\/india\/\" data-internallinksmanager029f6b8e52c=\"125\" title=\"2026 Transport maritim de m\u0103rfuri container de transport maritim Tarife de expediere c\u0103tre \u0219i din India\">India (Mumbai)<\/a><\/td><td class=\"column-2\">$12,447<\/td><td class=\"column-3\">$11,881<\/td>\n<\/tr>\n<tr class=\"row-23\">\n\t<td class=\"column-1\"><a href=\"https:\/\/moverdb.com\/ro\/container-shipping\/indonesia\/\" data-internallinksmanager029f6b8e52c=\"126\" title=\"2026 Transport maritim de m\u0103rfuri container de transport Tarife de transport maritim c\u0103tre \u0219i din Indonezia\">Indonezia (Jakarta)<\/a><\/td><td class=\"column-2\">$4,433<\/td><td class=\"column-3\">$4,232<\/td>\n<\/tr>\n<tr class=\"row-24\">\n\t<td class=\"column-1\"><a href=\"https:\/\/moverdb.com\/ro\/container-shipping\/ireland\/\" data-internallinksmanager029f6b8e52c=\"127\" title=\"2026 Transport maritim de m\u0103rfuri container Tarife de transport maritim c\u0103tre \u0219i din Irlanda\">Irlanda (Dublin)<\/a><\/td><td class=\"column-2\">$1,705<\/td><td class=\"column-3\">$2,310<\/td>\n<\/tr>\n<tr class=\"row-25\">\n\t<td class=\"column-1\"><a href=\"https:\/\/moverdb.com\/ro\/container-shipping\/isle-of-man\/\" data-internallinksmanager029f6b8e52c=\"128\" title=\"2026 Taxe de expediere a containerelor de marf\u0103 maritim\u0103 c\u0103tre \u0219i din Insula Man\">Insula Man (Douglas)<\/a><\/td><td class=\"column-2\">$1,705<\/td><td class=\"column-3\">$2,310<\/td>\n<\/tr>\n<tr class=\"row-26\">\n\t<td class=\"column-1\"><a href=\"https:\/\/moverdb.com\/ro\/container-shipping\/italy\/\" data-internallinksmanager029f6b8e52c=\"130\" title=\"2026 Transport maritim de m\u0103rfuri container Tarife de transport maritim c\u0103tre \u0219i din Italia\">Italia (Trieste)<\/a><\/td><td class=\"column-2\">$2,079<\/td><td class=\"column-3\">$2,709<\/td>\n<\/tr>\n<tr class=\"row-27\">\n\t<td class=\"column-1\"><a href=\"https:\/\/moverdb.com\/ro\/container-shipping\/jersey\/\" data-internallinksmanager029f6b8e52c=\"132\" title=\"2026 Taxe de expediere a containerelor de marf\u0103 maritim\u0103 c\u0103tre \u0219i din Jersey\">Jersey (St Helier)<\/a><\/td><td class=\"column-2\">$2,233<\/td><td class=\"column-3\">$3,182<\/td>\n<\/tr>\n<tr class=\"row-28\">\n\t<td class=\"column-1\"><a href=\"https:\/\/moverdb.com\/ro\/container-shipping\/jordan\/\" data-internallinksmanager029f6b8e52c=\"133\" title=\"2026 Taxe de expediere a containerelor de transport maritim de marf\u0103 c\u0103tre \u0219i din Iordania\">Iordania (Aqaba)<\/a><\/td><td class=\"column-2\">$1,810<\/td><td class=\"column-3\">$2,528<\/td>\n<\/tr>\n<tr class=\"row-29\">\n\t<td class=\"column-1\"><a href=\"https:\/\/moverdb.com\/ro\/container-shipping\/latvia\/\" data-internallinksmanager029f6b8e52c=\"136\" title=\"2026 Taxe de transport maritim de m\u0103rfuri containerizate c\u0103tre \u0219i din Letonia\">Letonia (Riga)<\/a><\/td><td class=\"column-2\">$2,233<\/td><td class=\"column-3\">$3,273<\/td>\n<\/tr>\n<tr class=\"row-30\">\n\t<td class=\"column-1\"><a href=\"https:\/\/moverdb.com\/ro\/container-shipping\/lithuania\/\" data-internallinksmanager029f6b8e52c=\"145\" title=\"2026 Taxe de transport maritim de m\u0103rfuri containerizate c\u0103tre \u0219i din Lituania\">Lituania (Klaipeda)<\/a><\/td><td class=\"column-2\">$2,233<\/td><td class=\"column-3\">$3,273<\/td>\n<\/tr>\n<tr class=\"row-31\">\n\t<td class=\"column-1\"><a href=\"https:\/\/moverdb.com\/ro\/moving-to-luxembourg\/\" data-internallinksmanager029f6b8e52c=\"349\" title=\"V\u0103 muta\u021bi \u00een Luxemburg? 2026 Costurile vie\u021bii \u0219i sfaturi de relocare\">Luxemburg<\/a><\/td><td class=\"column-2\">$1,813<\/td><td class=\"column-3\">$2,616<\/td>\n<\/tr>\n<tr class=\"row-32\">\n\t<td class=\"column-1\">SUA (<a href=\"https:\/\/moverdb.com\/ro\/moving-to-los-angeles\/\" data-internallinksmanager029f6b8e52c=\"51\" title=\"V\u0103 muta\u021bi \u00een Los Angeles? 2026 Costuri de trai \u0219i sfaturi de relocare \u00een LA\">Los Angeles<\/a>)<\/td><td class=\"column-2\">$912<\/td><td class=\"column-3\">$1,309<\/td>\n<\/tr>\n<tr class=\"row-33\">\n\t<td class=\"column-1\"><a href=\"https:\/\/moverdb.com\/ro\/container-shipping\/united-states\/\" data-internallinksmanager029f6b8e52c=\"87\" title=\"2026 Taxe de expediere a containerelor de marf\u0103 maritim\u0103 c\u0103tre \u0219i din SUA\">SUA (New York)<\/a><\/td><td class=\"column-2\">$1,636<\/td><td class=\"column-3\">$2,038<\/td>\n<\/tr>\n<\/tbody>\n<\/table>\n<!-- #tablepress-231 from cache -->\n\n\n\n<h2 class=\"wp-block-heading\">Costurile de transport al containerelor din Insulele Virgine Americane (St Croix)<\/h2>\n\n\n<div class=\"wp-block-image\">\n<figure class=\"aligncenter size-large\"><img loading=\"lazy\" decoding=\"async\" width=\"1024\" height=\"539\" src=\"https:\/\/moverdb.com\/wp-content\/uploads\/Shipping-Container-Costs-from-US-Virgin-Islands-1024x539.png\" alt=\"Costurile de transport al containerelor din Insulele Virgine Americane (St Croix)\" class=\"wp-image-5559\" srcset=\"https:\/\/moverdb.com\/wp-content\/uploads\/Shipping-Container-Costs-from-US-Virgin-Islands-1024x539.png 1024w, https:\/\/moverdb.com\/wp-content\/uploads\/Shipping-Container-Costs-from-US-Virgin-Islands-300x158.png 300w, https:\/\/moverdb.com\/wp-content\/uploads\/Shipping-Container-Costs-from-US-Virgin-Islands-1536x809.png 1536w, https:\/\/moverdb.com\/wp-content\/uploads\/Shipping-Container-Costs-from-US-Virgin-Islands-18x9.png 18w, https:\/\/moverdb.com\/wp-content\/uploads\/Shipping-Container-Costs-from-US-Virgin-Islands-600x316.png 600w, https:\/\/moverdb.com\/wp-content\/uploads\/Shipping-Container-Costs-from-US-Virgin-Islands.png 2000w\" sizes=\"auto, (max-width: 1024px) 100vw, 1024px\" \/><\/figure>\n<\/div>\n\n\n<table id=\"tablepress-232\" class=\"tablepress tablepress-id-232\">\n<thead>\n<tr class=\"row-1\">\n\t<th class=\"column-1\">\u021aara de destina\u021bie (port\/ora\u0219)<\/th><th class=\"column-2\">20FT<\/th><th class=\"column-3\">40FT<\/th>\n<\/tr>\n<\/thead>\n<tbody class=\"row-striping row-hover\">\n<tr class=\"row-2\">\n\t<td class=\"column-1\">Andorra (Andorra la Vella)<\/td><td class=\"column-2\">N\/A<\/td><td class=\"column-3\">$355<\/td>\n<\/tr>\n<tr class=\"row-3\">\n\t<td class=\"column-1\"><a href=\"https:\/\/moverdb.com\/ro\/container-shipping\/antigua-and-barbuda\/\" data-internallinksmanager029f6b8e52c=\"92\" title=\"2026 Transport maritim de m\u0103rfuri containerizate Tarife de transport maritim c\u0103tre \u0219i din Antigua \u0219i Barbuda\">Antigua \u0219i Barbuda (St John's)<\/a><\/td><td class=\"column-2\">$600<\/td><td class=\"column-3\">$801<\/td>\n<\/tr>\n<tr class=\"row-4\">\n\t<td class=\"column-1\">Australia (Sydney)<\/td><td class=\"column-2\">N\/A<\/td><td class=\"column-3\">$2,845<\/td>\n<\/tr>\n<tr class=\"row-5\">\n\t<td class=\"column-1\">Belize (Belize City)<\/td><td class=\"column-2\">$1,573<\/td><td class=\"column-3\">$2,993<\/td>\n<\/tr>\n<tr class=\"row-6\">\n\t<td class=\"column-1\">Canada (Toronto)<\/td><td class=\"column-2\">$1,903<\/td><td class=\"column-3\">$2,468<\/td>\n<\/tr>\n<tr class=\"row-7\">\n\t<td class=\"column-1\">China (Shanghai)<\/td><td class=\"column-2\">$1,012<\/td><td class=\"column-3\">$1,344<\/td>\n<\/tr>\n<tr class=\"row-8\">\n\t<td class=\"column-1\">Columbia (Barranquilla)<\/td><td class=\"column-2\">$781<\/td><td class=\"column-3\">$1,155<\/td>\n<\/tr>\n<tr class=\"row-9\">\n\t<td class=\"column-1\">Republica Dominican\u0103 (Santo Domingo)<\/td><td class=\"column-2\">$891<\/td><td class=\"column-3\">$1,176<\/td>\n<\/tr>\n<tr class=\"row-10\">\n\t<td class=\"column-1\"><a href=\"https:\/\/moverdb.com\/ro\/container-shipping\/estonia\/\" data-internallinksmanager029f6b8e52c=\"114\" title=\"2026 Taxe de transport maritim de m\u0103rfuri containerizate c\u0103tre \u0219i din Estonia\">Estonia (Tallinn)<\/a><\/td><td class=\"column-2\">$1,727<\/td><td class=\"column-3\">$2,300<\/td>\n<\/tr>\n<tr class=\"row-11\">\n\t<td class=\"column-1\"><a href=\"https:\/\/moverdb.com\/ro\/container-shipping\/finland\/\" data-internallinksmanager029f6b8e52c=\"115\" title=\"2026 Taxe de expediere a containerelor de transport maritim de marf\u0103 c\u0103tre \u0219i din Finlanda\">Finlanda (Helsinki)<\/a><\/td><td class=\"column-2\">$1,727<\/td><td class=\"column-3\">$2,300<\/td>\n<\/tr>\n<tr class=\"row-12\">\n\t<td class=\"column-1\">Haiti (Port-au-Prince)<\/td><td class=\"column-2\">$891<\/td><td class=\"column-3\">$1,176<\/td>\n<\/tr>\n<tr class=\"row-13\">\n\t<td class=\"column-1\">India (Mumbai)<\/td><td class=\"column-2\">$1,587<\/td><td class=\"column-3\">$1,910<\/td>\n<\/tr>\n<tr class=\"row-14\">\n\t<td class=\"column-1\">Letonia (Riga)<\/td><td class=\"column-2\">$1,837<\/td><td class=\"column-3\">$2,582<\/td>\n<\/tr>\n<tr class=\"row-15\">\n\t<td class=\"column-1\">Lituania (Klaipeda)<\/td><td class=\"column-2\">$1,837<\/td><td class=\"column-3\">$2,582<\/td>\n<\/tr>\n<tr class=\"row-16\">\n\t<td class=\"column-1\">Luxemburg<\/td><td class=\"column-2\">$985<\/td><td class=\"column-3\">$1,313<\/td>\n<\/tr>\n<tr class=\"row-17\">\n\t<td class=\"column-1\">SUA (New York)<\/td><td class=\"column-2\">$1,297<\/td><td class=\"column-3\">$1,383<\/td>\n<\/tr>\n<\/tbody>\n<\/table>\n<!-- #tablepress-232 from cache -->\n\n\n\n<h3 class=\"wp-block-heading\">Note privind datele:<\/h3>\n\n\n\n<ul class=\"wp-block-list\">\n<li>Toate cifrele $ sunt exprimate \u00een dolari americani (USD);<\/li>\n\n\n\n<li>Tarifele sunt exacte de la \u00eenceputul anului 2022;<\/li>\n\n\n\n<li>H\u0103r\u021bile din acest articol au fost create folosind <a href=\"https:\/\/www.mapchart.net\" target=\"_blank\" rel=\"noreferrer noopener\">https:\/\/www.mapchart.net<\/a>. Sunte\u021bi liberi s\u0103 distribui\u021bi h\u0103r\u021bile, at\u00e2ta timp c\u00e2t furniza\u021bi un link de atribuire c\u0103tre <a href=\"https:\/\/moverdb.com\/ro\/\" target=\"_blank\" rel=\"noreferrer noopener\">MoverDB<\/a>;<\/li>\n\n\n\n<li>Tarifele de mai sus sunt doar estimative \u0219i se pot modifica de la data public\u0103rii acestui articol (aprilie 2022). Acestea se bazeaz\u0103 pe cea mai mic\u0103 rat\u0103 estimat\u0103 fie de la <a href=\"https:\/\/www.searates.com\" target=\"_blank\" rel=\"noreferrer noopener\">https:\/\/www.searates.com<\/a> sau <a href=\"https:\/\/www.gocomet.com\/freight-shipping-rates-index-calculator\" target=\"_blank\" rel=\"noreferrer noopener\">https:\/\/www.gocomet.com<\/a>;<\/li>\n\n\n\n<li>Pentru a ob\u021bine o idee mai exact\u0103 a costului pentru dumneavoastr\u0103, v\u0103 rug\u0103m s\u0103 utiliza\u021bi formularul de ofert\u0103 din partea de sus a acestei pagini;<\/li>\n\n\n\n<li>V\u0103 rug\u0103m s\u0103 consulta\u021bi \u0219i ghidul nostru pentru <a href=\"https:\/\/moverdb.com\/ro\/transport-maritim-de-containere\/\" target=\"_blank\" rel=\"noreferrer noopener\">transportul maritim interna\u021bional de containere<\/a>.<\/li>\n<\/ul>","protected":false},"excerpt":{"rendered":"<p>The US Virgin Islands are perfect for everyone who can afford to retreat to an exclusive getaway spot and live the dream island life. This tiny US territory in the Caribbean comprises 53 islands of which 4 are mainly inhabited (Saint Croix, Saint Thomas, Saint John, and Water island). This tiny paradise is a premium [&hellip;]<\/p>\n","protected":false},"author":2,"featured_media":5558,"parent":44,"menu_order":0,"comment_status":"closed","ping_status":"closed","template":"","meta":{"_genesis_hide_title":false,"_genesis_hide_breadcrumbs":false,"_genesis_hide_singular_image":false,"_genesis_hide_footer_widgets":false,"_genesis_custom_body_class":"","_genesis_custom_post_class":"","_genesis_layout":"","footnotes":""},"class_list":{"0":"post-5575","1":"page","2":"type-page","3":"status-publish","4":"has-post-thumbnail","6":"entry"},"_links":{"self":[{"href":"https:\/\/moverdb.com\/ro\/wp-json\/wp\/v2\/pages\/5575","targetHints":{"allow":["GET"]}}],"collection":[{"href":"https:\/\/moverdb.com\/ro\/wp-json\/wp\/v2\/pages"}],"about":[{"href":"https:\/\/moverdb.com\/ro\/wp-json\/wp\/v2\/types\/page"}],"author":[{"embeddable":true,"href":"https:\/\/moverdb.com\/ro\/wp-json\/wp\/v2\/users\/2"}],"replies":[{"embeddable":true,"href":"https:\/\/moverdb.com\/ro\/wp-json\/wp\/v2\/comments?post=5575"}],"version-history":[{"count":1,"href":"https:\/\/moverdb.com\/ro\/wp-json\/wp\/v2\/pages\/5575\/revisions"}],"predecessor-version":[{"id":5576,"href":"https:\/\/moverdb.com\/ro\/wp-json\/wp\/v2\/pages\/5575\/revisions\/5576"}],"up":[{"embeddable":true,"href":"https:\/\/moverdb.com\/ro\/wp-json\/wp\/v2\/pages\/44"}],"wp:featuredmedia":[{"embeddable":true,"href":"https:\/\/moverdb.com\/ro\/wp-json\/wp\/v2\/media\/5558"}],"wp:attachment":[{"href":"https:\/\/moverdb.com\/ro\/wp-json\/wp\/v2\/media?parent=5575"}],"curies":[{"name":"wp","href":"https:\/\/api.w.org\/{rel}","templated":true}]}}