{"id":5527,"date":"2023-02-01T13:45:10","date_gmt":"2023-02-01T13:45:10","guid":{"rendered":"https:\/\/moverdb.com\/?page_id=5527"},"modified":"2026-01-08T15:29:15","modified_gmt":"2026-01-08T15:29:15","slug":"chile-moving-companii","status":"publish","type":"page","link":"https:\/\/moverdb.com\/ro\/moving-companies\/chile-moving-companies\/","title":{"rendered":"6 Cele mai bune companii de mutare interna\u021bional\u0103 din Chile"},"content":{"rendered":"<p>Mutarea poate fi o perioad\u0103 aglomerat\u0103 \u0219i stresant\u0103, mai ales dac\u0103 v\u0103 muta\u021bi pe distan\u021be lungi sau \u00eentr-o alt\u0103 \u021bar\u0103. \u00cen acest caz, un <a href=\"https:\/\/moverdb.com\/ro\/moving-companies\/\" data-internallinksmanager029f6b8e52c=\"79\" title=\"Top 25 Companii interna\u021bionale de mutare online\">companie \u00een mi\u0219care<\/a> v\u0103 poate ajuta s\u0103 reduce\u021bi stresul prin eliminarea unei p\u0103r\u021bi din sarcina de lucru. Mai jos am compilat o list\u0103 de companii chiliene <a href=\"https:\/\/moverdb.com\/ro\/international-removals\/\" data-internallinksmanager029f6b8e52c=\"27\" title=\"36 Cele mai bune companii de mut\u0103ri interna\u021bionale din Marea Britanie\">companii de mutare<\/a> care sunt membri ai grupului <a href=\"https:\/\/moverdb.com\/ro\/iam\/\" data-internallinksmanager029f6b8e52c=\"23\" title=\"Explica\u021bii despre Asocia\u021bia Interna\u021bional\u0103 a Transportatorilor (IAM)\">Asocia\u021bia Interna\u021bional\u0103 a Transportatorilor<\/a> (IAM) \u0219i\/sau <a href=\"https:\/\/moverdb.com\/ro\/fidi-faim\/\" data-internallinksmanager029f6b8e52c=\"16\" title=\"FIDI &amp; FAIM (FIDI Accredited International Mover) Explicat\">FIDI<\/a> Accredited International Mover (FAIM) care v\u0103 poate ajuta cu mutarea dumneavoastr\u0103.<\/p>\n<div id=\"ez-toc-container\" class=\"ez-toc-v2_0_82_2 ez-toc-wrap-left counter-hierarchy ez-toc-counter ez-toc-transparent ez-toc-container-direction\">\n<div class=\"ez-toc-title-container\">\n<p class=\"ez-toc-title\" style=\"cursor:inherit\">Sec\u021biuni<\/p>\n<span class=\"ez-toc-title-toggle\"><a href=\"#\" class=\"ez-toc-pull-right ez-toc-btn ez-toc-btn-xs ez-toc-btn-default ez-toc-toggle\" aria-label=\"Comuta\u021bi tabelul de con\u021binut\"><span class=\"ez-toc-js-icon-con\"><span class=\"\"><span class=\"eztoc-hide\" style=\"display:none;\">Toggle<\/span><span class=\"ez-toc-icon-toggle-span\"><svg style=\"fill: #999;color:#999\" xmlns=\"http:\/\/www.w3.org\/2000\/svg\" class=\"list-377408\" width=\"20px\" height=\"20px\" viewbox=\"0 0 24 24\" fill=\"none\"><path d=\"M6 6H4v2h2V6zm14 0H8v2h12V6zM4 11h2v2H4v-2zm16 0H8v2h12v-2zM4 16h2v2H4v-2zm16 0H8v2h12v-2z\" fill=\"currentColor\"><\/path><\/svg><svg style=\"fill: #999;color:#999\" class=\"arrow-unsorted-368013\" xmlns=\"http:\/\/www.w3.org\/2000\/svg\" width=\"10px\" height=\"10px\" viewbox=\"0 0 24 24\" version=\"1.2\" baseprofile=\"tiny\"><path d=\"M18.2 9.3l-6.2-6.3-6.2 6.3c-.2.2-.3.4-.3.7s.1.5.3.7c.2.2.4.3.7.3h11c.3 0 .5-.1.7-.3.2-.2.3-.5.3-.7s-.1-.5-.3-.7zM5.8 14.7l6.2 6.3 6.2-6.3c.2-.2.3-.5.3-.7s-.1-.5-.3-.7c-.2-.2-.4-.3-.7-.3h-11c-.3 0-.5.1-.7.3-.2.2-.3.5-.3.7s.1.5.3.7z\"\/><\/svg><\/span><\/span><\/span><\/a><\/span><\/div>\n<nav><ul class='ez-toc-list ez-toc-list-level-1 eztoc-toggle-hide-by-default' ><li class='ez-toc-page-1 ez-toc-heading-level-2'><a class=\"ez-toc-link ez-toc-heading-1\" href=\"https:\/\/moverdb.com\/ro\/moving-companies\/chile-moving-companies\/#1_Unipack\" >1. Unipack<\/a><\/li><li class='ez-toc-page-1 ez-toc-heading-level-2'><a class=\"ez-toc-link ez-toc-heading-2\" href=\"https:\/\/moverdb.com\/ro\/moving-companies\/chile-moving-companies\/#2_Atlas_International_Movers\" >2. Atlas International Movers<\/a><\/li><li class='ez-toc-page-1 ez-toc-heading-level-2'><a class=\"ez-toc-link ez-toc-heading-3\" href=\"https:\/\/moverdb.com\/ro\/moving-companies\/chile-moving-companies\/#3_Decapack\" >3. Decapack<\/a><\/li><li class='ez-toc-page-1 ez-toc-heading-level-2'><a class=\"ez-toc-link ez-toc-heading-4\" href=\"https:\/\/moverdb.com\/ro\/moving-companies\/chile-moving-companies\/#4_Global_Alliance_International\" >4. Alian\u021ba Global\u0103 Interna\u021bional\u0103<\/a><\/li><li class='ez-toc-page-1 ez-toc-heading-level-2'><a class=\"ez-toc-link ez-toc-heading-5\" href=\"https:\/\/moverdb.com\/ro\/moving-companies\/chile-moving-companies\/#5_REMSSA\" >5. REMSSA<\/a><\/li><li class='ez-toc-page-1 ez-toc-heading-level-2'><a class=\"ez-toc-link ez-toc-heading-6\" href=\"https:\/\/moverdb.com\/ro\/moving-companies\/chile-moving-companies\/#6_Ward_Van_Lines\" >6. Ward Van Lines<\/a><\/li><li class='ez-toc-page-1 ez-toc-heading-level-2'><a class=\"ez-toc-link ez-toc-heading-7\" href=\"https:\/\/moverdb.com\/ro\/moving-companies\/chile-moving-companies\/#Other_Useful_Guides_to_Chile\" >Alte ghiduri utile pentru Chile<\/a><\/li><\/ul><\/nav><\/div>\n<h2><span class=\"ez-toc-section\" id=\"1_Unipack\"><\/span><strong>1. Unipack<\/strong><span class=\"ez-toc-section-end\"><\/span><\/h2>\n<p><img loading=\"lazy\" decoding=\"async\" class=\"alignnone size-full wp-image-5496\" src=\"https:\/\/moverdb.com\/wp-content\/uploads\/Unipack-international-moving-company.png\" alt=\"Unipack companie de mutare interna\u021bional\u0103\" width=\"1440\" height=\"683\" data-wp-pid=\"5496\" srcset=\"https:\/\/moverdb.com\/wp-content\/uploads\/Unipack-international-moving-company.png 1440w, https:\/\/moverdb.com\/wp-content\/uploads\/Unipack-international-moving-company-300x142.png 300w, https:\/\/moverdb.com\/wp-content\/uploads\/Unipack-international-moving-company-1024x486.png 1024w, https:\/\/moverdb.com\/wp-content\/uploads\/Unipack-international-moving-company-18x9.png 18w, https:\/\/moverdb.com\/wp-content\/uploads\/Unipack-international-moving-company-600x285.png 600w\" sizes=\"auto, (max-width: 1440px) 100vw, 1440px\" \/><\/p>\n<ul>\n<li>Mi\u0219c\u0103ri na\u021bionale<\/li>\n<li>Mut\u0103ri interna\u021bionale<\/li>\n<li>Mutarea gospod\u0103riei<\/li>\n<li>Inspec\u021bie la domiciliu<\/li>\n<li>Serviciul de ambalare \u0219i despachetare<\/li>\n<li>Demontarea \u0219i asamblarea mobilierului<\/li>\n<li>Transport terestru, maritim \u0219i aerian<\/li>\n<li>Suport pentru documenta\u021bie<\/li>\n<li>Transportul animalelor de companie<\/li>\n<li>Depozitare pe termen scurt sau lung<\/li>\n<\/ul>\n<p>Unipack este un serviciu de mut\u0103ri na\u021bionale \u0219i interna\u021bionale care a fost fondat \u00een 1993 \u00een Santiago. Ei au o re\u021bea de agen\u021bi \u00een \u00eentreaga lume care \u00eei asist\u0103 cu mut\u0103ri interna\u021bionale pe 5 continente. Sunt membri ai IAM cu 29 de ani de serviciu \u0219i sunt acredita\u021bi de FIDI.<\/p>\n<p>Unipack folose\u0219te cele mai noi tehnici de ambalare \u0219i transport, precum \u0219i materiale de ultim\u0103 genera\u021bie pentru a oferi clien\u021bilor s\u0103i mut\u0103ri sigure. Procesul lor \u00eencepe cu o inspec\u021bie la domiciliu \u0219i se discut\u0103 documentele. Ace\u0219tia v\u0103 vor ambala, v\u0103 vor demonta mobila \u0219i vor aranja transportul rutier, aerian \u0219i maritim, apoi v\u0103 vor despacheta \u0219i asambla mobila la destina\u021bie. Ei v\u0103 vor sprijini cu documenta\u021bia, inclusiv cu v\u0103muirea.<\/p>\n<p>Site web: <a href=\"http:\/\/www.unipack.cl\" target=\"_blank\" rel=\"noopener\">http:\/\/www.unipack.cl<\/a><\/p>\n<h2><span class=\"ez-toc-section\" id=\"2_Atlas_International_Movers\"><\/span><strong>2. Atlas International Movers<\/strong><span class=\"ez-toc-section-end\"><\/span><\/h2>\n<p><img loading=\"lazy\" decoding=\"async\" class=\"alignnone size-full wp-image-5415\" src=\"https:\/\/moverdb.com\/wp-content\/uploads\/Atlas-International-Movers-moving-company.png\" alt=\"Atlas International Movers companie de mutare\" width=\"1440\" height=\"682\" data-wp-pid=\"5415\" srcset=\"https:\/\/moverdb.com\/wp-content\/uploads\/Atlas-International-Movers-moving-company.png 1440w, https:\/\/moverdb.com\/wp-content\/uploads\/Atlas-International-Movers-moving-company-300x142.png 300w, https:\/\/moverdb.com\/wp-content\/uploads\/Atlas-International-Movers-moving-company-1024x485.png 1024w, https:\/\/moverdb.com\/wp-content\/uploads\/Atlas-International-Movers-moving-company-18x9.png 18w, https:\/\/moverdb.com\/wp-content\/uploads\/Atlas-International-Movers-moving-company-600x284.png 600w\" sizes=\"auto, (max-width: 1440px) 100vw, 1440px\" \/><\/p>\n<ul>\n<li>Mi\u0219c\u0103ri na\u021bionale<\/li>\n<li>Mut\u0103ri interna\u021bionale<\/li>\n<li>Mutarea gospod\u0103riei<\/li>\n<li>Mutarea birourilor<\/li>\n<li>Serviciu din u\u0219\u0103 \u00een u\u0219\u0103<\/li>\n<li>Serviciu de ambalare de \u00eenalt\u0103 calitate<\/li>\n<li>Transporturi terestre, maritime \u0219i aeriene<\/li>\n<li>Transportul operelor de art\u0103<\/li>\n<li>Transport auto<\/li>\n<li>Facilit\u0103\u021bi de depozitare pe termen scurt \u0219i lung<\/li>\n<\/ul>\n<p>Atlas International Movers are peste 25 de ani de experien\u021b\u0103 \u00een mutarea locuin\u021belor \u0219i birourilor \u00een <a href=\"https:\/\/moverdb.com\/ro\/moving-to-chile\/\" data-internallinksmanager029f6b8e52c=\"426\" title=\"V\u0103 muta\u021bi \u00een Chile? 2026 Costurile de trai \u0219i sfaturi de relocare\">Chile<\/a> \u0219i c\u0103tre sau dinspre Chile. Ei lucreaz\u0103 cu o re\u021bea de agen\u021bi de mutare de \u00eencredere din \u00eentreaga lume pentru a finaliza mut\u0103rile interna\u021bionale. Ei sunt membri ai IAM cu 16 ani de serviciu.<\/p>\n<p>Atlas International Movers ofer\u0103 o vizit\u0103 la domiciliu pentru a v\u0103 evalua cerin\u021bele \u0219i v\u0103 va ghida \u00een procesul \u0219i documenta\u021bia. Ace\u0219tia vor pune la dispozi\u021bie personal calificat pentru a v\u0103 \u00eempacheta bunurile la un standard ridicat pentru a le proteja \u00een timpul tranzitului pe uscat, pe mare sau pe calea aerului. Ei v\u0103 vor ajuta cu documenta\u021bia vamal\u0103 la import \u0219i export.<\/p>\n<p>Site web: <a href=\"http:\/\/www.atlasinternationalchile.cl\" target=\"_blank\" rel=\"noopener\">http:\/\/www.atlasinternationalchile.cl<\/a><\/p>\n<h2><span class=\"ez-toc-section\" id=\"3_Decapack\"><\/span><strong>3. Decapack<\/strong><span class=\"ez-toc-section-end\"><\/span><\/h2>\n<p><img loading=\"lazy\" decoding=\"async\" class=\"alignnone size-full wp-image-5430\" src=\"https:\/\/moverdb.com\/wp-content\/uploads\/Decapack-international-moving-company.png\" alt=\"Decapack companie de mutare interna\u021bional\u0103\" width=\"1440\" height=\"680\" data-wp-pid=\"5430\" srcset=\"https:\/\/moverdb.com\/wp-content\/uploads\/Decapack-international-moving-company.png 1440w, https:\/\/moverdb.com\/wp-content\/uploads\/Decapack-international-moving-company-300x142.png 300w, https:\/\/moverdb.com\/wp-content\/uploads\/Decapack-international-moving-company-1024x484.png 1024w, https:\/\/moverdb.com\/wp-content\/uploads\/Decapack-international-moving-company-18x9.png 18w, https:\/\/moverdb.com\/wp-content\/uploads\/Decapack-international-moving-company-600x283.png 600w\" sizes=\"auto, (max-width: 1440px) 100vw, 1440px\" \/><\/p>\n<ul>\n<li>Mi\u0219c\u0103ri na\u021bionale<\/li>\n<li>Mut\u0103ri interna\u021bionale<\/li>\n<li>Mut\u0103ri reziden\u021biale<\/li>\n<li>Mutarea birourilor<\/li>\n<li>Serviciul de relocare<\/li>\n<li>Serviciu din u\u0219\u0103 \u00een u\u0219\u0103<\/li>\n<li>Serviciul de ambalare<\/li>\n<li>Asigurare<\/li>\n<li>Serviciu specializat pentru lucr\u0103ri de art\u0103<\/li>\n<li>Depozitare pe termen scurt sau lung<\/li>\n<\/ul>\n<p>Decapack este o companie de mut\u0103ri interna\u021bionale \u0219i de expatriere cu sediul \u00een Santiago, fondat\u0103 \u00een 1942. Ei au o prezen\u021b\u0103 la San Antonio \u0219i Valparaiso <a href=\"https:\/\/moverdb.com\/ro\/top-49-container-ports\/\" data-internallinksmanager029f6b8e52c=\"80\" title=\"Top 49 cele mai mari \u0219i mai aglomerate porturi de containere \u00een 2026\">porturi<\/a> \u0219i Aeroportul Interna\u021bional Santiago. Este membru al IAM cu 52 de ani de activitate \u0219i este acreditat de FIDI.<\/p>\n<p>Decapack ofer\u0103 un serviciu din u\u0219\u0103 \u00een u\u0219\u0103, care \u00eencepe cu organizarea unei vizite de estimare, \u00een persoan\u0103 sau virtual, pentru a v\u0103 evalua nevoile. Ace\u0219tia v\u0103 vor oferi consultan\u021b\u0103 personalizat\u0103 din partea unui coordonator desemnat care v\u0103 va ajuta cu actele \u0219i documenta\u021bia. Ace\u0219tia ofer\u0103 un serviciu de ambalare pentru a v\u0103 proteja bunurile \u0219i o asigurare pentru a v\u0103 proteja \u00eempotriva neprev\u0103zutului.<\/p>\n<p>Site web: <a href=\"http:\/\/www.decapack.com\" target=\"_blank\" rel=\"noopener\">http:\/\/www.decapack.com<\/a><\/p>\n<h2><span class=\"ez-toc-section\" id=\"4_Global_Alliance_International\"><\/span><strong>4. Alian\u021ba Global\u0103 Interna\u021bional\u0103<\/strong><span class=\"ez-toc-section-end\"><\/span><\/h2>\n<p><img loading=\"lazy\" decoding=\"async\" class=\"alignnone size-full wp-image-5441\" src=\"https:\/\/moverdb.com\/wp-content\/uploads\/Global-Alliance-International-moving-company.png\" alt=\"Global Alliance Companie interna\u021bional\u0103 de mutare\" width=\"1440\" height=\"677\" data-wp-pid=\"5441\" srcset=\"https:\/\/moverdb.com\/wp-content\/uploads\/Global-Alliance-International-moving-company.png 1440w, https:\/\/moverdb.com\/wp-content\/uploads\/Global-Alliance-International-moving-company-300x141.png 300w, https:\/\/moverdb.com\/wp-content\/uploads\/Global-Alliance-International-moving-company-1024x481.png 1024w, https:\/\/moverdb.com\/wp-content\/uploads\/Global-Alliance-International-moving-company-18x8.png 18w, https:\/\/moverdb.com\/wp-content\/uploads\/Global-Alliance-International-moving-company-600x282.png 600w\" sizes=\"auto, (max-width: 1440px) 100vw, 1440px\" \/><\/p>\n<ul>\n<li>Mi\u0219c\u0103ri na\u021bionale<\/li>\n<li>Mut\u0103ri interna\u021bionale<\/li>\n<li>Mut\u0103ri reziden\u021biale<\/li>\n<li>Mi\u0219c\u0103ri corporative<\/li>\n<li>Personal cu \u00eenalt\u0103 calificare<\/li>\n<li>Serviciu complet de ambalare<\/li>\n<li>Transport terestru, maritim \u0219i aerian<\/li>\n<li>Asisten\u021b\u0103 vamal\u0103<\/li>\n<li>Transportul animalelor de companie<\/li>\n<li>Solu\u021bii de depozitare temporar\u0103 \u0219i permanent\u0103<\/li>\n<\/ul>\n<p>Global Alliance International este o companie de mut\u0103ri din Chile, fondat\u0103 \u00een 1995 \u0219i este o filial\u0103 a Express Movers Transportes. Ace\u0219tia colaboreaz\u0103 cu agen\u021bii de mutare de la destina\u021bie pentru a finaliza mut\u0103rile interna\u021bionale. Ei sunt membri ai IAM cu 16 ani de serviciu.<\/p>\n<p>Global Alliance International va pune la dispozi\u021bie o echip\u0103 de ambalatori care v\u0103 va demonta \u0219i \u00eempacheta toate bunurile, folosind cele mai potrivite materiale de ambalare pentru a le proteja \u0219i cutii specializate. De asemenea, v\u0103 vor furniza un inventar, cutii \u0219i containere etichetate pentru transportul pe uscat, pe calea aerului sau pe mare \u0219i v\u0103 vor ajuta cu documenta\u021bia vamal\u0103. De asemenea, ofer\u0103 solu\u021bii de depozitare temporar\u0103 \u0219i permanent\u0103.<\/p>\n<p>Site web: <a href=\"http:\/\/www.globalalliancechile.com\" target=\"_blank\" rel=\"noopener\">http:\/\/www.globalalliancechile.com<\/a><\/p>\n<h2><span class=\"ez-toc-section\" id=\"5_REMSSA\"><\/span><strong>5. REMSSA<\/strong><span class=\"ez-toc-section-end\"><\/span><\/h2>\n<p><img loading=\"lazy\" decoding=\"async\" class=\"alignnone size-full wp-image-5482\" src=\"https:\/\/moverdb.com\/wp-content\/uploads\/REMSSA-international-moving-company.png\" alt=\"REMSSA companie de mut\u0103ri interna\u021bionale\" width=\"1440\" height=\"683\" data-wp-pid=\"5482\" srcset=\"https:\/\/moverdb.com\/wp-content\/uploads\/REMSSA-international-moving-company.png 1440w, https:\/\/moverdb.com\/wp-content\/uploads\/REMSSA-international-moving-company-300x142.png 300w, https:\/\/moverdb.com\/wp-content\/uploads\/REMSSA-international-moving-company-1024x486.png 1024w, https:\/\/moverdb.com\/wp-content\/uploads\/REMSSA-international-moving-company-18x9.png 18w, https:\/\/moverdb.com\/wp-content\/uploads\/REMSSA-international-moving-company-600x285.png 600w\" sizes=\"auto, (max-width: 1440px) 100vw, 1440px\" \/><\/p>\n<ul>\n<li>Mi\u0219c\u0103ri na\u021bionale<\/li>\n<li>Mut\u0103ri interna\u021bionale<\/li>\n<li>Mut\u0103ri reziden\u021biale<\/li>\n<li>Mutarea birourilor<\/li>\n<li>Relocare<\/li>\n<li>Serviciu din u\u0219\u0103 \u00een u\u0219\u0103<\/li>\n<li>Serviciul de ambalare<\/li>\n<li>Transportul operelor de art\u0103<\/li>\n<li>Transportul animalelor de companie<\/li>\n<li>Facilit\u0103\u021bi de depozitare securizate<\/li>\n<\/ul>\n<p>REMSSA este o companie de mut\u0103ri cu sediul \u00een Santiago, \u00eenfiin\u021bat\u0103 \u00een anul 2000, cu filiale \u00een aeroporturi \u0219i porturi din Chile. Ofer\u0103 servicii de mutare na\u021bional\u0103 \u0219i interna\u021bional\u0103 pentru gospod\u0103rii \u0219i clien\u021bi corporativi. Ei sunt membri ai IAM cu 22 de ani de serviciu.<\/p>\n<p>REMSSA ofer\u0103 un serviciu de mutare personalizat care va asigura livrarea din u\u0219\u0103 \u00een u\u0219\u0103 a mut\u0103rii sau reloc\u0103rii dumneavoastr\u0103. Ace\u0219tia ofer\u0103 un serviciu de \u00eempachetare, \u00eenc\u0103rcare \u0219i despachetare cu ambalaje industriale de marf\u0103 pentru a o proteja \u00een timpul transportului. De asemenea, ace\u0219tia ofer\u0103 servicii specializate de asisten\u021b\u0103 \u00een domeniul imigra\u021biei, transport de opere de art\u0103, transport de animale de companie \u0219i facilit\u0103\u021bi de depozitare securizat\u0103, dac\u0103 este necesar.<\/p>\n<p>Site web: <a href=\"http:\/\/www.remssa.cl\" target=\"_blank\" rel=\"noopener\">http:\/\/www.remssa.cl<\/a><\/p>\n<h2><span class=\"ez-toc-section\" id=\"6_Ward_Van_Lines\"><\/span><strong>6. Ward Van Lines<\/strong><span class=\"ez-toc-section-end\"><\/span><\/h2>\n<p><img loading=\"lazy\" decoding=\"async\" class=\"alignnone size-full wp-image-5499\" src=\"https:\/\/moverdb.com\/wp-content\/uploads\/Ward-Van-Lines-international-moving-company.png\" alt=\"Ward Van Lines companie de mutare interna\u021bional\u0103\" width=\"1440\" height=\"680\" data-wp-pid=\"5499\" srcset=\"https:\/\/moverdb.com\/wp-content\/uploads\/Ward-Van-Lines-international-moving-company.png 1440w, https:\/\/moverdb.com\/wp-content\/uploads\/Ward-Van-Lines-international-moving-company-300x142.png 300w, https:\/\/moverdb.com\/wp-content\/uploads\/Ward-Van-Lines-international-moving-company-1024x484.png 1024w, https:\/\/moverdb.com\/wp-content\/uploads\/Ward-Van-Lines-international-moving-company-18x9.png 18w, https:\/\/moverdb.com\/wp-content\/uploads\/Ward-Van-Lines-international-moving-company-600x283.png 600w\" sizes=\"auto, (max-width: 1440px) 100vw, 1440px\" \/><\/p>\n<ul>\n<li>Mi\u0219c\u0103ri na\u021bionale<\/li>\n<li>Mut\u0103ri interna\u021bionale<\/li>\n<li>Serviciu personalizat<\/li>\n<li>Serviciu de ambalare folosind materiale de prim\u0103 clas\u0103<\/li>\n<li>Demontarea \u0219i asamblarea mobilierului<\/li>\n<li>Etichetarea articolelor pentru o urm\u0103rire constant\u0103<\/li>\n<li>Urm\u0103ri\u021bi-v\u0103 mi\u0219carea prin urm\u0103rire GPS<\/li>\n<li>Documenta\u021bia de export, inclusiv v\u0103muirea<\/li>\n<li>Asigurare<\/li>\n<li>Facilit\u0103\u021bi de depozitare securizate<\/li>\n<\/ul>\n<p>Ward Van Lines este o companie interna\u021bional\u0103 \u0219i na\u021bional\u0103 de mut\u0103ri, fondat\u0103 \u00een 1969. Sediul lor central se afl\u0103 \u00een Santiago \u0219i au birouri \u00een cele mai importante porturi, inclusiv Valparaiso \u0219i San Antonio. Sunt membri ai IAM cu 53 de ani de serviciu \u0219i sunt acredita\u021bi de FIDI.<\/p>\n<p>Ward Van Lines ofer\u0103 un serviciu personalizat de la u\u0219\u0103 la u\u0219\u0103, care folose\u0219te materiale de prim\u0103 clas\u0103 pentru a v\u0103 \u00eempacheta bunurile \u00een siguran\u021b\u0103 \u0219i folose\u0219te cutii de lemn pentru obiectele fragile. Ei vor \u00eentocmi un inventar \u0219i v\u0103 vor eticheta toate obiectele cu coduri de bare unice pentru a v\u0103 identifica bunurile. Camioanele lor au sistem de urm\u0103rire GPS care v\u0103 permite s\u0103 v\u0103 urm\u0103ri\u021bi bunurile 24 de ore din 24, 7 zile din 7.<\/p>\n<p>Site web: <a href=\"http:\/\/www.wardvanlines.com\" target=\"_blank\" rel=\"noopener\">http:\/\/www.wardvanlines.com<\/a><\/p>\n<h2><span class=\"ez-toc-section\" id=\"Other_Useful_Guides_to_Chile\"><\/span>Alte ghiduri utile pentru Chile<span class=\"ez-toc-section-end\"><\/span><\/h2>\n<ul>\n<li> <a href=\"https:\/\/moverdb.com\/ro\/transport-maritim-de-containere\/chile\/\">2024 Tarife de expediere a containerelor de marf\u0103 maritim\u0103 c\u0103tre \u0219i din Chile<\/a><\/li>\n<li> <a href=\"https:\/\/moverdb.com\/ro\/moving-to-chile\/\">V\u0103 muta\u021bi \u00een Chile? 2026 Costurile de trai \u0219i sfaturi de relocare<\/a><\/li>\n<li> <a href=\"https:\/\/moverdb.com\/ro\/moving-to-chile\/best-places-to-live-chile\/\">12 Cele mai bune locuri pentru a tr\u0103i \u00een Chile<\/a><\/li>\n<\/ul>","protected":false},"excerpt":{"rendered":"<p>Moving can be a busy and stressful time especially in you are moving long distance or to another country. This is where a moving company can help reduce your stress by taking away some of the workload. Below we have compiled a list of Chilean removal companies that are members of the International Association of [&hellip;]<\/p>\n","protected":false},"author":4,"featured_media":0,"parent":190,"menu_order":0,"comment_status":"closed","ping_status":"closed","template":"","meta":{"_genesis_hide_title":false,"_genesis_hide_breadcrumbs":false,"_genesis_hide_singular_image":false,"_genesis_hide_footer_widgets":false,"_genesis_custom_body_class":"","_genesis_custom_post_class":"","_genesis_layout":"","footnotes":""},"class_list":{"0":"post-5527","1":"page","2":"type-page","3":"status-publish","5":"entry","6":"has-post-thumbnail"},"_links":{"self":[{"href":"https:\/\/moverdb.com\/ro\/wp-json\/wp\/v2\/pages\/5527","targetHints":{"allow":["GET"]}}],"collection":[{"href":"https:\/\/moverdb.com\/ro\/wp-json\/wp\/v2\/pages"}],"about":[{"href":"https:\/\/moverdb.com\/ro\/wp-json\/wp\/v2\/types\/page"}],"author":[{"embeddable":true,"href":"https:\/\/moverdb.com\/ro\/wp-json\/wp\/v2\/users\/4"}],"replies":[{"embeddable":true,"href":"https:\/\/moverdb.com\/ro\/wp-json\/wp\/v2\/comments?post=5527"}],"version-history":[{"count":4,"href":"https:\/\/moverdb.com\/ro\/wp-json\/wp\/v2\/pages\/5527\/revisions"}],"predecessor-version":[{"id":16390,"href":"https:\/\/moverdb.com\/ro\/wp-json\/wp\/v2\/pages\/5527\/revisions\/16390"}],"up":[{"embeddable":true,"href":"https:\/\/moverdb.com\/ro\/wp-json\/wp\/v2\/pages\/190"}],"wp:attachment":[{"href":"https:\/\/moverdb.com\/ro\/wp-json\/wp\/v2\/media?parent=5527"}],"curies":[{"name":"wp","href":"https:\/\/api.w.org\/{rel}","templated":true}]}}