{"id":5520,"date":"2023-02-01T13:56:46","date_gmt":"2023-02-01T13:56:46","guid":{"rendered":"https:\/\/moverdb.com\/?page_id=5520"},"modified":"2026-01-08T15:29:45","modified_gmt":"2026-01-08T15:29:45","slug":"caribbean-netherlands-moving-companies","status":"publish","type":"page","link":"https:\/\/moverdb.com\/ro\/moving-companies\/caribbean-netherlands-moving-companies\/","title":{"rendered":"Cei mai buni transportatori interna\u021bionali din Caraibe Olanda"},"content":{"rendered":"<p>Dac\u0103 v\u0103 g\u00e2ndi\u021bi s\u0103 v\u0103 muta\u021bi \u00een Caraibe <a href=\"https:\/\/moverdb.com\/ro\/moving-to-the-netherlands\/\" data-internallinksmanager029f6b8e52c=\"328\" title=\"V\u0103 muta\u021bi \u00een Olanda? 2026 Costurile vie\u021bii \u0219i sfaturi de relocare\">Olanda<\/a>sau c\u0103tre sau dinspre \u021a\u0103rile de Jos din Caraibe, este posibil s\u0103 dori\u021bi sprijinul unui <a href=\"https:\/\/moverdb.com\/ro\/moving-companies\/\" data-internallinksmanager029f6b8e52c=\"79\" title=\"Top 25 Companii interna\u021bionale de mutare online\">companie \u00een mi\u0219care<\/a> pentru a reduce presiunea pe care o presupune mutarea. Mai jos am \u00eentocmit o list\u0103 cu \u021a\u0103rile de Jos din Caraibe <a href=\"https:\/\/moverdb.com\/ro\/international-removals\/\" data-internallinksmanager029f6b8e52c=\"27\" title=\"36 Cele mai bune companii de mut\u0103ri interna\u021bionale din Marea Britanie\">companii de mutare<\/a> care sunt membri ai grupului <a href=\"https:\/\/moverdb.com\/ro\/iam\/\" data-internallinksmanager029f6b8e52c=\"23\" title=\"Explica\u021bii despre Asocia\u021bia Interna\u021bional\u0103 a Transportatorilor (IAM)\">Asocia\u021bia Interna\u021bional\u0103 a Transportatorilor<\/a> (IAM) \u0219i\/sau <a href=\"https:\/\/moverdb.com\/ro\/fidi-faim\/\" data-internallinksmanager029f6b8e52c=\"16\" title=\"FIDI &amp; FAIM (FIDI Accredited International Mover) Explicat\">FIDI<\/a> Accredited International Mover (FAIM) care v\u0103 poate ajuta.<\/p>\n<h2><strong>Meyer Moving<\/strong><\/h2>\n<p><img loading=\"lazy\" decoding=\"async\" class=\"alignnone size-full wp-image-5459\" src=\"https:\/\/moverdb.com\/wp-content\/uploads\/Meyer-Moving-international-moving-company.png\" alt=\"Meyer Moving companie de mutare interna\u021bional\u0103\" width=\"1440\" height=\"682\" data-wp-pid=\"5459\" srcset=\"https:\/\/moverdb.com\/wp-content\/uploads\/Meyer-Moving-international-moving-company.png 1440w, https:\/\/moverdb.com\/wp-content\/uploads\/Meyer-Moving-international-moving-company-300x142.png 300w, https:\/\/moverdb.com\/wp-content\/uploads\/Meyer-Moving-international-moving-company-1024x485.png 1024w, https:\/\/moverdb.com\/wp-content\/uploads\/Meyer-Moving-international-moving-company-18x9.png 18w, https:\/\/moverdb.com\/wp-content\/uploads\/Meyer-Moving-international-moving-company-600x284.png 600w\" sizes=\"auto, (max-width: 1440px) 100vw, 1440px\" \/><\/p>\n<ul>\n<li>Mut\u0103ri locale<\/li>\n<li>Mut\u0103ri interna\u021bionale<\/li>\n<li>Mut\u0103ri reziden\u021biale<\/li>\n<li>Compania se mut\u0103<\/li>\n<li>Serviciu din u\u0219\u0103 \u00een u\u0219\u0103<\/li>\n<li>Servicii de ambalare \u0219i despachetare<\/li>\n<li>Transporturi terestre, maritime \u0219i aeriene<\/li>\n<li>Suport post mutare<\/li>\n<li>Transferul vehiculului<\/li>\n<li>Facilit\u0103\u021bi de depozitare<\/li>\n<\/ul>\n<p>Meyer Moving este o companie de mut\u0103ri fondat\u0103 \u00een 1959, specializat\u0103 \u00een mut\u0103ri locale \u0219i interna\u021bionale pentru clien\u021bi reziden\u021biali \u0219i companii. Au 7 sucursale \u00een Caraibe \u0219i o re\u021bea global\u0103 de companii afiliate \u0219i agen\u021bi parteneri pentru a livra mut\u0103ri interna\u021bionale. Sunt membri ai IAM cu 63 de ani de serviciu \u0219i sunt acredita\u021bi de FIDI.<\/p>\n<p>Meyer Moving ofer\u0103 servicii de relocare, mutare \u0219i depozitare, care includ oferirea de consultan\u021b\u0103 privind mutarea \u0219i asisten\u021b\u0103 \u00een mutarea dvs. de la u\u0219\u0103 la u\u0219\u0103. Ei v\u0103 vor \u00eempacheta bunurile \u00een siguran\u021b\u0103, vor aranja transportul pe uscat, maritim sau aerian, serviciul de despachetare \u0219i facilit\u0103\u021bi de depozitare dac\u0103 este necesar.<\/p>\n<p>Site web: <a href=\"http:\/\/www.meyermoving.com\/\" target=\"_blank\" rel=\"noopener\">http:\/\/www.meyermoving.com\/<\/a><\/p>","protected":false},"excerpt":{"rendered":"<p>If you are thinking of moving within the Caribbean Netherlands, or to or from the Caribbean Netherlands you may want support from a moving company to reduce the pressure of moving. Below we have compiled a list of Caribbean Netherlands removal companies that are members of the International Association of Movers (IAM) and\/or FIDI Accredited [&hellip;]<\/p>\n","protected":false},"author":4,"featured_media":0,"parent":190,"menu_order":0,"comment_status":"closed","ping_status":"closed","template":"","meta":{"_genesis_hide_title":false,"_genesis_hide_breadcrumbs":false,"_genesis_hide_singular_image":false,"_genesis_hide_footer_widgets":false,"_genesis_custom_body_class":"","_genesis_custom_post_class":"","_genesis_layout":"","footnotes":""},"class_list":{"0":"post-5520","1":"page","2":"type-page","3":"status-publish","5":"entry","6":"has-post-thumbnail"},"_links":{"self":[{"href":"https:\/\/moverdb.com\/ro\/wp-json\/wp\/v2\/pages\/5520","targetHints":{"allow":["GET"]}}],"collection":[{"href":"https:\/\/moverdb.com\/ro\/wp-json\/wp\/v2\/pages"}],"about":[{"href":"https:\/\/moverdb.com\/ro\/wp-json\/wp\/v2\/types\/page"}],"author":[{"embeddable":true,"href":"https:\/\/moverdb.com\/ro\/wp-json\/wp\/v2\/users\/4"}],"replies":[{"embeddable":true,"href":"https:\/\/moverdb.com\/ro\/wp-json\/wp\/v2\/comments?post=5520"}],"version-history":[{"count":4,"href":"https:\/\/moverdb.com\/ro\/wp-json\/wp\/v2\/pages\/5520\/revisions"}],"predecessor-version":[{"id":7597,"href":"https:\/\/moverdb.com\/ro\/wp-json\/wp\/v2\/pages\/5520\/revisions\/7597"}],"up":[{"embeddable":true,"href":"https:\/\/moverdb.com\/ro\/wp-json\/wp\/v2\/pages\/190"}],"wp:attachment":[{"href":"https:\/\/moverdb.com\/ro\/wp-json\/wp\/v2\/media?parent=5520"}],"curies":[{"name":"wp","href":"https:\/\/api.w.org\/{rel}","templated":true}]}}