{"id":5515,"date":"2023-02-01T13:53:52","date_gmt":"2023-02-01T13:53:52","guid":{"rendered":"https:\/\/moverdb.com\/?page_id=5515"},"modified":"2026-01-08T15:29:52","modified_gmt":"2026-01-08T15:29:52","slug":"cameroon-moving-companii","status":"publish","type":"page","link":"https:\/\/moverdb.com\/ro\/moving-companies\/cameroon-moving-companies\/","title":{"rendered":"Cele mai bune companii de mutare interna\u021bional\u0103 \u00een Camerun"},"content":{"rendered":"<p>V\u0103 muta\u021bi casa sau afacerea? Atunci este posibil s\u0103 dori\u021bi ajutor pentru a face mutarea mai u\u0219oar\u0103, mai ales dac\u0103 v\u0103 muta\u021bi \u00eentr-o alt\u0103 \u021bar\u0103, a\u0219a c\u0103 o firm\u0103 de renume poate s\u0103 v\u0103 ajute. <a href=\"https:\/\/moverdb.com\/ro\/moving-companies\/\" data-internallinksmanager029f6b8e52c=\"79\" title=\"Top 25 Companii interna\u021bionale de mutare online\">companie \u00een mi\u0219care<\/a> ar putea ajuta. Mai jos am compilat o list\u0103 de Camerun <a href=\"https:\/\/moverdb.com\/ro\/international-removals\/\" data-internallinksmanager029f6b8e52c=\"27\" title=\"36 Cele mai bune companii de mut\u0103ri interna\u021bionale din Marea Britanie\">companii de mutare<\/a> care sunt membri ai grupului <a href=\"https:\/\/moverdb.com\/ro\/iam\/\" data-internallinksmanager029f6b8e52c=\"23\" title=\"Explica\u021bii despre Asocia\u021bia Interna\u021bional\u0103 a Transportatorilor (IAM)\">Asocia\u021bia Interna\u021bional\u0103 a Transportatorilor<\/a> (IAM) care v-ar putea ajuta.<\/p>\n<h2><strong>Mutarea Unu<\/strong><\/h2>\n<p><img loading=\"lazy\" decoding=\"async\" class=\"alignnone size-full wp-image-5461\" src=\"https:\/\/moverdb.com\/wp-content\/uploads\/Move-One-international-moving-company.png\" alt=\"Move One companie interna\u021bional\u0103 de mutare\" width=\"1440\" height=\"680\" data-wp-pid=\"5461\" srcset=\"https:\/\/moverdb.com\/wp-content\/uploads\/Move-One-international-moving-company.png 1440w, https:\/\/moverdb.com\/wp-content\/uploads\/Move-One-international-moving-company-300x142.png 300w, https:\/\/moverdb.com\/wp-content\/uploads\/Move-One-international-moving-company-1024x484.png 1024w, https:\/\/moverdb.com\/wp-content\/uploads\/Move-One-international-moving-company-18x9.png 18w, https:\/\/moverdb.com\/wp-content\/uploads\/Move-One-international-moving-company-600x283.png 600w\" sizes=\"auto, (max-width: 1440px) 100vw, 1440px\" \/><\/p>\n<ul>\n<li>Mut\u0103ri interna\u021bionale<\/li>\n<li>Reloc\u0103ri<\/li>\n<li>Mutarea gospod\u0103riei<\/li>\n<li>Mutarea birourilor<\/li>\n<li>Personalul profesionist care v\u0103 sprijin\u0103<\/li>\n<li>Asisten\u021b\u0103 \u00een domeniul imigra\u021biei<\/li>\n<li>Transportul animalelor de companie<\/li>\n<li>Ajutor pentru acomodare<\/li>\n<li>C\u0103ut\u0103ri de case \u0219i \u0219coli<\/li>\n<li>Solu\u021bii de depozitare<\/li>\n<\/ul>\n<p>Move One este o companie de mut\u0103ri interna\u021bionale cu filiale \u00een Europa, Africa \u0219i Orientul Mijlociu, inclusiv \u00een Camerun. Ace\u0219tia ofer\u0103 solu\u021bii de logistic\u0103, mutare \u0219i mobilitate global\u0103 din 1992. De asemenea, au o re\u021bea interna\u021bional\u0103 de companii de mutare pentru a asista clien\u021bii la nivel interna\u021bional. Sucursala din Camerun este membr\u0103 a IAM cu 6 ani de serviciu.<\/p>\n<p>Move One ofer\u0103 un serviciu profesionist cu personal cu \u00eenalt\u0103 calificare pentru a v\u0103 sprijini \u00een mutarea sau relocarea dumneavoastr\u0103. Ace\u0219tia v\u0103 vor sprijini \u00een toate aspectele mut\u0103rii, inclusiv \u00een organizarea logisticii \u0219i a imigra\u021biei, precum \u0219i \u00een transportul animalelor de companie. Serviciile lor de relocare includ, de asemenea, sprijin pentru instalare, g\u0103sirea unei locuin\u021be \u0219i a \u0219colilor.<\/p>\n<p>Site web: <a href=\"https:\/\/www.moveoneinc.com\/\" target=\"_blank\" rel=\"noopener\">https:\/\/www.moveoneinc.com\/<\/a><\/p>","protected":false},"excerpt":{"rendered":"<p>Are you moving home or your business? Then you may want help in making the move easier especially if you are relocating to another country, so a reputable moving company could help. Below we have compiled a list of Cameroon removal companies that are members of the International Association of Movers (IAM) that could help [&hellip;]<\/p>\n","protected":false},"author":4,"featured_media":0,"parent":190,"menu_order":0,"comment_status":"closed","ping_status":"closed","template":"","meta":{"_genesis_hide_title":false,"_genesis_hide_breadcrumbs":false,"_genesis_hide_singular_image":false,"_genesis_hide_footer_widgets":false,"_genesis_custom_body_class":"","_genesis_custom_post_class":"","_genesis_layout":"","footnotes":""},"class_list":{"0":"post-5515","1":"page","2":"type-page","3":"status-publish","5":"entry","6":"has-post-thumbnail"},"_links":{"self":[{"href":"https:\/\/moverdb.com\/ro\/wp-json\/wp\/v2\/pages\/5515","targetHints":{"allow":["GET"]}}],"collection":[{"href":"https:\/\/moverdb.com\/ro\/wp-json\/wp\/v2\/pages"}],"about":[{"href":"https:\/\/moverdb.com\/ro\/wp-json\/wp\/v2\/types\/page"}],"author":[{"embeddable":true,"href":"https:\/\/moverdb.com\/ro\/wp-json\/wp\/v2\/users\/4"}],"replies":[{"embeddable":true,"href":"https:\/\/moverdb.com\/ro\/wp-json\/wp\/v2\/comments?post=5515"}],"version-history":[{"count":2,"href":"https:\/\/moverdb.com\/ro\/wp-json\/wp\/v2\/pages\/5515\/revisions"}],"predecessor-version":[{"id":5517,"href":"https:\/\/moverdb.com\/ro\/wp-json\/wp\/v2\/pages\/5515\/revisions\/5517"}],"up":[{"embeddable":true,"href":"https:\/\/moverdb.com\/ro\/wp-json\/wp\/v2\/pages\/190"}],"wp:attachment":[{"href":"https:\/\/moverdb.com\/ro\/wp-json\/wp\/v2\/media?parent=5515"}],"curies":[{"name":"wp","href":"https:\/\/api.w.org\/{rel}","templated":true}]}}