{"id":5510,"date":"2023-02-01T12:32:51","date_gmt":"2023-02-01T12:32:51","guid":{"rendered":"https:\/\/moverdb.com\/?page_id=5510"},"modified":"2026-01-08T15:23:39","modified_gmt":"2026-01-08T15:23:39","slug":"bulgaria-moving-companii","status":"publish","type":"page","link":"https:\/\/moverdb.com\/ro\/moving-companies\/bulgaria-moving-companies\/","title":{"rendered":"2 Cele mai bune companii de mutare interna\u021bional\u0103 \u00een Bulgaria"},"content":{"rendered":"<p>Dac\u0103 v\u0103 muta\u021bi casa sau afacerea dvs. \u00een <a href=\"https:\/\/moverdb.com\/ro\/moving-to-bulgaria\/\" data-internallinksmanager029f6b8e52c=\"322\" title=\"V\u0103 muta\u021bi \u00een Bulgaria? 2026 Costurile de trai \u0219i sfaturi de relocare\">Bulgaria<\/a>sau v\u0103 muta\u021bi \u00een sau dinspre Bulgaria, este posibil s\u0103 dori\u021bi s\u0103 apela\u021bi la serviciile unui <a href=\"https:\/\/moverdb.com\/ro\/moving-companies\/\" data-internallinksmanager029f6b8e52c=\"79\" title=\"Top 25 Companii interna\u021bionale de mutare online\">companie \u00een mi\u0219care<\/a> pentru a reduce volumul de munc\u0103. Mai jos am compilat o list\u0103 de bulgar\u0103 <a href=\"https:\/\/moverdb.com\/ro\/international-removals\/\" data-internallinksmanager029f6b8e52c=\"27\" title=\"36 Cele mai bune companii de mut\u0103ri interna\u021bionale din Marea Britanie\">companii de mutare<\/a> care sunt membri ai grupului <a href=\"https:\/\/moverdb.com\/ro\/iam\/\" data-internallinksmanager029f6b8e52c=\"23\" title=\"Explica\u021bii despre Asocia\u021bia Interna\u021bional\u0103 a Transportatorilor (IAM)\">Asocia\u021bia Interna\u021bional\u0103 a Transportatorilor<\/a> (IAM) \u0219i\/sau <a href=\"https:\/\/moverdb.com\/ro\/fidi-faim\/\" data-internallinksmanager029f6b8e52c=\"16\" title=\"FIDI &amp; FAIM (FIDI Accredited International Mover) Explicat\">FIDI<\/a> Accredited International Mover (FAIM) care v\u0103 poate ajuta.<\/p>\n<h2><strong>1. Movega<\/strong><\/h2>\n<p><img loading=\"lazy\" decoding=\"async\" class=\"alignnone size-full wp-image-5463\" src=\"https:\/\/moverdb.com\/wp-content\/uploads\/Movega-international-moving-company.png\" alt=\"Movega companie interna\u021bional\u0103 de mutare\" width=\"1440\" height=\"678\" data-wp-pid=\"5463\" srcset=\"https:\/\/moverdb.com\/wp-content\/uploads\/Movega-international-moving-company.png 1440w, https:\/\/moverdb.com\/wp-content\/uploads\/Movega-international-moving-company-300x141.png 300w, https:\/\/moverdb.com\/wp-content\/uploads\/Movega-international-moving-company-1024x482.png 1024w, https:\/\/moverdb.com\/wp-content\/uploads\/Movega-international-moving-company-18x8.png 18w, https:\/\/moverdb.com\/wp-content\/uploads\/Movega-international-moving-company-600x283.png 600w\" sizes=\"auto, (max-width: 1440px) 100vw, 1440px\" \/><\/p>\n<ul>\n<li>Mi\u0219c\u0103ri na\u021bionale<\/li>\n<li>Mut\u0103ri europene<\/li>\n<li>Mutarea gospod\u0103riei<\/li>\n<li>Mutarea birourilor<\/li>\n<li>Servicii de \u00eenc\u0103rcare complet\u0103 \u0219i par\u021bial\u0103<\/li>\n<li>Reduceri pentru rezervarea mai multor vehicule<\/li>\n<li>Ambalare \u0219i despachetare<\/li>\n<li>Platform\u0103 de sondaj online pentru evaluarea cerin\u021belor dumneavoastr\u0103<\/li>\n<li>Poate oferi un lift extern<\/li>\n<li>Solu\u021bii de depozitare<\/li>\n<\/ul>\n<p>Movega este o companie de mut\u0103ri cu sediul \u00een Varna care ofer\u0103 servicii de mutare \u00een Bulgaria \u0219i Europa. Ei lucreaz\u0103 cu parteneri de mutare pentru a-\u0219i oferi serviciile la nivel interna\u021bional. Se ocup\u0103 de mut\u0103ri de gospod\u0103rii \u0219i birouri \u0219i sunt membri IAM cu 2 ani de serviciu.<\/p>\n<p>Movega ofer\u0103 o gam\u0103 variat\u0103 de servicii de mutare, permi\u021b\u00e2ndu-v\u0103 s\u0103 folosi\u021bi o \u00eenc\u0103rc\u0103tur\u0103 complet\u0103 sau par\u021bial\u0103 sau s\u0103 ob\u021bine\u021bi reduceri pentru mai multe vehicule. Ei v\u0103 ajut\u0103 s\u0103 v\u0103 evalua\u021bi cerin\u021bele de mutare folosind platforma lor de sondaj online. Ofer\u0103 servicii de transport, precum \u0219i servicii complete de ambalare \u0219i despachetare. Au o flot\u0103 diversificat\u0103, inclusiv un lift extern pentru a ob\u021bine mobilierul mare prin ferestre \u0219i balcoane.<\/p>\n<p>Site web: <a href=\"http:\/\/movega.co.uk\" target=\"_blank\" rel=\"noopener\">http:\/\/movega.co.uk<\/a><\/p>\n<h2><strong>2. Orbit\u0103<\/strong><\/h2>\n<p><img loading=\"lazy\" decoding=\"async\" class=\"alignnone size-full wp-image-5470\" src=\"https:\/\/moverdb.com\/wp-content\/uploads\/Orbit-international-moving-company.png\" alt=\"Orbit international moving company\" width=\"1440\" height=\"684\" data-wp-pid=\"5470\" srcset=\"https:\/\/moverdb.com\/wp-content\/uploads\/Orbit-international-moving-company.png 1440w, https:\/\/moverdb.com\/wp-content\/uploads\/Orbit-international-moving-company-300x143.png 300w, https:\/\/moverdb.com\/wp-content\/uploads\/Orbit-international-moving-company-1024x486.png 1024w, https:\/\/moverdb.com\/wp-content\/uploads\/Orbit-international-moving-company-18x9.png 18w, https:\/\/moverdb.com\/wp-content\/uploads\/Orbit-international-moving-company-600x285.png 600w\" sizes=\"auto, (max-width: 1440px) 100vw, 1440px\" \/><\/p>\n<ul>\n<li>Mi\u0219c\u0103ri na\u021bionale<\/li>\n<li>Mut\u0103ri interna\u021bionale<\/li>\n<li>Mutarea gospod\u0103riei<\/li>\n<li>Logistic\u0103 comercial\u0103<\/li>\n<li>Abordare personalizat\u0103<\/li>\n<li>Transport terestru, maritim \u0219i aerian<\/li>\n<li>Agen\u021bia vamal\u0103<\/li>\n<li>Ambalare \u0219i despachetare<\/li>\n<li>Transportul de art\u0103<\/li>\n<li>Urm\u0103rirea \u0219i asigurarea transportului<\/li>\n<\/ul>\n<p>Orbit este o companie de expediere \u0219i transport cu sediul \u00een Sofia, care opereaz\u0103 de peste 25 de ani \u0219i ajut\u0103 oamenii s\u0103 se mute \u00een Bulgaria \u0219i la nivel interna\u021bional. Face parte din grupul Orphee Beinoglou, care are sucursale \u00een toat\u0103 Europa, cu care colaboreaz\u0103 \u0219i cu al\u021bi parteneri de mutare pentru a livra mut\u0103ri la nivel interna\u021bional. Sunt membri ai IAM cu 28 de ani de activitate \u0219i sunt acredita\u021bi de FIDI.<\/p>\n<p>Orbit ofer\u0103 un serviciu personal care include inspec\u021bia ini\u021bial\u0103, planificarea mut\u0103rii dumneavoastr\u0103 pe uscat, pe mare sau pe calea aerului, \u00eempachetarea \u0219i despachetarea \u00een siguran\u021b\u0103 a bunurilor dumneavoastr\u0103 \u0219i aranjarea v\u0103muirii. Ace\u0219tia ofer\u0103 lini\u0219te sufleteasc\u0103 prin asigurarea de tranzit pentru bunurile dvs. \u0219i urm\u0103rirea transportului.<\/p>\n<p>Site web: <a href=\"http:\/\/www.orbit.bg\" target=\"_blank\" rel=\"noopener\">http:\/\/www.orbit.bg<\/a><\/p>\n<h2>Alte ghiduri utile pentru Bulgaria<\/h2>\n<ul>\n<li> <a href=\"https:\/\/moverdb.com\/ro\/moving-to-bulgaria\/\">V\u0103 muta\u021bi \u00een Bulgaria? 2026 Costurile de trai \u0219i sfaturi de relocare<\/a><\/li>\n<li> <a href=\"https:\/\/moverdb.com\/ro\/moving-to-bulgaria\/best-places-to-live-bulgaria\/\">13 Cele mai bune locuri pentru a tr\u0103i \u00een Bulgaria<\/a><\/li>\n<\/ul>","protected":false},"excerpt":{"rendered":"<p>If you are moving home or your business in Bulgaria, or moving to or from Bulgaria, then you may want to engage the services of a moving company to reduce the workload. Below we have compiled a list of Bulgarian removal companies that are members of the International Association of Movers (IAM) and\/or FIDI Accredited [&hellip;]<\/p>\n","protected":false},"author":4,"featured_media":0,"parent":190,"menu_order":0,"comment_status":"closed","ping_status":"closed","template":"","meta":{"_genesis_hide_title":false,"_genesis_hide_breadcrumbs":false,"_genesis_hide_singular_image":false,"_genesis_hide_footer_widgets":false,"_genesis_custom_body_class":"","_genesis_custom_post_class":"","_genesis_layout":"","footnotes":""},"class_list":{"0":"post-5510","1":"page","2":"type-page","3":"status-publish","5":"entry","6":"has-post-thumbnail"},"_links":{"self":[{"href":"https:\/\/moverdb.com\/ro\/wp-json\/wp\/v2\/pages\/5510","targetHints":{"allow":["GET"]}}],"collection":[{"href":"https:\/\/moverdb.com\/ro\/wp-json\/wp\/v2\/pages"}],"about":[{"href":"https:\/\/moverdb.com\/ro\/wp-json\/wp\/v2\/types\/page"}],"author":[{"embeddable":true,"href":"https:\/\/moverdb.com\/ro\/wp-json\/wp\/v2\/users\/4"}],"replies":[{"embeddable":true,"href":"https:\/\/moverdb.com\/ro\/wp-json\/wp\/v2\/comments?post=5510"}],"version-history":[{"count":3,"href":"https:\/\/moverdb.com\/ro\/wp-json\/wp\/v2\/pages\/5510\/revisions"}],"predecessor-version":[{"id":16292,"href":"https:\/\/moverdb.com\/ro\/wp-json\/wp\/v2\/pages\/5510\/revisions\/16292"}],"up":[{"embeddable":true,"href":"https:\/\/moverdb.com\/ro\/wp-json\/wp\/v2\/pages\/190"}],"wp:attachment":[{"href":"https:\/\/moverdb.com\/ro\/wp-json\/wp\/v2\/media?parent=5510"}],"curies":[{"name":"wp","href":"https:\/\/api.w.org\/{rel}","templated":true}]}}