{"id":5507,"date":"2023-02-01T13:55:39","date_gmt":"2023-02-01T13:55:39","guid":{"rendered":"https:\/\/moverdb.com\/?page_id=5507"},"modified":"2026-01-08T15:29:49","modified_gmt":"2026-01-08T15:29:49","slug":"brunei-moving-companies","status":"publish","type":"page","link":"https:\/\/moverdb.com\/ro\/moving-companies\/brunei-moving-companies\/","title":{"rendered":"Cele mai bune companii de mutare interna\u021bional\u0103 \u00een Brunei Darussalam"},"content":{"rendered":"<p>Mutarea casei sau a afacerii dvs. poate fi o munc\u0103 complex\u0103 \u0219i grea, a\u0219a c\u0103, dac\u0103 dori\u021bi s\u0103 u\u0219ura\u021bi sarcina, atunci a\u021bi putea dori s\u0103 angaja\u021bi un <a href=\"https:\/\/moverdb.com\/ro\/moving-companies\/\" data-internallinksmanager029f6b8e52c=\"79\" title=\"Top 25 Companii interna\u021bionale de mutare online\">companie \u00een mi\u0219care<\/a> pentru a v\u0103 ajuta. Mai jos am compilat o list\u0103 de <a href=\"https:\/\/moverdb.com\/ro\/moving-to-brunei\/\" data-internallinksmanager029f6b8e52c=\"424\" title=\"V\u0103 muta\u021bi \u00een Brunei? 2026 Costuri de trai \u0219i sfaturi de relocare\">Brunei<\/a> Darussalam <a href=\"https:\/\/moverdb.com\/ro\/international-removals\/\" data-internallinksmanager029f6b8e52c=\"27\" title=\"36 Cele mai bune companii de mut\u0103ri interna\u021bionale din Marea Britanie\">companii de mutare<\/a> care sunt membri ai grupului <a href=\"https:\/\/moverdb.com\/ro\/iam\/\" data-internallinksmanager029f6b8e52c=\"23\" title=\"Explica\u021bii despre Asocia\u021bia Interna\u021bional\u0103 a Transportatorilor (IAM)\">Asocia\u021bia Interna\u021bional\u0103 a Transportatorilor<\/a> (IAM) care v\u0103 poate ajuta.<\/p>\n<h2><strong>Compania de transport din Brunei <\/strong><\/h2>\n<p><img loading=\"lazy\" decoding=\"async\" class=\"alignnone size-full wp-image-5508\" src=\"https:\/\/moverdb.com\/wp-content\/uploads\/Brunei-Transporting-Company-international-moving-company.png\" alt=\"Brunei Transporting Company companie de transport interna\u021bional \u00een mi\u0219care\" width=\"1440\" height=\"682\" data-wp-pid=\"5508\" srcset=\"https:\/\/moverdb.com\/wp-content\/uploads\/Brunei-Transporting-Company-international-moving-company.png 1440w, https:\/\/moverdb.com\/wp-content\/uploads\/Brunei-Transporting-Company-international-moving-company-300x142.png 300w, https:\/\/moverdb.com\/wp-content\/uploads\/Brunei-Transporting-Company-international-moving-company-1024x485.png 1024w, https:\/\/moverdb.com\/wp-content\/uploads\/Brunei-Transporting-Company-international-moving-company-18x9.png 18w, https:\/\/moverdb.com\/wp-content\/uploads\/Brunei-Transporting-Company-international-moving-company-600x284.png 600w\" sizes=\"auto, (max-width: 1440px) 100vw, 1440px\" \/><\/p>\n<ul>\n<li>Mut\u0103ri interna\u021bionale<\/li>\n<li>Transport local<\/li>\n<li>Mutarea gospod\u0103riei<\/li>\n<li>Mut\u0103ri comerciale<\/li>\n<li>Servicii door-to-door<\/li>\n<li>Transport terestru \u0219i maritim<\/li>\n<li>Personal instruit \u0219i cu experien\u021b\u0103<\/li>\n<li>Flot\u0103 complet\u0103 de vehicule<\/li>\n<li>Servicii de brokeraj vamal<\/li>\n<li>Alegerea solu\u021biilor de depozitare<\/li>\n<\/ul>\n<p>Brunei Transporting Company este una dintre cele mai importante companii de logistic\u0103 din Brunei Darussalam, care ofer\u0103 servicii de mutare locale \u0219i interna\u021bionale. Ei lucreaz\u0103 \u00een parteneriat cu companii de mutare asociate pentru a furniza servicii interna\u021bionale cu care r\u0103m\u00e2n \u00een contact permanent pentru a asigura o trecere sigur\u0103 \u0219i rapid\u0103. Ei sunt membri ai IAM.<\/p>\n<p>Brunei Transporting Company dispune de o flot\u0103 complet\u0103 de vehicule, inclusiv camioane, transportoare de ma\u0219ini, ma\u0219ini de mutat, remorci \u0219i macarale. Ace\u0219tia ofer\u0103 servicii de mutare \u0219i logistic\u0103 pentru diploma\u021bi, companii na\u021bionale \u0219i multina\u021bionale \u0219i persoane fizice. Ace\u0219tia ofer\u0103 servicii door-to-door de livrare a m\u0103rfurilor pe uscat \u0219i pe mare, cu servicii de broker vamal \u0219i o gam\u0103 de op\u021biuni de depozitare.<\/p>\n<p>Site web: <a href=\"http:\/\/www.bruneitransporting.com\" target=\"_blank\" rel=\"noopener\">http:\/\/www.bruneitransporting.com<\/a><\/p>","protected":false},"excerpt":{"rendered":"<p>Moving home or your business can be complex and hard work so if you are looking to lighten the load then you might want to employ a moving company to help you. Below we have compiled a list of Brunei Darussalam removal companies that are members of the International Association of Movers (IAM) that could [&hellip;]<\/p>\n","protected":false},"author":4,"featured_media":0,"parent":190,"menu_order":0,"comment_status":"closed","ping_status":"closed","template":"","meta":{"_genesis_hide_title":false,"_genesis_hide_breadcrumbs":false,"_genesis_hide_singular_image":false,"_genesis_hide_footer_widgets":false,"_genesis_custom_body_class":"","_genesis_custom_post_class":"","_genesis_layout":"","footnotes":""},"class_list":{"0":"post-5507","1":"page","2":"type-page","3":"status-publish","5":"entry","6":"has-post-thumbnail"},"_links":{"self":[{"href":"https:\/\/moverdb.com\/ro\/wp-json\/wp\/v2\/pages\/5507","targetHints":{"allow":["GET"]}}],"collection":[{"href":"https:\/\/moverdb.com\/ro\/wp-json\/wp\/v2\/pages"}],"about":[{"href":"https:\/\/moverdb.com\/ro\/wp-json\/wp\/v2\/types\/page"}],"author":[{"embeddable":true,"href":"https:\/\/moverdb.com\/ro\/wp-json\/wp\/v2\/users\/4"}],"replies":[{"embeddable":true,"href":"https:\/\/moverdb.com\/ro\/wp-json\/wp\/v2\/comments?post=5507"}],"version-history":[{"count":1,"href":"https:\/\/moverdb.com\/ro\/wp-json\/wp\/v2\/pages\/5507\/revisions"}],"predecessor-version":[{"id":5509,"href":"https:\/\/moverdb.com\/ro\/wp-json\/wp\/v2\/pages\/5507\/revisions\/5509"}],"up":[{"embeddable":true,"href":"https:\/\/moverdb.com\/ro\/wp-json\/wp\/v2\/pages\/190"}],"wp:attachment":[{"href":"https:\/\/moverdb.com\/ro\/wp-json\/wp\/v2\/media?parent=5507"}],"curies":[{"name":"wp","href":"https:\/\/api.w.org\/{rel}","templated":true}]}}