{"id":5392,"date":"2022-11-19T02:21:51","date_gmt":"2022-11-19T02:21:51","guid":{"rendered":"https:\/\/moverdb.com\/?page_id=5392"},"modified":"2026-01-08T14:38:39","modified_gmt":"2026-01-08T14:38:39","slug":"turks-and-caicos","status":"publish","type":"page","link":"https:\/\/moverdb.com\/ro\/container-shipping\/turks-and-caicos\/","title":{"rendered":"2022 Tarife de expediere a containerelor de marf\u0103 maritim\u0103 c\u0103tre \u0219i din Turks \u0219i Caicos"},"content":{"rendered":"<div class=\"wp-block-image\">\n<figure class=\"aligncenter size-full\"><img loading=\"lazy\" decoding=\"async\" width=\"1000\" height=\"667\" src=\"https:\/\/moverdb.com\/wp-content\/uploads\/turks-and-caicos.jpg\" alt=\"Plaj\u0103 de nisip pe o insul\u0103 din Turks \u0219i Caicos\" class=\"wp-image-5383\" srcset=\"https:\/\/moverdb.com\/wp-content\/uploads\/turks-and-caicos.jpg 1000w, https:\/\/moverdb.com\/wp-content\/uploads\/turks-and-caicos-300x200.jpg 300w, https:\/\/moverdb.com\/wp-content\/uploads\/turks-and-caicos-18x12.jpg 18w, https:\/\/moverdb.com\/wp-content\/uploads\/turks-and-caicos-600x400.jpg 600w\" sizes=\"auto, (max-width: 1000px) 100vw, 1000px\" \/><\/figure>\n<\/div>\n\n\n<p><strong><a href=\"https:\/\/moverdb.com\/ro\/moving-to-the-turks-and-caicos-islands\/\" data-internallinksmanager029f6b8e52c=\"388\" title=\"V\u0103 muta\u021bi \u00een Insulele Turks \u0219i Caicos? Costurile vie\u021bii \u00een 2023\">Turks \u0219i Caicos<\/a><\/strong> este un alt teritoriu insular britanic din Caraibe. Acest arhipelag este populat pe 8 insule principale, dar, de fapt, este format din peste 40 de insule.<\/p>\n\n\n\n<p>Pentru expa\u021bi, Turks \u0219i Caicos este atractiv\u0103 mai ales pentru cei care doresc s\u0103 se retrag\u0103 \u00eentr-un col\u021b cald \u0219i lini\u0219tit \u0219i s\u0103 se bucure de un ritm mai lent sau s\u0103 \u00ee\u0219i petreac\u0103 pensia pe plaje frumoase \u0219i valuri calme. Alte motive majore pentru care unii decid s\u0103 fac\u0103 din acest paradis p\u0103m\u00e2ntesc casa lor sunt moneda stabil\u0103 \u0219i reglement\u0103rile neimpozabile privind veniturile, propriet\u0103\u021bile \u0219i mo\u0219tenirile.<\/p>\n\n\n\n<p>Fiind un stat foarte mic, op\u021biunile de transport maritim pentru mutarea \u00een Turks \u0219i Caicos sunt destul de limitate. Cu toate acestea, am f\u0103cut tot posibilul \u0219i am adunat c\u00e2teva pre\u021buri care sunt prezentate \u00een tabelele de mai jos.<\/p>\n\n\n\n<p>Cele mai mici Turks \u0219i Caicos <a href=\"https:\/\/moverdb.com\/ro\/container-shipping\/\" data-internallinksmanager029f6b8e52c=\"3\" title=\"Graficul ratelor de transport maritim interna\u021bional de containere: Aprilie 2026\">tarifele de transport maritim \u00een containere<\/a> costurile de afi\u0219are pentru containerele de transport maritim de 20 sau 40 de picioare.<\/p>\n\n\n\n<h2 class=\"wp-block-heading\">Costurile de transport al containerelor \u00een Turks \u0219i Caicos (Providenciales)<\/h2>\n\n\n<div class=\"wp-block-image\">\n<figure class=\"aligncenter size-large\"><img loading=\"lazy\" decoding=\"async\" width=\"1024\" height=\"539\" src=\"https:\/\/moverdb.com\/wp-content\/uploads\/Shipping-Container-Costs-to-Turks-and-Caicos-1024x539.png\" alt=\"Costurile de transport al containerelor \u00een Turks \u0219i Caicos (Providenciales)\" class=\"wp-image-5380\" srcset=\"https:\/\/moverdb.com\/wp-content\/uploads\/Shipping-Container-Costs-to-Turks-and-Caicos-1024x539.png 1024w, https:\/\/moverdb.com\/wp-content\/uploads\/Shipping-Container-Costs-to-Turks-and-Caicos-300x158.png 300w, https:\/\/moverdb.com\/wp-content\/uploads\/Shipping-Container-Costs-to-Turks-and-Caicos-1536x809.png 1536w, https:\/\/moverdb.com\/wp-content\/uploads\/Shipping-Container-Costs-to-Turks-and-Caicos-18x9.png 18w, https:\/\/moverdb.com\/wp-content\/uploads\/Shipping-Container-Costs-to-Turks-and-Caicos-600x316.png 600w, https:\/\/moverdb.com\/wp-content\/uploads\/Shipping-Container-Costs-to-Turks-and-Caicos.png 2000w\" sizes=\"auto, (max-width: 1024px) 100vw, 1024px\" \/><\/figure>\n<\/div>\n\n\n<table id=\"tablepress-226\" class=\"tablepress tablepress-id-226\">\n<thead>\n<tr class=\"row-1\">\n\t<th class=\"column-1\">\u021aara de destina\u021bie (<a href=\"https:\/\/moverdb.com\/ro\/top-49-container-ports\/\" data-internallinksmanager029f6b8e52c=\"80\" title=\"Top 49 cele mai mari \u0219i mai aglomerate porturi de containere \u00een 2026\">Port<\/a>\/ora\u0219)<\/th><th class=\"column-2\">20FT<\/th><th class=\"column-3\">40FT<\/th>\n<\/tr>\n<\/thead>\n<tbody class=\"row-striping row-hover\">\n<tr class=\"row-2\">\n\t<td class=\"column-1\"><a href=\"https:\/\/moverdb.com\/ro\/container-shipping\/andorra\/\" data-internallinksmanager029f6b8e52c=\"88\" title=\"2026 Taxe de transport maritim de m\u0103rfuri containerizate c\u0103tre \u0219i din Andorra\">Andorra (Andorra la Vella)<\/a><\/td><td class=\"column-2\">$1,450<\/td><td class=\"column-3\">$1,900<\/td>\n<\/tr>\n<tr class=\"row-3\">\n\t<td class=\"column-1\"><a href=\"https:\/\/moverdb.com\/ro\/container-shipping\/australia\/\" data-internallinksmanager029f6b8e52c=\"89\" title=\"2026 Tarife de transport maritim de containere c\u0103tre \u0219i din Australia\">Australia (Sydney)<\/a><\/td><td class=\"column-2\">N\/A<\/td><td class=\"column-3\">$12,406<\/td>\n<\/tr>\n<tr class=\"row-4\">\n\t<td class=\"column-1\"><a href=\"https:\/\/moverdb.com\/ro\/container-shipping\/austria\/\" data-internallinksmanager029f6b8e52c=\"95\" title=\"2026 Taxe de transport maritim de m\u0103rfuri containerizate c\u0103tre \u0219i din Austria\">Austria (Viena)<\/a><\/td><td class=\"column-2\">$6,640<\/td><td class=\"column-3\">$7,951<\/td>\n<\/tr>\n<tr class=\"row-5\">\n\t<td class=\"column-1\"><a href=\"https:\/\/moverdb.com\/ro\/container-shipping\/bahrain\/\" data-internallinksmanager029f6b8e52c=\"96\" title=\"2026 Taxe de expediere a containerelor de transport maritim de marf\u0103 c\u0103tre \u0219i din Bahrain\">Bahrain (Manama)<\/a><\/td><td class=\"column-2\">N\/A<\/td><td class=\"column-3\">$12,306<\/td>\n<\/tr>\n<tr class=\"row-6\">\n\t<td class=\"column-1\"><a href=\"https:\/\/moverdb.com\/ro\/container-shipping\/belize\/\" data-internallinksmanager029f6b8e52c=\"137\" title=\"2026 Transport maritim de marf\u0103 container Taxe de transport maritim c\u0103tre \u0219i din Belize\">Belize (Belize City)<\/a><\/td><td class=\"column-2\">$2,090<\/td><td class=\"column-3\">$2,809<\/td>\n<\/tr>\n<tr class=\"row-7\">\n\t<td class=\"column-1\"><a href=\"https:\/\/moverdb.com\/ro\/container-shipping\/brazil\/\" data-internallinksmanager029f6b8e52c=\"98\" title=\"2026 Transport maritim de marf\u0103 container Taxe de transport maritim c\u0103tre \u0219i din Brazilia\">Brazilia (Santos)<\/a><\/td><td class=\"column-2\">$2,090<\/td><td class=\"column-3\">$2,809<\/td>\n<\/tr>\n<tr class=\"row-8\">\n\t<td class=\"column-1\"><a href=\"https:\/\/moverdb.com\/ro\/container-shipping\/cambodia\/\" data-internallinksmanager029f6b8e52c=\"101\" title=\"2026 Transport maritim de marf\u0103 container Tarife de transport maritim c\u0103tre \u0219i din Cambodgia\">Cambodgia (Sihanoukville)<\/a><\/td><td class=\"column-2\">$7,606<\/td><td class=\"column-3\">$8,276<\/td>\n<\/tr>\n<tr class=\"row-9\">\n\t<td class=\"column-1\"><a href=\"https:\/\/moverdb.com\/ro\/container-shipping\/china\/\" data-internallinksmanager029f6b8e52c=\"105\" title=\"2026 Transport maritim de m\u0103rfuri container de transport maritim Tarife de expediere c\u0103tre \u0219i din China\">China (Beijing)<\/a><\/td><td class=\"column-2\">$6,757<\/td><td class=\"column-3\">$7,134<\/td>\n<\/tr>\n<tr class=\"row-10\">\n\t<td class=\"column-1\">China (Shanghai)<\/td><td class=\"column-2\">$6,696<\/td><td class=\"column-3\">$7,077<\/td>\n<\/tr>\n<tr class=\"row-11\">\n\t<td class=\"column-1\"><a href=\"https:\/\/moverdb.com\/ro\/moving-to-gibraltar\/\" data-internallinksmanager029f6b8e52c=\"431\" title=\"V\u0103 muta\u021bi \u00een Gibraltar? 2026 Costurile vie\u021bii \u0219i sfaturi de relocare\">Gibraltar<\/a><\/td><td class=\"column-2\">$4,178<\/td><td class=\"column-3\">$5,933<\/td>\n<\/tr>\n<tr class=\"row-12\">\n\t<td class=\"column-1\"><a href=\"https:\/\/moverdb.com\/ro\/container-shipping\/guernsey\/\" data-internallinksmanager029f6b8e52c=\"121\" title=\"2026 Taxe de expediere a containerelor de marf\u0103 maritim\u0103 c\u0103tre \u0219i din Guernsey\">Guernsey (St Peter Port)<\/a><\/td><td class=\"column-2\">$2,846<\/td><td class=\"column-3\">$2,953<\/td>\n<\/tr>\n<tr class=\"row-13\">\n\t<td class=\"column-1\"><a href=\"https:\/\/moverdb.com\/ro\/container-shipping\/hong-kong\/\" data-internallinksmanager029f6b8e52c=\"123\" title=\"2026 Taxe de expediere a containerelor de transport maritim de marf\u0103 c\u0103tre \u0219i din Hong Kong\">Hong Kong (Hong Kong)<\/a><\/td><td class=\"column-2\">$6,696<\/td><td class=\"column-3\">$7,077<\/td>\n<\/tr>\n<tr class=\"row-14\">\n\t<td class=\"column-1\"><a href=\"https:\/\/moverdb.com\/ro\/container-shipping\/indonesia\/\" data-internallinksmanager029f6b8e52c=\"126\" title=\"2026 Transport maritim de m\u0103rfuri container de transport Tarife de transport maritim c\u0103tre \u0219i din Indonezia\">Indonezia (Jakarta)<\/a><\/td><td class=\"column-2\">$7,295<\/td><td class=\"column-3\">$7,762<\/td>\n<\/tr>\n<tr class=\"row-15\">\n\t<td class=\"column-1\"><a href=\"https:\/\/moverdb.com\/ro\/moving-to-luxembourg\/\" data-internallinksmanager029f6b8e52c=\"349\" title=\"V\u0103 muta\u021bi \u00een Luxemburg? 2026 Costurile vie\u021bii \u0219i sfaturi de relocare\">Luxemburg<\/a><\/td><td class=\"column-2\">$3,940<\/td><td class=\"column-3\">$5,490<\/td>\n<\/tr>\n<tr class=\"row-16\">\n\t<td class=\"column-1\"><a href=\"https:\/\/moverdb.com\/ro\/container-shipping\/united-arab-emirates\/\" data-internallinksmanager029f6b8e52c=\"188\" title=\"2026 Tarife de transport maritim de containere c\u0103tre \u0219i din EAU\">EAU (Jebel Ali)<\/a><\/td><td class=\"column-2\">$6,276<\/td><td class=\"column-3\">$6,943<\/td>\n<\/tr>\n<tr class=\"row-17\">\n\t<td class=\"column-1\"><a href=\"https:\/\/moverdb.com\/ro\/moving-to-the-united-states\/\" data-internallinksmanager029f6b8e52c=\"94\" title=\"V\u0103 muta\u021bi \u00een Statele Unite? 2026 Costurile vie\u021bii \u0219i sfaturi de relocare\">SUA<\/a> (<a href=\"https:\/\/moverdb.com\/ro\/moving-to-los-angeles\/\" data-internallinksmanager029f6b8e52c=\"51\" title=\"V\u0103 muta\u021bi \u00een Los Angeles? 2026 Costuri de trai \u0219i sfaturi de relocare \u00een LA\">Los Angeles<\/a>)<\/td><td class=\"column-2\">$912<\/td><td class=\"column-3\">$1,309<\/td>\n<\/tr>\n<tr class=\"row-18\">\n\t<td class=\"column-1\"><a href=\"https:\/\/moverdb.com\/ro\/container-shipping\/united-states\/\" data-internallinksmanager029f6b8e52c=\"87\" title=\"2026 Taxe de expediere a containerelor de marf\u0103 maritim\u0103 c\u0103tre \u0219i din SUA\">SUA (New York)<\/a><\/td><td class=\"column-2\">$2,624<\/td><td class=\"column-3\">$1,937<\/td>\n<\/tr>\n<\/tbody>\n<\/table>\n\n\n\n\n<h2 class=\"wp-block-heading\">Costurile de transport al containerelor de transport maritim din Turks \u0219i Caicos (Providenciales)<\/h2>\n\n\n<div class=\"wp-block-image\">\n<figure class=\"aligncenter size-large\"><img loading=\"lazy\" decoding=\"async\" width=\"1024\" height=\"539\" src=\"https:\/\/moverdb.com\/wp-content\/uploads\/Shipping-Container-Costs-from-Turks-and-Caicos-1024x539.png\" alt=\"Costurile de transport al containerelor de transport maritim din Turks \u0219i Caicos (Providenciales)\" class=\"wp-image-5378\" srcset=\"https:\/\/moverdb.com\/wp-content\/uploads\/Shipping-Container-Costs-from-Turks-and-Caicos-1024x539.png 1024w, https:\/\/moverdb.com\/wp-content\/uploads\/Shipping-Container-Costs-from-Turks-and-Caicos-300x158.png 300w, https:\/\/moverdb.com\/wp-content\/uploads\/Shipping-Container-Costs-from-Turks-and-Caicos-1536x809.png 1536w, https:\/\/moverdb.com\/wp-content\/uploads\/Shipping-Container-Costs-from-Turks-and-Caicos-18x9.png 18w, https:\/\/moverdb.com\/wp-content\/uploads\/Shipping-Container-Costs-from-Turks-and-Caicos-600x316.png 600w, https:\/\/moverdb.com\/wp-content\/uploads\/Shipping-Container-Costs-from-Turks-and-Caicos.png 2000w\" sizes=\"auto, (max-width: 1024px) 100vw, 1024px\" \/><\/figure>\n<\/div>\n\n\n<table id=\"tablepress-224\" class=\"tablepress tablepress-id-224\">\n<thead>\n<tr class=\"row-1\">\n\t<th class=\"column-1\">\u021aara de destina\u021bie (port\/ora\u0219)<\/th><th class=\"column-2\">20FT<\/th><th class=\"column-3\">40FT<\/th>\n<\/tr>\n<\/thead>\n<tbody class=\"row-striping row-hover\">\n<tr class=\"row-2\">\n\t<td class=\"column-1\">Andorra (Andorra la Vella)<\/td><td class=\"column-2\">N\/A<\/td><td class=\"column-3\">$355<\/td>\n<\/tr>\n<tr class=\"row-3\">\n\t<td class=\"column-1\"><a href=\"https:\/\/moverdb.com\/ro\/container-shipping\/antigua-and-barbuda\/\" data-internallinksmanager029f6b8e52c=\"92\" title=\"2026 Transport maritim de m\u0103rfuri containerizate Tarife de transport maritim c\u0103tre \u0219i din Antigua \u0219i Barbuda\">Antigua \u0219i Barbuda (St John's)<\/a><\/td><td class=\"column-2\">$600<\/td><td class=\"column-3\">$801<\/td>\n<\/tr>\n<tr class=\"row-4\">\n\t<td class=\"column-1\">Australia (Sydney)<\/td><td class=\"column-2\">$2,845<\/td><td class=\"column-3\">N\/A<\/td>\n<\/tr>\n<tr class=\"row-5\">\n\t<td class=\"column-1\">Brazilia (Santos)<\/td><td class=\"column-2\">$873<\/td><td class=\"column-3\">$1,312<\/td>\n<\/tr>\n<tr class=\"row-6\">\n\t<td class=\"column-1\"><a href=\"https:\/\/moverdb.com\/ro\/container-shipping\/canada\/\" data-internallinksmanager029f6b8e52c=\"102\" title=\"2026 Transport maritim de marf\u0103 container Tarife de transport maritim c\u0103tre \u0219i din Canada\">Canada (Toronto)<\/a><\/td><td class=\"column-2\">$1,078<\/td><td class=\"column-3\">$2,422<\/td>\n<\/tr>\n<tr class=\"row-7\">\n\t<td class=\"column-1\">China (Shanghai)<\/td><td class=\"column-2\">$2,415<\/td><td class=\"column-3\">$3,105<\/td>\n<\/tr>\n<tr class=\"row-8\">\n\t<td class=\"column-1\"><a href=\"https:\/\/moverdb.com\/ro\/container-shipping\/pakistan\/\" data-internallinksmanager029f6b8e52c=\"155\" title=\"2026 Transport maritim de m\u0103rfuri container de transport maritim Tarife de expediere c\u0103tre \u0219i din Pakistan\">Pakistan (Karachi)<\/a><\/td><td class=\"column-2\">$4,507<\/td><td class=\"column-3\">$4,830<\/td>\n<\/tr>\n<tr class=\"row-9\">\n\t<td class=\"column-1\"><a href=\"https:\/\/moverdb.com\/ro\/container-shipping\/saudi-arabia\/\" data-internallinksmanager029f6b8e52c=\"178\" title=\"2026 Transport maritim de marf\u0103 container Tarife de transport maritim c\u0103tre \u0219i din Arabia Saudit\u0103\">Arabia Saudit\u0103 (Jeddah)<\/a><\/td><td class=\"column-2\">$7,212<\/td><td class=\"column-3\">$9,776<\/td>\n<\/tr>\n<tr class=\"row-10\">\n\t<td class=\"column-1\"><a href=\"https:\/\/moverdb.com\/ro\/container-shipping\/spain\/\" data-internallinksmanager029f6b8e52c=\"182\" title=\"2026 Taxe de expediere a containerelor de transport maritim de marf\u0103 c\u0103tre \u0219i din Spania\">Spania (Valencia)<\/a><\/td><td class=\"column-2\">$2,983<\/td><td class=\"column-3\">$3,099<\/td>\n<\/tr>\n<tr class=\"row-11\">\n\t<td class=\"column-1\">SUA (New York)<\/td><td class=\"column-2\">$1,297<\/td><td class=\"column-3\">$1,383<\/td>\n<\/tr>\n<tr class=\"row-12\">\n\t<td class=\"column-1\"><a href=\"https:\/\/moverdb.com\/ro\/container-shipping\/vietnam\/\" data-internallinksmanager029f6b8e52c=\"245\" title=\"2026 Tarife de transport maritim de m\u0103rfuri containerizate c\u0103tre \u0219i din Vietnam\">Vietnam (Saigon)<\/a><\/td><td class=\"column-2\">$3,804<\/td><td class=\"column-3\">$3,670<\/td>\n<\/tr>\n<\/tbody>\n<\/table>\n\n\n\n\n<h3 class=\"wp-block-heading\">Note privind datele:<\/h3>\n\n\n\n<ul class=\"wp-block-list\">\n<li>Toate cifrele $ sunt exprimate \u00een dolari americani (USD);<\/li>\n\n\n\n<li>Tarifele sunt exacte de la \u00eenceputul anului 2022;<\/li>\n\n\n\n<li>H\u0103r\u021bile din acest articol au fost create folosind <a href=\"https:\/\/www.mapchart.net\" target=\"_blank\" rel=\"noreferrer noopener\">https:\/\/www.mapchart.net<\/a>. Sunte\u021bi liberi s\u0103 distribui\u021bi h\u0103r\u021bile, at\u00e2ta timp c\u00e2t furniza\u021bi un link de atribuire c\u0103tre <a href=\"https:\/\/moverdb.com\/ro\/\" target=\"_blank\" rel=\"noreferrer noopener\">MoverDB<\/a>;<\/li>\n\n\n\n<li>Tarifele de mai sus sunt doar estimative \u0219i se pot modifica de la data public\u0103rii acestui articol (aprilie 2022). Acestea se bazeaz\u0103 pe cea mai mic\u0103 rat\u0103 estimat\u0103 fie de la <a href=\"https:\/\/www.searates.com\" target=\"_blank\" rel=\"noreferrer noopener\">https:\/\/www.searates.com<\/a> sau <a href=\"https:\/\/www.gocomet.com\/freight-shipping-rates-index-calculator\" target=\"_blank\" rel=\"noreferrer noopener\">https:\/\/www.gocomet.com<\/a>;<\/li>\n\n\n\n<li>Pentru a ob\u021bine o idee mai exact\u0103 a costului pentru dumneavoastr\u0103, v\u0103 rug\u0103m s\u0103 utiliza\u021bi formularul de ofert\u0103 din partea de sus a acestei pagini;<\/li>\n\n\n\n<li>V\u0103 rug\u0103m s\u0103 consulta\u021bi \u0219i ghidul nostru pentru <a href=\"https:\/\/moverdb.com\/ro\/transport-maritim-de-containere\/\" target=\"_blank\" rel=\"noreferrer noopener\">transportul maritim interna\u021bional de containere<\/a>.<\/li>\n<\/ul>","protected":false},"excerpt":{"rendered":"<p>Turks and Caicos is yet another British island territory in the Caribbean. This archipelago is populated on 8 main islands, but in fact, it consists of over 40 islands. For expats, Turks and Caicos is mainly attractive to those who want to retreat to a warm, quiet corner and enjoy a slower pace or spend [&hellip;]<\/p>\n","protected":false},"author":2,"featured_media":5383,"parent":44,"menu_order":0,"comment_status":"closed","ping_status":"closed","template":"","meta":{"_genesis_hide_title":false,"_genesis_hide_breadcrumbs":false,"_genesis_hide_singular_image":false,"_genesis_hide_footer_widgets":false,"_genesis_custom_body_class":"","_genesis_custom_post_class":"","_genesis_layout":"","footnotes":""},"class_list":{"0":"post-5392","1":"page","2":"type-page","3":"status-publish","4":"has-post-thumbnail","6":"entry"},"_links":{"self":[{"href":"https:\/\/moverdb.com\/ro\/wp-json\/wp\/v2\/pages\/5392","targetHints":{"allow":["GET"]}}],"collection":[{"href":"https:\/\/moverdb.com\/ro\/wp-json\/wp\/v2\/pages"}],"about":[{"href":"https:\/\/moverdb.com\/ro\/wp-json\/wp\/v2\/types\/page"}],"author":[{"embeddable":true,"href":"https:\/\/moverdb.com\/ro\/wp-json\/wp\/v2\/users\/2"}],"replies":[{"embeddable":true,"href":"https:\/\/moverdb.com\/ro\/wp-json\/wp\/v2\/comments?post=5392"}],"version-history":[{"count":1,"href":"https:\/\/moverdb.com\/ro\/wp-json\/wp\/v2\/pages\/5392\/revisions"}],"predecessor-version":[{"id":5394,"href":"https:\/\/moverdb.com\/ro\/wp-json\/wp\/v2\/pages\/5392\/revisions\/5394"}],"up":[{"embeddable":true,"href":"https:\/\/moverdb.com\/ro\/wp-json\/wp\/v2\/pages\/44"}],"wp:featuredmedia":[{"embeddable":true,"href":"https:\/\/moverdb.com\/ro\/wp-json\/wp\/v2\/media\/5383"}],"wp:attachment":[{"href":"https:\/\/moverdb.com\/ro\/wp-json\/wp\/v2\/media?parent=5392"}],"curies":[{"name":"wp","href":"https:\/\/api.w.org\/{rel}","templated":true}]}}