{"id":5275,"date":"2022-10-26T22:09:36","date_gmt":"2022-10-26T22:09:36","guid":{"rendered":"https:\/\/moverdb.com\/?page_id=5275"},"modified":"2026-01-08T13:20:42","modified_gmt":"2026-01-08T13:20:42","slug":"sint-maarten","status":"publish","type":"page","link":"https:\/\/moverdb.com\/ro\/container-shipping\/sint-maarten\/","title":{"rendered":"2026 Taxe de expediere a containerelor de marf\u0103 maritim\u0103 c\u0103tre \u0219i din Sint Maarten"},"content":{"rendered":"<div class=\"wp-block-image\">\n<figure class=\"aligncenter size-full\"><img loading=\"lazy\" decoding=\"async\" width=\"1000\" height=\"667\" src=\"https:\/\/moverdb.com\/wp-content\/uploads\/sint-maarten.jpg\" alt=\"O strad\u0103 cu palmieri \u00een Sint Maarten\" class=\"wp-image-5064\" srcset=\"https:\/\/moverdb.com\/wp-content\/uploads\/sint-maarten.jpg 1000w, https:\/\/moverdb.com\/wp-content\/uploads\/sint-maarten-300x200.jpg 300w, https:\/\/moverdb.com\/wp-content\/uploads\/sint-maarten-18x12.jpg 18w, https:\/\/moverdb.com\/wp-content\/uploads\/sint-maarten-600x400.jpg 600w\" sizes=\"auto, (max-width: 1000px) 100vw, 1000px\" \/><\/figure>\n<\/div>\n\n\n<p><strong><a href=\"https:\/\/moverdb.com\/ro\/moving-to-sint-maarten-saint-martin\/\" data-internallinksmanager029f6b8e52c=\"389\" title=\"V\u0103 muta\u021bi \u00een Sint Maarten\/Saint Martin? Costurile vie\u021bii \u00een 2023\">Sint Maarten<\/a><\/strong> este una dintre cele mai prospere \u021b\u0103ri insulare din Caraibe. Fiind colonizat\u0103 de olandezi, aceast\u0103 mic\u0103 na\u021biune serve\u0219te drept una dintre guvern\u0103rile sale \u0219i este bine dotat\u0103 pentru a g\u0103zdui orice str\u0103in care dore\u0219te s\u0103 se mute acolo.<\/p>\n\n\n\n<p>Acest mini-stat este pentru to\u021bi cei care \u00ee\u0219i doresc o via\u021b\u0103 mai lini\u0219tit\u0103 \u00eentr-un loc unde verile nu se termin\u0103 niciodat\u0103. Chiar dac\u0103 \u021bara este o colonie olandez\u0103, engleza este vorbit\u0103 practic de fiecare locuitor. Pensionarii care locuiesc acolo se pot bucura de plajele sale frumoase, de via\u021ba de noapte vibrant\u0103 \u0219i de economia stabil\u0103, f\u0103r\u0103 a se \u00eengrijora de ceea ce se \u00eent\u00e2mpl\u0103 \u00een restul lumii.<\/p>\n\n\n\n<p>A\u0219adar, mutarea \u00een Sint Maarten este destul de u\u0219oar\u0103, chiar dac\u0103 transportul maritim nu este cea mai bun\u0103 op\u021biune. Exist\u0103 doar c\u00e2teva \u021b\u0103ri din lume care expediaz\u0103 c\u0103tre aceast\u0103 insul\u0103 \u0219i chiar mai pu\u021bine care primesc transporturi de acolo.<\/p>\n\n\n\n<p>Am inclus toate cele mai mici Sint Maarten <a href=\"https:\/\/moverdb.com\/ro\/container-shipping\/\" data-internallinksmanager029f6b8e52c=\"3\" title=\"Graficul ratelor de transport maritim interna\u021bional de containere: Aprilie 2026\">tarifele de transport maritim \u00een containere<\/a> am putut descoperi \u00een tabelele de mai jos. Pute\u021bi \u00eencerca, de asemenea, instrumentul nostru de estimare pentru a vedea dac\u0103 ave\u021bi mai mult noroc pentru o ofert\u0103 personalizat\u0103.<\/p>\n\n\n\n<h2 class=\"wp-block-heading\">Costurile de transport maritim container la Sint Maarten (Philipsburg)<\/h2>\n\n\n<div class=\"wp-block-image\">\n<figure class=\"aligncenter size-large\"><img loading=\"lazy\" decoding=\"async\" width=\"1024\" height=\"539\" src=\"https:\/\/moverdb.com\/wp-content\/uploads\/Shipping-Container-Costs-to-Sint-Maarten-1024x539.png\" alt=\"Costurile de transport maritim container la Sint Maarten (Philipsburg)\" class=\"wp-image-5060\" srcset=\"https:\/\/moverdb.com\/wp-content\/uploads\/Shipping-Container-Costs-to-Sint-Maarten-1024x539.png 1024w, https:\/\/moverdb.com\/wp-content\/uploads\/Shipping-Container-Costs-to-Sint-Maarten-300x158.png 300w, https:\/\/moverdb.com\/wp-content\/uploads\/Shipping-Container-Costs-to-Sint-Maarten-1536x809.png 1536w, https:\/\/moverdb.com\/wp-content\/uploads\/Shipping-Container-Costs-to-Sint-Maarten-18x9.png 18w, https:\/\/moverdb.com\/wp-content\/uploads\/Shipping-Container-Costs-to-Sint-Maarten-600x316.png 600w, https:\/\/moverdb.com\/wp-content\/uploads\/Shipping-Container-Costs-to-Sint-Maarten.png 2000w\" sizes=\"auto, (max-width: 1024px) 100vw, 1024px\" \/><\/figure>\n<\/div>\n\n\n<table id=\"tablepress-199\" class=\"tablepress tablepress-id-199\">\n<thead>\n<tr class=\"row-1\">\n\t<th class=\"column-1\">\u021aara de destina\u021bie (<a href=\"https:\/\/moverdb.com\/ro\/top-49-container-ports\/\" data-internallinksmanager029f6b8e52c=\"80\" title=\"Top 49 cele mai mari \u0219i mai aglomerate porturi de containere \u00een 2026\">Port<\/a>\/ora\u0219)<\/th><th class=\"column-2\">20FT<\/th><th class=\"column-3\">40FT<\/th>\n<\/tr>\n<\/thead>\n<tbody class=\"row-striping row-hover\">\n<tr class=\"row-2\">\n\t<td class=\"column-1\"><a href=\"https:\/\/moverdb.com\/ro\/container-shipping\/andorra\/\" data-internallinksmanager029f6b8e52c=\"88\" title=\"2026 Taxe de transport maritim de m\u0103rfuri containerizate c\u0103tre \u0219i din Andorra\">Andorra (Andorra la Vella)<\/a><\/td><td class=\"column-2\">$1,868<\/td><td class=\"column-3\">$3,171<\/td>\n<\/tr>\n<tr class=\"row-3\">\n\t<td class=\"column-1\"><a href=\"https:\/\/moverdb.com\/ro\/container-shipping\/australia\/\" data-internallinksmanager029f6b8e52c=\"89\" title=\"2026 Tarife de transport maritim de containere c\u0103tre \u0219i din Australia\">Australia (Sydney)<\/a><\/td><td class=\"column-2\">N\/A<\/td><td class=\"column-3\">$12,406<\/td>\n<\/tr>\n<tr class=\"row-4\">\n\t<td class=\"column-1\"><a href=\"https:\/\/moverdb.com\/ro\/container-shipping\/austria\/\" data-internallinksmanager029f6b8e52c=\"95\" title=\"2026 Taxe de transport maritim de m\u0103rfuri containerizate c\u0103tre \u0219i din Austria\">Austria (Viena)<\/a><\/td><td class=\"column-2\">N\/A<\/td><td class=\"column-3\">$3,739<\/td>\n<\/tr>\n<tr class=\"row-5\">\n\t<td class=\"column-1\"><a href=\"https:\/\/moverdb.com\/ro\/container-shipping\/bahrain\/\" data-internallinksmanager029f6b8e52c=\"96\" title=\"2026 Taxe de expediere a containerelor de transport maritim de marf\u0103 c\u0103tre \u0219i din Bahrain\">Bahrain (Manama)<\/a><\/td><td class=\"column-2\">N\/A<\/td><td class=\"column-3\">$12,306<\/td>\n<\/tr>\n<tr class=\"row-6\">\n\t<td class=\"column-1\"><a href=\"https:\/\/moverdb.com\/ro\/container-shipping\/brazil\/\" data-internallinksmanager029f6b8e52c=\"98\" title=\"2026 Transport maritim de marf\u0103 container Taxe de transport maritim c\u0103tre \u0219i din Brazilia\">Brazilia (Santos)<\/a><\/td><td class=\"column-2\">$8,780<\/td><td class=\"column-3\">$9,731<\/td>\n<\/tr>\n<tr class=\"row-7\">\n\t<td class=\"column-1\"><a href=\"https:\/\/moverdb.com\/ro\/container-shipping\/cambodia\/\" data-internallinksmanager029f6b8e52c=\"101\" title=\"2026 Transport maritim de marf\u0103 container Tarife de transport maritim c\u0103tre \u0219i din Cambodgia\">Cambodgia (Sihanoukville)<\/a><\/td><td class=\"column-2\">$7,606<\/td><td class=\"column-3\">$8,618<\/td>\n<\/tr>\n<tr class=\"row-8\">\n\t<td class=\"column-1\"><a href=\"https:\/\/moverdb.com\/ro\/container-shipping\/china\/\" data-internallinksmanager029f6b8e52c=\"105\" title=\"2026 Transport maritim de m\u0103rfuri container de transport maritim Tarife de expediere c\u0103tre \u0219i din China\">China (Beijing)<\/a><\/td><td class=\"column-2\">$6,757<\/td><td class=\"column-3\">$7,134<\/td>\n<\/tr>\n<tr class=\"row-9\">\n\t<td class=\"column-1\">China (Shanghai)<\/td><td class=\"column-2\">$6,408<\/td><td class=\"column-3\">$7,077<\/td>\n<\/tr>\n<tr class=\"row-10\">\n\t<td class=\"column-1\"><a href=\"https:\/\/moverdb.com\/ro\/container-shipping\/greece\/\" data-internallinksmanager029f6b8e52c=\"120\" title=\"2026 Transport maritim de marf\u0103 container Tarife de transport maritim c\u0103tre \u0219i din Grecia\">Grecia (Piraeus)<\/a><\/td><td class=\"column-2\">$3,966<\/td><td class=\"column-3\">$5,523<\/td>\n<\/tr>\n<tr class=\"row-11\">\n\t<td class=\"column-1\"><a href=\"https:\/\/moverdb.com\/ro\/container-shipping\/hong-kong\/\" data-internallinksmanager029f6b8e52c=\"123\" title=\"2026 Taxe de expediere a containerelor de transport maritim de marf\u0103 c\u0103tre \u0219i din Hong Kong\">Hong Kong (Hong Kong)<\/a><\/td><td class=\"column-2\">$6,696<\/td><td class=\"column-3\">$7,077<\/td>\n<\/tr>\n<tr class=\"row-12\">\n\t<td class=\"column-1\"><a href=\"https:\/\/moverdb.com\/ro\/container-shipping\/india\/\" data-internallinksmanager029f6b8e52c=\"125\" title=\"2026 Transport maritim de m\u0103rfuri container de transport maritim Tarife de expediere c\u0103tre \u0219i din India\">India (Mumbai)<\/a><\/td><td class=\"column-2\">$16,500<\/td><td class=\"column-3\">$15,960<\/td>\n<\/tr>\n<tr class=\"row-13\">\n\t<td class=\"column-1\"><a href=\"https:\/\/moverdb.com\/ro\/container-shipping\/indonesia\/\" data-internallinksmanager029f6b8e52c=\"126\" title=\"2026 Transport maritim de m\u0103rfuri container de transport Tarife de transport maritim c\u0103tre \u0219i din Indonezia\">Indonezia (Jakarta)<\/a><\/td><td class=\"column-2\">$7,295<\/td><td class=\"column-3\">$7,762<\/td>\n<\/tr>\n<tr class=\"row-14\">\n\t<td class=\"column-1\"><a href=\"https:\/\/moverdb.com\/ro\/moving-to-luxembourg\/\" data-internallinksmanager029f6b8e52c=\"349\" title=\"V\u0103 muta\u021bi \u00een Luxemburg? 2026 Costurile vie\u021bii \u0219i sfaturi de relocare\">Luxemburg<\/a><\/td><td class=\"column-2\">$2,963<\/td><td class=\"column-3\">$4,610<\/td>\n<\/tr>\n<tr class=\"row-15\">\n\t<td class=\"column-1\"><a href=\"https:\/\/moverdb.com\/ro\/moving-to-the-united-states\/\" data-internallinksmanager029f6b8e52c=\"94\" title=\"V\u0103 muta\u021bi \u00een Statele Unite? 2026 Costurile vie\u021bii \u0219i sfaturi de relocare\">SUA<\/a> (<a href=\"https:\/\/moverdb.com\/ro\/moving-to-los-angeles\/\" data-internallinksmanager029f6b8e52c=\"51\" title=\"V\u0103 muta\u021bi \u00een Los Angeles? 2026 Costuri de trai \u0219i sfaturi de relocare \u00een LA\">Los Angeles<\/a>)<\/td><td class=\"column-2\">$912<\/td><td class=\"column-3\">$1,309<\/td>\n<\/tr>\n<tr class=\"row-16\">\n\t<td class=\"column-1\"><a href=\"https:\/\/moverdb.com\/ro\/container-shipping\/united-states\/\" data-internallinksmanager029f6b8e52c=\"87\" title=\"2026 Taxe de expediere a containerelor de marf\u0103 maritim\u0103 c\u0103tre \u0219i din SUA\">SUA (New York)<\/a><\/td><td class=\"column-2\">$2,624<\/td><td class=\"column-3\">$1,937<\/td>\n<\/tr>\n<\/tbody>\n<\/table>\n<!-- #tablepress-199 from cache -->\n\n\n\n<h2 class=\"wp-block-heading\">Costurile de transport maritim container din Sint Maarten (Philipsburg)<\/h2>\n\n\n<div class=\"wp-block-image\">\n<figure class=\"aligncenter size-large\"><img loading=\"lazy\" decoding=\"async\" width=\"1024\" height=\"539\" src=\"https:\/\/moverdb.com\/wp-content\/uploads\/Shipping-Container-Costs-from-Sint-Maarten-1024x539.png\" alt=\"Costurile de transport maritim container din Sint Maarten (Philipsburg)\" class=\"wp-image-5062\" srcset=\"https:\/\/moverdb.com\/wp-content\/uploads\/Shipping-Container-Costs-from-Sint-Maarten-1024x539.png 1024w, https:\/\/moverdb.com\/wp-content\/uploads\/Shipping-Container-Costs-from-Sint-Maarten-300x158.png 300w, https:\/\/moverdb.com\/wp-content\/uploads\/Shipping-Container-Costs-from-Sint-Maarten-1536x809.png 1536w, https:\/\/moverdb.com\/wp-content\/uploads\/Shipping-Container-Costs-from-Sint-Maarten-18x9.png 18w, https:\/\/moverdb.com\/wp-content\/uploads\/Shipping-Container-Costs-from-Sint-Maarten-600x316.png 600w, https:\/\/moverdb.com\/wp-content\/uploads\/Shipping-Container-Costs-from-Sint-Maarten.png 2000w\" sizes=\"auto, (max-width: 1024px) 100vw, 1024px\" \/><\/figure>\n<\/div>\n\n\n<table id=\"tablepress-200\" class=\"tablepress tablepress-id-200\">\n<thead>\n<tr class=\"row-1\">\n\t<th class=\"column-1\">\u021aara de destina\u021bie (port\/ora\u0219)<\/th><th class=\"column-2\">20FT<\/th><th class=\"column-3\">40FT<\/th>\n<\/tr>\n<\/thead>\n<tbody class=\"row-striping row-hover\">\n<tr class=\"row-2\">\n\t<td class=\"column-1\">Andorra (Andorra la Vella)<\/td><td class=\"column-2\">$346<\/td><td class=\"column-3\">$355<\/td>\n<\/tr>\n<tr class=\"row-3\">\n\t<td class=\"column-1\"><a href=\"https:\/\/moverdb.com\/ro\/container-shipping\/antigua-and-barbuda\/\" data-internallinksmanager029f6b8e52c=\"92\" title=\"2026 Transport maritim de m\u0103rfuri containerizate Tarife de transport maritim c\u0103tre \u0219i din Antigua \u0219i Barbuda\">Antigua \u0219i Barbuda (St John's)<\/a><\/td><td class=\"column-2\">$875<\/td><td class=\"column-3\">$1,076<\/td>\n<\/tr>\n<tr class=\"row-4\">\n\t<td class=\"column-1\">Australia (Sydney)<\/td><td class=\"column-2\">N\/A<\/td><td class=\"column-3\">$2,845<\/td>\n<\/tr>\n<tr class=\"row-5\">\n\t<td class=\"column-1\"><a href=\"https:\/\/moverdb.com\/ro\/container-shipping\/germany\/\" data-internallinksmanager029f6b8e52c=\"118\" title=\"2026 Taxe de expediere a containerelor de transport maritim de marf\u0103 c\u0103tre \u0219i din Germania\">Germania (Hamburg)<\/a><\/td><td class=\"column-2\">$1,941<\/td><td class=\"column-3\">$2,964<\/td>\n<\/tr>\n<tr class=\"row-6\">\n\t<td class=\"column-1\">SUA (New York)<\/td><td class=\"column-2\">$1,022<\/td><td class=\"column-3\">$1,108<\/td>\n<\/tr>\n<\/tbody>\n<\/table>\n<!-- #tablepress-200 from cache -->\n\n\n\n<h3 class=\"wp-block-heading\">Note privind datele:<\/h3>\n\n\n\n<ul class=\"wp-block-list\"><li>Toate cifrele $ sunt exprimate \u00een dolari americani (USD);<\/li><li>Tarifele sunt exacte de la \u00eenceputul anului 2022;<\/li><li>H\u0103r\u021bile din acest articol au fost create folosind <a href=\"https:\/\/www.mapchart.net\" target=\"_blank\" rel=\"noreferrer noopener\">https:\/\/www.mapchart.net<\/a>. Sunte\u021bi liberi s\u0103 distribui\u021bi h\u0103r\u021bile, at\u00e2ta timp c\u00e2t furniza\u021bi un link de atribuire c\u0103tre <a href=\"https:\/\/moverdb.com\/ro\/\">Mo<\/a><a href=\"https:\/\/moverdb.com\/ro\/\" target=\"_blank\" rel=\"noreferrer noopener\">v<\/a><a href=\"https:\/\/moverdb.com\/ro\/\">erDB<\/a>;<\/li><li>Tarifele de mai sus sunt doar estimative \u0219i se pot modifica de la data public\u0103rii acestui articol (aprilie 2022). Acestea se bazeaz\u0103 pe cea mai mic\u0103 rat\u0103 estimat\u0103 fie de la <a href=\"https:\/\/www.searates.com\" target=\"_blank\" rel=\"noreferrer noopener\">https:\/\/www.searates.com<\/a> sau <a href=\"https:\/\/www.gocomet.com\/freight-shipping-rates-index-calculator\" target=\"_blank\" rel=\"noreferrer noopener\">https:\/\/www.gocomet.com<\/a>;<\/li><li>Pentru a ob\u021bine o idee mai exact\u0103 a costului pentru dumneavoastr\u0103, v\u0103 rug\u0103m s\u0103 utiliza\u021bi formularul de ofert\u0103 din partea de sus a acestei pagini;<\/li><li>V\u0103 rug\u0103m s\u0103 consulta\u021bi \u0219i ghidul nostru pentru <a href=\"https:\/\/moverdb.com\/ro\/transport-maritim-de-containere\/\" target=\"_blank\" rel=\"noreferrer noopener\">transportul maritim interna\u021bional de containere<\/a>.<\/li><\/ul>","protected":false},"excerpt":{"rendered":"<p>Sint Maarten is one of the most prosperous island countries in the Caribbean. Being colonized by the Dutch, this tiny nation serves as one of its governorships and is well-advanced to accommodate any foreigner who wishes to move there. The mini-state is for everyone who desires a quieter life in a place where summers never [&hellip;]<\/p>\n","protected":false},"author":2,"featured_media":5064,"parent":44,"menu_order":0,"comment_status":"closed","ping_status":"closed","template":"","meta":{"_genesis_hide_title":false,"_genesis_hide_breadcrumbs":false,"_genesis_hide_singular_image":false,"_genesis_hide_footer_widgets":false,"_genesis_custom_body_class":"","_genesis_custom_post_class":"","_genesis_layout":"","footnotes":""},"class_list":{"0":"post-5275","1":"page","2":"type-page","3":"status-publish","4":"has-post-thumbnail","6":"entry"},"_links":{"self":[{"href":"https:\/\/moverdb.com\/ro\/wp-json\/wp\/v2\/pages\/5275","targetHints":{"allow":["GET"]}}],"collection":[{"href":"https:\/\/moverdb.com\/ro\/wp-json\/wp\/v2\/pages"}],"about":[{"href":"https:\/\/moverdb.com\/ro\/wp-json\/wp\/v2\/types\/page"}],"author":[{"embeddable":true,"href":"https:\/\/moverdb.com\/ro\/wp-json\/wp\/v2\/users\/2"}],"replies":[{"embeddable":true,"href":"https:\/\/moverdb.com\/ro\/wp-json\/wp\/v2\/comments?post=5275"}],"version-history":[{"count":3,"href":"https:\/\/moverdb.com\/ro\/wp-json\/wp\/v2\/pages\/5275\/revisions"}],"predecessor-version":[{"id":5294,"href":"https:\/\/moverdb.com\/ro\/wp-json\/wp\/v2\/pages\/5275\/revisions\/5294"}],"up":[{"embeddable":true,"href":"https:\/\/moverdb.com\/ro\/wp-json\/wp\/v2\/pages\/44"}],"wp:featuredmedia":[{"embeddable":true,"href":"https:\/\/moverdb.com\/ro\/wp-json\/wp\/v2\/media\/5064"}],"wp:attachment":[{"href":"https:\/\/moverdb.com\/ro\/wp-json\/wp\/v2\/media?parent=5275"}],"curies":[{"name":"wp","href":"https:\/\/api.w.org\/{rel}","templated":true}]}}