{"id":5242,"date":"2022-10-24T11:48:27","date_gmt":"2022-10-24T11:48:27","guid":{"rendered":"https:\/\/moverdb.com\/?page_id=5242"},"modified":"2026-01-08T15:29:48","modified_gmt":"2026-01-08T15:29:48","slug":"botswana","status":"publish","type":"page","link":"https:\/\/moverdb.com\/ro\/moving-companies\/botswana-moving-companies\/","title":{"rendered":"Cele mai bune companii de mutare interna\u021bional\u0103 \u00een Botswana"},"content":{"rendered":"<p>Pl\u0103nui\u021bi o mutare \u00een Botswana, sau spre sau dinspre Botswana? Fie c\u0103 v\u0103 muta\u021bi locuin\u021ba sau afacerea, angajarea serviciilor unei firme de <a href=\"https:\/\/moverdb.com\/ro\/moving-companies\/\" data-internallinksmanager029f6b8e52c=\"79\" title=\"Top 25 Companii interna\u021bionale de mutare online\">companie \u00een mi\u0219care<\/a> poate contribui la u\u0219urarea sarcinii. Pentru a v\u0103 ajuta, am compilat o list\u0103 de Botswana <a href=\"https:\/\/moverdb.com\/ro\/international-removals\/\" data-internallinksmanager029f6b8e52c=\"27\" title=\"36 Cele mai bune companii de mut\u0103ri interna\u021bionale din Marea Britanie\">companii de mutare<\/a> de mai jos care sunt membri ai <a href=\"https:\/\/moverdb.com\/ro\/iam\/\" data-internallinksmanager029f6b8e52c=\"23\" title=\"Explica\u021bii despre Asocia\u021bia Interna\u021bional\u0103 a Transportatorilor (IAM)\">Asocia\u021bia Interna\u021bional\u0103 a Transportatorilor<\/a> (IAM) \u0219i\/sau <a href=\"https:\/\/moverdb.com\/ro\/fidi-faim\/\" data-internallinksmanager029f6b8e52c=\"16\" title=\"FIDI &amp; FAIM (FIDI Accredited International Mover) Explicat\">FIDI<\/a> Transportator interna\u021bional acreditat (FAIM).<\/p>\n<h2><strong>AGS Worldwide Movers<\/strong><\/h2>\n<p><em><img loading=\"lazy\" decoding=\"async\" class=\"alignnone size-full wp-image-5137\" src=\"https:\/\/moverdb.com\/wp-content\/uploads\/AGS-Wroldwide-Movers-international-moving-company.png\" alt=\"AGS Wroldwide Movers companie de mutare interna\u021bional\u0103\" width=\"1440\" height=\"680\" data-wp-pid=\"5137\" srcset=\"https:\/\/moverdb.com\/wp-content\/uploads\/AGS-Wroldwide-Movers-international-moving-company.png 1440w, https:\/\/moverdb.com\/wp-content\/uploads\/AGS-Wroldwide-Movers-international-moving-company-300x142.png 300w, https:\/\/moverdb.com\/wp-content\/uploads\/AGS-Wroldwide-Movers-international-moving-company-1024x484.png 1024w, https:\/\/moverdb.com\/wp-content\/uploads\/AGS-Wroldwide-Movers-international-moving-company-18x9.png 18w, https:\/\/moverdb.com\/wp-content\/uploads\/AGS-Wroldwide-Movers-international-moving-company-600x283.png 600w\" sizes=\"auto, (max-width: 1440px) 100vw, 1440px\" \/><\/em><\/p>\n<ul>\n<li>Mut\u0103ri locale \u0219i na\u021bionale<\/li>\n<li>Mut\u0103ri interna\u021bionale<\/li>\n<li>Mut\u0103ri comerciale pentru birouri<\/li>\n<li>Mutarea gospod\u0103riilor<\/li>\n<li>Serviciu personalizat<\/li>\n<li>Ofer\u0103 un serviciu din u\u0219\u0103 \u00een u\u0219\u0103<\/li>\n<li>Ambalatori instrui\u021bi care opereaz\u0103 la standarde interna\u021bionale<\/li>\n<li>Utiliza\u021bi materiale de ambalare inovatoare<\/li>\n<li>Relocarea vehiculului<\/li>\n<li>Facilit\u0103\u021bi de depozitare securizate<\/li>\n<\/ul>\n<p>AGS Worldwide Movers este o companie interna\u021bional\u0103 fondat\u0103 \u00een 1974, cu 146 de loca\u021bii \u00een 97 de \u021b\u0103ri din Europa, Asia \u0219i Africa, inclusiv Botswana. Au o re\u021bea de parteneri \u00een America \u0219i Oceania pentru a oferi servicii \u00een aceste \u021b\u0103ri. Filiala din Botswana are 41 de ani de serviciu ca membru IAM \u0219i este acreditat\u0103 de FIDI.<\/p>\n<p>AGS Worldwide Movers ofer\u0103 servicii de mutare \u00een Botswana \u0219i \u00een \u00eentreaga lume, folosind tehnologie de ultim\u0103 genera\u021bie pentru a ajuta la ofertele de pre\u021b, urm\u0103rirea \u0219i livr\u0103rile. Ace\u0219tia angajeaz\u0103 ambalatori califica\u021bi care opereaz\u0103 conform standardelor \u0219i tehnicilor interna\u021bionale de ambalare, precum \u0219i folosind materiale de ambalare de \u00eenalt\u0103 calitate. Ofer\u0103, de asemenea, servicii de relocare a vehiculelor \u0219i facilit\u0103\u021bi de depozitare sigure.<\/p>\n<p>Site web: <a href=\"https:\/\/www.agsmovers.com\" target=\"_blank\" rel=\"noopener\">https:\/\/www.agsmovers.com<\/a><\/p>","protected":false},"excerpt":{"rendered":"<p>Are you planning a move within Botswana, or to or from Botswana? Whether you are moving your home or your business, engaging the services of a moving company can help lighten the load. To assist you we have compiled a list of Botswana removal companies below that are members of the International Association of Movers [&hellip;]<\/p>\n","protected":false},"author":4,"featured_media":0,"parent":190,"menu_order":0,"comment_status":"closed","ping_status":"closed","template":"","meta":{"_genesis_hide_title":false,"_genesis_hide_breadcrumbs":false,"_genesis_hide_singular_image":false,"_genesis_hide_footer_widgets":false,"_genesis_custom_body_class":"","_genesis_custom_post_class":"","_genesis_layout":"","footnotes":""},"class_list":{"0":"post-5242","1":"page","2":"type-page","3":"status-publish","5":"entry"},"_links":{"self":[{"href":"https:\/\/moverdb.com\/ro\/wp-json\/wp\/v2\/pages\/5242","targetHints":{"allow":["GET"]}}],"collection":[{"href":"https:\/\/moverdb.com\/ro\/wp-json\/wp\/v2\/pages"}],"about":[{"href":"https:\/\/moverdb.com\/ro\/wp-json\/wp\/v2\/types\/page"}],"author":[{"embeddable":true,"href":"https:\/\/moverdb.com\/ro\/wp-json\/wp\/v2\/users\/4"}],"replies":[{"embeddable":true,"href":"https:\/\/moverdb.com\/ro\/wp-json\/wp\/v2\/comments?post=5242"}],"version-history":[{"count":1,"href":"https:\/\/moverdb.com\/ro\/wp-json\/wp\/v2\/pages\/5242\/revisions"}],"predecessor-version":[{"id":5243,"href":"https:\/\/moverdb.com\/ro\/wp-json\/wp\/v2\/pages\/5242\/revisions\/5243"}],"up":[{"embeddable":true,"href":"https:\/\/moverdb.com\/ro\/wp-json\/wp\/v2\/pages\/190"}],"wp:attachment":[{"href":"https:\/\/moverdb.com\/ro\/wp-json\/wp\/v2\/media?parent=5242"}],"curies":[{"name":"wp","href":"https:\/\/api.w.org\/{rel}","templated":true}]}}