{"id":5240,"date":"2022-10-24T11:49:20","date_gmt":"2022-10-24T11:49:20","guid":{"rendered":"https:\/\/moverdb.com\/?page_id=5240"},"modified":"2026-01-08T15:23:38","modified_gmt":"2026-01-08T15:23:38","slug":"bosnia-si-hertegovina","status":"publish","type":"page","link":"https:\/\/moverdb.com\/ro\/moving-companies\/bosnia-and-herzegovina-moving-companies\/","title":{"rendered":"2 Cele mai bune companii de mut\u0103ri interna\u021bionale \u00een Bosnia \u0219i Her\u021begovina"},"content":{"rendered":"<p>Mutarea poate fi un moment stresant, mai ales dac\u0103 v\u0103 muta\u021bi \u0219i \u00een alte \u021b\u0103ri, iar aici o companie de mutare sau de relocalizare v\u0103 poate ajuta s\u0103 sc\u0103pa\u021bi de presiune. Pentru a v\u0103 ajuta, am compilat o list\u0103 de Bosnia \u0219i Her\u021begovina <a href=\"https:\/\/moverdb.com\/ro\/international-removals\/\" data-internallinksmanager029f6b8e52c=\"27\" title=\"36 Cele mai bune companii de mut\u0103ri interna\u021bionale din Marea Britanie\">companii de mutare<\/a> care sunt membri ai grupului <a href=\"https:\/\/moverdb.com\/ro\/iam\/\" data-internallinksmanager029f6b8e52c=\"23\" title=\"Explica\u021bii despre Asocia\u021bia Interna\u021bional\u0103 a Transportatorilor (IAM)\">Asocia\u021bia Interna\u021bional\u0103 a Transportatorilor<\/a> (IAM) care v\u0103 poate ajuta.<\/p>\n<h2><strong>1. AGS Worldwide Movers<\/strong><\/h2>\n<p><em><img loading=\"lazy\" decoding=\"async\" class=\"alignnone size-full wp-image-5137\" src=\"https:\/\/moverdb.com\/wp-content\/uploads\/AGS-Wroldwide-Movers-international-moving-company.png\" alt=\"AGS Wroldwide Movers companie de mutare interna\u021bional\u0103\" width=\"1440\" height=\"680\" data-wp-pid=\"5137\" srcset=\"https:\/\/moverdb.com\/wp-content\/uploads\/AGS-Wroldwide-Movers-international-moving-company.png 1440w, https:\/\/moverdb.com\/wp-content\/uploads\/AGS-Wroldwide-Movers-international-moving-company-300x142.png 300w, https:\/\/moverdb.com\/wp-content\/uploads\/AGS-Wroldwide-Movers-international-moving-company-1024x484.png 1024w, https:\/\/moverdb.com\/wp-content\/uploads\/AGS-Wroldwide-Movers-international-moving-company-18x9.png 18w, https:\/\/moverdb.com\/wp-content\/uploads\/AGS-Wroldwide-Movers-international-moving-company-600x283.png 600w\" sizes=\"auto, (max-width: 1440px) 100vw, 1440px\" \/><\/em><\/p>\n<ul>\n<li>Mi\u0219c\u0103ri na\u021bionale<\/li>\n<li>Mut\u0103ri interna\u021bionale<\/li>\n<li>Mut\u0103ri reziden\u021biale<\/li>\n<li>Mutarea birourilor<\/li>\n<li>Mut\u0103ri u\u0219\u0103 la u\u0219\u0103<\/li>\n<li>Personal instruit pentru a v\u0103 \u00eempacheta \u0219i transporta bunurile dvs.<\/li>\n<li>Materiale \u0219i metode inovatoare de ambalare<\/li>\n<li>Ambalaj ecologic<\/li>\n<li>Transferuri de vehicule<\/li>\n<li>Depozitare securizat\u0103<\/li>\n<\/ul>\n<p>AGS Worldwide Movers a fost creat\u0103 \u00een 1974 \u0219i s-a extins pentru a deveni o companie de mut\u0103ri interna\u021bionale care acoper\u0103 Europa, Asia \u0219i Africa, cu parteneri \u00een America \u0219i Oceania. Au 146 de loca\u021bii \u00een 97 de \u021b\u0103ri. Sunt membri ai IAM cu 25 de ani de activitate.<\/p>\n<p>AGS Worldwide Movers utilizeaz\u0103 solu\u021bii de ultim\u0103 genera\u021bie \u0219i inteligente pentru a oferi oferte, urm\u0103rire \u0219i livrare mai eficiente. Ace\u0219tia pun la dispozi\u021bie personal calificat care v\u0103 va \u00eempacheta bunurile \u00een condi\u021bii de siguran\u021b\u0103 pentru a preveni deteriorarea acestora, folosind materiale \u0219i tehnici de ambalare inovatoare. De asemenea, ofer\u0103 solu\u021bii de transport pentru vehicule \u0219i depozitare securizat\u0103, dac\u0103 este necesar.<\/p>\n<p>Site web: <a href=\"http:\/\/www.agsmovers.com\" target=\"_blank\" rel=\"noopener\">http:\/\/www.agsmovers.com<\/a><\/p>\n<h2><strong>2. Intermove<\/strong><\/h2>\n<p><em><img loading=\"lazy\" decoding=\"async\" class=\"alignnone size-full wp-image-5176\" src=\"https:\/\/moverdb.com\/wp-content\/uploads\/Intermove-international-moving-company.png\" alt=\"Intermove companie interna\u021bional\u0103 de mutare\" width=\"1440\" height=\"680\" data-wp-pid=\"5176\" srcset=\"https:\/\/moverdb.com\/wp-content\/uploads\/Intermove-international-moving-company.png 1440w, https:\/\/moverdb.com\/wp-content\/uploads\/Intermove-international-moving-company-300x142.png 300w, https:\/\/moverdb.com\/wp-content\/uploads\/Intermove-international-moving-company-1024x484.png 1024w, https:\/\/moverdb.com\/wp-content\/uploads\/Intermove-international-moving-company-18x9.png 18w, https:\/\/moverdb.com\/wp-content\/uploads\/Intermove-international-moving-company-600x283.png 600w\" sizes=\"auto, (max-width: 1440px) 100vw, 1440px\" \/><\/em><\/p>\n<ul>\n<li>Mut\u0103ri locale \u0219i na\u021bionale<\/li>\n<li>Mut\u0103ri interna\u021bionale<\/li>\n<li>Mutarea gospod\u0103riei<\/li>\n<li>Transferuri de afaceri<\/li>\n<li>Ambalatori cu \u00eenalt\u0103 calificare<\/li>\n<li>Servicii de ambalare \u0219i despachetare<\/li>\n<li>Logistica de expediere<\/li>\n<li>V\u0103muire<\/li>\n<li>Asigurare<\/li>\n<li>Facilit\u0103\u021bi de depozitare<\/li>\n<\/ul>\n<p>Intermove este o companie de mut\u0103ri care a fost \u00eenfiin\u021bat\u0103 \u00een 1996 pentru a ajuta familiile \u0219i \u00eentreprinderile s\u0103 se mute. \u00ce\u0219i ofer\u0103 serviciile \u00een Bosnia \u0219i Her\u021begovina, precum \u0219i pentru cei care doresc s\u0103 se mute \u00een sau din aceast\u0103 \u021bar\u0103. Sunt membri ai IAM, cu 26 de ani de activitate.<\/p>\n<p>Intermove pune la dispozi\u021bie ambalatori cu \u00eenalt\u0103 calificare, instrui\u021bi \u00een metode de ambalare interna\u021bional\u0103 \u0219i care vor folosi materiale de \u00eenalt\u0103 calitate pentru a v\u0103 proteja bunurile. Ace\u0219tia v\u0103 vor \u00eempacheta bunurile \u0219i vor aranja transportul acestora, inclusiv orice formalit\u0103\u021bi vamale \u0219i despachetarea. Vor oferi asigurare, c\u0103utare de locuin\u021b\u0103, orientare \u00een zon\u0103 \u0219i op\u021biunea unor solu\u021bii flexibile de depozitare.<\/p>\n<p>Site web: <a href=\"http:\/\/www.intermovebosnia.com\" target=\"_blank\" rel=\"noopener\">http:\/\/www.intermovebosnia.com<\/a><\/p>","protected":false},"excerpt":{"rendered":"<p>Moving can be a stressful time especially if you are moving countries as well, that is where a moving or relocation company can help relieve some of the pressure. To help you we have compiled a list of Bosnia and Herzegovina removal companies that are members of the International Association of Movers (IAM) who could [&hellip;]<\/p>\n","protected":false},"author":4,"featured_media":0,"parent":190,"menu_order":0,"comment_status":"closed","ping_status":"closed","template":"","meta":{"_genesis_hide_title":false,"_genesis_hide_breadcrumbs":false,"_genesis_hide_singular_image":false,"_genesis_hide_footer_widgets":false,"_genesis_custom_body_class":"","_genesis_custom_post_class":"","_genesis_layout":"","footnotes":""},"class_list":{"0":"post-5240","1":"page","2":"type-page","3":"status-publish","5":"entry","6":"has-post-thumbnail"},"_links":{"self":[{"href":"https:\/\/moverdb.com\/ro\/wp-json\/wp\/v2\/pages\/5240","targetHints":{"allow":["GET"]}}],"collection":[{"href":"https:\/\/moverdb.com\/ro\/wp-json\/wp\/v2\/pages"}],"about":[{"href":"https:\/\/moverdb.com\/ro\/wp-json\/wp\/v2\/types\/page"}],"author":[{"embeddable":true,"href":"https:\/\/moverdb.com\/ro\/wp-json\/wp\/v2\/users\/4"}],"replies":[{"embeddable":true,"href":"https:\/\/moverdb.com\/ro\/wp-json\/wp\/v2\/comments?post=5240"}],"version-history":[{"count":1,"href":"https:\/\/moverdb.com\/ro\/wp-json\/wp\/v2\/pages\/5240\/revisions"}],"predecessor-version":[{"id":5241,"href":"https:\/\/moverdb.com\/ro\/wp-json\/wp\/v2\/pages\/5240\/revisions\/5241"}],"up":[{"embeddable":true,"href":"https:\/\/moverdb.com\/ro\/wp-json\/wp\/v2\/pages\/190"}],"wp:attachment":[{"href":"https:\/\/moverdb.com\/ro\/wp-json\/wp\/v2\/media?parent=5240"}],"curies":[{"name":"wp","href":"https:\/\/api.w.org\/{rel}","templated":true}]}}