{"id":5237,"date":"2022-10-24T11:50:03","date_gmt":"2022-10-24T11:50:03","guid":{"rendered":"https:\/\/moverdb.com\/?page_id=5237"},"modified":"2026-01-08T15:24:38","modified_gmt":"2026-01-08T15:24:38","slug":"bolivia","status":"publish","type":"page","link":"https:\/\/moverdb.com\/ro\/moving-companies\/bolivia-moving-companies\/","title":{"rendered":"4 Cele mai bune companii de mutare interna\u021bional\u0103 \u00een Bolivia"},"content":{"rendered":"<p>Dac\u0103 dori\u021bi s\u0103 v\u0103 muta\u021bi casa sau afacerea \u00een Bolivia, sau s\u0103 v\u0103 muta\u021bi \u00een sau din Bolivia, atunci s-ar putea s\u0103 dori\u021bi un sprijin pentru a reduce stresul \u0219i munca necesar\u0103 pentru mutare. Mai jos am compilat o list\u0103 de servicii de mutare din Bolivia <a href=\"https:\/\/moverdb.com\/ro\/international-removals\/\" data-internallinksmanager029f6b8e52c=\"27\" title=\"36 Cele mai bune companii de mut\u0103ri interna\u021bionale din Marea Britanie\">companii de mutare<\/a> care sunt membri ai grupului <a href=\"https:\/\/moverdb.com\/ro\/iam\/\" data-internallinksmanager029f6b8e52c=\"23\" title=\"Explica\u021bii despre Asocia\u021bia Interna\u021bional\u0103 a Transportatorilor (IAM)\">Asocia\u021bia Interna\u021bional\u0103 a Transportatorilor<\/a> (IAM) \u0219i\/sau <a href=\"https:\/\/moverdb.com\/ro\/fidi-faim\/\" data-internallinksmanager029f6b8e52c=\"16\" title=\"FIDI &amp; FAIM (FIDI Accredited International Mover) Explicat\">FIDI<\/a> Accredited International Mover (FAIM) care v\u0103 poate ajuta.<\/p>\n<div id=\"ez-toc-container\" class=\"ez-toc-v2_0_82_2 ez-toc-wrap-left counter-hierarchy ez-toc-counter ez-toc-transparent ez-toc-container-direction\">\n<div class=\"ez-toc-title-container\">\n<p class=\"ez-toc-title\" style=\"cursor:inherit\">Sec\u021biuni<\/p>\n<span class=\"ez-toc-title-toggle\"><a href=\"#\" class=\"ez-toc-pull-right ez-toc-btn ez-toc-btn-xs ez-toc-btn-default ez-toc-toggle\" aria-label=\"Comuta\u021bi tabelul de con\u021binut\"><span class=\"ez-toc-js-icon-con\"><span class=\"\"><span class=\"eztoc-hide\" style=\"display:none;\">Toggle<\/span><span class=\"ez-toc-icon-toggle-span\"><svg style=\"fill: #999;color:#999\" xmlns=\"http:\/\/www.w3.org\/2000\/svg\" class=\"list-377408\" width=\"20px\" height=\"20px\" viewbox=\"0 0 24 24\" fill=\"none\"><path d=\"M6 6H4v2h2V6zm14 0H8v2h12V6zM4 11h2v2H4v-2zm16 0H8v2h12v-2zM4 16h2v2H4v-2zm16 0H8v2h12v-2z\" fill=\"currentColor\"><\/path><\/svg><svg style=\"fill: #999;color:#999\" class=\"arrow-unsorted-368013\" xmlns=\"http:\/\/www.w3.org\/2000\/svg\" width=\"10px\" height=\"10px\" viewbox=\"0 0 24 24\" version=\"1.2\" baseprofile=\"tiny\"><path d=\"M18.2 9.3l-6.2-6.3-6.2 6.3c-.2.2-.3.4-.3.7s.1.5.3.7c.2.2.4.3.7.3h11c.3 0 .5-.1.7-.3.2-.2.3-.5.3-.7s-.1-.5-.3-.7zM5.8 14.7l6.2 6.3 6.2-6.3c.2-.2.3-.5.3-.7s-.1-.5-.3-.7c-.2-.2-.4-.3-.7-.3h-11c-.3 0-.5.1-.7.3-.2.2-.3.5-.3.7s.1.5.3.7z\"\/><\/svg><\/span><\/span><\/span><\/a><\/span><\/div>\n<nav><ul class='ez-toc-list ez-toc-list-level-1 eztoc-toggle-hide-by-default' ><li class='ez-toc-page-1 ez-toc-heading-level-2'><a class=\"ez-toc-link ez-toc-heading-1\" href=\"https:\/\/moverdb.com\/ro\/moving-companies\/bolivia-moving-companies\/#1_Bolivian_Movers\" >1. Bolivian Movers<\/a><\/li><li class='ez-toc-page-1 ez-toc-heading-level-2'><a class=\"ez-toc-link ez-toc-heading-2\" href=\"https:\/\/moverdb.com\/ro\/moving-companies\/bolivia-moving-companies\/#2_Express_Cargo_Services\" >2. Servicii Express Cargo<\/a><\/li><li class='ez-toc-page-1 ez-toc-heading-level-2'><a class=\"ez-toc-link ez-toc-heading-3\" href=\"https:\/\/moverdb.com\/ro\/moving-companies\/bolivia-moving-companies\/#3_Total_Bolivian_Moving\" >3. Total Bolivian Moving<\/a><\/li><li class='ez-toc-page-1 ez-toc-heading-level-2'><a class=\"ez-toc-link ez-toc-heading-4\" href=\"https:\/\/moverdb.com\/ro\/moving-companies\/bolivia-moving-companies\/#4_Inbolpack\" >4. Inbolpack<\/a><\/li><\/ul><\/nav><\/div>\n<h2><span class=\"ez-toc-section\" id=\"1_Bolivian_Movers\"><\/span><strong>1. Bolivian Movers<\/strong><span class=\"ez-toc-section-end\"><\/span><\/h2>\n<p><em><img loading=\"lazy\" decoding=\"async\" class=\"alignnone size-full wp-image-5150\" src=\"https:\/\/moverdb.com\/wp-content\/uploads\/Bolivian-Movers-international-moving-company.png\" alt=\"Bolivian Movers companie de mutare interna\u021bional\u0103\" width=\"1440\" height=\"671\" data-wp-pid=\"5150\" srcset=\"https:\/\/moverdb.com\/wp-content\/uploads\/Bolivian-Movers-international-moving-company.png 1440w, https:\/\/moverdb.com\/wp-content\/uploads\/Bolivian-Movers-international-moving-company-300x140.png 300w, https:\/\/moverdb.com\/wp-content\/uploads\/Bolivian-Movers-international-moving-company-1024x477.png 1024w, https:\/\/moverdb.com\/wp-content\/uploads\/Bolivian-Movers-international-moving-company-18x8.png 18w, https:\/\/moverdb.com\/wp-content\/uploads\/Bolivian-Movers-international-moving-company-600x280.png 600w\" sizes=\"auto, (max-width: 1440px) 100vw, 1440px\" \/><\/em><\/p>\n<ul>\n<li>Mi\u0219c\u0103ri na\u021bionale<\/li>\n<li>Mut\u0103ri interna\u021bionale<\/li>\n<li>Mi\u0219c\u0103ri de acas\u0103<\/li>\n<li>Mutarea birourilor<\/li>\n<li>Un singur punct de contact pentru mutarea dumneavoastr\u0103<\/li>\n<li>Flot\u0103 \u0219i echipamente moderne<\/li>\n<li>Ambalare profesional\u0103 cu materiale de \u00eenalt\u0103 calitate<\/li>\n<li>Transportul de art\u0103<\/li>\n<li>Relocarea animalelor de companie<\/li>\n<li>Facilit\u0103\u021bi de depozitare securizate<\/li>\n<\/ul>\n<p>Bolivian Movers a fost \u00eenfiin\u021bat\u0103 \u00een 1974 pentru a oferi servicii de mutare \u00een Bolivia \u0219i \u00een alte \u021b\u0103ri. Ei sunt membri ai IAM cu 48 de ani de serviciu. Ei fac parte dintr-o re\u021bea interna\u021bional\u0103 de mut\u0103ri pentru a le permite s\u0103 v\u0103 sprijine mutarea oriunde \u00een lume. Ei au o flot\u0103 modern\u0103 de vehicule \u0219i echipamente \u0219i v\u0103 ofer\u0103 un contact pentru a v\u0103 supraveghea mutarea.<\/p>\n<p>Bolivian Movers ofer\u0103 un serviciu profesionist de ambalare care utilizeaz\u0103 materiale de \u00eenalt\u0103 calitate \u0219i ambalatori exper\u021bi cu tehnici de ambalare acreditate. Ace\u0219tia ofer\u0103, de asemenea, servicii de relocare a animalelor de companie \u0219i ofer\u0103 consultan\u021b\u0103 cu privire la reglement\u0103rile \u00een vigoare. De asemenea, ace\u0219tia ofer\u0103 facilit\u0103\u021bi de depozitare securizate.<\/p>\n<p>Site web: <a href=\"http:\/\/www.bolivianmovers.com\" target=\"_blank\" rel=\"noopener\">http:\/\/www.bolivianmovers.com<\/a><\/p>\n<h2><span class=\"ez-toc-section\" id=\"2_Express_Cargo_Services\"><\/span><strong>2. Servicii Express Cargo<\/strong><span class=\"ez-toc-section-end\"><\/span><\/h2>\n<p><em><img loading=\"lazy\" decoding=\"async\" class=\"alignnone size-full wp-image-5166\" src=\"https:\/\/moverdb.com\/wp-content\/uploads\/Express-Cargo-Services-international-moving-company.png\" alt=\"Express Cargo Services companie de mutare interna\u021bional\u0103\" width=\"1440\" height=\"680\" data-wp-pid=\"5166\" srcset=\"https:\/\/moverdb.com\/wp-content\/uploads\/Express-Cargo-Services-international-moving-company.png 1440w, https:\/\/moverdb.com\/wp-content\/uploads\/Express-Cargo-Services-international-moving-company-300x142.png 300w, https:\/\/moverdb.com\/wp-content\/uploads\/Express-Cargo-Services-international-moving-company-1024x484.png 1024w, https:\/\/moverdb.com\/wp-content\/uploads\/Express-Cargo-Services-international-moving-company-18x9.png 18w, https:\/\/moverdb.com\/wp-content\/uploads\/Express-Cargo-Services-international-moving-company-600x283.png 600w\" sizes=\"auto, (max-width: 1440px) 100vw, 1440px\" \/><\/em><\/p>\n<ul>\n<li>Mi\u0219c\u0103ri na\u021bionale<\/li>\n<li>Mut\u0103ri interna\u021bionale<\/li>\n<li>Mut\u0103ri reziden\u021biale<\/li>\n<li>O flot\u0103 de dube \u0219i camioane<\/li>\n<li>Transport rutier, maritim \u0219i aerian<\/li>\n<li>Servicii de ambalare<\/li>\n<li>Proceduri vamale de export \u0219i de import<\/li>\n<li>Transportul operelor de art\u0103<\/li>\n<li>Relocarea animalelor de companie<\/li>\n<li>Depozitare securizat\u0103<\/li>\n<\/ul>\n<p>Express Cargo Services a fost \u00eenfiin\u021bat\u0103 \u00een 1989 ca firm\u0103 de mut\u0103ri \u00een Bolivia. Ei ofer\u0103 o gam\u0103 de servicii de mutare pentru clien\u021bii reziden\u021biali care doresc s\u0103 se mute \u00een Bolivia sau \u00een Bolivia sau oriunde \u00een lume. Ei sunt membri ai IAM cu 33 de ani de serviciu.<\/p>\n<p>Express Cargo Services ofer\u0103 un serviciu door-to-door c\u0103tre \u0219i dinspre orice \u021bar\u0103 din lume. Ace\u0219tia opereaz\u0103 propria flot\u0103 de dube \u0219i camioane pentru a facilita mut\u0103rile \u00een Bolivia \u0219i colaboreaz\u0103 cu parteneri \u0219i agen\u021bi de transport maritim la nivel interna\u021bional, folosind transportul rutier, maritim \u0219i aerian. Ace\u0219tia ofer\u0103 servicii de ambalare, asisten\u021b\u0103 vamal\u0103, transport de obiecte de art\u0103, mutarea animalelor de companie \u0219i facilit\u0103\u021bi de depozitare sigure.<\/p>\n<p>Site web: <a href=\"http:\/\/www.expresscargobolivia.com\" target=\"_blank\" rel=\"noopener\">http:\/\/www.expresscargobolivia.com<\/a><\/p>\n<h2><span class=\"ez-toc-section\" id=\"3_Total_Bolivian_Moving\"><\/span><strong>3. Total Bolivian Moving<\/strong><span class=\"ez-toc-section-end\"><\/span><\/h2>\n<p><em><img loading=\"lazy\" decoding=\"async\" class=\"alignnone size-full wp-image-5210\" src=\"https:\/\/moverdb.com\/wp-content\/uploads\/Total-Bolivian-Moving-international-moving-company.png\" alt=\"Total Bolivian Moving companie interna\u021bional\u0103 de mutare\" width=\"1440\" height=\"636\" data-wp-pid=\"5210\" srcset=\"https:\/\/moverdb.com\/wp-content\/uploads\/Total-Bolivian-Moving-international-moving-company.png 1440w, https:\/\/moverdb.com\/wp-content\/uploads\/Total-Bolivian-Moving-international-moving-company-300x133.png 300w, https:\/\/moverdb.com\/wp-content\/uploads\/Total-Bolivian-Moving-international-moving-company-1024x452.png 1024w, https:\/\/moverdb.com\/wp-content\/uploads\/Total-Bolivian-Moving-international-moving-company-18x8.png 18w, https:\/\/moverdb.com\/wp-content\/uploads\/Total-Bolivian-Moving-international-moving-company-600x265.png 600w\" sizes=\"auto, (max-width: 1440px) 100vw, 1440px\" \/><\/em><\/p>\n<ul>\n<li>Mi\u0219c\u0103ri na\u021bionale<\/li>\n<li>Mut\u0103ri interna\u021bionale<\/li>\n<li>Mut\u0103ri reziden\u021biale \u0219i comerciale<\/li>\n<li>Organizarea \u0219i planificarea mut\u0103rii dvs.<\/li>\n<li>Personal instruit \u0219i cu experien\u021b\u0103<\/li>\n<li>Serviciul de ambalare folosind materiale de \u00eenalt\u0103 calitate<\/li>\n<li>Asigurare<\/li>\n<li>Transportul operelor de art\u0103<\/li>\n<li>Transportul vehiculelor<\/li>\n<li>Depozitare securizat\u0103<\/li>\n<\/ul>\n<p>Total Bolivian Moving este o firm\u0103 de mut\u0103ri cu sediul \u00een La Paz care ofer\u0103 servicii de mutare \u00een Bolivia \u0219i dinspre \u0219i \u00eenspre Bolivia. \u00ce\u0219i ofer\u0103 serviciile at\u00e2t clien\u021bilor reziden\u021biali, c\u00e2t \u0219i clien\u021bilor comerciali, inclusiv organiza\u021biilor \u0219i \u00eentreprinderilor. Ei sunt specializa\u021bi \u00een transportul operelor de art\u0103. Ei sunt membri ai IAM cu 7 ani de activitate.<\/p>\n<p>Total Bolivian Moving v\u0103 va ajuta s\u0103 v\u0103 organiza\u021bi mutarea \u0219i v\u0103 va asista la planificare. Ace\u0219tia pun la dispozi\u021bie personal instruit \u0219i experimentat pentru a v\u0103 \u00eempacheta bunurile \u00een siguran\u021b\u0103 \u0219i \u00een condi\u021bii de securitate pentru a preveni deteriorarea, folosind materiale de ambalare de \u00eenalt\u0103 calitate. Ei ofer\u0103 asigurare \u0219i facilit\u0103\u021bi de depozitare pentru bunurile dvs. dac\u0103 este necesar.<\/p>\n<p>Site web: <a href=\"http:\/\/www.tobolmoving.com\" target=\"_blank\" rel=\"noopener\">http:\/\/www.tobolmoving.com<\/a><\/p>\n<h2><span class=\"ez-toc-section\" id=\"4_Inbolpack\"><\/span><strong>4. Inbolpack<\/strong><span class=\"ez-toc-section-end\"><\/span><\/h2>\n<p>&nbsp;<img loading=\"lazy\" decoding=\"async\" class=\"alignnone size-full wp-image-5238\" src=\"https:\/\/moverdb.com\/wp-content\/uploads\/Inbolpack-international-moving-company.png\" alt=\"\" width=\"1440\" height=\"682\" data-wp-pid=\"5238\" srcset=\"https:\/\/moverdb.com\/wp-content\/uploads\/Inbolpack-international-moving-company.png 1440w, https:\/\/moverdb.com\/wp-content\/uploads\/Inbolpack-international-moving-company-300x142.png 300w, https:\/\/moverdb.com\/wp-content\/uploads\/Inbolpack-international-moving-company-1024x485.png 1024w, https:\/\/moverdb.com\/wp-content\/uploads\/Inbolpack-international-moving-company-18x9.png 18w, https:\/\/moverdb.com\/wp-content\/uploads\/Inbolpack-international-moving-company-600x284.png 600w\" sizes=\"auto, (max-width: 1440px) 100vw, 1440px\" \/><\/p>\n<ul>\n<li>Mut\u0103ri locale \u0219i na\u021bionale<\/li>\n<li>Mut\u0103ri interna\u021bionale<\/li>\n<li>Mutarea gospod\u0103riei<\/li>\n<li>Mut\u0103ri comerciale<\/li>\n<li>Proiecte speciale de transport<\/li>\n<li>Serviciu din u\u0219\u0103 \u00een u\u0219\u0103<\/li>\n<li>Ambalatori profesioni\u0219ti<\/li>\n<li>Materiale de ambalare de \u00eenalt\u0103 calitate<\/li>\n<li>Flot\u0103 proprie de vehicule variate<\/li>\n<li>Solu\u021bii de depozitare<\/li>\n<\/ul>\n<p>Inbolpack a fost \u00eenfiin\u021bat\u0103 \u00een 1978 ca o companie de mut\u0103ri care deservea Bolivia \u0219i la nivel interna\u021bional datorit\u0103 prezen\u021bei personalului str\u0103in \u00een \u021bar\u0103. Ace\u0219tia ajut\u0103 persoanele \u0219i \u00eentreprinderile s\u0103 se mute \u00een interiorul, spre \u0219i din Bolivia. Sunt membri ai IAM cu 44 de ani de serviciu \u0219i sunt acredita\u021bi de FIDI.<\/p>\n<p>Inbolpack ofer\u0103 un serviciu de mutare din u\u0219\u0103 \u00een u\u0219\u0103, care ofer\u0103 un serviciu de ambalare profesionist, cu personal calificat, care respect\u0103 standardele interna\u021bionale \u0219i utilizeaz\u0103 materiale de ambalare de \u00eenalt\u0103 calitate. De asemenea, ace\u0219tia dispun de o flot\u0103 de vehicule proprii care include camioane \u0219i macarale. De asemenea, ofer\u0103 facilit\u0103\u021bi de depozitare pentru \u00eenc\u0103rc\u0103turi la nivel local \u0219i interna\u021bional.<\/p>\n<p>Site web: <a href=\"http:\/\/www.inbolpack.net\" target=\"_blank\" rel=\"noopener\">http:\/\/www.inbolpack.net<\/a><\/p>","protected":false},"excerpt":{"rendered":"<p>If you are wanting to move home or business in Bolivia, or to or from Bolivia then you might want some support to reduce the stress and work needed for the move. Below we have compiled a list of Bolivian removal companies that are members of the International Association of Movers (IAM) and\/or FIDI Accredited [&hellip;]<\/p>\n","protected":false},"author":4,"featured_media":0,"parent":190,"menu_order":0,"comment_status":"closed","ping_status":"closed","template":"","meta":{"_genesis_hide_title":false,"_genesis_hide_breadcrumbs":false,"_genesis_hide_singular_image":false,"_genesis_hide_footer_widgets":false,"_genesis_custom_body_class":"","_genesis_custom_post_class":"","_genesis_layout":"","footnotes":""},"class_list":{"0":"post-5237","1":"page","2":"type-page","3":"status-publish","5":"entry","6":"has-post-thumbnail"},"_links":{"self":[{"href":"https:\/\/moverdb.com\/ro\/wp-json\/wp\/v2\/pages\/5237","targetHints":{"allow":["GET"]}}],"collection":[{"href":"https:\/\/moverdb.com\/ro\/wp-json\/wp\/v2\/pages"}],"about":[{"href":"https:\/\/moverdb.com\/ro\/wp-json\/wp\/v2\/types\/page"}],"author":[{"embeddable":true,"href":"https:\/\/moverdb.com\/ro\/wp-json\/wp\/v2\/users\/4"}],"replies":[{"embeddable":true,"href":"https:\/\/moverdb.com\/ro\/wp-json\/wp\/v2\/comments?post=5237"}],"version-history":[{"count":1,"href":"https:\/\/moverdb.com\/ro\/wp-json\/wp\/v2\/pages\/5237\/revisions"}],"predecessor-version":[{"id":5239,"href":"https:\/\/moverdb.com\/ro\/wp-json\/wp\/v2\/pages\/5237\/revisions\/5239"}],"up":[{"embeddable":true,"href":"https:\/\/moverdb.com\/ro\/wp-json\/wp\/v2\/pages\/190"}],"wp:attachment":[{"href":"https:\/\/moverdb.com\/ro\/wp-json\/wp\/v2\/media?parent=5237"}],"curies":[{"name":"wp","href":"https:\/\/api.w.org\/{rel}","templated":true}]}}