{"id":5231,"date":"2022-10-24T11:51:35","date_gmt":"2022-10-24T11:51:35","guid":{"rendered":"https:\/\/moverdb.com\/?page_id=5231"},"modified":"2026-01-08T15:29:47","modified_gmt":"2026-01-08T15:29:47","slug":"barbados-2","status":"publish","type":"page","link":"https:\/\/moverdb.com\/ro\/moving-companies\/barbados-moving-companies\/","title":{"rendered":"Cele mai bune companii de mutare interna\u021bional\u0103 \u00een Barbados"},"content":{"rendered":"<p>V\u0103 g\u00e2ndi\u021bi s\u0103 v\u0103 muta\u021bi la sau de la <a href=\"https:\/\/moverdb.com\/ro\/moving-to-barbados\/\" data-internallinksmanager029f6b8e52c=\"344\" title=\"V\u0103 muta\u021bi \u00een Barbados? 2026 Costurile vie\u021bii \u0219i sfaturi de relocare\">Barbados<\/a>sau \u00een Barbados? Atunci, g\u00e2ndul de a v\u0103 \u00eempacheta casa sau afacerea \u0219i de a organiza transportul ar putea s\u0103 v\u0103 provoace stres, dar o companie de mut\u0103ri v\u0103 poate ajuta. Mai jos sunt prezentate <a href=\"https:\/\/moverdb.com\/ro\/international-removals\/\" data-internallinksmanager029f6b8e52c=\"27\" title=\"36 Cele mai bune companii de mut\u0103ri interna\u021bionale din Marea Britanie\">companii de mutare<\/a> care sunt membri ai grupului <a href=\"https:\/\/moverdb.com\/ro\/iam\/\" data-internallinksmanager029f6b8e52c=\"23\" title=\"Explica\u021bii despre Asocia\u021bia Interna\u021bional\u0103 a Transportatorilor (IAM)\">Asocia\u021bia Interna\u021bional\u0103 a Transportatorilor<\/a> (IAM) \u0219i\/sau <a href=\"https:\/\/moverdb.com\/ro\/fidi-faim\/\" data-internallinksmanager029f6b8e52c=\"16\" title=\"FIDI &amp; FAIM (FIDI Accredited International Mover) Explicat\">FIDI<\/a> Acreditat International Mover (FAIM) \u00een Barbados.<\/p>\n<h2><strong>1. Michael Greaves Associates<\/strong><\/h2>\n<p><em><img loading=\"lazy\" decoding=\"async\" class=\"alignnone size-full wp-image-5186\" src=\"https:\/\/moverdb.com\/wp-content\/uploads\/Michael-Greaves-Associates-international-moving-company.png\" alt=\"Michael Greaves Associates companie de mut\u0103ri interna\u021bionale\" width=\"1440\" height=\"681\" data-wp-pid=\"5186\" srcset=\"https:\/\/moverdb.com\/wp-content\/uploads\/Michael-Greaves-Associates-international-moving-company.png 1440w, https:\/\/moverdb.com\/wp-content\/uploads\/Michael-Greaves-Associates-international-moving-company-300x142.png 300w, https:\/\/moverdb.com\/wp-content\/uploads\/Michael-Greaves-Associates-international-moving-company-1024x484.png 1024w, https:\/\/moverdb.com\/wp-content\/uploads\/Michael-Greaves-Associates-international-moving-company-18x9.png 18w, https:\/\/moverdb.com\/wp-content\/uploads\/Michael-Greaves-Associates-international-moving-company-600x284.png 600w\" sizes=\"auto, (max-width: 1440px) 100vw, 1440px\" \/><\/em><\/p>\n<ul>\n<li>Reloc\u0103ri na\u021bionale<\/li>\n<li>Reloc\u0103ri interna\u021bionale<\/li>\n<li>Mut\u0103ri comerciale \u0219i reziden\u021biale<\/li>\n<li>Serviciu personalizat<\/li>\n<li>Profesioni\u0219ti cu experien\u021b\u0103<\/li>\n<li>Brokeraj vamal \u0219i v\u0103muire<\/li>\n<li>Asigurarea m\u0103rfurilor<\/li>\n<li>Manipularea animalelor de companie<\/li>\n<li>Transport de vehicule \u0219i b\u0103rci<\/li>\n<li>Facilit\u0103\u021bi de depozitare<\/li>\n<\/ul>\n<p>Michael Greaves Associates este un serviciu de relocalizare, mutare, transport \u0219i brokeraj cu sediul \u00een Barbados, fondat \u00een 1981. Sunt membri ai IAM cu 41 de ani de activitate. Ace\u0219tia ofer\u0103 servicii de relocalizare \u00een Barbados \u0219i la nivel interna\u021bional.<\/p>\n<p>Michael Greaves Associates ofer\u0103 un serviciu de relocalizare personalizat care v\u0103 ajut\u0103 \u00een fiecare etap\u0103 a mut\u0103rii, de la planificare p\u00e2n\u0103 la instalarea \u00een noua dumneavoastr\u0103 cas\u0103. Ace\u0219tia v\u0103 vor inspecta casa sau biroul, v\u0103 vor oferi o estimare \u0219i vor nota orice cerin\u021be speciale. V\u0103 vor \u00eempacheta bunurile folosind tehnici \u0219i materiale aprobate. De asemenea, ofer\u0103 asigurare de marf\u0103 \u0219i servicii de brokeraj \u0219i v\u0103muire, precum \u0219i servicii specializate pentru transportul animalelor de companie, al vehiculelor \u0219i al b\u0103rcilor.<\/p>\n<p>Site web: <a href=\"http:\/\/www.mgassociates.net\" target=\"_blank\" rel=\"noopener\">http:\/\/www.mgassociates.net<\/a><\/p>\n<h2>Alte ghiduri utile pentru Barbados<\/h2>\n<ul>\n<li> <a href=\"https:\/\/moverdb.com\/ro\/transport-maritim-de-containere\/barbados\/\">2024 Tarife de transport maritim de containere c\u0103tre \u0219i din Barbados<\/a><\/li>\n<li> <a href=\"https:\/\/moverdb.com\/ro\/moving-to-barbados\/\">V\u0103 muta\u021bi \u00een Barbados? 2026 Costurile vie\u021bii \u0219i sfaturi de relocare<\/a><\/li>\n<li> <a href=\"https:\/\/moverdb.com\/ro\/moving-to-barbados\/living-in-barbados\/\">21 de secrete despre via\u021ba \u00een Barbados de \u0219tiut \u00eenainte de a v\u0103 muta<\/a><\/li>\n<\/ul>","protected":false},"excerpt":{"rendered":"<p>Are you thinking of moving to or from Barbados, or within Barbados? Then the thought of packing up your home or business and organising the shipping might be causing some stress, but a removal company could help. Below are the removal companies that are members of the International Association of Movers (IAM) and\/or FIDI Accredited [&hellip;]<\/p>\n","protected":false},"author":4,"featured_media":0,"parent":190,"menu_order":0,"comment_status":"closed","ping_status":"closed","template":"","meta":{"_genesis_hide_title":false,"_genesis_hide_breadcrumbs":false,"_genesis_hide_singular_image":false,"_genesis_hide_footer_widgets":false,"_genesis_custom_body_class":"","_genesis_custom_post_class":"","_genesis_layout":"","footnotes":""},"class_list":{"0":"post-5231","1":"page","2":"type-page","3":"status-publish","5":"entry","6":"has-post-thumbnail"},"_links":{"self":[{"href":"https:\/\/moverdb.com\/ro\/wp-json\/wp\/v2\/pages\/5231","targetHints":{"allow":["GET"]}}],"collection":[{"href":"https:\/\/moverdb.com\/ro\/wp-json\/wp\/v2\/pages"}],"about":[{"href":"https:\/\/moverdb.com\/ro\/wp-json\/wp\/v2\/types\/page"}],"author":[{"embeddable":true,"href":"https:\/\/moverdb.com\/ro\/wp-json\/wp\/v2\/users\/4"}],"replies":[{"embeddable":true,"href":"https:\/\/moverdb.com\/ro\/wp-json\/wp\/v2\/comments?post=5231"}],"version-history":[{"count":2,"href":"https:\/\/moverdb.com\/ro\/wp-json\/wp\/v2\/pages\/5231\/revisions"}],"predecessor-version":[{"id":18281,"href":"https:\/\/moverdb.com\/ro\/wp-json\/wp\/v2\/pages\/5231\/revisions\/18281"}],"up":[{"embeddable":true,"href":"https:\/\/moverdb.com\/ro\/wp-json\/wp\/v2\/pages\/190"}],"wp:attachment":[{"href":"https:\/\/moverdb.com\/ro\/wp-json\/wp\/v2\/media?parent=5231"}],"curies":[{"name":"wp","href":"https:\/\/api.w.org\/{rel}","templated":true}]}}