{"id":5228,"date":"2022-10-24T11:52:12","date_gmt":"2022-10-24T11:52:12","guid":{"rendered":"https:\/\/moverdb.com\/?page_id=5228"},"modified":"2026-01-08T15:25:04","modified_gmt":"2026-01-08T15:25:04","slug":"bangladesh-2","status":"publish","type":"page","link":"https:\/\/moverdb.com\/ro\/moving-companies\/bangladesh-moving-companies\/","title":{"rendered":"5 Cele mai bune companii interna\u021bionale de mutare din Bangladesh"},"content":{"rendered":"<p>Dac\u0103 v\u0103 muta\u021bi acas\u0103 \u00een <a href=\"https:\/\/moverdb.com\/ro\/moving-to-bangladesh\/\" data-internallinksmanager029f6b8e52c=\"419\" title=\"V\u0103 muta\u021bi \u00een Bangladesh? 2026 Costurile de trai \u0219i sfaturi de relocare\">Bangladesh<\/a> sau sunte\u021bi pe cale s\u0103 v\u0103 muta\u021bi \u00een sau din Bangladesh, este posibil s\u0103 dori\u021bi s\u0103 utiliza\u021bi un <a href=\"https:\/\/moverdb.com\/ro\/international-removals\/\" data-internallinksmanager029f6b8e52c=\"27\" title=\"36 Cele mai bune companii de mut\u0103ri interna\u021bionale din Marea Britanie\">companie de mutare<\/a> pentru a facilita procesul de mutare. Mutarea este un moment stresant, a\u0219a c\u0103 mai jos am adunat o list\u0103 de companii care sunt membre ale <a href=\"https:\/\/moverdb.com\/ro\/iam\/\" data-internallinksmanager029f6b8e52c=\"23\" title=\"Explica\u021bii despre Asocia\u021bia Interna\u021bional\u0103 a Transportatorilor (IAM)\">Asocia\u021bia Interna\u021bional\u0103 a Transportatorilor<\/a> (IAM) \u0219i\/sau <a href=\"https:\/\/moverdb.com\/ro\/fidi-faim\/\" data-internallinksmanager029f6b8e52c=\"16\" title=\"FIDI &amp; FAIM (FIDI Accredited International Mover) Explicat\">FIDI<\/a> Accredited International Mover (FAIM) care v\u0103 poate ajuta.<\/p>\n<div id=\"ez-toc-container\" class=\"ez-toc-v2_0_82_2 ez-toc-wrap-left counter-hierarchy ez-toc-counter ez-toc-transparent ez-toc-container-direction\">\n<div class=\"ez-toc-title-container\">\n<p class=\"ez-toc-title\" style=\"cursor:inherit\">Sec\u021biuni<\/p>\n<span class=\"ez-toc-title-toggle\"><a href=\"#\" class=\"ez-toc-pull-right ez-toc-btn ez-toc-btn-xs ez-toc-btn-default ez-toc-toggle\" aria-label=\"Comuta\u021bi tabelul de con\u021binut\"><span class=\"ez-toc-js-icon-con\"><span class=\"\"><span class=\"eztoc-hide\" style=\"display:none;\">Toggle<\/span><span class=\"ez-toc-icon-toggle-span\"><svg style=\"fill: #999;color:#999\" xmlns=\"http:\/\/www.w3.org\/2000\/svg\" class=\"list-377408\" width=\"20px\" height=\"20px\" viewbox=\"0 0 24 24\" fill=\"none\"><path d=\"M6 6H4v2h2V6zm14 0H8v2h12V6zM4 11h2v2H4v-2zm16 0H8v2h12v-2zM4 16h2v2H4v-2zm16 0H8v2h12v-2z\" fill=\"currentColor\"><\/path><\/svg><svg style=\"fill: #999;color:#999\" class=\"arrow-unsorted-368013\" xmlns=\"http:\/\/www.w3.org\/2000\/svg\" width=\"10px\" height=\"10px\" viewbox=\"0 0 24 24\" version=\"1.2\" baseprofile=\"tiny\"><path d=\"M18.2 9.3l-6.2-6.3-6.2 6.3c-.2.2-.3.4-.3.7s.1.5.3.7c.2.2.4.3.7.3h11c.3 0 .5-.1.7-.3.2-.2.3-.5.3-.7s-.1-.5-.3-.7zM5.8 14.7l6.2 6.3 6.2-6.3c.2-.2.3-.5.3-.7s-.1-.5-.3-.7c-.2-.2-.4-.3-.7-.3h-11c-.3 0-.5.1-.7.3-.2.2-.3.5-.3.7s.1.5.3.7z\"\/><\/svg><\/span><\/span><\/span><\/a><\/span><\/div>\n<nav><ul class='ez-toc-list ez-toc-list-level-1 eztoc-toggle-hide-by-default' ><li class='ez-toc-page-1 ez-toc-heading-level-2'><a class=\"ez-toc-link ez-toc-heading-1\" href=\"https:\/\/moverdb.com\/ro\/moving-companies\/bangladesh-moving-companies\/#1_A_I_Freight_Services\" >1. A I Servicii de transport de marf\u0103<\/a><\/li><li class='ez-toc-page-1 ez-toc-heading-level-2'><a class=\"ez-toc-link ez-toc-heading-2\" href=\"https:\/\/moverdb.com\/ro\/moving-companies\/bangladesh-moving-companies\/#2_Alpha_Logistics\" >2. Alpha Logistics<\/a><\/li><li class='ez-toc-page-1 ez-toc-heading-level-2'><a class=\"ez-toc-link ez-toc-heading-3\" href=\"https:\/\/moverdb.com\/ro\/moving-companies\/bangladesh-moving-companies\/#3_Apolloline_Shipping_Service\" >3. Serviciul de expediere Apolloline<\/a><\/li><li class='ez-toc-page-1 ez-toc-heading-level-2'><a class=\"ez-toc-link ez-toc-heading-4\" href=\"https:\/\/moverdb.com\/ro\/moving-companies\/bangladesh-moving-companies\/#4_Carry_Link_Packers_Shippers\" >4. Carry Link Packers &amp; Shippers<\/a><\/li><li class='ez-toc-page-1 ez-toc-heading-level-2'><a class=\"ez-toc-link ez-toc-heading-5\" href=\"https:\/\/moverdb.com\/ro\/moving-companies\/bangladesh-moving-companies\/#5_Homebound\" >5. Legat la domiciliu<\/a><\/li><\/ul><\/nav><\/div>\n<h2><span class=\"ez-toc-section\" id=\"1_A_I_Freight_Services\"><\/span><strong>1. A I Servicii de transport de marf\u0103<\/strong><span class=\"ez-toc-section-end\"><\/span><\/h2>\n<p><em><img loading=\"lazy\" decoding=\"async\" class=\"alignnone size-full wp-image-5135\" src=\"https:\/\/moverdb.com\/wp-content\/uploads\/A-I-Freight-Services-international-moving-company.png\" alt=\"A I Freight Services companie interna\u021bional\u0103 de mutare\" width=\"1440\" height=\"685\" data-wp-pid=\"5135\" srcset=\"https:\/\/moverdb.com\/wp-content\/uploads\/A-I-Freight-Services-international-moving-company.png 1440w, https:\/\/moverdb.com\/wp-content\/uploads\/A-I-Freight-Services-international-moving-company-300x143.png 300w, https:\/\/moverdb.com\/wp-content\/uploads\/A-I-Freight-Services-international-moving-company-1024x487.png 1024w, https:\/\/moverdb.com\/wp-content\/uploads\/A-I-Freight-Services-international-moving-company-18x9.png 18w, https:\/\/moverdb.com\/wp-content\/uploads\/A-I-Freight-Services-international-moving-company-600x285.png 600w\" sizes=\"auto, (max-width: 1440px) 100vw, 1440px\" \/><\/em><\/p>\n<ul>\n<li>Logistic\u0103 na\u021bional\u0103<\/li>\n<li>Logistic\u0103 interna\u021bional\u0103<\/li>\n<li>Serviciu door-to-door \u0219i mut\u0103ri de gospod\u0103rie<\/li>\n<li>Manipularea efectelor personale<\/li>\n<li>Mut\u0103ri \u0219i logistic\u0103 de afaceri<\/li>\n<li>Transport rutier, maritim \u0219i aerian<\/li>\n<li>Brokeraj vamal<\/li>\n<li>Manipularea m\u0103rfurilor delicate \u0219i periculoase<\/li>\n<li>Transportul animalelor de companie<\/li>\n<li>Solu\u021bii de depozitare<\/li>\n<\/ul>\n<p>A I Freight Services sus\u021bine c\u0103 este una dintre cele mai importante companii de logistic\u0103 din Bangladesh, care ofer\u0103 servicii de expediere a m\u0103rfurilor, transport intern \u0219i brokeraj vamal. Este membru al IAM \u0219i are 23 de ani de activitate. Ei se adreseaz\u0103 \u00eentreprinderilor cu logistic\u0103 \u0219i distribu\u021bie, precum \u0219i mut\u0103ri, ofer\u0103, de asemenea, servicii de mutare a gospod\u0103riilor.<\/p>\n<p>A I Freight Services ofer\u0103 un serviciu de mut\u0103ri de la u\u0219\u0103 la u\u0219\u0103, care v\u0103 poate muta la nivel na\u021bional \u0219i interna\u021bional folosind transportul rutier, maritim \u0219i aerian. De asemenea, v\u0103 pot sprijini \u00een ceea ce prive\u0219te v\u0103muirea \u0219i brokerajul. Ace\u0219tia pot oferi servicii logistice specializate, inclusiv mutarea animalelor de companie \u0219i a m\u0103rfurilor delicate \u0219i periculoase. De asemenea, ofer\u0103 solu\u021bii de depozitare.<\/p>\n<p>Site web: <a href=\"http:\/\/www.aifs-bd.com\" target=\"_blank\" rel=\"noopener\">http:\/\/www.aifs-bd.com<\/a><\/p>\n<h2><span class=\"ez-toc-section\" id=\"2_Alpha_Logistics\"><\/span><strong>2. Alpha Logistics<\/strong><span class=\"ez-toc-section-end\"><\/span><\/h2>\n<p><em><img loading=\"lazy\" decoding=\"async\" class=\"alignnone size-full wp-image-5143\" src=\"https:\/\/moverdb.com\/wp-content\/uploads\/Alpha-Logistics-international-moving-company.png\" alt=\"Alpha Logistics companie de mutare interna\u021bional\u0103\" width=\"1440\" height=\"677\" data-wp-pid=\"5143\" srcset=\"https:\/\/moverdb.com\/wp-content\/uploads\/Alpha-Logistics-international-moving-company.png 1440w, https:\/\/moverdb.com\/wp-content\/uploads\/Alpha-Logistics-international-moving-company-300x141.png 300w, https:\/\/moverdb.com\/wp-content\/uploads\/Alpha-Logistics-international-moving-company-1024x481.png 1024w, https:\/\/moverdb.com\/wp-content\/uploads\/Alpha-Logistics-international-moving-company-18x8.png 18w, https:\/\/moverdb.com\/wp-content\/uploads\/Alpha-Logistics-international-moving-company-600x282.png 600w\" sizes=\"auto, (max-width: 1440px) 100vw, 1440px\" \/><\/em><\/p>\n<ul>\n<li>Transporturi na\u021bionale<\/li>\n<li>Transporturi interna\u021bionale<\/li>\n<li>Serviciu flexibil<\/li>\n<li>Se ocup\u0103 de o gam\u0103 larg\u0103 de m\u0103rfuri<\/li>\n<li>Serviciu din u\u0219\u0103 \u00een u\u0219\u0103<\/li>\n<li>Serviciu de la u\u0219\u0103 la aeroport sau la docuri<\/li>\n<li>Transport rutier, maritim \u0219i aerian<\/li>\n<li>Clearance personalizat<\/li>\n<li>Notific\u0103ri \u0219i dovezi de sosire<\/li>\n<li>Facilit\u0103\u021bi de depozitare pe termen scurt \u0219i lung<\/li>\n<\/ul>\n<p>Alpha Logistics a fost \u00eenfiin\u021bat\u0103 \u00een 1999 \u0219i sus\u021bine c\u0103 este unul dintre cei mai buni furnizori de servicii de transport de marf\u0103 \u0219i logistic\u0103 din Bangladesh. Ace\u0219tia sunt membri ai IAM \u00een calitate de companii de mutare \u0219i <a href=\"https:\/\/moverdb.com\/ro\/relocation-agents\/\" data-internallinksmanager029f6b8e52c=\"1\" title=\"7 Motive pentru care ar trebui s\u0103 folosi\u021bi un agent de relocare?\">agent de relocare<\/a>. Ace\u0219tia dispun de o re\u021bea de agen\u021bi globali care le permite s\u0103 \u00ee\u0219i ofere serviciile la nivel interna\u021bional.<\/p>\n<p>Alpha Logistics ofer\u0103 doar un serviciu de transport maritim \u00een cazul \u00een care ofer\u0103 servicii door-to-door, door-to-airport\/dock sau airport\/dock-to-door, care include \u0219i v\u0103muirea pentru transportul dumneavoastr\u0103. De asemenea, ace\u0219tia ofer\u0103 o gam\u0103 de camioane \u0219i camionete pentru a v\u0103 muta bunurile \u00een Bangladesh. Ace\u0219tia ofer\u0103 facilit\u0103\u021bi de depozitare pe termen scurt sau lung \u00een depozitele lor.<\/p>\n<p>Site web: <a href=\"http:\/\/www.alphagroupbd.com\" target=\"_blank\" rel=\"noopener\">http:\/\/www.alphagroupbd.com<\/a><\/p>\n<h2><span class=\"ez-toc-section\" id=\"3_Apolloline_Shipping_Service\"><\/span><strong>3. Serviciul de expediere Apolloline<\/strong><span class=\"ez-toc-section-end\"><\/span><\/h2>\n<p><img loading=\"lazy\" decoding=\"async\" class=\"alignnone size-full wp-image-5229\" src=\"https:\/\/moverdb.com\/wp-content\/uploads\/Apolloline-international-moving-company.png\" alt=\"Apolloline companie de mut\u0103ri interna\u021bionale\" width=\"1440\" height=\"682\" data-wp-pid=\"5229\" srcset=\"https:\/\/moverdb.com\/wp-content\/uploads\/Apolloline-international-moving-company.png 1440w, https:\/\/moverdb.com\/wp-content\/uploads\/Apolloline-international-moving-company-300x142.png 300w, https:\/\/moverdb.com\/wp-content\/uploads\/Apolloline-international-moving-company-1024x485.png 1024w, https:\/\/moverdb.com\/wp-content\/uploads\/Apolloline-international-moving-company-18x9.png 18w, https:\/\/moverdb.com\/wp-content\/uploads\/Apolloline-international-moving-company-600x284.png 600w\" sizes=\"auto, (max-width: 1440px) 100vw, 1440px\" \/><\/p>\n<ul>\n<li>Mut\u0103ri na\u021bionale<\/li>\n<li>Mut\u0103ri interna\u021bionale<\/li>\n<li>Mutarea birourilor \u0219i a gospod\u0103riilor<\/li>\n<li>Transport rutier, maritim \u0219i aerian<\/li>\n<li>Echipa profesional\u0103 de ambalatori<\/li>\n<li>Materiale de ambalare de \u00eenalt\u0103 calitate<\/li>\n<li>Antichit\u0103\u021bi \u0219i arte plastice<\/li>\n<li>V\u0103muire<\/li>\n<li><a href=\"https:\/\/moverdb.com\/ro\/car-transport-shipping\/\" data-internallinksmanager029f6b8e52c=\"2\" title=\"2026 Transport auto interna\u021bional \u0219i oferte de transport maritim de vehicule\">Transportul vehiculelor<\/a><\/li>\n<li>Solu\u021bii de depozitare<\/li>\n<\/ul>\n<p>Apolloline Shipping Service este o firm\u0103 interna\u021bional\u0103 de expedi\u021bie \u0219i de <a href=\"https:\/\/moverdb.com\/ro\/moving-companies\/\" data-internallinksmanager029f6b8e52c=\"79\" title=\"Top 25 Companii interna\u021bionale de mutare online\">companie \u00een mi\u0219care<\/a> cu sediul \u00een Dhaka \u0219i cu o sucursal\u0103 \u00een Chottogram. Ace\u0219tia pretind c\u0103 sunt un furnizor de top \u00een Bangladesh \u0219i sunt membri ai IAM, cu o vechime de 10 ani. Se ocup\u0103 de mut\u0103ri de birouri \u0219i gospod\u0103rii \u00een Bangladesh \u0219i la nivel interna\u021bional.<\/p>\n<p>Apolloline Shipping Service ofer\u0103 servicii de mutare care includ o echip\u0103 profesionist\u0103 de ambalatori care utilizeaz\u0103 cele mai bune tehnici de ambalare \u0219i mutare \u0219i materiale de ambalare de \u00eenalt\u0103 calitate pentru a v\u0103 proteja bunurile. Ace\u0219tia ofer\u0103 op\u021biuni de transport care includ transportul rutier, maritim \u0219i aerian \u0219i vor gestiona v\u0103muirea. De asemenea, ofer\u0103 facilit\u0103\u021bi de depozitare intermediar\u0103.<\/p>\n<p>Site web: <a href=\"http:\/\/www.apolloline.com\" target=\"_blank\" rel=\"noopener\">http:\/\/www.apolloline. com<\/a><\/p>\n<h2><span class=\"ez-toc-section\" id=\"4_Carry_Link_Packers_Shippers\"><\/span><strong>4. Carry Link Packers &amp; Shippers<\/strong><span class=\"ez-toc-section-end\"><\/span><\/h2>\n<p><em><img loading=\"lazy\" decoding=\"async\" class=\"alignnone size-full wp-image-5153\" src=\"https:\/\/moverdb.com\/wp-content\/uploads\/Carry-Link-Packers-and-Shippers-international-moving-company.png\" alt=\"Carry Link Packers \u0219i Shippers companie de transport interna\u021bional \u00een mi\u0219care\" width=\"1440\" height=\"677\" data-wp-pid=\"5153\" srcset=\"https:\/\/moverdb.com\/wp-content\/uploads\/Carry-Link-Packers-and-Shippers-international-moving-company.png 1440w, https:\/\/moverdb.com\/wp-content\/uploads\/Carry-Link-Packers-and-Shippers-international-moving-company-300x141.png 300w, https:\/\/moverdb.com\/wp-content\/uploads\/Carry-Link-Packers-and-Shippers-international-moving-company-1024x481.png 1024w, https:\/\/moverdb.com\/wp-content\/uploads\/Carry-Link-Packers-and-Shippers-international-moving-company-18x8.png 18w, https:\/\/moverdb.com\/wp-content\/uploads\/Carry-Link-Packers-and-Shippers-international-moving-company-600x282.png 600w\" sizes=\"auto, (max-width: 1440px) 100vw, 1440px\" \/><\/em><\/p>\n<ul>\n<li>Transport maritim na\u021bional<\/li>\n<li><a href=\"https:\/\/moverdb.com\/ro\/container-shipping\/\" data-internallinksmanager029f6b8e52c=\"3\" title=\"Graficul ratelor de transport maritim interna\u021bional de containere: Aprilie 2026\">Transport maritim interna\u021bional<\/a><\/li>\n<li>Mutarea gospod\u0103riilor<\/li>\n<li>Servicii de transport de marf\u0103 pentru \u00eentreprinderi<\/li>\n<li>Servicii door-to-door<\/li>\n<li>Transport terestru, aerian \u0219i maritim<\/li>\n<li>V\u0103muire<\/li>\n<li>Asigurare<\/li>\n<li>Facilit\u0103\u021bi de depozitare<\/li>\n<li>Re\u021bea de agen\u021bi asocia\u021bi din \u00eentreaga lume<\/li>\n<\/ul>\n<p>Carry Link Packers &amp; Shippers este un agent de mutare \u0219i transport maritim care a fost \u00eenfiin\u021bat \u00een 1999, are sediul \u00een Dhaka, Bangladesh \u0219i este membru al IAM, cu 20 de ani de activitate. Ace\u0219tia ofer\u0103 servicii de expediere, servicii de v\u0103muire \u0219i sprijin pentru ambalare. Ei se adreseaz\u0103 \u00eentreprinderilor cu nevoi de marf\u0103 \u0219i gospod\u0103riilor cu cerin\u021be de mutare.<\/p>\n<p>Carry Link Packers &amp; Shippers ofer\u0103 servicii door-to-door \u0219i servicii de ambalare pentru gospod\u0103rii pentru a le ajuta s\u0103 se mute acas\u0103 la nivel na\u021bional \u0219i interna\u021bional. Ace\u0219tia ofer\u0103 servicii de mutare pe uscat, pe mare \u0219i pe calea aerului, care includ asigurare \u0219i v\u0103muire. \u00ce\u0219i ofer\u0103 serviciile interna\u021bionale prin intermediul unei re\u021bele de agen\u021bi asocia\u021bi din \u00eentreaga lume.<\/p>\n<p>Site web: <a href=\"http:\/\/www.carrylink.org\" target=\"_blank\" rel=\"noopener\">http:\/\/www.carrylink.org<\/a><\/p>\n<h2><span class=\"ez-toc-section\" id=\"5_Homebound\"><\/span><strong>5. Legat la domiciliu<\/strong><span class=\"ez-toc-section-end\"><\/span><\/h2>\n<p><em><img loading=\"lazy\" decoding=\"async\" class=\"alignnone size-full wp-image-5174\" src=\"https:\/\/moverdb.com\/wp-content\/uploads\/Homebound-international-moving-company.png\" alt=\"Companie de mut\u0103ri interna\u021bionale la domiciliu\" width=\"1440\" height=\"678\" data-wp-pid=\"5174\" srcset=\"https:\/\/moverdb.com\/wp-content\/uploads\/Homebound-international-moving-company.png 1440w, https:\/\/moverdb.com\/wp-content\/uploads\/Homebound-international-moving-company-300x141.png 300w, https:\/\/moverdb.com\/wp-content\/uploads\/Homebound-international-moving-company-1024x482.png 1024w, https:\/\/moverdb.com\/wp-content\/uploads\/Homebound-international-moving-company-18x8.png 18w, https:\/\/moverdb.com\/wp-content\/uploads\/Homebound-international-moving-company-600x283.png 600w\" sizes=\"auto, (max-width: 1440px) 100vw, 1440px\" \/><\/em><\/p>\n<ul>\n<li>Reloc\u0103ri na\u021bionale<\/li>\n<li>Reloc\u0103ri interna\u021bionale<\/li>\n<li>Mutarea birourilor<\/li>\n<li>Reloc\u0103ri reziden\u021biale<\/li>\n<li>Transport rutier, maritim \u0219i aerian<\/li>\n<li>Brokeraj vamal \u0219i v\u0103muire<\/li>\n<li>Serviciul de ambalare folosind materiale de clas\u0103 mondial\u0103<\/li>\n<li>Asigurarea de tranzit<\/li>\n<li>Reloc\u0103ri de animale de companie<\/li>\n<li>Facilit\u0103\u021bi de depozitare pe termen scurt \u0219i lung<\/li>\n<\/ul>\n<p>Homebound este o companie de mut\u0103ri \u00eenfiin\u021bat\u0103 \u00een 1972, care este membr\u0103 a IAM \u0219i acreditat\u0103 de FIDI. Ei pretind c\u0103 sunt unul dintre cei mai importan\u021bi furnizori de servicii logistice de transport interna\u021bional din Bangladesh.  Ei se ocup\u0103 de mut\u0103ri de birouri \u0219i reziden\u021biale \u0219i pot oferi mut\u0103ri de animale de companie \u0219i facilit\u0103\u021bi de depozitare.<\/p>\n<p>Homebound ofer\u0103 un serviciu de relocalizare cu un consultant care va efectua un studiu, va oferi o estimare, va coordona mutarea \u0219i v\u0103 va sprijini \u00een fiecare etap\u0103. Serviciile lor de ambalare numeroteaz\u0103 \u0219i listeaz\u0103 obiectele dvs. \u00een timp ce le \u00eempacheteaz\u0103 \u00een siguran\u021b\u0103 \u00een materiale de ambalare de clas\u0103 mondial\u0103. Ofer\u0103, de asemenea, asisten\u021b\u0103 \u00een g\u0103sirea unei locuin\u021be.<\/p>\n<p>Site web: <a href=\"http:\/\/www.homeboundbd.com\" target=\"_blank\" rel=\"noopener\">http:\/\/www.homeboundbd.com<\/a> &nbsp;<\/p>","protected":false},"excerpt":{"rendered":"<p>If you are moving home in Bangladesh or about to move to or from Bangladesh, you may want to use a removal company to help ease the moving process. Moving is a stressful time so below we have gathered a list of companies who are members of the International Association of Movers (IAM) and\/or FIDI [&hellip;]<\/p>\n","protected":false},"author":4,"featured_media":0,"parent":190,"menu_order":0,"comment_status":"closed","ping_status":"closed","template":"","meta":{"_genesis_hide_title":false,"_genesis_hide_breadcrumbs":false,"_genesis_hide_singular_image":false,"_genesis_hide_footer_widgets":false,"_genesis_custom_body_class":"","_genesis_custom_post_class":"","_genesis_layout":"","footnotes":""},"class_list":{"0":"post-5228","1":"page","2":"type-page","3":"status-publish","5":"entry","6":"has-post-thumbnail"},"_links":{"self":[{"href":"https:\/\/moverdb.com\/ro\/wp-json\/wp\/v2\/pages\/5228","targetHints":{"allow":["GET"]}}],"collection":[{"href":"https:\/\/moverdb.com\/ro\/wp-json\/wp\/v2\/pages"}],"about":[{"href":"https:\/\/moverdb.com\/ro\/wp-json\/wp\/v2\/types\/page"}],"author":[{"embeddable":true,"href":"https:\/\/moverdb.com\/ro\/wp-json\/wp\/v2\/users\/4"}],"replies":[{"embeddable":true,"href":"https:\/\/moverdb.com\/ro\/wp-json\/wp\/v2\/comments?post=5228"}],"version-history":[{"count":1,"href":"https:\/\/moverdb.com\/ro\/wp-json\/wp\/v2\/pages\/5228\/revisions"}],"predecessor-version":[{"id":5230,"href":"https:\/\/moverdb.com\/ro\/wp-json\/wp\/v2\/pages\/5228\/revisions\/5230"}],"up":[{"embeddable":true,"href":"https:\/\/moverdb.com\/ro\/wp-json\/wp\/v2\/pages\/190"}],"wp:attachment":[{"href":"https:\/\/moverdb.com\/ro\/wp-json\/wp\/v2\/media?parent=5228"}],"curies":[{"name":"wp","href":"https:\/\/api.w.org\/{rel}","templated":true}]}}