{"id":5224,"date":"2022-10-24T11:53:37","date_gmt":"2022-10-24T11:53:37","guid":{"rendered":"https:\/\/moverdb.com\/?page_id=5224"},"modified":"2026-01-08T15:25:03","modified_gmt":"2026-01-08T15:25:03","slug":"azerbaidjan","status":"publish","type":"page","link":"https:\/\/moverdb.com\/ro\/moving-companies\/azerbaijan-moving-companies\/","title":{"rendered":"5 Cele mai bune companii de mutare interna\u021bional\u0103 \u00een Azerbaidjan"},"content":{"rendered":"<p>Mutarea casei poate fi stresant\u0103, a\u0219a c\u0103, dac\u0103 v\u0103 ajut\u0103 cineva s\u0103 v\u0103 muta\u021bi, pute\u021bi sc\u0103pa de presiune. Fie c\u0103 v\u0103 muta\u021bi \u00een Azerbaidjan, fie c\u0103 v\u0103 muta\u021bi \u00een sau din Azerbaidjan, exist\u0103 companii care v\u0103 pot ajuta. Am compilat o list\u0103 de <a href=\"https:\/\/moverdb.com\/ro\/international-removals\/\" data-internallinksmanager029f6b8e52c=\"27\" title=\"36 Cele mai bune companii de mut\u0103ri interna\u021bionale din Marea Britanie\">companii de mutare<\/a> de mai jos care sunt membri ai <a href=\"https:\/\/moverdb.com\/ro\/iam\/\" data-internallinksmanager029f6b8e52c=\"23\" title=\"Explica\u021bii despre Asocia\u021bia Interna\u021bional\u0103 a Transportatorilor (IAM)\">Asocia\u021bia Interna\u021bional\u0103 a Transportatorilor<\/a> (IAM) \u0219i\/sau <a href=\"https:\/\/moverdb.com\/ro\/fidi-faim\/\" data-internallinksmanager029f6b8e52c=\"16\" title=\"FIDI &amp; FAIM (FIDI Accredited International Mover) Explicat\">FIDI<\/a> Accredited International Mover (FAIM) care v\u0103 poate ajuta.<\/p>\n<div id=\"ez-toc-container\" class=\"ez-toc-v2_0_83 ez-toc-wrap-left counter-hierarchy ez-toc-counter ez-toc-transparent ez-toc-container-direction\">\n<div class=\"ez-toc-title-container\">\n<p class=\"ez-toc-title\" style=\"cursor:inherit\">Sec\u021biuni<\/p>\n<span class=\"ez-toc-title-toggle\"><a href=\"#\" class=\"ez-toc-pull-right ez-toc-btn ez-toc-btn-xs ez-toc-btn-default ez-toc-toggle\" aria-label=\"Comuta\u021bi tabelul de con\u021binut\"><span class=\"ez-toc-js-icon-con\"><span class=\"\"><span class=\"eztoc-hide\" style=\"display:none;\">Toggle<\/span><span class=\"ez-toc-icon-toggle-span\"><svg style=\"fill: #999;color:#999\" xmlns=\"http:\/\/www.w3.org\/2000\/svg\" class=\"list-377408\" width=\"20px\" height=\"20px\" viewbox=\"0 0 24 24\" fill=\"none\"><path d=\"M6 6H4v2h2V6zm14 0H8v2h12V6zM4 11h2v2H4v-2zm16 0H8v2h12v-2zM4 16h2v2H4v-2zm16 0H8v2h12v-2z\" fill=\"currentColor\"><\/path><\/svg><svg style=\"fill: #999;color:#999\" class=\"arrow-unsorted-368013\" xmlns=\"http:\/\/www.w3.org\/2000\/svg\" width=\"10px\" height=\"10px\" viewbox=\"0 0 24 24\" version=\"1.2\" baseprofile=\"tiny\"><path d=\"M18.2 9.3l-6.2-6.3-6.2 6.3c-.2.2-.3.4-.3.7s.1.5.3.7c.2.2.4.3.7.3h11c.3 0 .5-.1.7-.3.2-.2.3-.5.3-.7s-.1-.5-.3-.7zM5.8 14.7l6.2 6.3 6.2-6.3c.2-.2.3-.5.3-.7s-.1-.5-.3-.7c-.2-.2-.4-.3-.7-.3h-11c-.3 0-.5.1-.7.3-.2.2-.3.5-.3.7s.1.5.3.7z\"\/><\/svg><\/span><\/span><\/span><\/a><\/span><\/div>\n<nav><ul class='ez-toc-list ez-toc-list-level-1 eztoc-toggle-hide-by-default' ><li class='ez-toc-page-1 ez-toc-heading-level-2'><a class=\"ez-toc-link ez-toc-heading-1\" href=\"https:\/\/moverdb.com\/ro\/moving-companies\/azerbaijan-moving-companies\/#1_ACE_Forwarding\" >1. Redirec\u021bionarea ACE<\/a><\/li><li class='ez-toc-page-1 ez-toc-heading-level-2'><a class=\"ez-toc-link ez-toc-heading-2\" href=\"https:\/\/moverdb.com\/ro\/moving-companies\/azerbaijan-moving-companies\/#2_Allright_Moving_Storage\" >2. Allright Moving &amp; Storage<\/a><\/li><li class='ez-toc-page-1 ez-toc-heading-level-2'><a class=\"ez-toc-link ez-toc-heading-3\" href=\"https:\/\/moverdb.com\/ro\/moving-companies\/azerbaijan-moving-companies\/#3_Buddy-Mover\" >3. Buddy-Mover<\/a><\/li><li class='ez-toc-page-1 ez-toc-heading-level-2'><a class=\"ez-toc-link ez-toc-heading-4\" href=\"https:\/\/moverdb.com\/ro\/moving-companies\/azerbaijan-moving-companies\/#4_Gosselin\" >4. Gosselin<\/a><\/li><li class='ez-toc-page-1 ez-toc-heading-level-2'><a class=\"ez-toc-link ez-toc-heading-5\" href=\"https:\/\/moverdb.com\/ro\/moving-companies\/azerbaijan-moving-companies\/#5_Interdean_International_Relocations\" >5. Reloc\u0103ri interna\u021bionale Interdean<\/a><\/li><\/ul><\/nav><\/div>\n<h2><span class=\"ez-toc-section\" id=\"1_ACE_Forwarding\"><\/span><strong>1. Redirec\u021bionarea ACE<\/strong><span class=\"ez-toc-section-end\"><\/span><\/h2>\n<p><em><img loading=\"lazy\" decoding=\"async\" class=\"alignnone size-full wp-image-5136\" src=\"https:\/\/moverdb.com\/wp-content\/uploads\/ACE-Forwarding-international-moving-company.png\" alt=\"ACE Forwarding companie de mut\u0103ri interna\u021bionale\" width=\"1440\" height=\"685\" data-wp-pid=\"5136\" srcset=\"https:\/\/moverdb.com\/wp-content\/uploads\/ACE-Forwarding-international-moving-company.png 1440w, https:\/\/moverdb.com\/wp-content\/uploads\/ACE-Forwarding-international-moving-company-300x143.png 300w, https:\/\/moverdb.com\/wp-content\/uploads\/ACE-Forwarding-international-moving-company-1024x487.png 1024w, https:\/\/moverdb.com\/wp-content\/uploads\/ACE-Forwarding-international-moving-company-18x9.png 18w, https:\/\/moverdb.com\/wp-content\/uploads\/ACE-Forwarding-international-moving-company-600x285.png 600w\" sizes=\"auto, (max-width: 1440px) 100vw, 1440px\" \/><\/em><\/p>\n<ul>\n<li>Mut\u0103ri interna\u021bionale<\/li>\n<li>Servicii de relocare<\/li>\n<li>Mutarea gospod\u0103riilor \u0219i a firmelor<\/li>\n<li>Transport aerian, maritim, feroviar \u0219i rutier<\/li>\n<li>Transportul de m\u0103rfuri \u00een vrac, grupaj \u0219i containere<\/li>\n<li>Transport de art\u0103 fin\u0103<\/li>\n<li>Brokeraj vamal<\/li>\n<li>Transport de vehicule \u0219i b\u0103rci<\/li>\n<li>Transportul animalelor de companie<\/li>\n<li>Solu\u021bii de depozitare pe termen lung \u0219i scurt<\/li>\n<\/ul>\n<p>ACE Forwarding este o companie de logistic\u0103 multimodal\u0103 \u0219i de expedi\u021bie de m\u0103rfuri care a fost fondat\u0103 \u00een 1996 \u00een Azerbaidjan \u0219i care are birouri \u0219i \u00een <a href=\"https:\/\/moverdb.com\/ro\/moving-companies\/moving-companies-georgia\/\">Georgia<\/a>. Ei sunt membri ai IAM cu 25 de ani de activitate. Ofer\u0103 servicii de mutare \u00een Azerbaidjan, mut\u0103ri interna\u021bionale \u0219i servicii de relocare pentru gospod\u0103rii \u0219i \u00eentreprinderi.<\/p>\n<p>ACE Forwarding ofer\u0103 un studiu \u00eenainte de mutare \u0219i oferte de pre\u021b adaptate la nevoile dumneavoastr\u0103. Ace\u0219tia ofer\u0103 servicii de ambalare folosind materiale special concepute pentru con\u021binut \u0219i tehnici profesionale de ambalare, precum \u0219i de demontare \u0219i asamblare a mobilierului. De asemenea, v\u0103 pot ajuta cu brokerajul vamal, transportul animalelor de companie \u0219i al vehiculelor, asigurarea \u0219i depozitarea pe termen scurt sau lung.<\/p>\n<p>Site web: <a href=\"http:\/\/www.acecaspian.com\" target=\"_blank\" rel=\"noopener\">http:\/\/www.acecaspian.com<\/a><\/p>\n<h2><span class=\"ez-toc-section\" id=\"2_Allright_Moving_Storage\"><\/span><strong>2. Allright Moving &amp; Storage<\/strong><span class=\"ez-toc-section-end\"><\/span><\/h2>\n<p><em><img loading=\"lazy\" decoding=\"async\" class=\"alignnone size-full wp-image-5141\" src=\"https:\/\/moverdb.com\/wp-content\/uploads\/Allright-Moving-and-Storage-international-moving-company.png\" alt=\"Allright Moving and Storage companie de mutare interna\u021bional\u0103\" width=\"1440\" height=\"677\" data-wp-pid=\"5141\" srcset=\"https:\/\/moverdb.com\/wp-content\/uploads\/Allright-Moving-and-Storage-international-moving-company.png 1440w, https:\/\/moverdb.com\/wp-content\/uploads\/Allright-Moving-and-Storage-international-moving-company-300x141.png 300w, https:\/\/moverdb.com\/wp-content\/uploads\/Allright-Moving-and-Storage-international-moving-company-1024x481.png 1024w, https:\/\/moverdb.com\/wp-content\/uploads\/Allright-Moving-and-Storage-international-moving-company-18x8.png 18w, https:\/\/moverdb.com\/wp-content\/uploads\/Allright-Moving-and-Storage-international-moving-company-600x282.png 600w\" sizes=\"auto, (max-width: 1440px) 100vw, 1440px\" \/><\/em><\/p>\n<ul>\n<li>Mut\u0103ri locale \u0219i na\u021bionale<\/li>\n<li>Mut\u0103ri interna\u021bionale<\/li>\n<li>Mut\u0103ri reziden\u021biale<\/li>\n<li>Mutarea birourilor \u0219i a corpora\u021biilor<\/li>\n<li>Personal profesionist \u0219i amabil<\/li>\n<li>Demontarea \u0219i montarea mobilierului<\/li>\n<li>Asigurarea de tranzit<\/li>\n<li>V\u0103muire<\/li>\n<li><a href=\"https:\/\/moverdb.com\/ro\/car-transport-shipping\/\" data-internallinksmanager029f6b8e52c=\"2\" title=\"2026 Transport auto interna\u021bional \u0219i oferte de transport maritim de vehicule\">Transportul auto<\/a><\/li>\n<li>Solu\u021bii de depozitare<\/li>\n<\/ul>\n<p>Allright Moving &amp; Storage sus\u021bine c\u0103 este una dintre cele mai importante companii de transport de marf\u0103 \u0219i de relocalizare din Azerbaidjan. Ace\u0219tia ofer\u0103 servicii de mutare a gospod\u0103riilor \u0219i corpora\u021biilor \u00een, din sau c\u0103tre Azerbaidjan. Sunt membri ai IAM cu 7 ani de activitate. Ei au o re\u021bea de subcontractori \u0219i parteneri de mut\u0103ri interna\u021bionale care \u00eei ajut\u0103 cu mut\u0103ri interna\u021bionale.<\/p>\n<p>Allright Moving &amp; Storage pune la dispozi\u021bie inspectori cu experien\u021b\u0103 pentru a v\u0103 evalua nevoile \u0219i a v\u0103 oferi sfaturi. Ace\u0219tia v\u0103 vor \u00eempacheta bunurile, vor demonta \u0219i asambla mobilierul, precum \u0219i asigurarea de tranzit \u0219i v\u0103muirea. De asemenea, v\u0103 pot oferi servicii de transport auto. Ofer\u0103 spa\u021bii de depozitare pe termen scurt sau lung, complet securizate \u0219i cu clim\u0103 controlat\u0103.<\/p>\n<p>Site web: <a href=\"http:\/\/www.allrightmoving.com\" target=\"_blank\" rel=\"noopener\">http:\/\/www.allrightmoving.com<\/a><\/p>\n<h2><span class=\"ez-toc-section\" id=\"3_Buddy-Mover\"><\/span><strong>3. Buddy-Mover<\/strong><span class=\"ez-toc-section-end\"><\/span><\/h2>\n<p><em><img loading=\"lazy\" decoding=\"async\" class=\"alignnone size-full wp-image-5151\" src=\"https:\/\/moverdb.com\/wp-content\/uploads\/Buddy-Mover-international-moving-company.png\" alt=\"Buddy Mover companie de mutare interna\u021bional\u0103\" width=\"1440\" height=\"680\" data-wp-pid=\"5151\" srcset=\"https:\/\/moverdb.com\/wp-content\/uploads\/Buddy-Mover-international-moving-company.png 1440w, https:\/\/moverdb.com\/wp-content\/uploads\/Buddy-Mover-international-moving-company-300x142.png 300w, https:\/\/moverdb.com\/wp-content\/uploads\/Buddy-Mover-international-moving-company-1024x484.png 1024w, https:\/\/moverdb.com\/wp-content\/uploads\/Buddy-Mover-international-moving-company-18x9.png 18w, https:\/\/moverdb.com\/wp-content\/uploads\/Buddy-Mover-international-moving-company-600x283.png 600w\" sizes=\"auto, (max-width: 1440px) 100vw, 1440px\" \/><\/em><\/p>\n<ul>\n<li>Mut\u0103ri locale \u0219i na\u021bionale<\/li>\n<li>Mut\u0103ri interna\u021bionale<\/li>\n<li>Mut\u0103ri reziden\u021biale<\/li>\n<li>Mi\u0219c\u0103ri de afaceri<\/li>\n<li>Personal profesionist \u0219i calificat<\/li>\n<li>Standard ridicat de ambalare<\/li>\n<li>Inventare pentru a v\u0103 urm\u0103ri bunurile<\/li>\n<li>Transport rutier, aerian \u0219i maritim<\/li>\n<li>Asigurarea de tranzit<\/li>\n<li>Depozitare pe termen scurt sau lung<\/li>\n<\/ul>\n<p>Buddy-Mover este o companie de mut\u0103ri cu sediul \u00een Baku, Azerbaidjan, membr\u0103 IAM cu 4 ani de activitate. Ofer\u0103 servicii de mutare locale, na\u021bionale \u0219i interna\u021bionale care se adreseaz\u0103 at\u00e2t clien\u021bilor reziden\u021biali, c\u00e2t \u0219i celor de afaceri. Ei angajeaz\u0103 personal profesionist care este foarte bine preg\u0103tit \u00een tehnici de mutare \u0219i ambalare.<\/p>\n<p>Buddy-Mover ofer\u0103 un sondaj fa\u021b\u0103 \u00een fa\u021b\u0103 \u00eenainte de mutare pentru a v\u0103 evalua nevoile, cerin\u021bele vamale \u0219i op\u021biunile de transport. Personalul lor de mutare v\u0103 va \u00eempacheta bunurile \u00een siguran\u021b\u0103, va crea un inventar \u0219i va aranja transportul rutier, aerian sau maritim. De asemenea, ofer\u0103 op\u021biuni de depozitare securizat\u0103 pe termen scurt sau lung \u00een depozitul lor de depozitare cu bolt\u0103.<\/p>\n<p>Site web: <a href=\"http:\/\/www.buddy-mover.com\" target=\"_blank\" rel=\"noopener\">http:\/\/www.buddy-mover.com<\/a><\/p>\n<h2><span class=\"ez-toc-section\" id=\"4_Gosselin\"><\/span><strong>4. Gosselin<\/strong><span class=\"ez-toc-section-end\"><\/span><\/h2>\n<p><em><img loading=\"lazy\" decoding=\"async\" class=\"alignnone size-full wp-image-5170\" src=\"https:\/\/moverdb.com\/wp-content\/uploads\/Gosselin-Azerbaijan-international-moving-company.png\" alt=\"Gosselin Azerbaidjan companie de mutare interna\u021bional\u0103\" width=\"1440\" height=\"681\" data-wp-pid=\"5170\" srcset=\"https:\/\/moverdb.com\/wp-content\/uploads\/Gosselin-Azerbaijan-international-moving-company.png 1440w, https:\/\/moverdb.com\/wp-content\/uploads\/Gosselin-Azerbaijan-international-moving-company-300x142.png 300w, https:\/\/moverdb.com\/wp-content\/uploads\/Gosselin-Azerbaijan-international-moving-company-1024x484.png 1024w, https:\/\/moverdb.com\/wp-content\/uploads\/Gosselin-Azerbaijan-international-moving-company-18x9.png 18w, https:\/\/moverdb.com\/wp-content\/uploads\/Gosselin-Azerbaijan-international-moving-company-600x284.png 600w\" sizes=\"auto, (max-width: 1440px) 100vw, 1440px\" \/><\/em><\/p>\n<ul>\n<li>Mut\u0103ri interna\u021bionale<\/li>\n<li>Mutarea gospod\u0103riei<\/li>\n<li>Mutarea biroului<\/li>\n<li>Ambalare, transport \u0219i despachetare<\/li>\n<li>Arte plastice \u00een mi\u0219care<\/li>\n<li>Mutarea animalelor de companie<\/li>\n<li>Transportul auto<\/li>\n<li>Solu\u021bii de depozitare<\/li>\n<li>Exces de bagaje<\/li>\n<li>Servicii de expozi\u021bii itinerante<\/li>\n<\/ul>\n<p>Gosselin este o firm\u0103 de mut\u0103ri care face parte din Grupul Gosselin, fondat \u00een 1930 \u00een <a href=\"https:\/\/moverdb.com\/ro\/moving-to-belgium\/\" data-internallinksmanager029f6b8e52c=\"323\" title=\"V\u0103 muta\u021bi \u00een Belgia? 2026 Costuri de trai \u0219i sfaturi de relocare\">Belgia<\/a> \u0219i \u00ee\u0219i desf\u0103\u0219oar\u0103 activitatea \u00een Azerbaidjan de peste 20 de ani. Se adreseaz\u0103 diploma\u021bilor, angaja\u021bilor corpora\u021biilor \u0219i gospod\u0103riilor private care fac transport interna\u021bional. Sunt membri ai IAM, cu 23 de ani de activitate.<\/p>\n<p>Gosselin ofer\u0103 un serviciu personalizat pentru a satisface nevoile familiei sau ale afacerii dumneavoastr\u0103, cu un serviciu de ambalare profesionist, materiale de ambalare de top \u0219i servicii de despachetare. Ace\u0219tia ofer\u0103 asigurare, mutarea artelor frumoase, transportul auto \u0219i mutarea animalelor de companie care este certificat\u0103 Ipata. De asemenea, pot oferi solu\u021bii de depozitare \u0219i servicii de expediere, inclusiv exces de bagaje \u0219i expozi\u021bii itinerante.<\/p>\n<p>Site web: <a href=\"https:\/\/gosselin-moving.com\/azerbaijan\" target=\"_blank\" rel=\"noopener\">https:\/\/gosselin-moving.com\/azerbaijan<\/a><\/p>\n<h2><span class=\"ez-toc-section\" id=\"5_Interdean_International_Relocations\"><\/span><strong>5. Reloc\u0103ri interna\u021bionale Interdean<\/strong><span class=\"ez-toc-section-end\"><\/span><\/h2>\n<p><em><img loading=\"lazy\" decoding=\"async\" class=\"alignnone size-full wp-image-5175\" src=\"https:\/\/moverdb.com\/wp-content\/uploads\/Interdean-International-Relocations-international-moving-company.png\" alt=\"Interdean International Relocations companie de mut\u0103ri interna\u021bionale\" width=\"1440\" height=\"683\" data-wp-pid=\"5175\" srcset=\"https:\/\/moverdb.com\/wp-content\/uploads\/Interdean-International-Relocations-international-moving-company.png 1440w, https:\/\/moverdb.com\/wp-content\/uploads\/Interdean-International-Relocations-international-moving-company-300x142.png 300w, https:\/\/moverdb.com\/wp-content\/uploads\/Interdean-International-Relocations-international-moving-company-1024x486.png 1024w, https:\/\/moverdb.com\/wp-content\/uploads\/Interdean-International-Relocations-international-moving-company-18x9.png 18w, https:\/\/moverdb.com\/wp-content\/uploads\/Interdean-International-Relocations-international-moving-company-600x285.png 600w\" sizes=\"auto, (max-width: 1440px) 100vw, 1440px\" \/><\/em><\/p>\n<ul>\n<li>Mut\u0103ri interna\u021bionale<\/li>\n<li>Mi\u0219c\u0103ri de acas\u0103<\/li>\n<li>Mi\u0219c\u0103ri corporative<\/li>\n<li>Serviciul de relocare<\/li>\n<li>Preg\u0103tirea, \u00eempachetarea \u0219i despachetarea bunurilor dumneavoastr\u0103<\/li>\n<li>Op\u021biuni de transport rutier, maritim \u0219i aerian<\/li>\n<li>Asigurarea de tranzit<\/li>\n<li>Sprijin pentru v\u0103muire<\/li>\n<li>Depozitare pe termen scurt sau lung<\/li>\n<li>Asisten\u021b\u0103 \u00een g\u0103sirea unei locuin\u021be sau a unei chirii pe termen scurt<\/li>\n<\/ul>\n<p>Interdean International Relocations este o companie de management al mut\u0103rilor interna\u021bionale, cu sediul \u00een Baku, Azerbaidjan. Sunt membri ai IAM \u0219i au 24 de ani de activitate, fiind totodat\u0103 acredita\u021bi de FIDI.<\/p>\n<p>Interdean International Relocations pune la dispozi\u021bie cutii specializate concepute pentru a proteja c\u00e2t mai bine con\u021binutul \u0219i l\u0103zi personalizate pentru obiectele valoroase sau fragile. Ace\u0219tia vor face un inventar complet al bunurilor dumneavoastr\u0103, le vor despacheta \u0219i vor \u00eendep\u0103rta toate materialele de ambalare. Ace\u0219tia ofer\u0103 transport rutier, aerian \u0219i maritim \u0219i v\u0103 vor ajuta cu v\u0103muirea. Ofer\u0103, de asemenea, o varietate de solu\u021bii de depozitare pentru cantit\u0103\u021bi mici sau mari, pe termen scurt sau lung.<\/p>\n<p>Site web: <a href=\"http:\/\/www.interdean.com.az\" target=\"_blank\" rel=\"noopener\">http:\/\/www.interdean.com.az<\/a><\/p>","protected":false},"excerpt":{"rendered":"<p>Moving home can be stressful so getting someone to assist you in your move can help release the pressure. Whether you are moving within Azerbaijan, or moving to or from Azerbaijan, there are companies that can assist. We have compiled a list of removal companies below that are members of the International Association of Movers [&hellip;]<\/p>\n","protected":false},"author":4,"featured_media":0,"parent":190,"menu_order":0,"comment_status":"closed","ping_status":"closed","template":"","meta":{"_genesis_hide_title":false,"_genesis_hide_breadcrumbs":false,"_genesis_hide_singular_image":false,"_genesis_hide_footer_widgets":false,"_genesis_custom_body_class":"","_genesis_custom_post_class":"","_genesis_layout":"","footnotes":""},"class_list":{"0":"post-5224","1":"page","2":"type-page","3":"status-publish","5":"entry","6":"has-post-thumbnail"},"_links":{"self":[{"href":"https:\/\/moverdb.com\/ro\/wp-json\/wp\/v2\/pages\/5224","targetHints":{"allow":["GET"]}}],"collection":[{"href":"https:\/\/moverdb.com\/ro\/wp-json\/wp\/v2\/pages"}],"about":[{"href":"https:\/\/moverdb.com\/ro\/wp-json\/wp\/v2\/types\/page"}],"author":[{"embeddable":true,"href":"https:\/\/moverdb.com\/ro\/wp-json\/wp\/v2\/users\/4"}],"replies":[{"embeddable":true,"href":"https:\/\/moverdb.com\/ro\/wp-json\/wp\/v2\/comments?post=5224"}],"version-history":[{"count":2,"href":"https:\/\/moverdb.com\/ro\/wp-json\/wp\/v2\/pages\/5224\/revisions"}],"predecessor-version":[{"id":7595,"href":"https:\/\/moverdb.com\/ro\/wp-json\/wp\/v2\/pages\/5224\/revisions\/7595"}],"up":[{"embeddable":true,"href":"https:\/\/moverdb.com\/ro\/wp-json\/wp\/v2\/pages\/190"}],"wp:attachment":[{"href":"https:\/\/moverdb.com\/ro\/wp-json\/wp\/v2\/media?parent=5224"}],"curies":[{"name":"wp","href":"https:\/\/api.w.org\/{rel}","templated":true}]}}