{"id":4726,"date":"2022-09-30T19:17:44","date_gmt":"2022-09-30T19:17:44","guid":{"rendered":"https:\/\/moverdb.com\/?page_id=4726"},"modified":"2026-01-08T13:20:35","modified_gmt":"2026-01-08T13:20:35","slug":"papua-noua-guinee","status":"publish","type":"page","link":"https:\/\/moverdb.com\/ro\/container-shipping\/papua-new-guinea\/","title":{"rendered":"2026 Transport maritim de marf\u0103 container Tarife de transport maritim c\u0103tre \u0219i din Papua Noua Guinee"},"content":{"rendered":"<figure class=\"wp-block-image size-full\"><img loading=\"lazy\" decoding=\"async\" width=\"1000\" height=\"562\" src=\"https:\/\/moverdb.com\/wp-content\/uploads\/papua-new-guinea.jpg\" alt=\"Un cartier plutitor \u00een ora\u0219ul Port Moresby din Papua Noua Guinee\" class=\"wp-image-4708\" srcset=\"https:\/\/moverdb.com\/wp-content\/uploads\/papua-new-guinea.jpg 1000w, https:\/\/moverdb.com\/wp-content\/uploads\/papua-new-guinea-300x169.jpg 300w, https:\/\/moverdb.com\/wp-content\/uploads\/papua-new-guinea-18x10.jpg 18w, https:\/\/moverdb.com\/wp-content\/uploads\/papua-new-guinea-600x337.jpg 600w\" sizes=\"auto, (max-width: 1000px) 100vw, 1000px\" \/><\/figure>\n\n\n\n<p>Mul\u021bi expatria\u021bi decid s\u0103 se mute \u00een <strong>Papua Noua <a href=\"https:\/\/moverdb.com\/ro\/moving-companies\/moving-companies-guinea\/\" data-internallinksmanager029f6b8e52c=\"231\" title=\"2 Cele mai bune companii de mut\u0103ri interna\u021bionale \u00een Guineea\">Guineea<\/a> <\/strong>\u00een ciuda faptului c\u0103 aceast\u0103 \u021bar\u0103 insular\u0103 din Oceania este \u00eenc\u0103 subdezvoltat\u0103 \u00een general.<\/p>\n\n\n\n<p>Papua Noua Guinee este foarte promi\u021b\u0103toare \u00een ceea ce prive\u0219te soarta sa \u00een viitorul apropiat. Popula\u021bia sa este foarte cald\u0103 \u0219i prietenoas\u0103 fa\u021b\u0103 de str\u0103ini \u0219i este, de asemenea, foarte harnic\u0103 \u0219i hot\u0103r\u00e2t\u0103 s\u0103 \u00ee\u0219i ridice societatea la niveluri economice mai \u00eenalte.<\/p>\n\n\n\n<p>Dac\u0103 a\u021bi ob\u021binut un loc de munc\u0103 \u00een aceast\u0103 \u021bar\u0103 fermec\u0103toare sau pur \u0219i simplu vre\u021bi s\u0103 v\u0103 construi\u021bi o via\u021b\u0103 \u00eentr-un loc mai lini\u0219tit \u0219i mai retras, trebuie s\u0103 v\u0103 informa\u021bi cu privire la costurile de transport al obiectelor de uz casnic acolo.<\/p>\n\n\n\n<p>Acest articol v\u0103 va ajuta s\u0103 descoperi\u021bi cele mai mici Papua Noua Guinee <a href=\"https:\/\/moverdb.com\/ro\/container-shipping\/\" data-internallinksmanager029f6b8e52c=\"3\" title=\"Graficul ratelor de transport maritim interna\u021bional de containere: Aprilie 2026\">tarifele de transport maritim \u00een containere<\/a>. \u00cen tabelele de mai jos, am inclus toate destina\u021biile din \u00eentreaga lume pentru care am putut g\u0103si pre\u021buri.<\/p>\n\n\n\n<p>De asemenea, v\u0103 \u00eencuraj\u0103m s\u0103 utiliza\u021bi instrumentul nostru de estimare a pre\u021bului pentru a ob\u021bine un pre\u021b exact \u00een func\u021bie de loca\u021bia dvs. exact\u0103.<\/p>\n\n\n\n<h2 class=\"wp-block-heading\">Costurile de transport maritim de containere \u00een Papua Noua Guinee (Port Moresby)<\/h2>\n\n\n<div class=\"wp-block-image\">\n<figure class=\"aligncenter size-large\"><img loading=\"lazy\" decoding=\"async\" width=\"1024\" height=\"539\" src=\"https:\/\/moverdb.com\/wp-content\/uploads\/Shipping-Container-Costs-to-Papua-New-Guinea-1024x539.png\" alt=\"Costurile de transport maritim de containere \u00een Papua Noua Guinee (Port Moresby)\" class=\"wp-image-4711\" srcset=\"https:\/\/moverdb.com\/wp-content\/uploads\/Shipping-Container-Costs-to-Papua-New-Guinea-1024x539.png 1024w, https:\/\/moverdb.com\/wp-content\/uploads\/Shipping-Container-Costs-to-Papua-New-Guinea-300x158.png 300w, https:\/\/moverdb.com\/wp-content\/uploads\/Shipping-Container-Costs-to-Papua-New-Guinea-1536x809.png 1536w, https:\/\/moverdb.com\/wp-content\/uploads\/Shipping-Container-Costs-to-Papua-New-Guinea-18x9.png 18w, https:\/\/moverdb.com\/wp-content\/uploads\/Shipping-Container-Costs-to-Papua-New-Guinea-600x316.png 600w, https:\/\/moverdb.com\/wp-content\/uploads\/Shipping-Container-Costs-to-Papua-New-Guinea.png 2000w\" sizes=\"auto, (max-width: 1024px) 100vw, 1024px\" \/><\/figure>\n<\/div>\n\n\n<table id=\"tablepress-183\" class=\"tablepress tablepress-id-183\">\n<thead>\n<tr class=\"row-1\">\n\t<th class=\"column-1\">\u021aara de destina\u021bie (<a href=\"https:\/\/moverdb.com\/ro\/top-49-container-ports\/\" data-internallinksmanager029f6b8e52c=\"80\" title=\"Top 49 cele mai mari \u0219i mai aglomerate porturi de containere \u00een 2026\">Port<\/a>\/ora\u0219)<\/th><th class=\"column-2\">20FT<\/th><th class=\"column-3\">40FT<\/th>\n<\/tr>\n<\/thead>\n<tbody class=\"row-striping row-hover\">\n<tr class=\"row-2\">\n\t<td class=\"column-1\"><a href=\"https:\/\/moverdb.com\/ro\/container-shipping\/andorra\/\" data-internallinksmanager029f6b8e52c=\"88\" title=\"2026 Taxe de transport maritim de m\u0103rfuri containerizate c\u0103tre \u0219i din Andorra\">Andorra (Andorra la Vella)<\/a><\/td><td class=\"column-2\">$4,396<\/td><td class=\"column-3\">$8,053<\/td>\n<\/tr>\n<tr class=\"row-3\">\n\t<td class=\"column-1\"><a href=\"https:\/\/moverdb.com\/ro\/container-shipping\/antigua-and-barbuda\/\" data-internallinksmanager029f6b8e52c=\"92\" title=\"2026 Transport maritim de m\u0103rfuri containerizate Tarife de transport maritim c\u0103tre \u0219i din Antigua \u0219i Barbuda\">Antigua \u0219i Barbuda (St John's)<\/a><\/td><td class=\"column-2\">$1,825<\/td><td class=\"column-3\">N\/A<\/td>\n<\/tr>\n<tr class=\"row-4\">\n\t<td class=\"column-1\"><a href=\"https:\/\/moverdb.com\/ro\/container-shipping\/argentina\/\" data-internallinksmanager029f6b8e52c=\"91\" title=\"2026 Transport maritim de marf\u0103 container Taxe de transport maritim c\u0103tre \u0219i din Argentina\">Argentina (Buenos Aires)<\/a><\/td><td class=\"column-2\">$2,845<\/td><td class=\"column-3\">N\/A<\/td>\n<\/tr>\n<tr class=\"row-5\">\n\t<td class=\"column-1\"><a href=\"https:\/\/moverdb.com\/ro\/container-shipping\/aruba\/\" data-internallinksmanager029f6b8e52c=\"90\" title=\"2026 Taxe de expediere a containerelor de marf\u0103 maritim\u0103 c\u0103tre \u0219i din Aruba\">Aruba (Oranjestad)<\/a><\/td><td class=\"column-2\">$2,845<\/td><td class=\"column-3\">N\/A<\/td>\n<\/tr>\n<tr class=\"row-6\">\n\t<td class=\"column-1\"><a href=\"https:\/\/moverdb.com\/ro\/container-shipping\/australia\/\" data-internallinksmanager029f6b8e52c=\"89\" title=\"2026 Tarife de transport maritim de containere c\u0103tre \u0219i din Australia\">Australia (Sydney)<\/a><\/td><td class=\"column-2\">$1,561<\/td><td class=\"column-3\">$2,083<\/td>\n<\/tr>\n<tr class=\"row-7\">\n\t<td class=\"column-1\"><a href=\"https:\/\/moverdb.com\/ro\/container-shipping\/austria\/\" data-internallinksmanager029f6b8e52c=\"95\" title=\"2026 Taxe de transport maritim de m\u0103rfuri containerizate c\u0103tre \u0219i din Austria\">Austria (Viena)<\/a><\/td><td class=\"column-2\">$4,641<\/td><td class=\"column-3\">N\/A<\/td>\n<\/tr>\n<tr class=\"row-8\">\n\t<td class=\"column-1\"><a href=\"https:\/\/moverdb.com\/ro\/container-shipping\/france\/\" data-internallinksmanager029f6b8e52c=\"116\" title=\"2026 Taxe de expediere a containerelor de transport maritim de marf\u0103 c\u0103tre \u0219i din Fran\u021ba\">Fran\u021ba (Marsilia)<\/a><\/td><td class=\"column-2\">$2,035<\/td><td class=\"column-3\">$3,465<\/td>\n<\/tr>\n<tr class=\"row-9\">\n\t<td class=\"column-1\"><a href=\"https:\/\/moverdb.com\/ro\/container-shipping\/germany\/\" data-internallinksmanager029f6b8e52c=\"118\" title=\"2026 Taxe de expediere a containerelor de transport maritim de marf\u0103 c\u0103tre \u0219i din Germania\">Germania (Hamburg)<\/a><\/td><td class=\"column-2\">$1,177<\/td><td class=\"column-3\">$2,037<\/td>\n<\/tr>\n<tr class=\"row-10\">\n\t<td class=\"column-1\"><a href=\"https:\/\/moverdb.com\/ro\/container-shipping\/india\/\" data-internallinksmanager029f6b8e52c=\"125\" title=\"2026 Transport maritim de m\u0103rfuri container de transport maritim Tarife de expediere c\u0103tre \u0219i din India\">India (Mumbai)<\/a><\/td><td class=\"column-2\">$3,614<\/td><td class=\"column-3\">$4,317<\/td>\n<\/tr>\n<tr class=\"row-11\">\n\t<td class=\"column-1\"><a href=\"https:\/\/moverdb.com\/ro\/container-shipping\/isle-of-man\/\" data-internallinksmanager029f6b8e52c=\"128\" title=\"2026 Taxe de expediere a containerelor de marf\u0103 maritim\u0103 c\u0103tre \u0219i din Insula Man\">Insula Man (Douglas)<\/a><\/td><td class=\"column-2\">$1,925<\/td><td class=\"column-3\">$3,255<\/td>\n<\/tr>\n<tr class=\"row-12\">\n\t<td class=\"column-1\"><a href=\"https:\/\/moverdb.com\/ro\/container-shipping\/lithuania\/\" data-internallinksmanager029f6b8e52c=\"145\" title=\"2026 Taxe de transport maritim de m\u0103rfuri containerizate c\u0103tre \u0219i din Lituania\">Lituania (Klaipeda)<\/a><\/td><td class=\"column-2\">$1,177<\/td><td class=\"column-3\">$2,096<\/td>\n<\/tr>\n<tr class=\"row-13\">\n\t<td class=\"column-1\"><a href=\"https:\/\/moverdb.com\/ro\/moving-to-luxembourg\/\" data-internallinksmanager029f6b8e52c=\"349\" title=\"V\u0103 muta\u021bi \u00een Luxemburg? 2026 Costurile vie\u021bii \u0219i sfaturi de relocare\">Luxemburg<\/a><\/td><td class=\"column-2\">$1,786<\/td><td class=\"column-3\">$2,390<\/td>\n<\/tr>\n<tr class=\"row-14\">\n\t<td class=\"column-1\"><a href=\"https:\/\/moverdb.com\/ro\/container-shipping\/philippines\/\" data-internallinksmanager029f6b8e52c=\"156\" title=\"2026 Taxe de expediere a containerelor de marf\u0103 maritim\u0103 c\u0103tre \u0219i din Filipine\">Filipine (Manila)<\/a><\/td><td class=\"column-2\">$3,754<\/td><td class=\"column-3\">N\/A<\/td>\n<\/tr>\n<tr class=\"row-15\">\n\t<td class=\"column-1\"><a href=\"https:\/\/moverdb.com\/ro\/container-shipping\/thailand\/\" data-internallinksmanager029f6b8e52c=\"189\" title=\"2026 Transport maritim de m\u0103rfuri container de transport maritim Tarife de expediere c\u0103tre \u0219i din Thailanda\">Thailanda (Laem Chabang)<\/a><\/td><td class=\"column-2\">$3,200<\/td><td class=\"column-3\">$7,050<\/td>\n<\/tr>\n<tr class=\"row-16\">\n\t<td class=\"column-1\"><a href=\"https:\/\/moverdb.com\/ro\/moving-to-the-united-states\/\" data-internallinksmanager029f6b8e52c=\"94\" title=\"V\u0103 muta\u021bi \u00een Statele Unite? 2026 Costurile vie\u021bii \u0219i sfaturi de relocare\">SUA<\/a> (<a href=\"https:\/\/moverdb.com\/ro\/moving-to-los-angeles\/\" data-internallinksmanager029f6b8e52c=\"51\" title=\"V\u0103 muta\u021bi \u00een Los Angeles? 2026 Costuri de trai \u0219i sfaturi de relocare \u00een LA\">Los Angeles<\/a>)<\/td><td class=\"column-2\">$2,730<\/td><td class=\"column-3\">$3,666<\/td>\n<\/tr>\n<tr class=\"row-17\">\n\t<td class=\"column-1\"><a href=\"https:\/\/moverdb.com\/ro\/container-shipping\/united-states\/\" data-internallinksmanager029f6b8e52c=\"87\" title=\"2026 Taxe de expediere a containerelor de marf\u0103 maritim\u0103 c\u0103tre \u0219i din SUA\">SUA (New York)<\/a><\/td><td class=\"column-2\">$3,371<\/td><td class=\"column-3\">$4,658<\/td>\n<\/tr>\n<\/tbody>\n<\/table>\n<!-- #tablepress-183 from cache -->\n\n\n\n<h2 class=\"wp-block-heading\">Costurile de transport maritim de containere din Papua Noua Guinee (Port Moresby)<\/h2>\n\n\n<div class=\"wp-block-image\">\n<figure class=\"aligncenter size-large\"><img loading=\"lazy\" decoding=\"async\" width=\"1024\" height=\"539\" src=\"https:\/\/moverdb.com\/wp-content\/uploads\/Shipping-Container-Costs-from-Papua-New-Guinea-1024x539.png\" alt=\"Costurile de transport maritim de containere din Papua Noua Guinee (Port Moresby)\" class=\"wp-image-4709\" srcset=\"https:\/\/moverdb.com\/wp-content\/uploads\/Shipping-Container-Costs-from-Papua-New-Guinea-1024x539.png 1024w, https:\/\/moverdb.com\/wp-content\/uploads\/Shipping-Container-Costs-from-Papua-New-Guinea-300x158.png 300w, https:\/\/moverdb.com\/wp-content\/uploads\/Shipping-Container-Costs-from-Papua-New-Guinea-1536x809.png 1536w, https:\/\/moverdb.com\/wp-content\/uploads\/Shipping-Container-Costs-from-Papua-New-Guinea-18x9.png 18w, https:\/\/moverdb.com\/wp-content\/uploads\/Shipping-Container-Costs-from-Papua-New-Guinea-600x316.png 600w, https:\/\/moverdb.com\/wp-content\/uploads\/Shipping-Container-Costs-from-Papua-New-Guinea.png 2000w\" sizes=\"auto, (max-width: 1024px) 100vw, 1024px\" \/><\/figure>\n<\/div>\n\n\n<table id=\"tablepress-179\" class=\"tablepress tablepress-id-179\">\n<thead>\n<tr class=\"row-1\">\n\t<th class=\"column-1\">\u021aara de destina\u021bie (port\/ora\u0219)<\/th><th class=\"column-2\">20FT<\/th><th class=\"column-3\">40FT<\/th>\n<\/tr>\n<\/thead>\n<tbody class=\"row-striping row-hover\">\n<tr class=\"row-2\">\n\t<td class=\"column-1\">Andorra (Andorra la Vella)<\/td><td class=\"column-2\">N\/A<\/td><td class=\"column-3\">$12,406<\/td>\n<\/tr>\n<tr class=\"row-3\">\n\t<td class=\"column-1\">Argentina (Buenos Aires)<\/td><td class=\"column-2\">$9,863<\/td><td class=\"column-3\">$13,934<\/td>\n<\/tr>\n<tr class=\"row-4\">\n\t<td class=\"column-1\">Aruba (Oranjestad)<\/td><td class=\"column-2\">$10,171<\/td><td class=\"column-3\">N\/A<\/td>\n<\/tr>\n<tr class=\"row-5\">\n\t<td class=\"column-1\">Australia (Sydney)<\/td><td class=\"column-2\">N\/A<\/td><td class=\"column-3\">$12,406<\/td>\n<\/tr>\n<tr class=\"row-6\">\n\t<td class=\"column-1\"><a href=\"https:\/\/moverdb.com\/ro\/container-shipping\/cambodia\/\" data-internallinksmanager029f6b8e52c=\"101\" title=\"2026 Transport maritim de marf\u0103 container Tarife de transport maritim c\u0103tre \u0219i din Cambodgia\">Cambodgia (Sihanoukville)<\/a><\/td><td class=\"column-2\">$1,303<\/td><td class=\"column-3\">$2,886<\/td>\n<\/tr>\n<tr class=\"row-7\">\n\t<td class=\"column-1\"><a href=\"https:\/\/moverdb.com\/ro\/container-shipping\/croatia\/\" data-internallinksmanager029f6b8e52c=\"107\" title=\"2026 Transport maritim de m\u0103rfuri container Tarife de transport maritim c\u0103tre \u0219i din Croa\u021bia\">Croa\u021bia (Rijeka)<\/a><\/td><td class=\"column-2\">$10,226<\/td><td class=\"column-3\">$8,025<\/td>\n<\/tr>\n<tr class=\"row-8\">\n\t<td class=\"column-1\"><a href=\"https:\/\/moverdb.com\/ro\/container-shipping\/finland\/\" data-internallinksmanager029f6b8e52c=\"115\" title=\"2026 Taxe de expediere a containerelor de transport maritim de marf\u0103 c\u0103tre \u0219i din Finlanda\">Finlanda (Helsinki)<\/a><\/td><td class=\"column-2\">$1,595<\/td><td class=\"column-3\">$3,045<\/td>\n<\/tr>\n<tr class=\"row-9\">\n\t<td class=\"column-1\">Guam<\/td><td class=\"column-2\">$10,226<\/td><td class=\"column-3\">$8,025<\/td>\n<\/tr>\n<tr class=\"row-10\">\n\t<td class=\"column-1\"><a href=\"https:\/\/moverdb.com\/ro\/container-shipping\/iceland\/\" data-internallinksmanager029f6b8e52c=\"124\" title=\"2026 Taxe de expediere a containerelor de marf\u0103 maritim\u0103 c\u0103tre \u0219i din Islanda\">Islanda (Reykjavik)<\/a><\/td><td class=\"column-2\">$1,567<\/td><td class=\"column-3\">$2,518<\/td>\n<\/tr>\n<tr class=\"row-11\">\n\t<td class=\"column-1\"><a href=\"https:\/\/moverdb.com\/ro\/container-shipping\/indonesia\/\" data-internallinksmanager029f6b8e52c=\"126\" title=\"2026 Transport maritim de m\u0103rfuri container de transport Tarife de transport maritim c\u0103tre \u0219i din Indonezia\">Indonezia (Jakarta)<\/a><\/td><td class=\"column-2\">$1,561<\/td><td class=\"column-3\">$2,083<\/td>\n<\/tr>\n<tr class=\"row-12\">\n\t<td class=\"column-1\">Lituania (Klaipeda)<\/td><td class=\"column-2\">$1,397<\/td><td class=\"column-3\">$2,754<\/td>\n<\/tr>\n<tr class=\"row-13\">\n\t<td class=\"column-1\">Luxemburg<\/td><td class=\"column-2\">N\/A<\/td><td class=\"column-3\">$9,192<\/td>\n<\/tr>\n<\/tbody>\n<\/table>\n<!-- #tablepress-179 from cache -->\n\n\n\n<h3 class=\"wp-block-heading\">Note privind datele:<\/h3>\n\n\n\n<ul class=\"wp-block-list\"><li>Toate cifrele $ sunt exprimate \u00een dolari americani (USD);<\/li><li>Tarifele sunt exacte de la \u00eenceputul anului 2022;<\/li><li>H\u0103r\u021bile din acest articol au fost create folosind <a href=\"https:\/\/www.mapchart.net\" target=\"_blank\" rel=\"noreferrer noopener\">https:\/\/www.mapchart.net<\/a>. Sunte\u021bi liberi s\u0103 distribui\u021bi h\u0103r\u021bile, at\u00e2ta timp c\u00e2t furniza\u021bi un link de atribuire c\u0103tre <a href=\"https:\/\/moverdb.com\/ro\/\" target=\"_blank\" rel=\"noreferrer noopener\">MoverDB<\/a>;<\/li><li>Tarifele de mai sus sunt doar estimative \u0219i se pot modifica de la data public\u0103rii acestui articol (aprilie 2022). Acestea se bazeaz\u0103 pe cea mai mic\u0103 rat\u0103 estimat\u0103 fie de la <a href=\"https:\/\/www.searates.com\" target=\"_blank\" rel=\"noreferrer noopener\">https:\/\/www.searates.com<\/a> sau <a href=\"https:\/\/www.gocomet.com\/freight-shipping-rates-index-calculator\" target=\"_blank\" rel=\"noreferrer noopener\">https:\/\/www.gocomet.com<\/a>;<\/li><li>Pentru a ob\u021bine o idee mai exact\u0103 a costului pentru dumneavoastr\u0103, v\u0103 rug\u0103m s\u0103 utiliza\u021bi formularul de ofert\u0103 din partea de sus a acestei pagini;<\/li><li>V\u0103 rug\u0103m s\u0103 consulta\u021bi \u0219i ghidul nostru pentru <a href=\"https:\/\/moverdb.com\/ro\/transport-maritim-de-containere\/\" target=\"_blank\" rel=\"noreferrer noopener\">transportul maritim interna\u021bional de containere<\/a>.<\/li><\/ul>","protected":false},"excerpt":{"rendered":"<p>Many expats decide to move to Papua New Guinea despite the fact that this Oceania island country is still underdeveloped at large. Papua New Guinea shows a lot of promise for its fate in the near future. Its people are very warm and friendly toward foreigners and they are also very hardworking and resolute to [&hellip;]<\/p>\n","protected":false},"author":2,"featured_media":4708,"parent":44,"menu_order":0,"comment_status":"closed","ping_status":"closed","template":"","meta":{"_genesis_hide_title":false,"_genesis_hide_breadcrumbs":false,"_genesis_hide_singular_image":false,"_genesis_hide_footer_widgets":false,"_genesis_custom_body_class":"","_genesis_custom_post_class":"","_genesis_layout":"","footnotes":""},"class_list":{"0":"post-4726","1":"page","2":"type-page","3":"status-publish","4":"has-post-thumbnail","6":"entry"},"_links":{"self":[{"href":"https:\/\/moverdb.com\/ro\/wp-json\/wp\/v2\/pages\/4726","targetHints":{"allow":["GET"]}}],"collection":[{"href":"https:\/\/moverdb.com\/ro\/wp-json\/wp\/v2\/pages"}],"about":[{"href":"https:\/\/moverdb.com\/ro\/wp-json\/wp\/v2\/types\/page"}],"author":[{"embeddable":true,"href":"https:\/\/moverdb.com\/ro\/wp-json\/wp\/v2\/users\/2"}],"replies":[{"embeddable":true,"href":"https:\/\/moverdb.com\/ro\/wp-json\/wp\/v2\/comments?post=4726"}],"version-history":[{"count":1,"href":"https:\/\/moverdb.com\/ro\/wp-json\/wp\/v2\/pages\/4726\/revisions"}],"predecessor-version":[{"id":4727,"href":"https:\/\/moverdb.com\/ro\/wp-json\/wp\/v2\/pages\/4726\/revisions\/4727"}],"up":[{"embeddable":true,"href":"https:\/\/moverdb.com\/ro\/wp-json\/wp\/v2\/pages\/44"}],"wp:featuredmedia":[{"embeddable":true,"href":"https:\/\/moverdb.com\/ro\/wp-json\/wp\/v2\/media\/4708"}],"wp:attachment":[{"href":"https:\/\/moverdb.com\/ro\/wp-json\/wp\/v2\/media?parent=4726"}],"curies":[{"name":"wp","href":"https:\/\/api.w.org\/{rel}","templated":true}]}}