{"id":4641,"date":"2022-09-20T19:45:42","date_gmt":"2022-09-20T19:45:42","guid":{"rendered":"https:\/\/moverdb.com\/?page_id=4641"},"modified":"2026-01-08T15:24:10","modified_gmt":"2026-01-08T15:24:10","slug":"algeria","status":"publish","type":"page","link":"https:\/\/moverdb.com\/ro\/moving-companies\/algeria\/","title":{"rendered":"3 Cele mai bune companii de mutare interna\u021bional\u0103 \u00een Algeria"},"content":{"rendered":"<p>Dac\u0103 v\u0103 muta\u021bi \u00een Algeria sau dori\u021bi s\u0103 v\u0103 muta\u021bi \u00een sau din Algeria, este posibil s\u0103 ave\u021bi nevoie de un <a href=\"https:\/\/moverdb.com\/ro\/moving-companies\/\" data-internallinksmanager029f6b8e52c=\"79\" title=\"Top 25 Companii interna\u021bionale de mutare online\">companie \u00een mi\u0219care<\/a> pentru a v\u0103 ajuta. Mai jos este o list\u0103 a celor care sunt membri ai <a href=\"https:\/\/moverdb.com\/ro\/iam\/\" data-internallinksmanager029f6b8e52c=\"23\" title=\"Explica\u021bii despre Asocia\u021bia Interna\u021bional\u0103 a Transportatorilor (IAM)\">Asocia\u021bia Interna\u021bional\u0103 a Transportatorilor<\/a> (IAM) \u0219i\/sau <a href=\"https:\/\/moverdb.com\/ro\/fidi-faim\/\" data-internallinksmanager029f6b8e52c=\"16\" title=\"FIDI &amp; FAIM (FIDI Accredited International Mover) Explicat\">FIDI<\/a> Accredited International Mover (FAIM), care sper\u0103m c\u0103 v\u0103 va ajuta.<\/p>\n<h2><strong>1. Scopul Intermovers<\/strong><\/h2>\n<p><em><img loading=\"lazy\" decoding=\"async\" class=\"alignnone wp-image-4642 size-full\" src=\"https:\/\/moverdb.com\/wp-content\/uploads\/Aim-Intermovers-international-moving-company.png\" alt=\"Aim Intermovers companie de mutare interna\u021bional\u0103\" width=\"1440\" height=\"677\" data-wp-pid=\"4642\" srcset=\"https:\/\/moverdb.com\/wp-content\/uploads\/Aim-Intermovers-international-moving-company.png 1440w, https:\/\/moverdb.com\/wp-content\/uploads\/Aim-Intermovers-international-moving-company-300x141.png 300w, https:\/\/moverdb.com\/wp-content\/uploads\/Aim-Intermovers-international-moving-company-1024x481.png 1024w, https:\/\/moverdb.com\/wp-content\/uploads\/Aim-Intermovers-international-moving-company-18x8.png 18w, https:\/\/moverdb.com\/wp-content\/uploads\/Aim-Intermovers-international-moving-company-600x282.png 600w\" sizes=\"auto, (max-width: 1440px) 100vw, 1440px\" \/><\/em><\/p>\n<ul>\n<li>Asigur\u0103 mut\u0103ri na\u021bionale \u00een cele 48 de wilaya din Algeria \u0219i mut\u0103ri interna\u021bionale<\/li>\n<li>Mutarea birourilor<\/li>\n<li>Serviciul de arhivare<\/li>\n<li>Ofer\u0103 transport rutier, maritim \u0219i aerian de bunuri<\/li>\n<li>Echip\u0103 profesionist\u0103 de transportatori<\/li>\n<li>Furnizeaz\u0103 materiale de ambalare \u0219i cutii de carton<\/li>\n<li>Asigur\u0103 dezasamblarea \u0219i ambalarea mobilierului \u0219i apoi reasamblarea acestuia<\/li>\n<li>Va manipula cu sensibilitate bunuri cum ar fi operele de art\u0103<\/li>\n<li>De asemenea, ei produc l\u0103zi din lemn \u0219i <a href=\"https:\/\/moverdb.com\/ro\/iata\/\" data-internallinksmanager029f6b8e52c=\"22\" title=\"Asocia\u021bia Interna\u021bional\u0103 de Transport Aerian (IATA) - Explica\u021bii\">IATA<\/a> cartoane<\/li>\n<li>Se ofer\u0103 o vizit\u0103 tehnic\u0103 f\u0103r\u0103 niciun angajament<\/li>\n<\/ul>\n<p>Aim Intermovers este o companie algerian\u0103 de mut\u0103ri care ofer\u0103 servicii \u00een toat\u0103 \u021bara \u00een cele 48 de wilaya din Algeria \u0219i mut\u0103ri interna\u021bionale. Ace\u0219tia pun la dispozi\u021bie un departament de tranzit care va gestiona toate aranjamentele pentru mutarea dumneavoastr\u0103, inclusiv orice cerin\u021be de import \u0219i export. Ei sunt membri ai IAM de 9 ani.<\/p>\n<p>Printre clien\u021bii Aim Intermovers se num\u0103r\u0103 furnizarea de servicii de mutare pentru companii na\u021bionale \u0219i interna\u021bionale, companii str\u0103ine, companii petroliere \u0219i ambasade. Ace\u0219tia ofer\u0103 o ofert\u0103 gratuit\u0103 cu o vizit\u0103 tehnic\u0103 f\u0103r\u0103 obliga\u021bii. Ofer\u0103 un serviciu cuprinz\u0103tor care include furnizarea de materiale de ambalare \u0219i containere, precum \u0219i servicii de ambalare \u0219i servicii de dezasamblare \u0219i reasamblare.<\/p>\n<p>Site web: <a href=\"http:\/\/www.aimintermovers.dz\" target=\"_blank\" rel=\"noopener\">http:\/\/www.aimintermovers.dz<\/a><\/p>\n<h2><strong>2. Algeria Pack and Move<\/strong><\/h2>\n<p><em><img loading=\"lazy\" decoding=\"async\" class=\"alignnone size-full wp-image-4643\" src=\"https:\/\/moverdb.com\/wp-content\/uploads\/Algeria-Pack-and-Move-international-moving-company.png\" alt=\"Algeria Pack and Move companie de mutare interna\u021bional\u0103\" width=\"1440\" height=\"629\" data-wp-pid=\"4643\" srcset=\"https:\/\/moverdb.com\/wp-content\/uploads\/Algeria-Pack-and-Move-international-moving-company.png 1440w, https:\/\/moverdb.com\/wp-content\/uploads\/Algeria-Pack-and-Move-international-moving-company-300x131.png 300w, https:\/\/moverdb.com\/wp-content\/uploads\/Algeria-Pack-and-Move-international-moving-company-1024x447.png 1024w, https:\/\/moverdb.com\/wp-content\/uploads\/Algeria-Pack-and-Move-international-moving-company-18x8.png 18w, https:\/\/moverdb.com\/wp-content\/uploads\/Algeria-Pack-and-Move-international-moving-company-600x262.png 600w\" sizes=\"auto, (max-width: 1440px) 100vw, 1440px\" \/><\/em><\/p>\n<ul>\n<li>Deplas\u0103ri na\u021bionale \u00een Algeria<\/li>\n<li>Muta\u021bii interna\u021bionale c\u0103tre \u0219i dinspre Algeria<\/li>\n<li>Se adreseaz\u0103 at\u00e2t \u00eentreprinderilor, c\u00e2t \u0219i gospodinelor<\/li>\n<li>Ofer\u0103 un pachet de servicii de mutare pe nivele<\/li>\n<li>\u00cendep\u0103rtare, transport \u0219i livrare<\/li>\n<li>Ambalarea \u0219i despachetarea mobilierului<\/li>\n<li>Ambalarea \u0219i despachetarea tuturor efectelor<\/li>\n<li>Demontarea \u0219i remontarea mobilierului<\/li>\n<li>Administrarea tuturor exporturilor \u0219i importurilor<\/li>\n<li>Fac parte dintr-o re\u021bea interna\u021bional\u0103 de firme de mut\u0103ri<\/li>\n<\/ul>\n<p>Algeria Pack and Move, cunoscut\u0103 \u0219i sub numele de APM, se adreseaz\u0103 \u00eentreprinderilor \u0219i gospod\u0103riilor care sunt algerieni, expatria\u021bi sau diploma\u021bi. Au fost fondate \u00een 2005 \u0219i sunt membre ale IAM de 15 ani. Ofer\u0103 mut\u0103ri interna\u021bionale \u00een parteneriat cu o re\u021bea de parteneri de pe cele 7 continente \u0219i ofer\u0103 sprijin administrativ \u00een gestionarea mut\u0103rii dumneavoastr\u0103, inclusiv expediere, vam\u0103, <a href=\"https:\/\/moverdb.com\/ro\/top-49-container-ports\/\" data-internallinksmanager029f6b8e52c=\"80\" title=\"Top 49 cele mai mari \u0219i mai aglomerate porturi de containere \u00een 2026\">port<\/a> \u0219i formalit\u0103\u021bile de aeroport.<\/p>\n<p>APM ofer\u0103 trei niveluri de servicii de mutare - nivelul 1 de mutare \u0219i transport, nivelul 2 include, de asemenea, ambalarea \u0219i despachetarea mobilei, iar nivelul 3 include, \u00een plus, ambalarea \u0219i despachetarea tuturor efectelor. Ace\u0219tia ofer\u0103, de asemenea, facilit\u0103\u021bi de depozitare dac\u0103 este necesar.<\/p>\n<p>Site web: <a href=\"http:\/\/www.algeriapm.com\" target=\"_blank\" rel=\"noopener\">http:\/\/www.algeriapm.com<\/a><\/p>\n<h2><strong>3. Un campion al mut\u0103rilor<\/strong><\/h2>\n<p><em><img loading=\"lazy\" decoding=\"async\" class=\"alignnone size-full wp-image-4644\" src=\"https:\/\/moverdb.com\/wp-content\/uploads\/One-Champion-Removals-international-moving-company.png\" alt=\"One Champion Removals companie de mut\u0103ri interna\u021bionale\" width=\"1440\" height=\"683\" data-wp-pid=\"4644\" srcset=\"https:\/\/moverdb.com\/wp-content\/uploads\/One-Champion-Removals-international-moving-company.png 1440w, https:\/\/moverdb.com\/wp-content\/uploads\/One-Champion-Removals-international-moving-company-300x142.png 300w, https:\/\/moverdb.com\/wp-content\/uploads\/One-Champion-Removals-international-moving-company-1024x486.png 1024w, https:\/\/moverdb.com\/wp-content\/uploads\/One-Champion-Removals-international-moving-company-18x9.png 18w, https:\/\/moverdb.com\/wp-content\/uploads\/One-Champion-Removals-international-moving-company-600x285.png 600w\" sizes=\"auto, (max-width: 1440px) 100vw, 1440px\" \/><\/em><\/p>\n<ul>\n<li>Servicii de mutare local\u0103 \u0219i intern\u0103<\/li>\n<li>Servicii interna\u021bionale<\/li>\n<li>Transport rutier, maritim \u0219i aerian<\/li>\n<li>Ambalare \u0219i despachetare<\/li>\n<li>Demontarea \u0219i reasamblarea mobilierului<\/li>\n<li>Supravegherea v\u0103milor<\/li>\n<li>Serviciu complet asigurat, sigur \u0219i securizat<\/li>\n<li>F\u0103r\u0103 costuri ascunse<\/li>\n<li>Ofer\u0103 facilit\u0103\u021bi de depozitare<\/li>\n<li>Ofer\u0103, de asemenea, un serviciu de relocare pentru a ajuta la g\u0103sirea unei propriet\u0103\u021bi<\/li>\n<\/ul>\n<p>One Champion Removals sunt un Algeria cu sediul \u00een Algeria <a href=\"https:\/\/moverdb.com\/ro\/international-removals\/\" data-internallinksmanager029f6b8e52c=\"27\" title=\"36 Cele mai bune companii de mut\u0103ri interna\u021bionale din Marea Britanie\">companie de mut\u0103ri<\/a> care este membru al IAM de 3 ani. Ace\u0219tia pun la dispozi\u021bie o echip\u0103 bine informat\u0103 \u0219i experimentat\u0103 care v\u0103 poate ajuta cu mutarea la nivel local, na\u021bional \u0219i interna\u021bional.<\/p>\n<p>One Champion Removals ofer\u0103 servicii de mutare care pot fi efectuate pe cale rutier\u0103, maritim\u0103 \u0219i aerian\u0103, iar echipa lor se va ocupa de toate documentele, cum ar fi cerin\u021bele vamale. Ace\u0219tia ofer\u0103 un serviciu complet asigurat, care este sigur \u0219i securizat. De asemenea, ofer\u0103 facilit\u0103\u021bi de depozitare securizat\u0103 pentru bunurile dumneavoastr\u0103 \u0219i un serviciu de relocare pentru a v\u0103 ajuta s\u0103 g\u0103si\u021bi o proprietate potrivit\u0103.<\/p>\n<p>Site web: <a href=\"http:\/\/www.championinternationalmoving.com\" target=\"_blank\" rel=\"noopener\">http:\/\/www.championinternationalmoving.com<\/a><\/p>","protected":false},"excerpt":{"rendered":"<p>If you are moving in Algeria, or are wanting to move to or from Algeria, you may need a moving company to assist you. Below is a list of those that are members of the International Association of Movers (IAM) and\/or FIDI Accredited International Mover (FAIM) which will hopefully help you. 1. Aim Intermovers Provides [&hellip;]<\/p>\n","protected":false},"author":4,"featured_media":0,"parent":190,"menu_order":0,"comment_status":"closed","ping_status":"closed","template":"","meta":{"_genesis_hide_title":false,"_genesis_hide_breadcrumbs":false,"_genesis_hide_singular_image":false,"_genesis_hide_footer_widgets":false,"_genesis_custom_body_class":"","_genesis_custom_post_class":"","_genesis_layout":"","footnotes":""},"class_list":{"0":"post-4641","1":"page","2":"type-page","3":"status-publish","5":"entry","6":"has-post-thumbnail"},"_links":{"self":[{"href":"https:\/\/moverdb.com\/ro\/wp-json\/wp\/v2\/pages\/4641","targetHints":{"allow":["GET"]}}],"collection":[{"href":"https:\/\/moverdb.com\/ro\/wp-json\/wp\/v2\/pages"}],"about":[{"href":"https:\/\/moverdb.com\/ro\/wp-json\/wp\/v2\/types\/page"}],"author":[{"embeddable":true,"href":"https:\/\/moverdb.com\/ro\/wp-json\/wp\/v2\/users\/4"}],"replies":[{"embeddable":true,"href":"https:\/\/moverdb.com\/ro\/wp-json\/wp\/v2\/comments?post=4641"}],"version-history":[{"count":3,"href":"https:\/\/moverdb.com\/ro\/wp-json\/wp\/v2\/pages\/4641\/revisions"}],"predecessor-version":[{"id":4653,"href":"https:\/\/moverdb.com\/ro\/wp-json\/wp\/v2\/pages\/4641\/revisions\/4653"}],"up":[{"embeddable":true,"href":"https:\/\/moverdb.com\/ro\/wp-json\/wp\/v2\/pages\/190"}],"wp:attachment":[{"href":"https:\/\/moverdb.com\/ro\/wp-json\/wp\/v2\/media?parent=4641"}],"curies":[{"name":"wp","href":"https:\/\/api.w.org\/{rel}","templated":true}]}}