{"id":454,"date":"2016-07-03T20:25:43","date_gmt":"2016-07-03T20:25:43","guid":{"rendered":"http:\/\/moverdb.com\/?page_id=454"},"modified":"2026-01-08T15:30:41","modified_gmt":"2026-01-08T15:30:41","slug":"organizatia-mondiala-a-vamilor","status":"publish","type":"page","link":"https:\/\/moverdb.com\/ro\/world-customs-organization\/","title":{"rendered":"Explica\u021bii despre Organiza\u021bia Mondial\u0103 a V\u0103milor (OMV)"},"content":{"rendered":"<p>Organiza\u021bia Mondial\u0103 a V\u0103milor (OMV) este un organism interguvernamental independent care reprezint\u0103 vocea comunit\u0103\u021bii vamale. <\/p>\n<p>Acesta a fost \u00eenfiin\u021bat pentru a face administra\u021biile vamale din \u00eentreaga lume mai eficiente, coordonate \u0219i eficace.<\/p>\n<p><strong>Date cheie despre WCO:<\/strong><\/p>\n<ul>\n<li>  OMD are 180 de membri, iar ace\u0219tia sunt administra\u021bii vamale din \u00eentreaga lume.<\/li>\n<li>  Trei sferturi dintre membrii OMV sunt \u021b\u0103ri \u00een curs de dezvoltare.<\/li>\n<li>  Membrii OMV sunt responsabili pentru gestionarea a peste 98% din comer\u021bul mondial.<\/li>\n<li>  OMA a fost \u00eenfiin\u021bat\u0103 \u00een 1952 sub denumirea de Consiliul de Cooperare Vamal\u0103.<\/li>\n<li>  OMV este condus\u0103 de un Consiliu, care se bazeaz\u0103 pe un secretariat format din peste 100 de func\u021bionari interna\u021bionali, exper\u021bi tehnici \u0219i personal de sprijin.<\/li>\n<li>  OMA \u00ee\u0219i are sediul la Bruxelles, <a href=\"https:\/\/moverdb.com\/ro\/moving-to-belgium\/\" data-internallinksmanager029f6b8e52c=\"323\" title=\"V\u0103 muta\u021bi \u00een Belgia? 2026 Costuri de trai \u0219i sfaturi de relocare\">Belgia<\/a>.<\/li>\n<li>  OMV nu se ocup\u0103 de reclama\u021biile privind v\u0103mile, de exemplu taxele vamale - \u00een calitate de organiza\u021bie interguvernamental\u0103, nu este responsabil\u0103 de administrarea legisla\u021biei na\u021bionale \u0219i declar\u0103 \u00een mod expres c\u0103 nu are competen\u021be \u00een acest sens.<\/li>\n<li>  Limbile oficiale ale OMD sunt engleza \u0219i franceza.<\/li>\n<li>  OMA este finan\u021bat\u0103 din contribu\u021biile anuale ale membrilor, precum \u0219i din contribu\u021bii voluntare \u0219i dona\u021bii.<\/li>\n<li>  OMA a fost responsabil\u0103 pentru o serie de instrumente vamale, cum ar fi Conven\u021bia interna\u021bional\u0103 privind Sistemul armonizat de denumire \u0219i codificare a m\u0103rfurilor.<\/li>\n<\/ul>\n<p><strong>Profilul Organiza\u021biei Mondiale a V\u0103milor:<\/strong><\/p>\n<p>OMD se autointituleaz\u0103 vocea comunit\u0103\u021bii vamale \u0219i este singura organiza\u021bie interna\u021bional\u0103 cu competen\u021be \u00een domeniul vamal. Acest lucru o face s\u0103 fie o for\u021b\u0103 cheie \u00een a contribui la cre\u0219terea comer\u021bului interna\u021bional legitim, precum \u0219i \u00een a dezvolta m\u0103suri de combatere a fraudei \u0219i a furtului. <\/p>\n<p>Scopul OMD este de a consolida leg\u0103turile dintre administra\u021biile vamale \u0219i partenerii lor, astfel \u00eenc\u00e2t s\u0103 se creeze un mediu vamal puternic \u0219i transparent. <\/p>\n<p>De asemenea, a f\u0103cut o prioritate din sprijinirea protec\u021biei societ\u0103\u021bii \u0219i a teritoriului na\u021bional, precum \u0219i din asigurarea \u0219i facilitarea comer\u021bului interna\u021bional, \u00een special \u00een fa\u021ba amenin\u021b\u0103rilor terorismului global. <\/p>\n<p>OMD consider\u0103 c\u0103 frontierele despart, dar v\u0103mile leag\u0103. Aceasta \u00ee\u0219i descrie viziunea ca fiind \"un lider dinamic al moderniz\u0103rii \u0219i al conectivit\u0103\u021bii \u00eentr-o lume \u00een schimbare rapid\u0103\" \u0219i declar\u0103 c\u0103 misiunea sa este de a oferi conducere, \u00eendrumare \u0219i sprijin administra\u021biilor vamale pentru a securiza \u0219i facilita comer\u021bul legitim, a realiza venituri, a proteja societatea \u0219i a consolida capacit\u0103\u021bile.<\/p>\n<p><strong>Criterii de aderare:<\/strong><\/p>\n<p>Membrii OMD sunt administra\u021biile vamale, astfel \u00eenc\u00e2t pe site-ul web nu sunt enumerate criterii de aderare.<\/p>\n<p><strong>Opinii despre WCO:<\/strong><\/p>\n<p>OMA este un organism vamal mondial bine stabilit, cu <a href=\"http:\/\/www.britannica.com\/topic\/World-Customs-Organization\" target=\"_blank\" rel=\"noopener\">o intrare \u00een enciclopedia Britannica<\/a>. <a href=\"https:\/\/www.wto.org\/english\/thewto_e\/coher_e\/wto_wco_e.htm\" target=\"_blank\" rel=\"noopener\">Organiza\u021bia Mondial\u0103 a Comer\u021bului descrie<\/a> OMA ca organism cu care coopereaz\u0103 \u00een mod regulat, \u00een special \u00een ceea ce prive\u0219te clasificarea m\u0103rfurilor. <\/p>\n<p>OMA este men\u021bionat\u0103 pe site-urile guvernamentale, descris\u0103 ca fiind \"lider \u00een extinderea c\u0103ilor comer\u021bului interna\u021bional \u0219i a securit\u0103\u021bii\" \u0219i are \u00een mod clar un statut interna\u021bional recunoscut. \u00cen ceea ce prive\u0219te membrii, cei care ader\u0103 au tendin\u021ba de a anun\u021ba acest lucru - de exemplu, Uniunea European\u0103, care a anun\u021bat c\u0103 <a href=\"http:\/\/ec.europa.eu\/taxation_customs\/common\/international_affairs\/wco\/index_en.htm\" target=\"_blank\" rel=\"noopener\">OMV a acceptat<\/a> cererea sa de aderare \u00eencep\u00e2nd cu 1 iulie 2007.<\/p>\n<blockquote><p>Toate chestiunile vamale, inclusiv dezvoltarea de instrumente, standarde \u0219i instrumente globale, simplificarea \u0219i armonizarea procedurilor vamale, promovarea competitivit\u0103\u021bii economice, securitatea \u0219i facilitarea lan\u021bului de aprovizionare global, consolidarea activit\u0103\u021bilor de aplicare \u0219i de conformitate vamale, protec\u021bia s\u0103n\u0103t\u0103\u021bii \u0219i siguran\u021bei publice, men\u021binerea nomenclaturii interna\u021bionale a m\u0103rfurilor din Sistemul armonizat, asigurarea veniturilor, consolidarea durabil\u0103 a capacit\u0103\u021bilor vamale \u0219i asisten\u021ba tehnic\u0103, precum \u0219i gestionarea acordurilor OMC privind valoarea \u00een vam\u0103 \u0219i regulile de origine, precum \u0219i a Conven\u021biei Organiza\u021biei Na\u021biunilor Unite (ONU) privind containerele, 1972.<\/p><\/blockquote>\n<p>- <a href=\"http:\/\/www.basel.int\/Default.aspx?tabid=2935\" target=\"_blank\" rel=\"noopener\">Conven\u021bia de la Basel<\/a><\/p>\n<p><strong>Site web:<\/strong> <a href=\"http:\/\/www.wcoomd.org\/\" target=\"_blank\" rel=\"noopener\">http:\/\/www.wcoomd.org\/<\/a><\/p>\n<p><strong>Pentru mai multe informa\u021bii despre transport, consulta\u021bi:<\/strong> <a href=\"https:\/\/moverdb.com\/ro\/transport-maritim-de-containere\/\">2018 Tarife \u0219i costuri de transport maritim interna\u021bional de containere<\/a> \u0219i <a href=\"https:\/\/moverdb.com\/ro\/expeditor-de-marfuri\/\">Freight Forwarder &amp; NVOCC Ghidul interna\u021bional de costuri \u0219i companii<\/a><\/p>","protected":false},"excerpt":{"rendered":"<p>The World Customs Organisation (WCO) is an independent intergovernmental body that serves as the voice of the customs community. It was set up to make customs administrations around the world more efficient, coordinated and effective. Key facts about WCO: The WCO has 180 members and these members are customs administrations from all over the world. [&hellip;]<\/p>\n","protected":false},"author":1,"featured_media":0,"parent":0,"menu_order":0,"comment_status":"closed","ping_status":"closed","template":"","meta":{"_genesis_hide_title":false,"_genesis_hide_breadcrumbs":false,"_genesis_hide_singular_image":false,"_genesis_hide_footer_widgets":false,"_genesis_custom_body_class":"","_genesis_custom_post_class":"","_genesis_layout":"","footnotes":""},"class_list":{"0":"post-454","1":"page","2":"type-page","3":"status-publish","5":"entry"},"_links":{"self":[{"href":"https:\/\/moverdb.com\/ro\/wp-json\/wp\/v2\/pages\/454","targetHints":{"allow":["GET"]}}],"collection":[{"href":"https:\/\/moverdb.com\/ro\/wp-json\/wp\/v2\/pages"}],"about":[{"href":"https:\/\/moverdb.com\/ro\/wp-json\/wp\/v2\/types\/page"}],"author":[{"embeddable":true,"href":"https:\/\/moverdb.com\/ro\/wp-json\/wp\/v2\/users\/1"}],"replies":[{"embeddable":true,"href":"https:\/\/moverdb.com\/ro\/wp-json\/wp\/v2\/comments?post=454"}],"version-history":[{"count":7,"href":"https:\/\/moverdb.com\/ro\/wp-json\/wp\/v2\/pages\/454\/revisions"}],"predecessor-version":[{"id":6253,"href":"https:\/\/moverdb.com\/ro\/wp-json\/wp\/v2\/pages\/454\/revisions\/6253"}],"wp:attachment":[{"href":"https:\/\/moverdb.com\/ro\/wp-json\/wp\/v2\/media?parent=454"}],"curies":[{"name":"wp","href":"https:\/\/api.w.org\/{rel}","templated":true}]}}