{"id":453,"date":"2016-07-03T20:16:06","date_gmt":"2016-07-03T20:16:06","guid":{"rendered":"http:\/\/moverdb.com\/?page_id=453"},"modified":"2026-01-08T15:20:54","modified_gmt":"2026-01-08T15:20:54","slug":"camera-internationala-de-expediere","status":"publish","type":"page","link":"https:\/\/moverdb.com\/ro\/international-chamber-shipping\/","title":{"rendered":"Explica\u021bii despre Camera Interna\u021bional\u0103 de Transport Naval (ICS)"},"content":{"rendered":"<p>Camera Interna\u021bional\u0103 a Transporturilor Maritime (ICS) este o asocia\u021bie comercial\u0103 care reprezint\u0103 armatorii \u0219i operatorii de nave prin intermediul asocia\u021biilor na\u021bionale de armatori. <\/p>\n<p>Scopul s\u0103u este de a promova interesele membrilor s\u0103i \u00een toate aspectele legate de exploatarea navelor, precum \u0219i de politica maritim\u0103.<\/p>\n<p><strong>Informa\u021bii cheie despre Camera Interna\u021bional\u0103 a Transporturilor Maritime:<\/strong><\/p>\n<ul>\n<li>  Membru ICS <a href=\"https:\/\/moverdb.com\/ro\/companii-de-transport-maritim\/\">companii de transport maritim<\/a> opereaz\u0103 peste 80% din tonajul comercial mondial.<\/li>\n<li>  Membrii ICS sunt asocia\u021bii na\u021bionale de armatori din Asia, Europa \u0219i America.<\/li>\n<li>  ICS a fost \u00eenfiin\u021bat \u00een 1921.<\/li>\n<li>  ICS are 36 de membri \u0219i 11 membri asocia\u021bi.<\/li>\n<li>  ICS \u00ee\u0219i are sediul \u00een <a href=\"https:\/\/moverdb.com\/ro\/moving-to-london\/\">Londra<\/a>.<\/li>\n<li>  ICS este unic, deoarece, spre deosebire de alte <a href=\"https:\/\/moverdb.com\/ro\/container-shipping\/\" data-internallinksmanager029f6b8e52c=\"3\" title=\"Graficul ratelor de transport maritim interna\u021bional de containere: Aprilie 2026\">transport maritim interna\u021bional<\/a> asocia\u021bii comerciale, reprezint\u0103 interesele globale ale tuturor meseriilor din industrie, de la operatorii de nave de pasageri la operatorii de petroliere.<\/li>\n<li>  ICS este un organism consultativ al <a href=\"https:\/\/moverdb.com\/ro\/international-maritime-organisation\/\" data-internallinksmanager029f6b8e52c=\"24\" title=\"Explica\u021bii despre Organiza\u021bia Maritim\u0103 Interna\u021bional\u0103 (OMI)\">Organiza\u021bia Maritim\u0103 Interna\u021bional\u0103<\/a>, agen\u021bia Na\u021biunilor Unite responsabil\u0103 pentru siguran\u021ba vie\u021bii pe mare \u0219i protec\u021bia mediului marin.<\/li>\n<li>  ICS se ocup\u0103 de aspecte de reglementare, opera\u021bionale \u0219i juridice legate de industria naval\u0103.<\/li>\n<\/ul>\n<p><strong>Profilul ICS:<\/strong><\/p>\n<p>ICS asigur\u0103 reprezentarea membrilor s\u0103i \u00een cadrul diferitelor organisme de reglementare interguvernamentale care au impact asupra transportului maritim, inclusiv Organiza\u021bia Maritim\u0103 Interna\u021bional\u0103. <\/p>\n<p>Este, de asemenea, o surs\u0103 de informa\u021bii pentru membri \u0219i a elaborat orient\u0103ri \u0219i cele mai bune practici pentru cei care \u00ee\u0219i desf\u0103\u0219oar\u0103 activitatea \u00een acest sector - aceste resurse sunt oferite gratuit proprietarilor de nave din acest sector, precum \u0219i membrilor. <\/p>\n<p>Misiunea sa este de a avea ca obiectiv o industrie maritim\u0103 global\u0103 care s\u0103 func\u021bioneze la standarde \u00eenalte, s\u0103 acorde prioritate opera\u021biunilor de transport maritim sigure, precum \u0219i protec\u021biei mediului. <\/p>\n<p>De\u0219i a fost creat\u0103 \u00een principal pentru a promova industria operatorilor de transport maritim, unul dintre obiectivele sale este cooperarea cu alte organiza\u021bii, at\u00e2t guvernamentale, c\u00e2t \u0219i neguvernamentale, pentru a contribui la cre\u0219terea eficien\u021bei \u0219i a siguran\u021bei industriei de transport maritim.<\/p>\n<p><strong>Companiile de transport maritim membre (\u00een func\u021bie de m\u0103rime):<\/strong><\/p>\n<ul>\n<li> <a href=\"https:\/\/moverdb.com\/ro\/maersk\/\">Linia Maersk<\/a><\/li>\n<li> <a href=\"https:\/\/moverdb.com\/ro\/mediterranean-shipping-company\/\">Compania maritim\u0103 mediteranean\u0103 (MSC)<\/a><\/li>\n<\/ul>\n<p><strong>Criterii de aderare:<\/strong><\/p>\n<p>Membrii ICS sunt <a href=\"https:\/\/moverdb.com\/ro\/expeditor-de-marfuri\/\">proprietari \u0219i operatori de nave<\/a> din \u00eentreaga lume, care sunt reprezentate prin intermediul asocia\u021biilor na\u021bionale de armatori. Asocia\u021biile sunt cele care de\u021bin calitatea de membru, astfel \u00eenc\u00e2t proprietarii \u0219i operatorii individuali nu pot depune cereri de \u00eenscriere. <\/p>\n<p>Din acest motiv, pe site-ul web nu sunt enumerate criterii de aderare.<\/p>\n<p><strong>Opinii despre Camera Interna\u021bional\u0103 a Transporturilor Maritime:<\/strong><\/p>\n<p>ICS este citat \u00een mai multe publica\u021bii din industrie, coment\u00e2nd problemele actuale, cum ar fi reducerea emisiilor de CO2. Este men\u021bionat pe site-urile web ale membrilor s\u0103i, cum ar fi <a href=\"https:\/\/www.ukchamberofshipping.com\/about-us\/our-partners\/international-chamber-shipping\/\" target=\"_blank\" rel=\"noopener\">Camera britanic\u0103 a transporturilor maritime<\/a>. <\/p>\n<p>Documentele online arat\u0103 c\u0103 ICS comenteaz\u0103 probleme globale, cum ar fi conven\u021biile fiscale, \u0219i exist\u0103 \u0219i <a href=\"http:\/\/www.allaboutshipping.co.uk\/category\/associations\/international-chamber-of-shipping\/\" target=\"_blank\" rel=\"noopener\">acoperirea evenimentelor<\/a> cum ar fi <a href=\"http:\/\/www.imo.org\/en\/MediaCentre\/SecretaryGeneral\/SpeechesByTheSecretaryGeneral\/Pages\/ICS2012.aspx\" target=\"_blank\" rel=\"noopener\">Conferin\u021ba Camerei Interna\u021bionale a Transporturilor Maritime<\/a> \u00een care Koji Sekimizu, Secretar General al Organiza\u021biei Maritime Interna\u021bionale, a descris ICS ca fiind <em>\"una dintre cele c\u00e2teva organiza\u021bii neguvernamentale care reprezint\u0103 industria naval\u0103 \u00een cadrul OMI \u0219i are unul dintre cele mai vechi pedigree-uri.\"<\/em> <\/p>\n<p>Alte surse online se refer\u0103 la ICS ca fiind \"cea mai recunoscut\u0103 asocia\u021bie global\u0103 de armatori de nave\". Credibilitatea ICS este evident\u0103 din publica\u021biile \u00een care apare numele s\u0103u, din asocierile cu alte organisme \u0219i din tipul de probleme pe care i se cere s\u0103 le comenteze.<\/p>\n<blockquote><p>Camera Interna\u021bional\u0103 de Naviga\u021bie (ICS) este principala asocia\u021bie comercial\u0103 interna\u021bional\u0103 pentru armatorii \u0219i operatorii de nave comerciale, reprezent\u00e2nd toate sectoarele \u0219i meseriile (inclusiv, printre altele, petroliere, vrachiere, nave pentru transport de containere, nave de m\u0103rfuri generale \u0219i nave specializate, precum \u0219i nave de pasageri) \u00een cadrul diferitelor organisme interguvernamentale care au impact asupra transportului maritim. Printre membrii ICS se num\u0103r\u0103 asocia\u021bii na\u021bionale de armatori din 35 de \u021b\u0103ri, reprezent\u00e2nd peste 80% din flota comercial\u0103 mondial\u0103.<\/p><\/blockquote>\n<p><a href=\"http:\/\/www.oecd.org\/tax\/treaties\/ics-comments-discussion-draft-mtc-international-traffic.pdf\" target=\"_blank\" rel=\"noopener\">OCDE<\/a><\/p>\n<p><strong>Site web:<\/strong> <a href=\"http:\/\/www.ics-shipping.org\/\" target=\"_blank\" rel=\"noopener\">http:\/\/www.ics-shipping.org\/<\/a><\/p>\n<p><strong>Pentru mai multe informa\u021bii despre transport, consulta\u021bi:<\/strong> <a href=\"https:\/\/moverdb.com\/ro\/transport-maritim-de-containere\/\">2018 Tarife \u0219i costuri de transport maritim interna\u021bional de containere<\/a> \u0219i <a href=\"https:\/\/moverdb.com\/ro\/expeditor-de-marfuri\/\">Freight Forwarder &amp; NVOCC Ghidul interna\u021bional de costuri \u0219i companii<\/a><\/p>","protected":false},"excerpt":{"rendered":"<p>The International Chamber of Shipping (ICS) is a trade association that represents ship owners and ship operators via national shipowners associations. Its aim is to promote the interests of its members throughout all issues of ship operation and also shipping policy. Key facts about the International Chamber of Shipping: ICS member shipping companies operate over [&hellip;]<\/p>\n","protected":false},"author":1,"featured_media":0,"parent":0,"menu_order":0,"comment_status":"closed","ping_status":"closed","template":"","meta":{"_genesis_hide_title":false,"_genesis_hide_breadcrumbs":false,"_genesis_hide_singular_image":false,"_genesis_hide_footer_widgets":false,"_genesis_custom_body_class":"","_genesis_custom_post_class":"","_genesis_layout":"","footnotes":""},"class_list":{"0":"post-453","1":"page","2":"type-page","3":"status-publish","5":"entry"},"_links":{"self":[{"href":"https:\/\/moverdb.com\/ro\/wp-json\/wp\/v2\/pages\/453","targetHints":{"allow":["GET"]}}],"collection":[{"href":"https:\/\/moverdb.com\/ro\/wp-json\/wp\/v2\/pages"}],"about":[{"href":"https:\/\/moverdb.com\/ro\/wp-json\/wp\/v2\/types\/page"}],"author":[{"embeddable":true,"href":"https:\/\/moverdb.com\/ro\/wp-json\/wp\/v2\/users\/1"}],"replies":[{"embeddable":true,"href":"https:\/\/moverdb.com\/ro\/wp-json\/wp\/v2\/comments?post=453"}],"version-history":[{"count":10,"href":"https:\/\/moverdb.com\/ro\/wp-json\/wp\/v2\/pages\/453\/revisions"}],"predecessor-version":[{"id":6245,"href":"https:\/\/moverdb.com\/ro\/wp-json\/wp\/v2\/pages\/453\/revisions\/6245"}],"wp:attachment":[{"href":"https:\/\/moverdb.com\/ro\/wp-json\/wp\/v2\/media?parent=453"}],"curies":[{"name":"wp","href":"https:\/\/api.w.org\/{rel}","templated":true}]}}