{"id":452,"date":"2016-07-03T20:39:16","date_gmt":"2016-07-03T20:39:16","guid":{"rendered":"http:\/\/moverdb.com\/?page_id=452"},"modified":"2026-01-08T15:30:42","modified_gmt":"2026-01-08T15:30:42","slug":"consiliul-maritim-mondial","status":"publish","type":"page","link":"https:\/\/moverdb.com\/ro\/world-shipping-council\/","title":{"rendered":"Explica\u021bii despre Consiliul Mondial al Transporturilor Maritime (WSC)"},"content":{"rendered":"<p>Consiliul Mondial al Transporturilor Maritime (World Shipping Council - WSC) ofer\u0103 o voce pentru industria transportului maritim de linie. Ini\u021bial, a fost \u00eenfiin\u021bat ca un grup de lobby pentru cele mai mari companii de transport maritim de linie \u0219i a devenit un consilier al industriei \u0219i al guvernelor pe teme at\u00e2t de variate, precum securitatea \u0219i problemele de mediu.<\/p>\n<p><strong>Date esen\u021biale despre CSM<\/strong><\/p>\n<ul>\n<li>  CSM are 26 de membri.<\/li>\n<li>  Membrii WSC opereaz\u0103 aproximativ 90 la sut\u0103 din capacitatea global\u0103 de transport maritim de linie.<\/li>\n<li>  Aceste servicii transport\u0103 aproximativ 60 la sut\u0103 din valoarea comer\u021bului maritim mondial \u0219i mai mult de <a href=\"https:\/\/moverdb.com\/ro\/moving-to-the-united-states\/\" data-internallinksmanager029f6b8e52c=\"94\" title=\"V\u0103 muta\u021bi \u00een Statele Unite? 2026 Costurile vie\u021bii \u0219i sfaturi de relocare\">SUA<\/a>$ m\u0103rfuri \u00een valoare de 4 trilioane de dolari anual.<\/li>\n<li>  WSC este reprezentantul global al industriei de transport maritim de linie.<\/li>\n<li>  WSC a fost creat \u00een anul 2000 de c\u0103tre directorii generali ai celor mai importante companii maritime de linie. <a href=\"https:\/\/moverdb.com\/ro\/companii-de-transport-maritim\/\">companii de transport maritim<\/a>.<\/li>\n<li>  \u00cen 2009, CSM a primit statutul consultativ \u00een cadrul Consiliului <a href=\"https:\/\/moverdb.com\/ro\/international-maritime-organisation\/\" data-internallinksmanager029f6b8e52c=\"24\" title=\"Explica\u021bii despre Organiza\u021bia Maritim\u0103 Interna\u021bional\u0103 (OMI)\">Organiza\u021bia Maritim\u0103 Interna\u021bional\u0103<\/a>.<\/li>\n<li>  WSC are sediul \u00een <a href=\"https:\/\/moverdb.com\/ro\/se-muta-la-washington-dc\/\">Washington, DC<\/a>.<\/li>\n<li>  Membrii WSC provin din \u00eentreaga lume, de la <a href=\"https:\/\/moverdb.com\/ro\/moving-to-china\/\" data-internallinksmanager029f6b8e52c=\"357\" title=\"V\u0103 muta\u021bi \u00een China? 2026 Costurile de trai \u0219i sfaturi de relocare\">China<\/a> \u00een America.<\/li>\n<\/ul>\n<p><strong>Profilul Consiliului Mondial al Transporturilor Maritime:<\/strong><\/p>\n<p>WSC este un organism industrial care a fost creat \u00een anul 2000 de c\u0103tre cei care conduc sectorul transportului maritim de linie. Acesta a jucat un rol esen\u021bial \u00een momente cheie pentru industria transportului maritim de linie, cum ar fi colaborarea cu guvernele \u0219i organiza\u021biile mondiale pentru a contribui la elaborarea de legi, reglement\u0103ri \u0219i programe menite s\u0103 asigure o mai bun\u0103 securitate a comer\u021bului maritim interna\u021bional \u00een urma atacurilor teroriste din 2001. <\/p>\n<p>Principalul obiectiv al WSC este de a se ocupa de problemele comerciale, vamale \u0219i de securitate care afecteaz\u0103 industria \u00een sine, precum \u0219i de impactul acesteia asupra lumii \u00een general. \u00cen ultimii ani, a \u00eenceput s\u0103 se concentreze \u0219i asupra problemelor de mediu. <\/p>\n<p>WSC este considerat un consilier respectat at\u00e2t de industrie, c\u00e2t \u0219i de guverne - de exemplu, i s-a acordat statutul consultativ \u00een cadrul Organiza\u021biei Maritime Interna\u021bionale. De asemenea, \u00ee\u0219i asum\u0103 un rol activ \u00een dezbaterile politice \u00een cazul \u00een care aceste politici vor avea un efect asupra industriei transportului maritim de linie.<\/p>\n<p><strong>Companiile membre \u00een func\u021bie de m\u0103rime:<\/strong><\/p>\n<ul>\n<li> <a href=\"https:\/\/moverdb.com\/ro\/cma-cgm\/\">Grupul CMA CGM<\/a><\/li>\n<li> <a href=\"https:\/\/moverdb.com\/ro\/hapag-lloyd\/\">Hapag-Lloyd<\/a><\/li>\n<li> <a href=\"https:\/\/moverdb.com\/ro\/evergreen-marine\/\">Evergreen Marine<\/a><\/li>\n<li> <a href=\"https:\/\/moverdb.com\/ro\/hamburg-sud\/\">Hamburg S\u00fcd<\/a><\/li>\n<\/ul>\n<p><strong>Criterii de aderare:<\/strong><\/p>\n<p>Pe site nu sunt enumerate criterii de aderare. WSC \u00ee\u0219i descrie membrii ca fiind <em>\"Au investit sute de miliarde de dolari \u00een nave, <a href=\"https:\/\/moverdb.com\/ro\/top-49-container-ports\/\" data-internallinksmanager029f6b8e52c=\"80\" title=\"Top 49 cele mai mari \u0219i mai aglomerate porturi de containere \u00een 2026\">port<\/a> terminalele, companiile de transport rutier, depozitele \u0219i tehnologia, pentru a se asigura c\u0103 exist\u0103 \u00een continuare o mare varietate de op\u021biuni pentru un transport interna\u021bional de m\u0103rfuri sigur, fiabil \u0219i economic.\"<\/em> <\/p>\n<p>De aici reiese clar c\u0103 statutul de membru nu este deschis oric\u0103rei \u00eentreprinderi. Printre membrii reprezentativi se num\u0103r\u0103 Hyundai Merchant Marine Company \u0219i United Arab <a href=\"https:\/\/moverdb.com\/ro\/shipping-companies\/\" data-internallinksmanager029f6b8e52c=\"4\" title=\"Top 10 Companii interna\u021bionale de transport maritim de containere\">Companie de transport maritim<\/a>.<\/p>\n<p>Exist\u0103 o adres\u0103 de e-mail de contact care ar putea fi folosit\u0103 pentru cei care doresc s\u0103 se intereseze de statutul de membru: info@worldshipping.org.<\/p>\n<p><strong>Opinii despre CSM:<\/strong><\/p>\n<p>CSM este <a href=\"http:\/\/www.iims.org.uk\/world-shipping-council-advises-prepare-container-weight-verification\/\" target=\"_blank\" rel=\"noopener\">citat \u00een \u0219tiri<\/a> ca surs\u0103 de informare cu privire la modific\u0103rile legislative \u0219i de reglementare \u0219i este, \u00een mod clar, o organiza\u021bie respectat\u0103 care ofer\u0103 un canal de comunicare \u00eentre legislatori \u0219i industrie. <\/p>\n<p>Activitatea sa a implicat, de asemenea, ajutor pentru a face fa\u021b\u0103 confuziei cu privire la schimb\u0103rile juridice viitoare \u0219i pentru a facilita trecerea legisla\u021biei de la statutul de lege scris\u0103 la cel de realitate. <\/p>\n<p>De\u0219i lista membrilor apare pe site-ul WSC, o verificare rapid\u0103 a c\u00e2torva site-uri de afaceri arat\u0103 c\u0103 acestea nu afi\u0219eaz\u0103 \u00een mod vizibil apartenen\u021ba lor la WSC. <\/p>\n<p>Cel mai probabil, acest lucru se datoreaz\u0103 faptului c\u0103 WSC nu este o acreditare adecvat\u0103 pentru un site web comercial, ci un organism industrial \u00een cadrul c\u0103ruia aceste \u00eentreprinderi au un rol consultativ \u0219i consultativ.<\/p>\n<p><strong>Site web:<\/strong> <a href=\"http:\/\/www.worldshipping.org\/\" target=\"_blank\" rel=\"noopener\">http:\/\/www.worldshipping.org\/<\/a><\/p>\n<p><strong>Pentru mai multe informa\u021bii despre transport, consulta\u021bi:<\/strong> <a href=\"https:\/\/moverdb.com\/ro\/transport-maritim-de-containere\/\">2018 Tarife \u0219i costuri de transport maritim interna\u021bional de containere<\/a> \u0219i <a href=\"https:\/\/moverdb.com\/ro\/expeditor-de-marfuri\/\">Freight Forwarder &amp; NVOCC Ghidul interna\u021bional de costuri \u0219i companii<\/a><\/p>","protected":false},"excerpt":{"rendered":"<p>The World Shipping Council (WSC) provides a voice for the liner shipping industry. It was initially established as a lobbying group for the biggest liner shipping businesses and has become an advisor to industry and government on topics as varied as security and environmental issues. Key facts about the WSC The WSC has 26 members. [&hellip;]<\/p>\n","protected":false},"author":1,"featured_media":0,"parent":0,"menu_order":0,"comment_status":"closed","ping_status":"closed","template":"","meta":{"_genesis_hide_title":false,"_genesis_hide_breadcrumbs":false,"_genesis_hide_singular_image":false,"_genesis_hide_footer_widgets":false,"_genesis_custom_body_class":"","_genesis_custom_post_class":"","_genesis_layout":"","footnotes":""},"class_list":{"0":"post-452","1":"page","2":"type-page","3":"status-publish","5":"entry"},"_links":{"self":[{"href":"https:\/\/moverdb.com\/ro\/wp-json\/wp\/v2\/pages\/452","targetHints":{"allow":["GET"]}}],"collection":[{"href":"https:\/\/moverdb.com\/ro\/wp-json\/wp\/v2\/pages"}],"about":[{"href":"https:\/\/moverdb.com\/ro\/wp-json\/wp\/v2\/types\/page"}],"author":[{"embeddable":true,"href":"https:\/\/moverdb.com\/ro\/wp-json\/wp\/v2\/users\/1"}],"replies":[{"embeddable":true,"href":"https:\/\/moverdb.com\/ro\/wp-json\/wp\/v2\/comments?post=452"}],"version-history":[{"count":12,"href":"https:\/\/moverdb.com\/ro\/wp-json\/wp\/v2\/pages\/452\/revisions"}],"predecessor-version":[{"id":6254,"href":"https:\/\/moverdb.com\/ro\/wp-json\/wp\/v2\/pages\/452\/revisions\/6254"}],"wp:attachment":[{"href":"https:\/\/moverdb.com\/ro\/wp-json\/wp\/v2\/media?parent=452"}],"curies":[{"name":"wp","href":"https:\/\/api.w.org\/{rel}","templated":true}]}}