{"id":451,"date":"2016-07-04T14:16:48","date_gmt":"2016-07-04T14:16:48","guid":{"rendered":"http:\/\/moverdb.com\/?page_id=451"},"modified":"2026-01-08T14:39:55","modified_gmt":"2026-01-08T14:39:55","slug":"organizatie-internationala-de-timp-de-razboi","status":"publish","type":"page","link":"https:\/\/moverdb.com\/ro\/international-maritime-organisation\/","title":{"rendered":"Explica\u021bii despre Organiza\u021bia Maritim\u0103 Interna\u021bional\u0103 (OMI)"},"content":{"rendered":"<p>Organiza\u021bia Maritim\u0103 Interna\u021bional\u0103 (OMI) este o agen\u021bie a ONU, cu sediul \u00een <a href=\"https:\/\/moverdb.com\/ro\/moving-to-the-uk\/\" data-internallinksmanager029f6b8e52c=\"93\" title=\"V\u0103 muta\u021bi \u00een Regatul Unit? 2026 Costurile vie\u021bii \u0219i sfaturi de relocare\">MAREA BRITANIE<\/a>, care este responsabil\u0103 de reglementarea transportului maritim. Aceasta se descrie ca fiind autoritatea mondial\u0103 de stabilire a standardelor pentru siguran\u021ba, securitatea \u0219i performan\u021ba de mediu a <a href=\"https:\/\/moverdb.com\/ro\/transport-maritim-de-containere\/\">transport maritim interna\u021bional<\/a>.<\/p>\n<p><strong>Date esen\u021biale despre Organiza\u021bia Maritim\u0103 Interna\u021bional\u0103<\/strong><\/p>\n<ul>\n<li>  OMI are 171 de state membre \u0219i trei membri asocia\u021bi.<\/li>\n<li>  OMI este o agen\u021bie ONU \u00eenfiin\u021bat\u0103 \u00een 1948, care a intrat \u00een func\u021biune un deceniu mai t\u00e2rziu.<\/li>\n<li>  Majoritatea statelor membre care nu sunt membre ale OMI sunt \u021b\u0103ri f\u0103r\u0103 ie\u0219ire la mare care nu au niciun interes sau implicare \u00een transportul maritim.<\/li>\n<li>  Cei trei membri de asociere ai OMI sunt Insulele Feroe, <a href=\"https:\/\/moverdb.com\/ro\/moving-to-hong-kong\/\" data-internallinksmanager029f6b8e52c=\"350\" title=\"V\u0103 muta\u021bi \u00een Hong Kong? 2026 Costurile vie\u021bii \u0219i sfaturi de relocare\">Hong Kong<\/a> \u0219i Macao.<\/li>\n<li>  Conven\u021bia interna\u021bional\u0103 pentru ocrotirea vie\u021bii omene\u0219ti pe mare este unul dintre cele mai cunoscute instrumente juridice ale OMI.<\/li>\n<li>  <a href=\"https:\/\/moverdb.com\/ro\/container-shipping\/\" data-internallinksmanager029f6b8e52c=\"3\" title=\"Graficul ratelor de transport maritim interna\u021bional de containere: Aprilie 2026\">Transport maritim interna\u021bional<\/a> transport\u0103 mai mult de 80% din comer\u021bul global c\u0103tre popoare \u0219i comunit\u0103\u021bi din \u00eentreaga lume.<\/li>\n<li>  Atribu\u021biile OMI acoper\u0103 toate aspectele transportului maritim interna\u021bional, inclusiv proiectarea, construc\u021bia, echipamentul, echipajul, exploatarea \u0219i eliminarea navelor.<\/li>\n<li>  Organiza\u021biile interna\u021bionale neguvernamentale care au capacitatea de a aduce o contribu\u021bie substan\u021bial\u0103 la activitatea OMI pot primi statutul consultativ din partea Consiliului, cu aprobarea Adun\u0103rii.<\/li>\n<\/ul>\n<p><strong>Profilul IMO<\/strong><\/p>\n<p>OMI este o agen\u021bie global\u0103 care se afl\u0103 sub egida ONU. Aceasta este format\u0103 din Adunare, Consiliu \u0219i cinci comitete principale: <\/p>\n<ol>\n<li> Comitetul pentru siguran\u021b\u0103 maritim\u0103<\/li>\n<li> Comitetul pentru protec\u021bia mediului marin<\/li>\n<li> Comitetul juridic<\/li>\n<li> Comitetul de cooperare tehnic\u0103<\/li>\n<li> Comitetul de facilitare<\/li>\n<\/ol>\n<p>OMI a fost responsabil\u0103 pentru numeroase instrumente juridice care au ca scop \u00eembun\u0103t\u0103\u021birea siguran\u021bei pe mare, \u00eembun\u0103t\u0103\u021birea comer\u021bului \u00eentre statele maritime \u0219i protejarea mediului maritim. <\/p>\n<p>Pe l\u00e2ng\u0103 faptul c\u0103 analizeaz\u0103 sectorul transportului maritim \u00een forma actual\u0103, OMI este implicat\u0103 \u0219i \u00een asigurarea viitorului s\u0103u ca fiind sigur, ecologic \u0219i eficient din punct de vedere energetic. <\/p>\n<p>Sunt foarte pu\u021bine lucruri pe care OMI nu le acoper\u0103, inclusiv elementul uman al industriei maritime, securitatea maritim\u0103 \u0219i cooperarea tehnic\u0103, care este conceput\u0103 pentru a ajuta guvernele care nu dispun de cuno\u0219tin\u021bele tehnice \u0219i de resursele necesare pentru a opera cu succes \u00een industria maritim\u0103.<\/p>\n<p><strong>Criterii de aderare <\/strong><\/p>\n<p>Calitatea de membru se stabile\u0219te pe baz\u0103 de state. Pentru a deveni membru al OMI, un stat ratific\u0103 un tratat multilateral cunoscut sub numele de Conven\u021bia privind Organiza\u021bia Maritim\u0103 Interna\u021bional\u0103.<\/p>\n<p><strong>Opinii despre OMI:<\/strong><\/p>\n<p>OMI este o organiza\u021bie interna\u021bional\u0103 <a href=\"http:\/\/www.unsceb.org\/content\/imo\" target=\"_blank\" rel=\"noopener\">organiza\u021bie renumit\u0103<\/a> cu statut recunoscut. Este foarte vizibil \u0219i reprezint\u0103 o for\u021b\u0103 puternic\u0103 \u00een cadrul industriei de transport maritim. \u00cen mediul online, informa\u021biile despre OMI se concentreaz\u0103 asupra rolului s\u0103u \u00een promovarea cooper\u0103rii interguvernamentale, precum \u0219i asupra convoc\u0103rii de conferin\u021be interna\u021bionale pe probleme de transport maritim \u0219i asupra elabor\u0103rii de conven\u021bii sau acorduri interna\u021bionale pe aceast\u0103 tem\u0103. <\/p>\n<p>Rolul s\u0103u \u00een materie de siguran\u021b\u0103 este, de asemenea, eviden\u021biat \u00een acele locuri \u00een care este men\u021bionat. Deoarece apartenen\u021ba la OMI este de stat, aceasta nu este men\u021bionat\u0103 pe site-urile web ale \u00eentreprinderilor individuale, dar apare frecvent \u00een <a href=\"http:\/\/www.britannica.com\/topic\/International-Maritime-Organization\" target=\"_blank\" rel=\"noopener\">enciclopedii online<\/a> \u0219i site-uri web care descriu structura ONU.<\/p>\n<p><strong>Site web:<\/strong> <a href=\"http:\/\/www.imo.org\/en\/Pages\/Default.aspx\" target=\"_blank\" rel=\"noopener\">http:\/\/www.imo.org\/<\/a><\/p>\n<p><strong>Pentru mai multe informa\u021bii despre transport, consulta\u021bi:<\/strong> <a href=\"https:\/\/moverdb.com\/ro\/transport-maritim-de-containere\/\">2018 Tarife \u0219i costuri de transport maritim interna\u021bional de containere<\/a> \u0219i <a href=\"https:\/\/moverdb.com\/ro\/expeditor-de-marfuri\/\">Freight Forwarder &amp; NVOCC Ghidul interna\u021bional de costuri \u0219i companii<\/a><\/p>","protected":false},"excerpt":{"rendered":"<p>The International Maritime Organisation (IMO) is a UN agency, based in the UK, which is responsible for regulating shipping. It describes itself as the global standard-setting authority for the safety, security and environmental performance of international shipping. Key facts about the International Maritime Organisation The IMO has 171 Member States and three Associate Members. The [&hellip;]<\/p>\n","protected":false},"author":1,"featured_media":0,"parent":0,"menu_order":0,"comment_status":"closed","ping_status":"closed","template":"","meta":{"_genesis_hide_title":false,"_genesis_hide_breadcrumbs":false,"_genesis_hide_singular_image":false,"_genesis_hide_footer_widgets":false,"_genesis_custom_body_class":"","_genesis_custom_post_class":"","_genesis_layout":"","footnotes":""},"class_list":{"0":"post-451","1":"page","2":"type-page","3":"status-publish","5":"entry"},"_links":{"self":[{"href":"https:\/\/moverdb.com\/ro\/wp-json\/wp\/v2\/pages\/451","targetHints":{"allow":["GET"]}}],"collection":[{"href":"https:\/\/moverdb.com\/ro\/wp-json\/wp\/v2\/pages"}],"about":[{"href":"https:\/\/moverdb.com\/ro\/wp-json\/wp\/v2\/types\/page"}],"author":[{"embeddable":true,"href":"https:\/\/moverdb.com\/ro\/wp-json\/wp\/v2\/users\/1"}],"replies":[{"embeddable":true,"href":"https:\/\/moverdb.com\/ro\/wp-json\/wp\/v2\/comments?post=451"}],"version-history":[{"count":6,"href":"https:\/\/moverdb.com\/ro\/wp-json\/wp\/v2\/pages\/451\/revisions"}],"predecessor-version":[{"id":13163,"href":"https:\/\/moverdb.com\/ro\/wp-json\/wp\/v2\/pages\/451\/revisions\/13163"}],"wp:attachment":[{"href":"https:\/\/moverdb.com\/ro\/wp-json\/wp\/v2\/media?parent=451"}],"curies":[{"name":"wp","href":"https:\/\/api.w.org\/{rel}","templated":true}]}}