{"id":450,"date":"2016-06-21T21:08:23","date_gmt":"2016-06-21T21:08:23","guid":{"rendered":"http:\/\/moverdb.com\/?page_id=450"},"modified":"2026-01-08T15:20:26","modified_gmt":"2026-01-08T15:20:26","slug":"ngrs","status":"publish","type":"page","link":"https:\/\/moverdb.com\/ro\/ngrs\/","title":{"rendered":"Explicarea breslei na\u021bionale a transportatorilor \u0219i depozitarilor (NGRS)"},"content":{"rendered":"<p>National Guild of Removers and Storers (NGRS) a fost \u00eenfiin\u021bat\u0103 pentru a asigura o anumit\u0103 reglementare pentru industria mut\u0103rii \u0219i depozit\u0103rii \u00een <a href=\"https:\/\/moverdb.com\/ro\/moving-to-the-uk\/\" data-internallinksmanager029f6b8e52c=\"93\" title=\"V\u0103 muta\u021bi \u00een Regatul Unit? 2026 Costurile vie\u021bii \u0219i sfaturi de relocare\">MAREA BRITANIE<\/a>. <\/p>\n<p>Acesta are un Cod de practic\u0103 \u0219i face parte din <a href=\"https:\/\/moverdb.com\/ro\/rios\/\">Schema Ombudsmanului din industria de mut\u0103ri<\/a>, care permite consumatorilor s\u0103 depun\u0103 pl\u00e2ngeri cu privire la experien\u021bele nepl\u0103cute.<\/p>\n<p><strong>Date cheie despre NGRS:<\/strong><\/p>\n<ul>\n<li>  Breasla <em>\"Certificat anual de excelen\u021b\u0103<\/em> se acord\u0103 acelor membri care ob\u021bin \u00een mod constant recenzii excelente \u00een r\u0103spunsurile la chestionare.<\/li>\n<li>  NGRS a lansat un program care permite membrilor s\u0103i s\u0103 ofere clien\u021bilor credite f\u0103r\u0103 dob\u00e2nd\u0103 pentru a pl\u0103ti o mutare.<\/li>\n<li>  \u00cen cele mai recente dou\u0103 sondaje privind asocia\u021biile comerciale (1996 \u0219i 2003), Which? Magazine a clasificat National Guild Of Removers &amp; Storers ca fiind una dintre cele mai bune asocia\u021bii comerciale din Regatul Unit \u00een ceea ce prive\u0219te protec\u021bia consumatorilor.<\/li>\n<li>  NGRS deserve\u0219te numai membrii din Regatul Unit.<\/li>\n<li>  Monitorizarea performan\u021belor membrilor are loc prin intermediul unor chestionare \u00eenm\u00e2nate clien\u021bilor \u00een ziua mut\u0103rii. Acestea sunt trimise direct la NGRS, nu la firma de mut\u0103ri, \u0219i sunt concepute pentru a monitoriza \u00een mod constant \u0219i independent nivelul serviciilor oferite de membri. Conform celor mai recente cifre publicate (p\u00e2n\u0103 la sf\u00e2r\u0219itul lunii aprilie 2016), din cele primite, peste 98% au fost de la clien\u021bi mul\u021bumi\u021bi.<\/li>\n<li>  Membrii trebuie s\u0103 se aboneze la <a href=\"https:\/\/moverdb.com\/ro\/rios\/\" data-internallinksmanager029f6b8e52c=\"75\" title=\"Schema Ombudsmanului din industria mut\u0103rilor (RIOS) explicat\u0103\">Schema Ombudsmanului din industria de mut\u0103ri<\/a> - orice decizie care ar putea rezulta din aceasta este obligatorie pentru ace\u0219tia.<\/li>\n<\/ul>\n<p><strong>Profilul breslei na\u021bionale a transportatorilor \u0219i depozitarilor:<\/strong><\/p>\n<p>Protec\u021bia consumatorilor este principalul scop al NGRS - breasla urm\u0103re\u0219te s\u0103 \u00eembun\u0103t\u0103\u021beasc\u0103 standardele de calitate din industrie, s\u0103 protejeze bunurile \u00een tranzit \u0219i s\u0103 contribuie la \u00eembun\u0103t\u0103\u021birea experien\u021bei clien\u021bilor. Membrii trebuie s\u0103 completeze urm\u0103toarele:<\/p>\n<ul>\n<li> Apartenen\u021ba obligatorie la schema Ombudsmanului din industria mut\u0103rilor<\/li>\n<li> Programul de inspec\u021bie aprobat de Ombudsmanul obligatoriu<\/li>\n<li> Codul de practic\u0103 aprobat de Ombudsman Scheme<\/li>\n<li> Programul de monitorizare a calit\u0103\u021bii aprobat de Ombudsman<\/li>\n<li> Procedura de reclama\u021bii aprobat\u0103 de Ombudsman<\/li>\n<\/ul>\n<p>\u00cempreun\u0103, acestea sunt menite s\u0103 stabileasc\u0103 standarde, s\u0103 monitorizeze persoanele care lucreaz\u0103 \u00een acest sector \u0219i s\u0103 ofere clien\u021bilor un proces independent de reclama\u021bii, \u00een cazul \u00een care au nevoie de el. <\/p>\n<p>Codul de bune practici include o serie de dispozi\u021bii, printre care se num\u0103r\u0103 permiterea accesului pentru o inspec\u021bie o dat\u0103 pe an, furnizarea de estim\u0103ri scrise, solu\u021bionarea rapid\u0103 a reclama\u021biilor \u0219i furnizarea de dovezi de asigurare relevante.<\/p>\n<p><strong>Criterii de aderare:<\/strong><\/p>\n<p>Site-ul web nu con\u021bine criterii de aderare. \u00cen schimb, exist\u0103 date de contact: Telefon: 01494 350 143 E-mail: info@ngrs.co.uk.<\/p>\n<p><strong>Exemplu de companii membre<\/strong><\/p>\n<ul>\n<li> <a href=\"https:\/\/moverdb.com\/ro\/movecorp\/\">Movecorp<\/a><\/li>\n<\/ul>\n<p><strong>Opinii despre NGRS:<\/strong><\/p>\n<p>NGRS apare pe mai multe <a href=\"https:\/\/moverdb.com\/ro\/mutari-internationale\/\">Demolatori din Marea Britanie<\/a>', unde este men\u021bionat\u0103 \u00een contextul promov\u0103rii calit\u0103\u021bii \u0219i a serviciilor \u0219i al asigur\u0103rii lini\u0219tii clien\u021bilor. <\/p>\n<p>Se subliniaz\u0103 faptul c\u0103 NGRS \u00ee\u0219i inspecteaz\u0103 \u00een mod regulat membrii \u0219i c\u0103 participarea obligatorie la sistemul Ombudsmanului pentru servicii de mutare este un element care ofer\u0103 un nivel suplimentar de protec\u021bie a clien\u021bilor.<\/p>\n<p>Se pare c\u0103 exist\u0103 unele probleme \u00eentre Jane Finch (director general al Asocia\u021biei profesionale a transportatorilor) \u0219i NGRS \u00een leg\u0103tur\u0103 cu afirma\u021biile f\u0103cute de Finch despre faptul c\u0103 NGRS ar fi \u00een litigiu cu un num\u0103r mare dintre membrii s\u0103i. NGRS a <a href=\"http:\/\/www.tradestorage.co.uk\/setrecord.htm\" target=\"_blank\" rel=\"noopener\">a descris acest lucru ca fiind<\/a> <em>\"propagand\u0103 \u00eempotriva breslei\". <\/em><\/p>\n<p>Cu toate acestea, exist\u0103 unele <a href=\"http:\/\/www.swindonadvertiser.co.uk\/news\/11601604.Luckes_Removals_firm_must__cough_up___50_000_for_website_error\/\" target=\"_blank\" rel=\"noopener\">rapoarte de pres\u0103<\/a> care par s\u0103 arate c\u0103 societ\u0103\u021bile de mut\u0103ri sunt \u00een conflict cu breasla, de exemplu pentru c\u0103 au sigla NGRS pe site-ul lor web dup\u0103 ce au p\u0103r\u0103sit asocia\u021bia profesional\u0103.<\/p>\n<p>O pl\u00e2ngere la <a href=\"https:\/\/www.ipso.co.uk\/rulings-and-resolution-statements\/\" target=\"_blank\" rel=\"noopener\">Organiza\u021bia independent\u0103 de standardizare a presei<\/a> de c\u0103tre NGRS \u00eempotriva Daily Mirror este documentat\u0103, dar aceasta nu a fost men\u021binut\u0103. <\/p>\n<blockquote><p>National Guild of Removers and Storers se angajeaz\u0103 s\u0103 promoveze calitatea \u0219i serviciile \u00eentr-un sector industrial nereglementat \u00een totalitate, care include inspec\u021bia independent\u0103 a membrilor s\u0103i, apartenen\u021ba la The Removals Industry Ombudsman Scheme, un Cod de practic\u0103 care se refer\u0103 la modul \u00een care membrii se ocup\u0103 de clien\u021bi \u0219i monitorizarea continu\u0103 a performan\u021belor membrilor.<\/p><\/blockquote>\n<p>- <a href=\"http:\/\/www.minimoves.co.uk\/\" target=\"_blank\" rel=\"noopener\">MiniMoves<\/a><\/p>\n<p><strong>Site web:<\/strong> <a href=\"http:\/\/www.ngrs.co.uk\/\" target=\"_blank\" rel=\"noopener\">http:\/\/www.ngrs.co.uk\/<\/a><\/p>","protected":false},"excerpt":{"rendered":"<p>The National Guild of Removers and Storers (NGRS) has been established to provide some regulation for the moving and storage industry in the UK. It has a Code of Practice and is part of the Removals Industry Ombudsman Scheme, which allows consumers to make complaints about poor experiences. Key facts about NGRS: The Guild&#8217;s &#8216;Annual [&hellip;]<\/p>\n","protected":false},"author":1,"featured_media":0,"parent":0,"menu_order":0,"comment_status":"closed","ping_status":"closed","template":"","meta":{"_genesis_hide_title":false,"_genesis_hide_breadcrumbs":false,"_genesis_hide_singular_image":false,"_genesis_hide_footer_widgets":false,"_genesis_custom_body_class":"","_genesis_custom_post_class":"","_genesis_layout":"","footnotes":""},"class_list":{"0":"post-450","1":"page","2":"type-page","3":"status-publish","5":"entry"},"_links":{"self":[{"href":"https:\/\/moverdb.com\/ro\/wp-json\/wp\/v2\/pages\/450","targetHints":{"allow":["GET"]}}],"collection":[{"href":"https:\/\/moverdb.com\/ro\/wp-json\/wp\/v2\/pages"}],"about":[{"href":"https:\/\/moverdb.com\/ro\/wp-json\/wp\/v2\/types\/page"}],"author":[{"embeddable":true,"href":"https:\/\/moverdb.com\/ro\/wp-json\/wp\/v2\/users\/1"}],"replies":[{"embeddable":true,"href":"https:\/\/moverdb.com\/ro\/wp-json\/wp\/v2\/comments?post=450"}],"version-history":[{"count":9,"href":"https:\/\/moverdb.com\/ro\/wp-json\/wp\/v2\/pages\/450\/revisions"}],"predecessor-version":[{"id":6224,"href":"https:\/\/moverdb.com\/ro\/wp-json\/wp\/v2\/pages\/450\/revisions\/6224"}],"wp:attachment":[{"href":"https:\/\/moverdb.com\/ro\/wp-json\/wp\/v2\/media?parent=450"}],"curies":[{"name":"wp","href":"https:\/\/api.w.org\/{rel}","templated":true}]}}