{"id":449,"date":"2016-07-04T14:35:22","date_gmt":"2016-07-04T14:35:22","guid":{"rendered":"http:\/\/moverdb.com\/?page_id=449"},"modified":"2026-01-08T14:48:17","modified_gmt":"2026-01-08T14:48:17","slug":"eurovan-movers","status":"publish","type":"page","link":"https:\/\/moverdb.com\/ro\/eurovan-movers\/","title":{"rendered":"Re\u021beaua de mut\u0103ri interna\u021bionale Eurovan (EM) - explica\u021bii"},"content":{"rendered":"<p>Eurovan International Movers Network (EM) este o re\u021bea de firme independente de mut\u0103ri locale cu sediul \u00een <a href=\"https:\/\/moverdb.com\/ro\/moving-to-germany\/\" data-internallinksmanager029f6b8e52c=\"321\" title=\"V\u0103 muta\u021bi \u00een Germania? 2026 Costurile vie\u021bii \u0219i sfaturi de relocare\">Germania<\/a>. Re\u021beaua este conceput\u0103 pentru a r\u0103spunde nevoii de a putea oferi niveluri constante de servicii pentru mut\u0103rile interna\u021bionale care pot traversa mai multe \u021b\u0103ri.<\/p>\n<p><strong>Informa\u021bii cheie despre Eurovan International Movers Network:<\/strong><\/p>\n<ul>\n<li>  \u00cen cazul \u00een care o mutare are loc \u00een \u00eentregime \u00een Europa, sediul central al EM monitorizeaz\u0103, coordoneaz\u0103 \u0219i controleaz\u0103 toate mut\u0103rile \u00eentre o \u021bar\u0103 \u0219i alta.<\/li>\n<li>  EM ofer\u0103 o gam\u0103 de servicii prin intermediul re\u021belei sale, inclusiv coordon\u0103ri \u0219i opera\u021biuni, depozitare \u0219i antrepozitare, ambalare \u0219i despachetare \u0219i servicii de origine \u0219i destina\u021bie.<\/li>\n<li>  EM are \u0219apte parteneri la nivel mondial care acoper\u0103 Africa, Asia, America de Nord \u0219i America de Sud.<\/li>\n<li>  EM are \u00een jur de 35 de parteneri europeni, dintre care opt \u00een Europa. <a href=\"https:\/\/moverdb.com\/ro\/mutari-internationale\/\">MAREA BRITANIE<\/a>.<\/li>\n<li>  \u00cen cazul \u00een care sediul central al EM monitorizeaz\u0103 o mutare, acest lucru permite EM s\u0103 reduc\u0103 num\u0103rul de kilometri parcur\u0219i \u00een gol \u0219i s\u0103 g\u0103seasc\u0103 modalit\u0103\u021bi de a realiza economii monetare.<\/li>\n<li>  EM are o acoperire global\u0103.<\/li>\n<\/ul>\n<p><strong>Profilul Eurovan Movers:<\/strong><\/p>\n<p>EM este o organiza\u021bie care func\u021bioneaz\u0103 mai degrab\u0103 pe baza \"partenerilor\" dec\u00e2t a membrilor. De\u0219i nu sunt enumerate criteriile de aderare, este clar c\u0103 procesul de a deveni partener este destul de implicat \u0219i necesit\u0103 o bun\u0103 potrivire \u00eentre EM \u0219i poten\u021bialul partener, precum \u0219i capacitatea de a aduce idei noi la mas\u0103. <\/p>\n<p>Cele mai multe destina\u021bii, at\u00e2t \u00een categoria partenerilor europeni, c\u00e2t \u0219i \u00een cea a partenerilor mondiali, au doar o singur\u0103 afacere listat\u0103 - \u00een afar\u0103 de Germania, \u00een care se afl\u0103 <a href=\"https:\/\/moverdb.com\/ro\/moving-to-the-uk\/\" data-internallinksmanager029f6b8e52c=\"93\" title=\"V\u0103 muta\u021bi \u00een Regatul Unit? 2026 Costurile vie\u021bii \u0219i sfaturi de relocare\">MAREA BRITANIE<\/a>, <a href=\"https:\/\/moverdb.com\/ro\/moving-to-switzerland\/\" data-internallinksmanager029f6b8e52c=\"327\" title=\"V\u0103 muta\u021bi \u00een Elve\u021bia? 2026 Costurile vie\u021bii \u0219i sfaturi de relocare\">Elve\u021bia<\/a> \u0219i <a href=\"https:\/\/moverdb.com\/ro\/moving-to-italy\/\" data-internallinksmanager029f6b8e52c=\"346\" title=\"V\u0103 muta\u021bi \u00een Italia? 2026 Costurile vie\u021bii \u0219i sfaturi de relocare\">Italia<\/a>, care au 4+. <\/p>\n<p>Ideea EM este de a oferi clien\u021bilor o abordare mai coerent\u0103 a unei mut\u0103ri interna\u021bionale prin conectarea unor firme independente de mut\u0103ri locale. EM coordoneaz\u0103 ea \u00eens\u0103\u0219i procesul \u00een cazul \u00een care mutarea are loc \u00een interiorul UE. <\/p>\n<p>Ceea ce face ca EM s\u0103 se deosebeasc\u0103 este faptul c\u0103 are o comand\u0103 centralizat\u0103, dar lucreaz\u0103 cu transportatorii locali, p\u0103str\u00e2nd cuno\u0219tin\u021bele \u0219i conexiunile locale \u0219i put\u00e2nd oferi un control centralizat.<\/p>\n<p><strong>Criterii de aderare:<\/strong><\/p>\n<p>Pe site nu sunt enumerate criteriile de aderare - \u00een schimb, site-ul spune urm\u0103toarele:<\/p>\n<blockquote><p>Cu siguran\u021b\u0103, pentru a deveni partener este nevoie de mai mult dec\u00e2t s\u0103 fi efectuat o mutare sau dou\u0103 pentru a deveni partener.<\/p>\n<p>Dac\u0103 crede\u021bi c\u0103 pute\u021bi beneficia de sinergiile pe care le poate oferi o re\u021bea \u0219i dac\u0103 crede\u021bi c\u0103 unele dintre ideile dvs. proaspete \u0219i neconven\u021bionale ar trebui s\u0103 fie \u00eembinate cu experien\u021ba de peste 30 de ani de mut\u0103ri, a\u021bi g\u0103sit acum sursa potrivit\u0103. <\/p>\n<p>Pentru a afla mai multe despre tehnologiile cheie \u0219i alte avantaje la care au acces to\u021bi partenerii Eurovan, v\u0103 rug\u0103m s\u0103 o contacta\u021bi pe Tobia Crisostomo. El va fi bucuros s\u0103 v\u0103 r\u0103spund\u0103 la orice \u00eentrebare pe care o ave\u021bi despre avantajele de a deveni partener Eurovan \u0219i s\u0103 v\u0103 ajute s\u0103 porni\u021bi pe drumul c\u0103tre o vizibilitate \u0219i o flexibilitate mai mare \u00een domeniul transporturilor.<\/p><\/blockquote>\n<p>EUROVAN - Re\u021beaua de mut\u0103ri interna\u021bionale<br \/>\nTobia Crisostomo<br \/>\nNeckarauer Stra\u00dfe 35\/41<br \/>\nD-68199 Mannheim, Germania<br \/>\nTel.: +49(0)621-3 97 40 93<br \/>\nFax: +49(0)621-3 97 40 94<br \/>\nEmail: crisostomo@eurovan.com<\/p>\n<p><strong>Exemplu de companii membre<\/strong><\/p>\n<ul>\n<li> <a href=\"https:\/\/moverdb.com\/ro\/movecorp\/\">Movecorp<\/a><\/li>\n<\/ul>\n<p><strong>Opinii despre Eurovan International Movers Network<\/strong><\/p>\n<p>Eurovan Movers nu apare at\u00e2t de frecvent pe internet - ceea ce nu este surprinz\u0103tor, av\u00e2nd \u00een vedere num\u0103rul limitat de \"parteneri\" - dar exist\u0103 <a href=\"http:\/\/www.centralmoves.co.uk\/removal-solutions\/uk-removals\/\" target=\"_blank\" rel=\"noopener\">sunt un cuplu<\/a> de \u00eentreprinderi care <a href=\"http:\/\/pegasusmoving.fi\/cr3ativsponsor\/eurovan-the-european-movers-network\" target=\"_blank\" rel=\"noopener\">men\u021biona\u021bi-o<\/a>. <\/p>\n<p>Exist\u0103 <a href=\"http:\/\/www.complaintsboard.com\/complaints\/eurovan-movers-c292449.html\" target=\"_blank\" rel=\"noopener\">un num\u0103r de<\/a> <a href=\"http:\/\/panamainternationalmovers.blogspot.co.uk\" target=\"_blank\" rel=\"noopener\">recenzii proaste<\/a> pentru <a href=\"https:\/\/moverdb.com\/ro\/moving-to-panama\/\" data-internallinksmanager029f6b8e52c=\"432\" title=\"V\u0103 muta\u021bi \u00een Panama? 2026 Costurile de trai \u0219i sfaturi de relocare\">Panama<\/a> partenerul grupului - responsabil pentru o experien\u021b\u0103 negativ\u0103, obiecte furate \u0219i obiecte deteriorate. <\/p>\n<p>\u00cen prezent, pe site-ul Eurovan Movers nu mai apare niciun partener din Panama, a\u0219a c\u0103 este posibil ca parteneriatul s\u0103 fi fost dizolvat \u00een urma pl\u00e2ngerilor. <a href=\"https:\/\/moverdb.com\/ro\/organizatii-asociatii\/\">Eurovan este listat ca unul dintre<\/a> a \"celor mai importante organiza\u021bii, asocia\u021bii, scheme, bresle, consilii, etc.\" interna\u021bionale de mut\u0103ri \u0219i transporturi, al\u0103turi de organiza\u021bii precum <a href=\"https:\/\/moverdb.com\/ro\/british-association-of-removers\/\" data-internallinksmanager029f6b8e52c=\"9\" title=\"Asocia\u021bia Britanic\u0103 a Transportatorilor (BAR) Explica\u021bii\">Asocia\u021bia Britanic\u0103 a Transportatorilor<\/a>.<\/p>\n<p><strong>Site web:<\/strong> <a href=\"http:\/\/www.eurovan.com\/\" target=\"_blank\" rel=\"noopener\">http:\/\/www.eurovan.com\/<\/a><\/p>","protected":false},"excerpt":{"rendered":"<p>Eurovan International Movers Network (EM) is a network of independent local movers based in Germany. The network is designed to respond to the need to be able to provide consistent levels of service for international moves that may cross several countries. Key facts about Eurovan International Movers Network: Where a move is taking place entirely [&hellip;]<\/p>\n","protected":false},"author":1,"featured_media":0,"parent":0,"menu_order":0,"comment_status":"closed","ping_status":"closed","template":"","meta":{"_genesis_hide_title":false,"_genesis_hide_breadcrumbs":false,"_genesis_hide_singular_image":false,"_genesis_hide_footer_widgets":false,"_genesis_custom_body_class":"","_genesis_custom_post_class":"","_genesis_layout":"","footnotes":""},"class_list":{"0":"post-449","1":"page","2":"type-page","3":"status-publish","5":"entry"},"_links":{"self":[{"href":"https:\/\/moverdb.com\/ro\/wp-json\/wp\/v2\/pages\/449","targetHints":{"allow":["GET"]}}],"collection":[{"href":"https:\/\/moverdb.com\/ro\/wp-json\/wp\/v2\/pages"}],"about":[{"href":"https:\/\/moverdb.com\/ro\/wp-json\/wp\/v2\/types\/page"}],"author":[{"embeddable":true,"href":"https:\/\/moverdb.com\/ro\/wp-json\/wp\/v2\/users\/1"}],"replies":[{"embeddable":true,"href":"https:\/\/moverdb.com\/ro\/wp-json\/wp\/v2\/comments?post=449"}],"version-history":[{"count":7,"href":"https:\/\/moverdb.com\/ro\/wp-json\/wp\/v2\/pages\/449\/revisions"}],"predecessor-version":[{"id":6205,"href":"https:\/\/moverdb.com\/ro\/wp-json\/wp\/v2\/pages\/449\/revisions\/6205"}],"wp:attachment":[{"href":"https:\/\/moverdb.com\/ro\/wp-json\/wp\/v2\/media?parent=449"}],"curies":[{"name":"wp","href":"https:\/\/api.w.org\/{rel}","templated":true}]}}