{"id":448,"date":"2016-07-04T14:52:09","date_gmt":"2016-07-04T14:52:09","guid":{"rendered":"http:\/\/moverdb.com\/?page_id=448"},"modified":"2026-01-08T13:18:20","modified_gmt":"2026-01-08T13:18:20","slug":"asociatia-de-transport-de-marfa","status":"publish","type":"page","link":"https:\/\/moverdb.com\/ro\/freight-transport-association\/","title":{"rendered":"Asocia\u021bia de transport de m\u0103rfuri (FTA) - explica\u021bii"},"content":{"rendered":"<p>Asocia\u021bia de Transport de Marf\u0103 (FTA) a fost \u00eenfiin\u021bat\u0103 pentru a reprezenta interesele <a href=\"https:\/\/moverdb.com\/ro\/companii-de-transport-maritim\/\">companii de logistic\u0103<\/a>, indiferent dac\u0103 transport\u0103 m\u0103rfuri pe mare, pe calea aerului, pe \u0219osea sau pe calea ferat\u0103. A fost implicat\u0103 \u00een campanii de profil \u00eenalt pe teme precum taxa pe combustibil \u0219i acordarea de licen\u021be.<\/p>\n<p><strong>Date esen\u021biale despre ALS:<\/strong><\/p>\n<ul>\n<li>  FTA \u00ee\u0219i are r\u0103d\u0103cinile \u00eenc\u0103 din 1889.<\/li>\n<li>  Membrii FTA exploateaz\u0103 peste 200.000 de camioane - aproape jum\u0103tate din num\u0103rul total de camioane. <a href=\"https:\/\/moverdb.com\/ro\/moving-to-the-uk\/\" data-internallinksmanager029f6b8e52c=\"93\" title=\"V\u0103 muta\u021bi \u00een Regatul Unit? 2026 Costurile vie\u021bii \u0219i sfaturi de relocare\">MAREA BRITANIE<\/a> flot\u0103.<\/li>\n<li>  Membrii livreaz\u0103 peste 90% de marf\u0103 transportat\u0103 pe calea ferat\u0103.<\/li>\n<li>  Membrii FTA sunt responsabili pentru 70% din exporturile vizibile ale Regatului Unit pe cale maritim\u0103 \u0219i aerian\u0103.<\/li>\n<li>  FTA are peste 15.000 de membri \u0219i este cea mai mare asocia\u021bie comercial\u0103 de transport de marf\u0103 din Marea Britanie.<\/li>\n<li>  Cei 360 de angaja\u021bi ai FTA trateaz\u0103 anual peste 50 000 de cereri de informa\u021bii din partea membrilor.<\/li>\n<li>  Membrii ALS se limiteaz\u0103 la <a href=\"https:\/\/moverdb.com\/ro\/mutari-internationale\/\">Companii din Marea Britanie<\/a>.<\/li>\n<\/ul>\n<p><strong>Profilul Asocia\u021biei de transport de m\u0103rfuri:<\/strong><\/p>\n<p>FTA \u00ee\u0219i define\u0219te misiunea ca fiind \"o logistic\u0103 sigur\u0103, durabil\u0103 \u0219i eficient\u0103\". Aceasta are o serie de roluri diferite, inclusiv reprezentarea membrilor la nivel local, na\u021bional \u0219i european \u0219i organizarea de campanii de sensibilizare cu privire la industria logistic\u0103. <\/p>\n<p>FTA se asigur\u0103, de asemenea, c\u0103 membrii sunt la curent cu cele mai recente cerin\u021be de conformitate pentru afacerile lor \u0219i ofer\u0103 o gam\u0103 larg\u0103 de programe de formare profesional\u0103 menite s\u0103 contribuie la cre\u0219terea standardelor \u0219i la \u00eembun\u0103t\u0103\u021birea condi\u021biilor de munc\u0103. <\/p>\n<p>\u00cen plus, FTA este o surs\u0103 de informa\u021bii despre sectorul pe care \u00eel reprezint\u0103, elabor\u00e2nd rapoarte pe teme precum modul \u00een care func\u021bioneaz\u0103 industria logistic\u0103 \u0219i provoc\u0103rile cu care se confrunt\u0103. <\/p>\n<p>Printre beneficiile oferite de membri se num\u0103r\u0103 inform\u0103ri \u0219i ghiduri de conformitate, un serviciu de recuperare a vehiculelor cu plat\u0103 \u0219i un director de furnizori online.<\/p>\n<p>Categoriile de membri includ:<\/p>\n<ul>\n<li> Apartenen\u021ba operatorului de vehicule<\/li>\n<li> Calitatea de membru operator non-vehicule<\/li>\n<li> Calitatea de pasager<\/li>\n<li> Apartenen\u021ba la autorit\u0103\u021bile locale<\/li>\n<li> Componen\u021ba autorit\u0103\u021bii statutare<\/li>\n<li> Membrii filialei<\/li>\n<\/ul>\n<p><strong>Criterii de aderare:<\/strong><\/p>\n<p>FTA ofer\u0103 diferitele tipuri de abonament enumerate mai jos. Nu exist\u0103 criterii pentru a deveni membru, dar companiile trebuie s\u0103 se \u00eencadreze \u00een defini\u021bia uneia dintre activit\u0103\u021bile de mai jos \u0219i s\u0103 fie de acord cu termenii Statutului Asocia\u021biei Freight Transport Association Ltd. <\/p>\n<p>Pentru fiecare categorie de membri sunt necesare unele informa\u021bii suplimentare \u00een sprijinul cererii, dup\u0103 cum se indic\u0103 mai jos.<\/p>\n<ul>\n<li> Apartenen\u021ba operatorului de vehicule - num\u0103rul de vehicule operate \u0219i natura activit\u0103\u021bii.<\/li>\n<li> Calitatea de membru operator non-vehiculist - natura activit\u0103\u021bii.<\/li>\n<li> Calitatea de membru - cifra de afaceri anual\u0103, natura activit\u0103\u021bii, num\u0103rul de vehicule operate.<\/li>\n<li> Apartenen\u021ba la autorit\u0103\u021bile locale - num\u0103rul de vehicule operate \u0219i popula\u021bia din regiunea deservit\u0103 de autoritatea local\u0103.<\/li>\n<li> Apartenen\u021ba la autoritatea statutar\u0103 - num\u0103rul de vehicule operate \u0219i popula\u021bia din regiunea deservit\u0103 de autoritate.<\/li>\n<li> Apartenen\u021ba la o sucursal\u0103 - num\u0103rul de vehicule operate, natura activit\u0103\u021bii.<\/li>\n<\/ul>\n<p><strong>Exemplu de companii membre<\/strong><\/p>\n<ul>\n<li> <a href=\"https:\/\/moverdb.com\/ro\/shore-porters-society\/\">Societatea Shore Porters<\/a><\/li>\n<li> <a href=\"https:\/\/moverdb.com\/ro\/movecorp\/\">Movecorp<\/a><\/li>\n<\/ul>\n<p><strong>Opinii despre ALS:<\/strong><\/p>\n<p>FTA beneficiaz\u0103 de sprijinul unor nume mari din industrie - cum ar fi PWC, care \u0219i-a pus numele pe lista anual\u0103 <a href=\"http:\/\/www.pwc.co.uk\/industries\/transport-logistics\/fta-logistics-report-2014.html\" target=\"_blank\" rel=\"noopener\">Raportul de logistic\u0103 al Asocia\u021biei de Transport de M\u0103rfuri<\/a> \u0219i descrie FTA ca fiind \"una dintre cele mai mari asocia\u021bii comerciale din Marea Britanie\".<\/p>\n<p>ALS este men\u021bionat\u0103 ca partener al <a href=\"http:\/\/www.csrf.ac.uk\/partner\/freight-transport-association\/\" target=\"_blank\" rel=\"noopener\">Centrul pentru transport rutier durabil de m\u0103rfuri<\/a> \u0219i apar colabor\u0103ri \u00een probleme conexe, cum ar fi dezvoltarea unui sistem par\u021bial <a href=\"http:\/\/www.osapartnershipgroup.co.uk\/campaign2-fta.html\" target=\"_blank\" rel=\"noopener\">Certificat de competen\u021b\u0103 profesional\u0103<\/a> cu Grupul de Apnee Obstructiv\u0103 a Somnului. FTA este men\u021bionat\u0103 pe <a href=\"http:\/\/www.lombard.co.uk\/our-expertise\/commercial-transportation\/industry-associations\/fta\" target=\"_blank\" rel=\"noopener\">site-urile web ale unui num\u0103r de<\/a> a membrilor s\u0103i \u0219i este citat\u0103 adesea atunci c\u00e2nd exist\u0103 o problem\u0103 care reprezint\u0103 industria logistic\u0103.<\/p>\n<p><strong>Site web:<\/strong> <a href=\"http:\/\/www.fta.co.uk\/\" target=\"_blank\" rel=\"noopener\">http:\/\/www.fta.co.uk\/<\/a><\/p>\n<p><strong>Pentru mai multe informa\u021bii despre transport, consulta\u021bi:<\/strong> <a href=\"https:\/\/moverdb.com\/ro\/transport-maritim-de-containere\/\">2018 Tarife \u0219i costuri de transport maritim interna\u021bional de containere<\/a> \u0219i <a href=\"https:\/\/moverdb.com\/ro\/expeditor-de-marfuri\/\">Freight Forwarder &amp; NVOCC Ghidul interna\u021bional de costuri \u0219i companii<\/a><\/p>","protected":false},"excerpt":{"rendered":"<p>The Freight Transport Association (FTA) was set up to represent the interests of logistics companies, whether they are moving goods by sea, air, road or rail. It has been involved in high profile campaigns on issues such as fuel duty and licensing. Key facts about the FTA: The FTA can trace its roots back to [&hellip;]<\/p>\n","protected":false},"author":1,"featured_media":0,"parent":0,"menu_order":0,"comment_status":"closed","ping_status":"closed","template":"","meta":{"_genesis_hide_title":false,"_genesis_hide_breadcrumbs":false,"_genesis_hide_singular_image":false,"_genesis_hide_footer_widgets":false,"_genesis_custom_body_class":"","_genesis_custom_post_class":"","_genesis_layout":"","footnotes":""},"class_list":{"0":"post-448","1":"page","2":"type-page","3":"status-publish","5":"entry"},"_links":{"self":[{"href":"https:\/\/moverdb.com\/ro\/wp-json\/wp\/v2\/pages\/448","targetHints":{"allow":["GET"]}}],"collection":[{"href":"https:\/\/moverdb.com\/ro\/wp-json\/wp\/v2\/pages"}],"about":[{"href":"https:\/\/moverdb.com\/ro\/wp-json\/wp\/v2\/types\/page"}],"author":[{"embeddable":true,"href":"https:\/\/moverdb.com\/ro\/wp-json\/wp\/v2\/users\/1"}],"replies":[{"embeddable":true,"href":"https:\/\/moverdb.com\/ro\/wp-json\/wp\/v2\/comments?post=448"}],"version-history":[{"count":11,"href":"https:\/\/moverdb.com\/ro\/wp-json\/wp\/v2\/pages\/448\/revisions"}],"predecessor-version":[{"id":6213,"href":"https:\/\/moverdb.com\/ro\/wp-json\/wp\/v2\/pages\/448\/revisions\/6213"}],"wp:attachment":[{"href":"https:\/\/moverdb.com\/ro\/wp-json\/wp\/v2\/media?parent=448"}],"curies":[{"name":"wp","href":"https:\/\/api.w.org\/{rel}","templated":true}]}}