{"id":447,"date":"2016-07-05T14:22:52","date_gmt":"2016-07-05T14:22:52","guid":{"rendered":"http:\/\/moverdb.com\/?page_id=447"},"modified":"2026-01-08T14:48:21","modified_gmt":"2026-01-08T14:48:21","slug":"fedemac","status":"publish","type":"page","link":"https:\/\/moverdb.com\/ro\/fedemac\/","title":{"rendered":"Federa\u021bia Asocia\u021biei Europene a Transportatorilor (FEDEMAC) Explica\u021bii"},"content":{"rendered":"<p>Federa\u021bia Asocia\u021biei Europene a Transportatorilor (FEDEMAC) este un organism european care a fost \u00eenfiin\u021bat pentru a promova industria mut\u0103rilor la nivel european. Printre membrii s\u0103i se num\u0103r\u0103 \u00een principal asocia\u021bii na\u021bionale de mut\u0103ri.<\/p>\n<p><strong>Date esen\u021biale despre FEDEMAC<\/strong><\/p>\n<ul>\n<li>  FEDEMAC este format\u0103 din asocia\u021bii na\u021bionale de mut\u0103ri din Europa.<\/li>\n<li>  FEDEMAC reprezint\u0103 interesele a aproximativ 3.000 de profesioni\u0219ti din \u00eentreaga lume. <a href=\"https:\/\/moverdb.com\/ro\/moving-companies\/\" data-internallinksmanager029f6b8e52c=\"79\" title=\"Top 25 Companii interna\u021bionale de mutare online\">companii de mutare<\/a>.<\/li>\n<li>  Membrii sunt localiza\u021bi \u00een 26 de \u021b\u0103ri europene, dintre care 24 sunt state membre ale UE. <a href=\"https:\/\/moverdb.com\/ro\/moving-to-switzerland\/\" data-internallinksmanager029f6b8e52c=\"327\" title=\"V\u0103 muta\u021bi \u00een Elve\u021bia? 2026 Costurile vie\u021bii \u0219i sfaturi de relocare\">Elve\u021bia<\/a> \u0219i <a href=\"https:\/\/moverdb.com\/ro\/moving-to-norway\/\" data-internallinksmanager029f6b8e52c=\"325\" title=\"V\u0103 muta\u021bi \u00een Norvegia? 2026 Costurile de trai \u0219i sfaturi de relocare\">Norvegia<\/a> sunt, de asemenea, reprezentate de FEDEMAC.<\/li>\n<li>  FEDEMAC este administrat\u0103 de o adunare general\u0103 care se \u00eentrune\u0219te o dat\u0103 pe an \u0219i este format\u0103 din reprezentan\u021bi ai membrilor FEDEMAC (asocia\u021bii membre \u0219i societ\u0103\u021bi membre afiliate direct).<\/li>\n<li>  O mare parte din activitatea FEDEMAC const\u0103 \u00een promovarea intereselor membrilor \u00een Parlamentul European \u0219i la Comisia European\u0103.<\/li>\n<\/ul>\n<p><strong>Profilul Asocia\u021biei Federa\u021biei Europene a Transportatorilor:<\/strong><\/p>\n<p>Scopul FEDEMAC este de a reprezenta industria de mut\u0103ri din Europa, preocup\u0103rile, nevoile \u0219i scopul acesteia. De asemenea, a fost conceput pentru a contribui la coordonarea activit\u0103\u021bilor membrilor s\u0103i pentru a crea un impact maxim \u00een Europa. <\/p>\n<p>O mare parte a activit\u0103\u021bii const\u0103 \u00een prezentarea intereselor membrilor \u00een fa\u021ba Parlamentului \u0219i a Comisiei Europene, precum \u0219i \u00een asigurarea leg\u0103turii \u00eentre asocia\u021biile na\u021bionale de mi\u0219care \u0219i alte organiza\u021bii profesionale. <\/p>\n<p>Membrii FEDEMAC sunt \u00een mare parte asocia\u021bii na\u021bionale de mut\u0103ri (de exemplu <a href=\"https:\/\/moverdb.com\/ro\/mutari-internationale\/\" target=\"_blank\" rel=\"noopener\">\u00een Marea Britanie<\/a>, membrul este <a href=\"https:\/\/moverdb.com\/ro\/asociatia-britanica-a-demolatorilor\/\" target=\"_blank\" rel=\"noopener\">Asocia\u021bia Britanic\u0103 a Transportatorilor<\/a>), \u00eens\u0103 este posibil ca \u0219i companiile de mut\u0103ri singure calificate s\u0103 devin\u0103 afiliate directe ale FEDEMAC \u00een cazul \u00een care nu exist\u0103 o asocia\u021bie sau exist\u0103 o asocia\u021bie care nu este interesat\u0103 s\u0103 devin\u0103 membr\u0103 FEDEMAC. <\/p>\n<p>O parte din rolul FEDEMAC este de a \u021bine membrii la curent cu politica european\u0103 \u0219i, \u00een acest scop, ofer\u0103 o serie de resurse prin intermediul site-ului s\u0103u web, precum \u0219i o serie de publica\u021bii pentru membri, un director \u0219i o conferin\u021b\u0103 anual\u0103.<\/p>\n<p><strong>Criterii de aderare:<\/strong><\/p>\n<p>Apartenen\u021ba se face prin intermediul unei asocia\u021bii na\u021bionale - cei din <a href=\"https:\/\/moverdb.com\/ro\/moving-to-the-uk\/\" data-internallinksmanager029f6b8e52c=\"93\" title=\"V\u0103 muta\u021bi \u00een Regatul Unit? 2026 Costurile vie\u021bii \u0219i sfaturi de relocare\">MAREA BRITANIE<\/a> care doresc s\u0103 fac\u0103 parte din FEDEMAC ar trebui s\u0103 se \u00eenscrie \u00een Asocia\u021bia britanic\u0103 a transportatorilor.<br \/>\n\u00cen majoritatea \u021b\u0103rilor, apartenen\u021ba se face prin intermediul unei asocia\u021bii na\u021bionale de mut\u0103ri.<\/p>\n<p><strong>Exemplu de companii membre<\/strong><\/p>\n<ul>\n<li> <a href=\"https:\/\/moverdb.com\/ro\/matthew-james\/\">Matthew James Reloc\u0103ri globale<\/a><\/li>\n<li> <a href=\"https:\/\/moverdb.com\/ro\/movecorp\/\">Movecorp<\/a><\/li>\n<li> <a href=\"https:\/\/moverdb.com\/ro\/pearson\/\">Pearson Home Moving<\/a><\/li>\n<li> <a href=\"https:\/\/moverdb.com\/ro\/simpsons-removals\/\">Simpsons Mut\u0103ri \u0219i depozitare<\/a><\/li>\n<li> <a href=\"https:\/\/moverdb.com\/ro\/abels-removals\/\">Abels Moving Services<\/a><\/li>\n<li> <a href=\"https:\/\/moverdb.com\/ro\/eagle-relocari\/\">Eagle Reloc\u0103ri<\/a><\/li>\n<li> <a href=\"https:\/\/moverdb.com\/ro\/btr-international\/\">BTR International<\/a><\/li>\n<li> <a href=\"https:\/\/moverdb.com\/ro\/fn-removals\/\">F&amp;N Worldwide Removals<\/a><\/li>\n<li> <a href=\"https:\/\/moverdb.com\/ro\/bolliger\/\">Bolliger<\/a><\/li>\n<li> <a href=\"https:\/\/moverdb.com\/ro\/gil-stauffer\/\">Gil Stauffer<\/a><\/li>\n<li> <a href=\"https:\/\/moverdb.com\/ro\/teletrans\/\">Teletrans<\/a><\/li>\n<\/ul>\n<p><strong>Opinii despre FEDEMAC<\/strong><\/p>\n<p>FEDEMAC este, evident, foarte apreciat\u0103 de cei care <a href=\"http:\/\/www.abels.co.uk\/articles\/fedemac-federation-of-european-movers-associations-what-does-this-mean\/\" target=\"_blank\" rel=\"noopener\">care o men\u021bioneaz\u0103<\/a> \u0219i considerat ca juc\u00e2nd un rol important \u00een reprezentarea intereselor celor care fac mi\u0219care \u00een Europa. Unii transportatori indic\u0103 faptul c\u0103 sunt membri individuali, mai degrab\u0103 dec\u00e2t membri prin intermediul British Association of Movers. Al\u021bii se men\u021bioneaz\u0103 ca fiind acredita\u021bi de FEDEMAC, lucru pe care organiza\u021bia nu \u00eel face.<\/p>\n<p><strong>Site web:<\/strong> <a href=\"https:\/\/www.fedemac.eu\" target=\"_blank\" rel=\"noopener\">https:\/\/www.fedemac.eu<\/a><\/p>","protected":false},"excerpt":{"rendered":"<p>The Federation of European Movers Association (FEDEMAC) is a European body that has been established to promote the moving industry on a European level. Its membership is predominantly made up of national moving associations. Key facts about FEDEMAC FEDEMAC membership is made up of National Moving Associations located in Europe. FEDEMAC represents the interests of [&hellip;]<\/p>\n","protected":false},"author":1,"featured_media":0,"parent":0,"menu_order":0,"comment_status":"closed","ping_status":"closed","template":"","meta":{"_genesis_hide_title":false,"_genesis_hide_breadcrumbs":false,"_genesis_hide_singular_image":false,"_genesis_hide_footer_widgets":false,"_genesis_custom_body_class":"","_genesis_custom_post_class":"","_genesis_layout":"","footnotes":""},"class_list":{"0":"post-447","1":"page","2":"type-page","3":"status-publish","5":"entry"},"_links":{"self":[{"href":"https:\/\/moverdb.com\/ro\/wp-json\/wp\/v2\/pages\/447","targetHints":{"allow":["GET"]}}],"collection":[{"href":"https:\/\/moverdb.com\/ro\/wp-json\/wp\/v2\/pages"}],"about":[{"href":"https:\/\/moverdb.com\/ro\/wp-json\/wp\/v2\/types\/page"}],"author":[{"embeddable":true,"href":"https:\/\/moverdb.com\/ro\/wp-json\/wp\/v2\/users\/1"}],"replies":[{"embeddable":true,"href":"https:\/\/moverdb.com\/ro\/wp-json\/wp\/v2\/comments?post=447"}],"version-history":[{"count":21,"href":"https:\/\/moverdb.com\/ro\/wp-json\/wp\/v2\/pages\/447\/revisions"}],"predecessor-version":[{"id":6209,"href":"https:\/\/moverdb.com\/ro\/wp-json\/wp\/v2\/pages\/447\/revisions\/6209"}],"wp:attachment":[{"href":"https:\/\/moverdb.com\/ro\/wp-json\/wp\/v2\/media?parent=447"}],"curies":[{"name":"wp","href":"https:\/\/api.w.org\/{rel}","templated":true}]}}