{"id":446,"date":"2016-06-21T20:49:19","date_gmt":"2016-06-21T20:49:19","guid":{"rendered":"http:\/\/moverdb.com\/?page_id=446"},"modified":"2026-01-08T15:20:34","modified_gmt":"2026-01-08T15:20:34","slug":"rios","status":"publish","type":"page","link":"https:\/\/moverdb.com\/ro\/rios\/","title":{"rendered":"Schema Ombudsmanului din industria mut\u0103rilor (RIOS) explicat\u0103"},"content":{"rendered":"<p>Schema Ombudsmanului din industria mut\u0103rilor (RIOS) se ocup\u0103 de pl\u00e2ngerile care sunt f\u0103cute cu privire la \u00eentreprinderile din industria mut\u0103rilor. Acesta ofer\u0103 un serviciu independent de solu\u021bionare a litigiilor dintre companiile membre \u0219i clien\u021bii acestora.<\/p>\n<p><strong>Date cheie despre RIOS:<\/strong><\/p>\n<ul>\n<li>  Toate pl\u00e2ngerile investigate prin intermediul RIOS sunt gratuite.<\/li>\n<li>  RIOS este disponibil pentru <a href=\"https:\/\/moverdb.com\/ro\/moving-to-the-uk\/\" data-internallinksmanager029f6b8e52c=\"93\" title=\"V\u0103 muta\u021bi \u00een Regatul Unit? 2026 Costurile vie\u021bii \u0219i sfaturi de relocare\">MAREA BRITANIE<\/a> cet\u0103\u021beni.<\/li>\n<li>  Cet\u0103\u021benii britanici pot utiliza acest serviciu gratuit pentru a depune o pl\u00e2ngere cu privire la o problem\u0103 \u00een curs de rezolvare cu firme de mut\u0103ri \u0219i depozite, fie ele domestice sau comerciale, care sunt membre ale sistemului Ombudsman.<\/li>\n<li>  Constat\u0103rile Ombudsmanului sunt obligatorii pentru <a href=\"https:\/\/moverdb.com\/ro\/mutari-internationale\/\" target=\"_blank\" rel=\"noopener\">companie de mutare<\/a>, dar nu \u0219i pe consumator.<\/li>\n<li>  Actualul ombudsman este Tony Kaye, care a fost numit \u00een iunie 2015. Acesta este independent de orice <a href=\"https:\/\/moverdb.com\/ro\/international-removals\/\" data-internallinksmanager029f6b8e52c=\"27\" title=\"36 Cele mai bune companii de mut\u0103ri interna\u021bionale din Marea Britanie\">companie de mutare<\/a> sau organiza\u021bie.<\/li>\n<li> The <a href=\"https:\/\/moverdb.com\/ro\/ngrs\/\">Breasla na\u021bional\u0103 a transportatorilor \u0219i depozitarilor<\/a> este \u00een prezent membrul principal.<\/li>\n<\/ul>\n<p><strong>Profilul Ombudsmanului din industria mut\u0103rilor:<\/strong><\/p>\n<p>RIOS ofer\u0103 o modalitate de solu\u021bionare a litigiilor din cadrul industriei de c\u0103tre un organism independent. Aceste litigii pot implica at\u00e2t consumatori casnici, c\u00e2t \u0219i organiza\u021bii comerciale. Sistemul ac\u021bioneaz\u0103 ca un arbitru independent, care se ocup\u0103 de litigiile care nu pot fi rezolvate fie \u00eentre p\u0103r\u021bi, fie prin intermediul unui alt organism din industrie.<\/p>\n<p>Exist\u0103 reguli relativ stricte cu privire la tipurile de pl\u00e2ngeri pe care RIOS le poate \u0219i nu le poate solu\u021biona - de exemplu, pl\u00e2ngerile care fac deja obiectul unei ac\u021biuni \u00een justi\u021bie nu vor fi solu\u021bionate. <\/p>\n<p>Problemele legate de aspecte precum \u00eent\u00e2rzierile, e\u0219ecul de a furniza serviciul promis, taxe excesive peste ceea ce s-a convenit sau acuza\u021bii de comportament neprofesional sunt toate de competen\u021ba RIOS. <\/p>\n<p>\u00cen cazul \u00een care consumatorii doresc s\u0103 depun\u0103 o pl\u00e2ngere, aceasta trebuie adresat\u0103 mai \u00eent\u00e2i \u00eentreprinderii \u00een cauz\u0103 - dac\u0103 nu poate fi rezolvat\u0103, atunci poate fi transferat\u0103 c\u0103tre RIOS.<\/p>\n<p><strong>Criterii de aderare:<\/strong><\/p>\n<p>Acestea nu sunt listate pe site-ul web, ci sunt descrise ca un contract pe care membrii sistemului trebuie s\u0103 \u00eel semneze \u0219i care stabile\u0219te toate criteriile. Cu toate acestea, cel mai important este faptul c\u0103 membrii sunt guverna\u021bi de un cod de practic\u0103 prietenos pentru clien\u021bi, de inspec\u021bii anuale independente, de o monitorizare continu\u0103 a calit\u0103\u021bii \u0219i de acordul lor de a respecta hot\u0103r\u00e2rile Ombudsmanului \u00een litigiile cu clien\u021bii.<\/p>\n<p><strong>Exemplu de companii membre<\/strong><\/p>\n<ul>\n<li> <a href=\"https:\/\/moverdb.com\/ro\/movecorp\/\">Movecorp<\/a><\/li>\n<\/ul>\n<p><strong>Opinii despre RIOS:<\/strong><\/p>\n<p>Independen\u021ba RIOS este unul dintre elementele care ies cel mai mult \u00een eviden\u021b\u0103 atunci c\u00e2nd apare pe site-urile membrilor. Cei care o men\u021bioneaz\u0103 o fac pentru a oferi asigur\u0103ri c\u0103 clien\u021bii au la dispozi\u021bie o modalitate de a face reclama\u021bii care nu implic\u0103 neap\u0103rat s\u0103 aib\u0103 de-a face doar cu \u00eentreprinderea sau cu industria respectiv\u0103. <\/p>\n<p>Apartenen\u021ba la sistemul RIOS este considerat\u0103 o acreditare \u0219i o modalitate de diferen\u021biere a \u00eentreprinderilor fa\u021b\u0103 de concuren\u021b\u0103. Apartenen\u021ba la RIOS este, de asemenea, descris\u0103 ca fiind un indicator al faptului c\u0103 o \u00eentreprindere respect\u0103 standarde \u00eenalte de protec\u021bie a consumatorilor.<\/p>\n<blockquote><p>Sistemul Ombudsmanului din industria mut\u0103rilor a fost creat pentru a oferi industriei mut\u0103rilor un serviciu independent de solu\u021bionare a litigiilor dintre companiile membre \u0219i clien\u021bii acestora, at\u00e2t consumatori casnici, c\u00e2t \u0219i organiza\u021bii comerciale, \u00een cazul \u00een care serviciul de conciliere oferit de National Guild of Removers &amp; Storers nu a ajuns la o concluzie satisf\u0103c\u0103toare.\n<\/p><\/blockquote>\n<p>- <a href=\"http:\/\/www.ngrs.co.uk\/ombudsman-scheme\/\" target=\"_blank\" rel=\"noopener\">Breasla na\u021bional\u0103 a transportatorilor \u0219i depozitarilor<\/a><\/p>\n<blockquote><p>\u00cen Regatul Unit nu exist\u0103 legi care s\u0103 stabileasc\u0103 cine poate \u00eenfiin\u021ba o firm\u0103 de mut\u0103ri. Cu toate acestea, trebuie s\u0103 \u0219ti\u021bi c\u0103 v\u0103 \u00eencredin\u021ba\u021bi casa \u0219i bunurile pre\u021bioase unei firme de mut\u0103ri care \u00eendepline\u0219te standarde \u00eenalte de protec\u021bie a consumatorilor. Cel mai bun indicator \u00een acest sens este s\u0103 c\u0103uta\u021bi un membru al The Removals Industry Ombudsman Scheme (RIOS) \u0219i numai GUILD insist\u0103 ca to\u021bi membrii s\u0103i s\u0103 respecte regulile Ombudsman Scheme.<\/p><\/blockquote>\n<p>- <a href=\"http:\/\/www.moveit-essex.co.uk\/news\/yjpleijb5i.html\" target=\"_blank\" rel=\"noopener\">Muta\u021bi-l mut\u0103ri<\/a> <\/p>\n<blockquote><p>Sistemele de mediere sunt create pentru a oferi clien\u021bilor o procedur\u0103 independent\u0103 \u0219i impar\u021bial\u0103 de solu\u021bionare a pl\u00e2ngerilor. Sistemul Ombudsmanului din industria mut\u0103rilor este membru cu drepturi depline al Asocia\u021biei britanice \u0219i irlandeze a Ombudsmanilor, al\u0103turi de binecunoscutul Serviciu al Ombudsmanului financiar, de Ombudsmanul parlamentar \u0219i al serviciilor de s\u0103n\u0103tate \u0219i de alte 17 sisteme numai \u00een Regatul Unit.<\/p><\/blockquote>\n<p>- <a href=\"http:\/\/www.uptonsremovals.com\/moving-you\/local-domestic-moves\/\" target=\"_blank\" rel=\"noopener\">Glyn Upton Demenaj\u0103ri<\/a><\/p>\n<p><strong>Site web:<\/strong> <a href=\"http:\/\/removalsombudsman.co.uk\/\" target=\"_blank\" rel=\"noopener\">http:\/\/removalsombudsman.co.uk\/<\/a><\/p>","protected":false},"excerpt":{"rendered":"<p>The Removal Industry Ombudsman Scheme (RIOS) deals with complaints that are made about removals industry businesses. It offers an independent service to resolve disputes between member companies and their clients. Key facts about RIOS: All complaints investigated through RIOS are done so free of charge. RIOS is available to UK citizens. UK citizens can use [&hellip;]<\/p>\n","protected":false},"author":1,"featured_media":0,"parent":0,"menu_order":0,"comment_status":"closed","ping_status":"closed","template":"","meta":{"_genesis_hide_title":false,"_genesis_hide_breadcrumbs":false,"_genesis_hide_singular_image":false,"_genesis_hide_footer_widgets":false,"_genesis_custom_body_class":"","_genesis_custom_post_class":"","_genesis_layout":"","footnotes":""},"class_list":{"0":"post-446","1":"page","2":"type-page","3":"status-publish","5":"entry"},"_links":{"self":[{"href":"https:\/\/moverdb.com\/ro\/wp-json\/wp\/v2\/pages\/446","targetHints":{"allow":["GET"]}}],"collection":[{"href":"https:\/\/moverdb.com\/ro\/wp-json\/wp\/v2\/pages"}],"about":[{"href":"https:\/\/moverdb.com\/ro\/wp-json\/wp\/v2\/types\/page"}],"author":[{"embeddable":true,"href":"https:\/\/moverdb.com\/ro\/wp-json\/wp\/v2\/users\/1"}],"replies":[{"embeddable":true,"href":"https:\/\/moverdb.com\/ro\/wp-json\/wp\/v2\/comments?post=446"}],"version-history":[{"count":9,"href":"https:\/\/moverdb.com\/ro\/wp-json\/wp\/v2\/pages\/446\/revisions"}],"predecessor-version":[{"id":6231,"href":"https:\/\/moverdb.com\/ro\/wp-json\/wp\/v2\/pages\/446\/revisions\/6231"}],"wp:attachment":[{"href":"https:\/\/moverdb.com\/ro\/wp-json\/wp\/v2\/media?parent=446"}],"curies":[{"name":"wp","href":"https:\/\/api.w.org\/{rel}","templated":true}]}}