{"id":445,"date":"2016-06-21T20:35:30","date_gmt":"2016-06-21T20:35:30","guid":{"rendered":"http:\/\/moverdb.com\/?page_id=445"},"modified":"2026-01-08T14:47:36","modified_gmt":"2026-01-08T14:47:36","slug":"asociatia-relocalizare-profesionisti","status":"publish","type":"page","link":"https:\/\/moverdb.com\/ro\/association-relocation-professionals\/","title":{"rendered":"Asocia\u021bia Profesioni\u0219tilor \u00een Relocare (ARP) Explicat"},"content":{"rendered":"<p>Asocia\u021bia Profesioni\u0219tilor \u00een Relocare (ARP) este un organism profesional pentru industria de relocare din <a href=\"https:\/\/moverdb.com\/ro\/moving-to-the-uk\/\" data-internallinksmanager029f6b8e52c=\"93\" title=\"V\u0103 muta\u021bi \u00een Regatul Unit? 2026 Costurile vie\u021bii \u0219i sfaturi de relocare\">MAREA BRITANIE<\/a>. Misiunea sa nu este doar de a-\u0219i reprezenta membrii, ci \u0219i de a-i ajuta s\u0103 se comercializeze \u0219i s\u0103 se dezvolte.<\/p>\n<p><strong>Date esen\u021biale despre ARP:<\/strong><\/p>\n<ul>\n<li>  ARP este organismul care reprezint\u0103 profesioni\u0219tii \u00een relocalizare din Marea Britanie.<\/li>\n<li>  Asocia\u021bia Profesioni\u0219tilor \u00een Relocare a fost \u00eenfiin\u021bat\u0103 \u00een 1986.<\/li>\n<li>  Membrii ARP de\u021bin o asigurare complet\u0103 de r\u0103spundere civil\u0103 profesional\u0103, de r\u0103spundere civil\u0103 \u0219i de r\u0103spundere civil\u0103 a angajatorilor pentru a proteja clien\u021bii \u0219i furnizorii.<\/li>\n<li>  ARP are un set de reguli de conduit\u0103 pe care membrii trebuie s\u0103 le respecte, care includ reguli privind modul \u00een care sunt gestiona\u021bi banii clien\u021bilor \u0219i evitarea declara\u021biilor false.<\/li>\n<li>  To\u021bi membrii care ofer\u0103 servicii de relocalizare trebuie s\u0103 demonstreze c\u0103 au aderat la un sistem de compensare a propriet\u0103\u021bilor \u0219i c\u0103 s-au \u00eenscris \u00een Registrul de combatere a sp\u0103l\u0103rii banilor al HMRC, dac\u0103 sunt implica\u021bi \u00een achizi\u021bionarea de propriet\u0103\u021bi.<\/li>\n<li>  ARP este membru fondator \u0219i sponsor al Academiei Europene a Profesioni\u0219tilor \u00een Relocare (European Academy of Relocation Professionals - EARP), prima organiza\u021bie care ofer\u0103 calific\u0103ri europene de formare \u00een domeniul reloc\u0103rii.<\/li>\n<\/ul>\n<p><strong>Profilul Asocia\u021biei Profesioni\u0219tilor \u00een Relocare:<\/strong><\/p>\n<p>ARP este descris\u0103 ca fiind organismul profesional pentru companiile de relocare din Marea Britanie \u0219i reprezint\u0103 o gam\u0103 larg\u0103 de membri, de la speciali\u0219ti \u00een relocarea corporativ\u0103, la agen\u021bii de c\u0103utare de propriet\u0103\u021bi \u0219i al\u021bii care ofer\u0103 servicii specializate de relocare. <\/p>\n<p>ARP organizeaz\u0103 cursuri de formare acreditate pentru membrii s\u0103i - ca parte a Academiei Europene a Profesioni\u0219tilor \u00een Relocare (EARP), ofer\u0103 calificarea Managing International Mobility (MIM), precum \u0219i European Relocation Qualification (ERQ). <\/p>\n<p>ARP produce un director al membrilor care este trimis la 6.000 de manageri de resurse umane, directori \u0219i HRO din Marea Britanie, ideea fiind aceea de a ajuta la promovarea membrilor \u0219i de a-i ajuta s\u0103 se promoveze mai bine. <\/p>\n<p>ARP este conceput at\u00e2t ca un angajament fa\u021b\u0103 de cele mai bune practici, satisfac\u021bia clien\u021bilor \u0219i profesionalism, c\u00e2t \u0219i ca un forum pentru schimbul de idei, pentru a contribui la men\u021binerea industriei \u00een mi\u0219care.<\/p>\n<p><strong>Criterii de aderare:<\/strong><\/p>\n<p><u>Membru asociat<\/u><\/p>\n<p>Calitatea de membru asociat al ARP se aplic\u0103 celor care nu se calific\u0103 pentru calitatea de membru cu drepturi depline \u0219i este deschis\u0103 companiilor ale c\u0103ror activit\u0103\u021bi comerciale sunt legate de persoane fizice sau juridice \u0219i ale c\u0103ror venituri provin de la persoane fizice sau juridice pentru furnizarea de servicii legate de relocalizare.<\/p>\n<p>A <a href=\"https:\/\/moverdb.com\/ro\/moving-companies\/\">companie de relocalizare<\/a> este considerat\u0103 a fi orice organiza\u021bie care ofer\u0103 o gam\u0103 de servicii menite s\u0103 faciliteze mobilitatea persoanelor sau a grupurilor de persoane \u0219i a familiilor acestora.<\/p>\n<p>Aceste servicii pot fi furnizate \u00een zona de plecare, \u00een zona de destina\u021bie sau \u00een ambele. Calitatea de membru asociat al ARP este menit\u0103 s\u0103 fie un pas \u00eenainte spre calitatea de membru cu drepturi depline \u0219i v\u0103 vom oferi tot sprijinul posibil pentru a ob\u021bine acest lucru.<\/p>\n<p><u>Membru afiliat<\/u><\/p>\n<p>Pentru companiile care furnizeaz\u0103 servicii utilizate de profesioni\u0219tii \u00een relocalizare, dar a c\u0103ror activitate principal\u0103 are o baz\u0103 de clien\u021bi mai larg\u0103.<\/p>\n<p><u>Membru cu drepturi depline<\/u><\/p>\n<p>Pentru societ\u0103\u021bile care au fost tranzac\u021bionate timp de mai mult de doi ani.<\/p>\n<p>Membrii asocia\u021bi trebuie s\u0103 prezinte referin\u021be care sunt apoi verificate \u0219i prezentate Comitetului de aderare al ARP pentru verificarea final\u0103. Membrii asocia\u021bi trebuie s\u0103 urmeze cursuri de formare la nivelul unu din programul EARP \u00eenainte de a putea solicita statutul de membru cu drepturi depline.<\/p>\n<p>Membrii cu drepturi depline trebuie s\u0103 activeze de mai mult de doi ani \u0219i trebuie s\u0103 depun\u0103 o cerere care s\u0103 includ\u0103 referin\u021be de la trei clien\u021bi.<\/p>\n<p><strong>Exemplu de companii membre<\/strong><\/p>\n<ul>\n<li> <a href=\"https:\/\/moverdb.com\/ro\/sterling-relocalizare\/\">Sterling Relocare<\/a><\/li>\n<li> <a href=\"https:\/\/moverdb.com\/ro\/dt-moving\/\">DT Moving<\/a><\/li>\n<li> <a href=\"https:\/\/moverdb.com\/ro\/btr-international\/\">BTR International<\/a><\/li>\n<\/ul>\n<p><strong>Opinii despre ARP:<\/strong><\/p>\n<p>ARP apare pe numeroase site-uri web din Marea Britanie \u0219i este descris ca fiind organismul profesional care reprezint\u0103 furnizorii de servicii de relocare din str\u0103in\u0103tate \u00een Marea Britanie. <\/p>\n<p>Faptul de a fi membru al ARP este perceput ca o dovad\u0103 c\u0103 o firm\u0103 de relocalizare respect\u0103 \u0219i dep\u0103\u0219e\u0219te standardele recunoscute ale industriei. Conform <a href=\"http:\/\/www.bloomberg.com\/profiles\/companies\/1519530Z:LN-association-of-relocation-professionals\/\" target=\"_blank\" rel=\"noopener\">Bloomberg<\/a> activitatea principal\u0103 a ARP <em>\"este de a promova \u0219i de a proteja activitatea \u0219i profesia agen\u021bilor de relocalizare.\"<\/em> O parte dintre cei care citeaz\u0103 ARP pe site-urile lor web subliniaz\u0103 faptul c\u0103 aceasta stabile\u0219te standarde pentru industrie \u00een ceea ce prive\u0219te cele mai bune practici, serviciile pentru clien\u021bi \u0219i profesionalismul.<\/p>\n<blockquote><p>\u00cencuraj\u00e2nd cele mai bune practici \u00een cadrul industriei \u0219i av\u00e2nd sarcina de a \u021bine membrii la curent cu cele mai recente modific\u0103ri legislative, de la sp\u0103larea banilor la locuin\u021be cu mai multe locuri de cazare, calitatea noastr\u0103 de membru este un angajament fa\u021b\u0103 de dumneavoastr\u0103 c\u0103 suntem \u00een fruntea, \u0219i suntem de peste 25 de ani, a profesiei de relocalizare.<\/p><\/blockquote>\n<p>- <a href=\"http:\/\/scottsrelocation.co.uk\/association-of-relocation-professionals\" target=\"_blank\" rel=\"noopener\">Relocarea lui Scott<\/a><\/p>\n<blockquote><p>\u00cen calitate de membru al Asocia\u021biei Profesioni\u0219tilor \u00een Relocare (ARP), clien\u021bii Source pot fi siguri c\u0103 serviciile oferite \u00eendeplinesc \u0219i dep\u0103\u0219esc standardele recunoscute ale industriei.<\/p><\/blockquote>\n<p>-  <a href=\"http:\/\/www.source-relocation.co.uk\/index.aspx\" target=\"_blank\" rel=\"noopener\">Relocarea sursei<\/a><\/p>\n<blockquote><p>Alc\u0103tuit din reprezentan\u021bi din toate sectoarele industriei, consiliul conduce activitatea asocia\u021biei de la zero, asigur\u00e2ndu-se astfel c\u0103 asocia\u021bia r\u0103m\u00e2ne \u00een centrul schimb\u0103rilor din domeniul reloc\u0103rii.<\/p>\n<p>Membrii ARP de\u021bin o asigurare complet\u0103 de r\u0103spundere civil\u0103 profesional\u0103, de r\u0103spundere civil\u0103 \u0219i de r\u0103spundere civil\u0103 a angajatorilor pentru a proteja clien\u021bii \u0219i furnizorii.<\/p>\n<p>Apartenen\u021ba la ARP este dovada unui angajament fa\u021b\u0103 de cele mai bune practici, satisfac\u021bia clien\u021bilor \u0219i profesionalism.<\/p><\/blockquote>\n<p>- <a href=\"http:\/\/www.relocatecambridge.co.uk\/index.php\/arp\/\" target=\"_blank\" rel=\"noopener\">Relocare Cambridge<\/a><\/p>\n<p><strong>Site web:<\/strong> <a href=\"http:\/\/www.arp-relocation.com\/\" target=\"_blank\" rel=\"noopener\">http:\/\/www.arp-relocation.com\/<\/a><\/p>","protected":false},"excerpt":{"rendered":"<p>The Association of Relocation Professionals (ARP) is a professional body for the relocation industry in the UK. Its mission is not just to represent its members but to help them market themselves and grow too. Key facts about the ARP: The ARP is the body for relocation professionals in the UK. The Association of Relocation [&hellip;]<\/p>\n","protected":false},"author":1,"featured_media":0,"parent":0,"menu_order":0,"comment_status":"closed","ping_status":"closed","template":"","meta":{"_genesis_hide_title":false,"_genesis_hide_breadcrumbs":false,"_genesis_hide_singular_image":false,"_genesis_hide_footer_widgets":false,"_genesis_custom_body_class":"","_genesis_custom_post_class":"","_genesis_layout":"","footnotes":""},"class_list":{"0":"post-445","1":"page","2":"type-page","3":"status-publish","5":"entry"},"_links":{"self":[{"href":"https:\/\/moverdb.com\/ro\/wp-json\/wp\/v2\/pages\/445","targetHints":{"allow":["GET"]}}],"collection":[{"href":"https:\/\/moverdb.com\/ro\/wp-json\/wp\/v2\/pages"}],"about":[{"href":"https:\/\/moverdb.com\/ro\/wp-json\/wp\/v2\/types\/page"}],"author":[{"embeddable":true,"href":"https:\/\/moverdb.com\/ro\/wp-json\/wp\/v2\/users\/1"}],"replies":[{"embeddable":true,"href":"https:\/\/moverdb.com\/ro\/wp-json\/wp\/v2\/comments?post=445"}],"version-history":[{"count":7,"href":"https:\/\/moverdb.com\/ro\/wp-json\/wp\/v2\/pages\/445\/revisions"}],"predecessor-version":[{"id":6177,"href":"https:\/\/moverdb.com\/ro\/wp-json\/wp\/v2\/pages\/445\/revisions\/6177"}],"wp:attachment":[{"href":"https:\/\/moverdb.com\/ro\/wp-json\/wp\/v2\/media?parent=445"}],"curies":[{"name":"wp","href":"https:\/\/api.w.org\/{rel}","templated":true}]}}