{"id":444,"date":"2016-06-18T20:35:52","date_gmt":"2016-06-18T20:35:52","guid":{"rendered":"http:\/\/moverdb.com\/?page_id=444"},"modified":"2026-01-08T14:48:15","modified_gmt":"2026-01-08T14:48:15","slug":"eura","status":"publish","type":"page","link":"https:\/\/moverdb.com\/ro\/eura\/","title":{"rendered":"Explica\u021bii despre Asocia\u021bia European\u0103 de Relocare (EuRA)"},"content":{"rendered":"<p>Asocia\u021bia European\u0103 de Relocare (EuRA) promoveaz\u0103 beneficiile serviciilor de relocare \u0219i mobilitate gestionate \u00een mod profesionist pentru companiile care au angaja\u021bi mobili la nivel mondial. Printre obiectivele sale se num\u0103r\u0103 afirmarea sa ca organiza\u021bie de relocare de prim\u0103 m\u0103rime \u00een Europa \u0219i stabilirea de repere pentru inovare \u0219i bune practici.<\/p>\n<p><strong>Date esen\u021biale despre EuRA:<\/strong><\/p>\n<ol>\n<li>  Printre membrii EuRA se num\u0103r\u0103 furnizorii de servicii de relocare, precum \u0219i cei care ofer\u0103 servicii conexe, cum ar fi \u00eenchirierea de mobilier \u0219i transportul de bunuri de uz casnic.<\/li>\n<li>  Sigiliul global de calitate EuRA este primul program de acreditare din lume pentru furnizorii de servicii de relocare.<\/li>\n<li>  EuRA a fost \u00eenfiin\u021bat\u0103 \u00een 1998.<\/li>\n<li>  Scopul EuRA este \u00een primul r\u00e2nd educa\u021bional - de a oferi at\u00e2t membrilor EuRA, c\u00e2t \u0219i publicului larg informa\u021bii despre mobilitatea corporatist\u0103 \u0219i despre problemele legate de aceasta.<\/li>\n<li>  EuRA are peste 350+ membri.<\/li>\n<li>  Membrii EuRA acoper\u0103 mai mult de 50 de \u021b\u0103ri.<\/li>\n<\/ol>\n<p><strong>Profilul Asocia\u021biei Europene de Relocare:<\/strong><\/p>\n<p>EuRA \u00eendepline\u0219te o serie de func\u021bii pentru membrii s\u0103i, printre care se num\u0103r\u0103 oferirea de cursuri de formare \u0219i consultan\u021b\u0103 \u0219i acordarea de sprijin pentru profesioni\u0219tii \u00een relocalizare. De asemenea, asocia\u021bia face lobby \u00een numele membrilor, milit\u00e2nd pentru schimb\u0103ri \u0219i evolu\u021bii care pot contribui la cre\u0219terea industriei reloc\u0103rii. <\/p>\n<p>Este, de asemenea, o surs\u0103 de informa\u021bii, public\u00e2nd \u00een mod regulat at\u00e2t \u00een exterior, c\u00e2t \u0219i \u00een interior, \u0219i s-a constituit, de asemenea, ca un grup de reflec\u021bie pentru planificarea \u0219i dezvoltarea viitoare a industriei. <\/p>\n<p>Furnizarea de puncte de referin\u021b\u0103 pentru cele mai bune practici este unul dintre obiectivele cheie ale EuRA \u0219i astfel s-a dezvoltat EuRA Quality Global Seal, un program de acreditare pentru cei care lucreaz\u0103 \u00een domeniul reloc\u0103rii. <\/p>\n<p>Sigiliul Global al Calit\u0103\u021bii este un sistem de audit conceput pentru a se asigura c\u0103 cei care \u00eel poart\u0103 \u00eendeplinesc anumite standarde \u00een ceea ce prive\u0219te furnizarea de servicii \u0219i gestionarea proceselor. Acesta este deschis membrilor EuRA cu drepturi depline, asocia\u021bi \u0219i mondiali. <\/p>\n<p>EuRA a fost lansat\u0103 ini\u021bial ca r\u0103spuns la cererea tot mai mare de \u00eenfiin\u021bare a unui organism transfrontalier al industriei \u00een Europa \u0219i are acum o amploare uria\u0219\u0103.<\/p>\n<p><strong>Criterii de aderare <\/strong><\/p>\n<p><u>Membru cu drepturi depline<\/u><\/p>\n<p>Calitatea de membru cu drepturi depline al Asocia\u021biei Europene de Relocare este deschis\u0103 companiilor ale c\u0103ror activit\u0103\u021bi comerciale sunt legate de persoane fizice sau juridice \u0219i ale c\u0103ror venituri provin de la acestea pentru furnizarea de servicii de relocare.<\/p>\n<p>O companie de relocalizare este considerat\u0103 a fi orice organiza\u021bie care ofer\u0103 o gam\u0103 de servicii menite s\u0103 faciliteze mobilitatea persoanelor sau a grupurilor de persoane \u0219i a familiilor acestora. Astfel de servicii pot fi furnizate \u00een zona de plecare, \u00een zona de destina\u021bie sau \u00een ambele.<\/p>\n<p>Criterii:<\/p>\n<ul>\n<li> Pentru a fi tranzac\u021bionat ca <a href=\"https:\/\/moverdb.com\/ro\/relocation-agents\/\" data-internallinksmanager029f6b8e52c=\"1\" title=\"7 Motive pentru care ar trebui s\u0103 folosi\u021bi un agent de relocare?\">Agent de relocare<\/a> de cel pu\u021bin doi ani, trebuie s\u0103 se prezinte dovada \u00eenregistr\u0103rii societ\u0103\u021bii.<\/li>\n<li> S\u0103 completeze un chestionar, furniz\u00e2nd numele \u0219i adresele a trei clien\u021bi pentru care au fost efectuate lucr\u0103ri \u00een ultimele 12 luni. Ace\u0219ti clien\u021bi vor fi contacta\u021bi de EuRA pentru referin\u021be.<\/li>\n<li> S\u0103 furnizeze copii ale tuturor materialelor tip\u0103rite, precum \u0219i orice alte informa\u021bii care ar putea ajuta Comitetul de aderare la examinarea cererii dumneavoastr\u0103.<\/li>\n<li> S\u0103 furniza\u021bi dovezi c\u0103 dumneavoastr\u0103\/ firma dumneavoastr\u0103 este asigurat\u0103 \u00een mod corespunz\u0103tor (\u00een \u021bara de origine).<\/li>\n<li> Furnizarea unor scurte detalii despre cariera tuturor directorilor sau partenerilor firmei.<\/li>\n<li> S\u0103 fie disponibil pentru interviu (\u00een \u021bara de origine).<\/li>\n<\/ul>\n<p><u>Membru asociat<\/u><\/p>\n<p>Calitatea de membru asociat al Asocia\u021biei Europene de Relocare este deschis\u0103 companiilor care \u00ee\u0219i desf\u0103\u0219oar\u0103 activitatea de mai pu\u021bin de doi ani. Calitatea de membru asociat al Asocia\u021biei Europene de Relocare se aplic\u0103 celor care nu se calific\u0103 pentru calitatea de membru cu drepturi depline \u0219i este deschis\u0103 companiilor ale c\u0103ror activit\u0103\u021bi comerciale sunt legate de furnizarea de servicii de relocare \u0219i ale c\u0103ror venituri provin de la persoane fizice sau juridice.<\/p>\n<p>Criterii:<\/p>\n<ul>\n<li> S\u0103 activeze sau s\u0103 inten\u021bioneze s\u0103 activeze ca agent de relocare. V\u0103 rug\u0103m s\u0103 semna\u021bi copia ata\u0219at\u0103 \u0219i s\u0103 o trimite\u021bi \u00eempreun\u0103 cu cererea dumneavoastr\u0103.<\/li>\n<li> s\u0103 completeze un chestionar, furniz\u00e2nd numele \u0219i adresele a doi referen\u021bi (fie membri cu drepturi depline ai EuRA, SNPRM, ARA, ABRA, fie profesioni\u0219ti recunoscu\u021bi la nivel local sau o combina\u021bie a celor dou\u0103), dup\u0103 caz.<\/li>\n<li> S\u0103 furnizeze copii ale tuturor materialelor tip\u0103rite, precum \u0219i orice alte informa\u021bii care ar putea ajuta Comitetul de aderare la examinarea cererii dumneavoastr\u0103.<\/li>\n<li> S\u0103 furniza\u021bi dovezi c\u0103 dumneavoastr\u0103\/ firma dumneavoastr\u0103 este asigurat\u0103 \u00een mod corespunz\u0103tor (\u00een \u021bara de origine).<\/li>\n<li> Pentru a furniza detalii scurte despre cariera tuturor directorilor sau partenerilor firmei.<\/li>\n<\/ul>\n<p><u>Membru afiliat<\/u><\/p>\n<p>Calitatea de membru afiliat al EuRA este deschis\u0103 companiilor ale c\u0103ror activit\u0103\u021bi comerciale sunt legate de furnizorii de servicii de relocare \u0219i utilizate de ace\u0219tia.<\/p>\n<p>Criterii:<\/p>\n<ul>\n<li> S\u0103 fie nominalizat ca membru afiliat de c\u0103tre un membru cu drepturi depline al Asocia\u021biei Europene de Relocare.<\/li>\n<li> \u00cen cazul \u00een care un solicitant nu cunoa\u0219te niciun membru al asocia\u021biei, acesta poate totu\u0219i s\u0103 depun\u0103 o cerere de aderare. \u00cen acest caz, v\u0103 rug\u0103m s\u0103 furniza\u021bi numele \u0219i adresele a dou\u0103 persoane de referin\u021b\u0103. Cererea va fi apoi examinat\u0103 de Consiliul Asocia\u021biei.<\/li>\n<\/ul>\n<p><u>Membru la nivel mondial<\/u><\/p>\n<p>Membrii EuRA la nivel mondial sunt companii care ofer\u0103 servicii de relocare \u00een orice zon\u0103 din afara Europei continentale.<\/p>\n<p>La nivel mondial, calitatea de membru al Asocia\u021biei Europene de Relocare este deschis\u0103 companiilor ale c\u0103ror activit\u0103\u021bi comerciale sunt legate de furnizarea de servicii de relocare \u0219i ale c\u0103ror venituri provin de la persoane fizice sau juridice.<\/p>\n<p>O companie de relocalizare este considerat\u0103 a fi orice organiza\u021bie care ofer\u0103 o gam\u0103 de servicii menite s\u0103 faciliteze mobilitatea persoanelor sau a grupurilor de persoane \u0219i a familiilor acestora. Astfel de servicii pot fi furnizate \u00een zona de plecare, \u00een zona de destina\u021bie sau \u00een ambele.<\/p>\n<p>Criterii:<\/p>\n<ul>\n<li> Pentru a fi tranzac\u021bionat timp de cel pu\u021bin doi ani, trebuie s\u0103 se prezinte dovada c\u0103 a fost efectuat un comision, adic\u0103 dovada de \u00eenregistrare.<\/li>\n<li> s\u0103 completeze un chestionar, furniz\u00e2nd numele \u0219i adresele a doi referen\u021bi (clien\u021bi pentru care s-a lucrat \u00een ultimele 12 luni), precum \u0219i ale unui membru EuRA. Aceste persoane de referin\u021b\u0103 vor fi contactate de EuRA<\/li>\n<li> S\u0103 furnizeze copii ale tuturor materialelor tip\u0103rite, precum \u0219i orice alte informa\u021bii care ar putea ajuta Comitetul de aderare la examinarea cererii dumneavoastr\u0103.<\/li>\n<li> S\u0103 furniza\u021bi dovezi c\u0103 dumneavoastr\u0103\/ firma dumneavoastr\u0103 este asigurat\u0103 \u00een mod corespunz\u0103tor (\u00een \u021bara de origine).<\/li>\n<li> Furnizarea unor scurte detalii despre cariera tuturor directorilor sau partenerilor firmei.<\/li>\n<li> S\u0103 fie disponibil pentru interviu (\u00een \u021bara de origine)<\/li>\n<\/ul>\n<p><strong>Exemplu de companii membre<\/strong><\/p>\n<ul>\n<li> <a href=\"https:\/\/moverdb.com\/ro\/santa-fe-relocalizare\/\">Santa Fe Servicii de relocare<\/a> <\/li>\n<li> <a href=\"https:\/\/moverdb.com\/ro\/aires\/\">Aires<\/a><\/li>\n<li> <a href=\"https:\/\/moverdb.com\/ro\/sterling-relocalizare\/\">Sterling Relocare<\/a><\/li>\n<li> <a href=\"https:\/\/moverdb.com\/ro\/robinsons\/\">Robinsons Relocare<\/a><\/li>\n<li> <a href=\"https:\/\/moverdb.com\/ro\/dt-moving\/\">DT Moving<\/a><\/li>\n<li> <a href=\"https:\/\/moverdb.com\/ro\/bournes\/\">Bournes<\/a><\/li>\n<li> <a href=\"https:\/\/moverdb.com\/ro\/btr-international\/\">BTR International<\/a><\/li>\n<li> <a href=\"https:\/\/moverdb.com\/ro\/packimpex\/\">Packimpex<\/a><\/li>\n<\/ul>\n<p><strong>Opinii despre EuRA<\/strong><\/p>\n<p>EuRA este men\u021bionat\u0103 pe site-urile web ale unei variet\u0103\u021bi de \u00eentreprinderi (inclusiv pe cele de mutare \u0219i de apartamente cu servicii, de exemplu) \u0219i adesea \u00een contextul \u00een care se demonstreaz\u0103 modul \u00een care \u00eentreprinderea respectiv\u0103 poate aduce beneficii suplimentare procesului de relocare. <\/p>\n<p>\u00cen mod frecvent, se eviden\u021biaz\u0103 amploarea global\u0103 a asocia\u021biei, precum \u0219i faptul c\u0103 aceasta a fost implicat\u0103 \u00een stabilirea standardelor de calitate pentru industrie. Atunci c\u00e2nd este citat\u0103 pe site-urile web, aceasta este descris\u0103 ca fiind un \"organism al industriei' cu o component\u0103 educa\u021bional\u0103 \u0219i un cod de conduit\u0103 pe care to\u021bi membrii trebuie s\u0103 \u00eel respecte.<\/p>\n<blockquote><p>EURA este un partener excelent pentru a ne ajuta s\u0103 ne atingem obiectivul de a educa pia\u021ba pentru a ar\u0103ta cum apartamentele cu servicii pot aduce beneficii reale \u00een procesul de relocare.<\/p><\/blockquote>\n<p>- <a href=\"http:\/\/www.chevalresidences.com\/partners-eura.html\" target=\"_blank\" rel=\"noopener\">Re\u0219edin\u021bele Cheval<\/a><\/p>\n<blockquote><p>\nRolul \u0219i obiectivele de baz\u0103 ale EuRA includ: \u00eembun\u0103t\u0103\u021birea \u0219i men\u021binerea standardelor de calitate pentru industrie, promovarea industriei \u0219i facilitarea educa\u021biei profesionale continue \u00een r\u00e2ndul membrilor. Toate acestea vor fi \u00een beneficiul angajatului mobil \u0219i al familiei acestuia, iar atunci c\u00e2nd acest lucru se va \u00eent\u00e2mpla, atunci vom beneficia \u0219i noi, ca grup.<\/p><\/blockquote>\n<p>- <a href=\"http:\/\/www.globalbusinessnews.net\/\" target=\"_blank\" rel=\"noopener\">\u0218tiri de afaceri globale<\/a><\/p>\n<blockquote><p>\nEuRA este un organism industrial pentru profesioni\u0219tii din domeniul reloc\u0103rii at\u00e2t \u00een Europa, c\u00e2t \u0219i \u00een \u00eentreaga lume. Furnizorilor de servicii de relocare li se cere s\u0103 respecte regulile de conduit\u0103 ale EuRA. <\/p><\/blockquote>\n<p>-  <a href=\"http:\/\/info.bournesmoves.com\/relocation-solutions\/blog\/relocation-moves\/bournes-removals-uk-join-eura\" target=\"_blank\" rel=\"noopener\">Realegerile din Bournes<\/a><\/p>\n<p><strong>Site web:<\/strong> <a href=\"http:\/\/www.eura-relocation.com\/\" target=\"_blank\" rel=\"noopener\">http:\/\/www.eura-relocation.com\/<\/a><\/p>","protected":false},"excerpt":{"rendered":"<p>The European Relocation Association (EuRA) promotes the benefits of professionally managed relocation and mobility services to companies with globally mobile employees. Its aims include establishing itself as the premier relocation organisation in Europe and setting benchmarks for innovation and best practice. Key facts about EuRA: EuRA members include Relocation Service Providers, as well as those [&hellip;]<\/p>\n","protected":false},"author":1,"featured_media":0,"parent":0,"menu_order":0,"comment_status":"closed","ping_status":"closed","template":"","meta":{"_genesis_hide_title":false,"_genesis_hide_breadcrumbs":false,"_genesis_hide_singular_image":false,"_genesis_hide_footer_widgets":false,"_genesis_custom_body_class":"","_genesis_custom_post_class":"","_genesis_layout":"","footnotes":""},"class_list":{"0":"post-444","1":"page","2":"type-page","3":"status-publish","5":"entry"},"_links":{"self":[{"href":"https:\/\/moverdb.com\/ro\/wp-json\/wp\/v2\/pages\/444","targetHints":{"allow":["GET"]}}],"collection":[{"href":"https:\/\/moverdb.com\/ro\/wp-json\/wp\/v2\/pages"}],"about":[{"href":"https:\/\/moverdb.com\/ro\/wp-json\/wp\/v2\/types\/page"}],"author":[{"embeddable":true,"href":"https:\/\/moverdb.com\/ro\/wp-json\/wp\/v2\/users\/1"}],"replies":[{"embeddable":true,"href":"https:\/\/moverdb.com\/ro\/wp-json\/wp\/v2\/comments?post=444"}],"version-history":[{"count":17,"href":"https:\/\/moverdb.com\/ro\/wp-json\/wp\/v2\/pages\/444\/revisions"}],"predecessor-version":[{"id":6204,"href":"https:\/\/moverdb.com\/ro\/wp-json\/wp\/v2\/pages\/444\/revisions\/6204"}],"wp:attachment":[{"href":"https:\/\/moverdb.com\/ro\/wp-json\/wp\/v2\/media?parent=444"}],"curies":[{"name":"wp","href":"https:\/\/api.w.org\/{rel}","templated":true}]}}