{"id":443,"date":"2016-06-18T21:12:56","date_gmt":"2016-06-18T21:12:56","guid":{"rendered":"http:\/\/moverdb.com\/?page_id=443"},"modified":"2026-01-08T13:18:29","modified_gmt":"2026-01-08T13:18:29","slug":"harmony-relocation-network","status":"publish","type":"page","link":"https:\/\/moverdb.com\/ro\/harmony-relocation-network\/","title":{"rendered":"Explica\u021bii despre re\u021beaua Harmony Relocation Network (HRN)"},"content":{"rendered":"<p>Re\u021beaua Harmony Relocation Network (HRN) este un grup de companii partenere care a fost creat pentru a construi o re\u021bea paneuropean\u0103 pentru relocarea global\u0103. Integrarea infrastructurii, a tehnologiei, a calit\u0103\u021bii \u0219i a sustenabilit\u0103\u021bii este conceput\u0103 pentru a produce un serviciu de \u00eenalt\u0103 calitate constant\u0103.<\/p>\n<p><strong>Informa\u021bii cheie despre HRH:<\/strong><\/p>\n<ol>\n<li>  Membrii sunt 140 de membri din 60 de \u021b\u0103ri.<\/li>\n<li>  HRN deserve\u0219te 180 de \u021b\u0103ri de pe 6 continente.<\/li>\n<li>  HRN a fost lansat\u0103 \u00een 1992, iar cei 140 de membri sunt to\u021bi coproprietari \u00een cadrul afacerii.<\/li>\n<li>  HRN a fost fondat\u0103 de companii germane \u0219i olandeze \u00eenainte de a se extinde \u00een <a href=\"https:\/\/moverdb.com\/ro\/moving-to-australia\/living-in-australia\/\" data-internallinksmanager029f6b8e52c=\"240\" title=\"21 Secretele despre via\u021ba \u00een Australia pe care trebuie s\u0103 le \u0219tii \u00eenainte de a te muta\">Australia<\/a> \u0219i Asia \u0219i apoi Orientul Mijlociu, America Latin\u0103 \u0219i Africa.<\/li>\n<li>  \u00centre 2002 \u0219i 2015, HRN a f\u0103cut parte din UniGroup Worldwide UTS, cu un <a href=\"https:\/\/moverdb.com\/ro\/moving-to-the-united-states\/\" data-internallinksmanager029f6b8e52c=\"94\" title=\"V\u0103 muta\u021bi \u00een Statele Unite? 2026 Costurile vie\u021bii \u0219i sfaturi de relocare\">SUA<\/a> cu sediul la Van Line.<\/li>\n<li>  HRN este cea mai mare re\u021bea global\u0103 de companii de relocalizare cu marc\u0103 comun\u0103.<\/li>\n<\/ol>\n<p><strong>Profilul re\u021belei de relocare Harmony Relocation Network:<\/strong><\/p>\n<p>Ideea din spatele HRN este de a combina cele mai bune mo\u0219teniri locale cu o scar\u0103 global\u0103, oferind corpora\u021biilor \u0219i persoanelor fizice un serviciu de relocare care se simte local, dar are o acoperire mondial\u0103. <\/p>\n<p>Serviciile oferite includ servicii de gestionare a mut\u0103rii, opera\u021biuni de mutare \u0219i servicii de destina\u021bie. HRN \u0219i-a dezvoltat propriul sistem informatic bazat pe internet, conceput pentru a informa clien\u021bii \u0219i pentru a se asigura c\u0103 procesul este c\u00e2t mai cuprinz\u0103tor \u0219i mai coerent posibil - acesta include capacit\u0103\u021bi de raportare \u0219i urm\u0103rire. <\/p>\n<p>Integrarea sustenabilit\u0103\u021bii economice, de mediu \u0219i sociale este important\u0103 pentru HRN, care enumer\u0103 acest aspect ca fiind unul dintre principalii s\u0103i piloni pentru a echilibra oamenii, tehnologia \u0219i mediul \u00eenconjur\u0103tor.<\/p>\n<p><strong>Criterii de aderare <\/strong><\/p>\n<p>Site-ul web nu con\u021bine criterii de aderare - exist\u0103 doar o pagin\u0103 de contact.<\/p>\n<p><strong>Exemplu de companii membre<\/strong><\/p>\n<ul>\n<li> <a href=\"https:\/\/moverdb.com\/ro\/bournes\/\">Bournes<\/a><\/li>\n<li> <a href=\"https:\/\/moverdb.com\/ro\/cadogan-tate\/\">Cadogan Tate<\/a><\/li>\n<li> <a href=\"https:\/\/moverdb.com\/ro\/gerson-relocation\/\">Gerson Relocare<\/a><\/li>\n<li> <a href=\"https:\/\/moverdb.com\/ro\/pearson\/\">Pearson Home Moving<\/a><\/li>\n<\/ul>\n<p><strong>Opinii despre HRN<\/strong><\/p>\n<p>HRN apare pe un num\u0103r semnificativ de site-uri web ale firmelor de mutare, unde este men\u021bionat\u0103 ca o organiza\u021bie cu <em>\"un nume nou, dar cu un palmares dovedit.\"<\/em> Valorile puternice ale familiei \u0219i abordarea global\u0103 cooperant\u0103 se manifest\u0103 de fiecare dat\u0103. <\/p>\n<p>Consensul general pare s\u0103 fie c\u0103 mutarea cu o firm\u0103 de relocalizare care face parte din HRN ofer\u0103 clientului acces la beneficiile \u00eentregii re\u021bele. Se subliniaz\u0103 faptul c\u0103 membrii trebuie s\u0103 respecte un acord global privind nivelul de servicii, ceea ce are ca rezultat consecven\u021ba - <em>\"\u00een timp ce obiceiurile \u0219i cultura pot varia \u00een func\u021bie de \u021bar\u0103, calitatea \u00eenalt\u0103 a serviciilor la care v\u0103 pute\u021bi a\u0219tepta nu va varia. \u00cen \u00eentreaga lume - acelea\u0219i proceduri, servicii \u0219i calitate \u00eenalt\u0103.\"<\/em> <\/p>\n<p>\u00cen plus, o parte dintre cei care citeaz\u0103 num\u0103rul de membri pe site-urile lor se concentreaz\u0103 pe dimensiunea re\u021belei \u0219i pe faptul c\u0103 este una dintre cele mai mari de acest tip din lume.<\/p>\n<blockquote><p>Harmony este o re\u021bea global\u0103 de companii de relocalizare de\u021binute la nivel local, men\u021bin\u00e2nd valori de familie puternice prin genera\u021bii de mo\u0219tenire.<\/p><\/blockquote>\n<p>- <a href=\"http:\/\/www.abels.co.uk\/harmony-relocation-network\/\" target=\"_blank\" rel=\"noopener\">Abels<\/a><\/p>\n<blockquote><p>Harmony combin\u0103 cele mai bune mo\u0219teniri locale cu o scar\u0103 global\u0103, merg\u00e2nd mai departe \u0219i respect\u00e2nd promisiunile noastre. Avem cu adev\u0103rat la inim\u0103 importan\u021ba oamenilor \u0219i a localnicilor.<\/p><\/blockquote>\n<p>- <a href=\"https:\/\/theresforum.com\/partners\/harmony\/\" target=\"_blank\" rel=\"noopener\">Forumul RES<\/a><\/p>\n<blockquote><p>Re\u021beaua ofer\u0103 o gam\u0103 larg\u0103 de servicii de pre-atribuire, de transport \u0219i de destina\u021bie pentru a ghida persoanele fizice sau directorii de resurse umane \u0219i persoanele alocate pe tot parcursul c\u0103l\u0103toriei lor, de la \u00eenceput p\u00e2n\u0103 la sf\u00e2r\u0219it.<\/p><\/blockquote>\n<p>- <a href=\"http:\/\/bournesmoves.com\/relocation\/harmony-relocation-network.htm\" target=\"_blank\" rel=\"noopener\">Bournes<\/a> <\/p>\n<p><a href=\"http:\/\/www.harmonyrelo.com\/\" target=\"_blank\" rel=\"noopener\">http:\/\/www.harmonyrelo.com\/<\/a><\/p>","protected":false},"excerpt":{"rendered":"<p>The Harmony Relocation Network (HRN) is a group of partner companies that was created to build a pan-European network for global relocation. Integration of infrastructure, technology, quality and sustainability is designed to produce a consistently high quality service. Key facts about HRH: The membership is made up of 140 members in 60 countries. The HRN [&hellip;]<\/p>\n","protected":false},"author":1,"featured_media":0,"parent":0,"menu_order":0,"comment_status":"closed","ping_status":"closed","template":"","meta":{"_genesis_hide_title":false,"_genesis_hide_breadcrumbs":false,"_genesis_hide_singular_image":false,"_genesis_hide_footer_widgets":false,"_genesis_custom_body_class":"","_genesis_custom_post_class":"","_genesis_layout":"","footnotes":""},"class_list":{"0":"post-443","1":"page","2":"type-page","3":"status-publish","5":"entry"},"_links":{"self":[{"href":"https:\/\/moverdb.com\/ro\/wp-json\/wp\/v2\/pages\/443","targetHints":{"allow":["GET"]}}],"collection":[{"href":"https:\/\/moverdb.com\/ro\/wp-json\/wp\/v2\/pages"}],"about":[{"href":"https:\/\/moverdb.com\/ro\/wp-json\/wp\/v2\/types\/page"}],"author":[{"embeddable":true,"href":"https:\/\/moverdb.com\/ro\/wp-json\/wp\/v2\/users\/1"}],"replies":[{"embeddable":true,"href":"https:\/\/moverdb.com\/ro\/wp-json\/wp\/v2\/comments?post=443"}],"version-history":[{"count":6,"href":"https:\/\/moverdb.com\/ro\/wp-json\/wp\/v2\/pages\/443\/revisions"}],"predecessor-version":[{"id":6219,"href":"https:\/\/moverdb.com\/ro\/wp-json\/wp\/v2\/pages\/443\/revisions\/6219"}],"wp:attachment":[{"href":"https:\/\/moverdb.com\/ro\/wp-json\/wp\/v2\/media?parent=443"}],"curies":[{"name":"wp","href":"https:\/\/api.w.org\/{rel}","templated":true}]}}