{"id":442,"date":"2016-06-12T20:08:54","date_gmt":"2016-06-12T20:08:54","guid":{"rendered":"http:\/\/moverdb.com\/?page_id=442"},"modified":"2026-01-08T14:48:14","modified_gmt":"2026-01-08T14:48:14","slug":"euromovers","status":"publish","type":"page","link":"https:\/\/moverdb.com\/ro\/euromovers\/","title":{"rendered":"Parteneriatul european al transportatorilor (EUROMOVERS International) - explica\u021bii"},"content":{"rendered":"<p>Euromovers are sediul \u00een <a href=\"https:\/\/moverdb.com\/ro\/moving-to-luxembourg\/\" data-internallinksmanager029f6b8e52c=\"349\" title=\"V\u0103 muta\u021bi \u00een Luxemburg? 2026 Costurile vie\u021bii \u0219i sfaturi de relocare\">Luxemburg<\/a> \u0219i este alc\u0103tuit dintr-un num\u0103r de lideri <a href=\"https:\/\/moverdb.com\/ro\/moving-companies\/\">companii interna\u021bionale de mutare<\/a> care au format o re\u021bea pe baza unor standarde, viziuni \u0219i direc\u021bii comune. <\/p>\n<p>Grupul ofer\u0103 servicii de mutare care sunt mai bine furnizate datorit\u0103 re\u021belei sale de companii conectate.<\/p>\n<p><strong>Date esen\u021biale despre Euromovers:<\/strong><\/p>\n<ol>\n<li>  Euromovers este o re\u021bea de peste 70 de firme de mut\u0103ri.<\/li>\n<li>  Organiza\u021biile membre provin din mai multe \u021b\u0103ri, printre care <a href=\"https:\/\/moverdb.com\/ro\/moving-to-austria\/\" data-internallinksmanager029f6b8e52c=\"343\" title=\"V\u0103 muta\u021bi \u00een Austria? 2026 Costurile de trai \u0219i sfaturi de relocare\">Austria<\/a>, <a href=\"https:\/\/moverdb.com\/ro\/moving-to-belgium\/\" data-internallinksmanager029f6b8e52c=\"323\" title=\"V\u0103 muta\u021bi \u00een Belgia? 2026 Costuri de trai \u0219i sfaturi de relocare\">Belgia<\/a>, <a href=\"https:\/\/moverdb.com\/ro\/moving-to-the-czech-republic\/\" data-internallinksmanager029f6b8e52c=\"391\" title=\"V\u0103 muta\u021bi \u00een Republica Ceh\u0103? 2026 Costurile vie\u021bii \u0219i sfaturi de relocare\">Republica Ceh\u0103<\/a>, <a href=\"https:\/\/moverdb.com\/ro\/moving-to-denmark\/\" data-internallinksmanager029f6b8e52c=\"335\" title=\"V\u0103 muta\u021bi \u00een Danemarca? 2026 Costuri de trai \u0219i sfaturi de relocare\">Danemarca<\/a>, <a href=\"https:\/\/moverdb.com\/ro\/moving-to-finland\/\" data-internallinksmanager029f6b8e52c=\"345\" title=\"V\u0103 muta\u021bi \u00een Finlanda? 2026 Costurile de trai \u0219i sfaturi de relocare\">Finlanda<\/a>, <a href=\"https:\/\/moverdb.com\/ro\/moving-to-france\/\" data-internallinksmanager029f6b8e52c=\"315\" title=\"V\u0103 muta\u021bi \u00een Fran\u021ba? 2026 Costurile vie\u021bii \u0219i sfaturi de relocare\">Fran\u021ba<\/a>, <a href=\"https:\/\/moverdb.com\/ro\/moving-to-germany\/\" data-internallinksmanager029f6b8e52c=\"321\" title=\"V\u0103 muta\u021bi \u00een Germania? 2026 Costurile vie\u021bii \u0219i sfaturi de relocare\">Germania<\/a>, <a href=\"https:\/\/moverdb.com\/ro\/moving-to-greece\/\" data-internallinksmanager029f6b8e52c=\"353\" title=\"V\u0103 muta\u021bi \u00een Grecia? 2026 Costurile de trai \u0219i sfaturi de relocare\">Grecia<\/a>, <a href=\"https:\/\/moverdb.com\/ro\/moving-to-italy\/\" data-internallinksmanager029f6b8e52c=\"346\" title=\"V\u0103 muta\u021bi \u00een Italia? 2026 Costurile vie\u021bii \u0219i sfaturi de relocare\">Italia<\/a>, Luxemburg, <a href=\"https:\/\/moverdb.com\/ro\/moving-to-the-netherlands\/\" data-internallinksmanager029f6b8e52c=\"328\" title=\"V\u0103 muta\u021bi \u00een Olanda? 2026 Costurile vie\u021bii \u0219i sfaturi de relocare\">Olanda<\/a>, <a href=\"https:\/\/moverdb.com\/ro\/moving-to-slovakia\/\" data-internallinksmanager029f6b8e52c=\"338\" title=\"V\u0103 muta\u021bi \u00een Slovacia? 2026 Costurile de trai \u0219i sfaturi de relocare\">Slovacia<\/a>, <a href=\"https:\/\/moverdb.com\/ro\/moving-to-spain\/\" data-internallinksmanager029f6b8e52c=\"266\" title=\"V\u0103 muta\u021bi \u00een Spania? 2026 Costurile vie\u021bii \u0219i sfaturi de relocare\">Spania<\/a>, <a href=\"https:\/\/moverdb.com\/ro\/moving-to-switzerland\/\" data-internallinksmanager029f6b8e52c=\"327\" title=\"V\u0103 muta\u021bi \u00een Elve\u021bia? 2026 Costurile vie\u021bii \u0219i sfaturi de relocare\">Elve\u021bia<\/a> \u0219i <a href=\"https:\/\/moverdb.com\/ro\/mutari-internationale\/\">Regatul Unit<\/a>, \u0219i dincolo de Europa \u00een <a href=\"https:\/\/moverdb.com\/ro\/moving-to-the-united-states\/\" data-internallinksmanager029f6b8e52c=\"94\" title=\"V\u0103 muta\u021bi \u00een Statele Unite? 2026 Costurile vie\u021bii \u0219i sfaturi de relocare\">Statele Unite ale Americii<\/a>, <a href=\"https:\/\/moverdb.com\/ro\/moving-to-australia\/living-in-australia\/\" data-internallinksmanager029f6b8e52c=\"240\" title=\"21 Secretele despre via\u021ba \u00een Australia pe care trebuie s\u0103 le \u0219tii \u00eenainte de a te muta\">Australia<\/a>, Federa\u021bia Rus\u0103 \u0219i <a href=\"https:\/\/moverdb.com\/ro\/moving-to-china\/\" data-internallinksmanager029f6b8e52c=\"357\" title=\"V\u0103 muta\u021bi \u00een China? 2026 Costurile de trai \u0219i sfaturi de relocare\">China<\/a>.<\/li>\n<li>  Euromovers furnizeaz\u0103 servicii de mutare, nu este o asocia\u021bie comercial\u0103.<\/li>\n<li>  Fiecare partener asociat al re\u021belei Euromovers particip\u0103 la audituri \u0219i analize periodice pentru a asigura respectarea standardelor stabilite.<\/li>\n<li>  Euromovers este membru dac\u0103 <a href=\"https:\/\/moverdb.com\/ro\/sunt\/\">Asocia\u021bia Interna\u021bional\u0103 a Transportatorilor<\/a> \u0219i de\u021bine certificatele de calitate ISO 9001 (servicii de management al calit\u0103\u021bii), ISO 14001 (sisteme de management de mediu), ISO 27001 (sisteme de securitate a informa\u021biilor).<\/li>\n<\/ol>\n<p><strong>Profilul Parteneriatului european pentru mobilitate:<\/strong><\/p>\n<p>Ofertele Euromovers <a href=\"https:\/\/moverdb.com\/ro\/mutari-internationale\/\">Mut\u0103ri europene \u0219i mut\u0103ri \u00een str\u0103in\u0103tate<\/a> prin intermediul celor 70 de membri ai s\u0103i, care sunt r\u0103sp\u00e2ndi\u021bi \u00een \u021b\u0103ri din Europa \u0219i \u00een loca\u021bii mai largi, precum China \u0219i Rusia. <\/p>\n<p>Ofer\u0103 servicii de mutare din u\u0219\u0103 \u00een u\u0219\u0103 \u0219i servicii de relocare pentru \u00eentreprinderi \u0219i persoane fizice, solu\u021bii de depozitare, solu\u021bii pentru companii \u0219i expediere de obiecte de art\u0103. Parteneriatul reciproc pe care se bazeaz\u0103 Euromovers ajut\u0103 \u00eentreprinderea s\u0103 \u00ee\u0219i ating\u0103 viziunea privind relocarea integrat\u0103 c\u0103tre orice destina\u021bie global\u0103.<\/p>\n<p><strong>Criterii de aderare:<\/strong><\/p>\n<p>Nu sunt oferite detalii online cu privire la criteriile de aderare.<\/p>\n<p><strong>Exemplu de companii membre<\/strong><\/p>\n<ul>\n<li> <a href=\"https:\/\/moverdb.com\/ro\/atlas-van-lines-international\/\">Atlas Van Lines<\/a><\/li>\n<\/ul>\n<p><strong>Opinii despre European Mover Partnership<\/strong><\/p>\n<p>\u00cen afar\u0103 de propriul site web, European Mover Partnership nu pare s\u0103 fie men\u021bionat \u00een alt\u0103 parte pe internet. Exist\u0103 o alt\u0103 organiza\u021bie cu un nume similar - Euro Movers International LLC, care are sediul \u00een <a href=\"https:\/\/moverdb.com\/ro\/moving-to-dubai\/\" data-internallinksmanager029f6b8e52c=\"246\" title=\"Mutarea \u00een Dubai? 2026 Costurile de trai \u0219i sfaturi de relocare\">Dubai<\/a>, dar nu face parte din grup. <\/p>\n<p>Euromovers Dubai prime\u0219te <a href=\"http:\/\/www.complaintsboard.com\/complaints\/euro-movers-dubai-c431198.html\" target=\"_blank\" rel=\"noopener\">comentarii foarte negative<\/a>.<\/p>\n<p><strong>Site web:<\/strong> <a href=\"http:\/\/www.euromovers.com\/\" target=\"_blank\" rel=\"noopener\">http:\/\/www.euromovers.com\/<\/a><\/p>","protected":false},"excerpt":{"rendered":"<p>Euromovers is based in Luxembourg and is made up of a number of leading international moving companies who have formed a network on the basis of shared standards, vision and direction. The group offers moving services that are better provided because of its network of connected companies. Key facts about Euromovers: Euromovers is a network [&hellip;]<\/p>\n","protected":false},"author":1,"featured_media":0,"parent":0,"menu_order":0,"comment_status":"closed","ping_status":"closed","template":"","meta":{"_genesis_hide_title":false,"_genesis_hide_breadcrumbs":false,"_genesis_hide_singular_image":false,"_genesis_hide_footer_widgets":false,"_genesis_custom_body_class":"","_genesis_custom_post_class":"","_genesis_layout":"","footnotes":""},"class_list":{"0":"post-442","1":"page","2":"type-page","3":"status-publish","5":"entry"},"_links":{"self":[{"href":"https:\/\/moverdb.com\/ro\/wp-json\/wp\/v2\/pages\/442","targetHints":{"allow":["GET"]}}],"collection":[{"href":"https:\/\/moverdb.com\/ro\/wp-json\/wp\/v2\/pages"}],"about":[{"href":"https:\/\/moverdb.com\/ro\/wp-json\/wp\/v2\/types\/page"}],"author":[{"embeddable":true,"href":"https:\/\/moverdb.com\/ro\/wp-json\/wp\/v2\/users\/1"}],"replies":[{"embeddable":true,"href":"https:\/\/moverdb.com\/ro\/wp-json\/wp\/v2\/comments?post=442"}],"version-history":[{"count":5,"href":"https:\/\/moverdb.com\/ro\/wp-json\/wp\/v2\/pages\/442\/revisions"}],"predecessor-version":[{"id":6203,"href":"https:\/\/moverdb.com\/ro\/wp-json\/wp\/v2\/pages\/442\/revisions\/6203"}],"wp:attachment":[{"href":"https:\/\/moverdb.com\/ro\/wp-json\/wp\/v2\/media?parent=442"}],"curies":[{"name":"wp","href":"https:\/\/api.w.org\/{rel}","templated":true}]}}