{"id":441,"date":"2016-06-18T21:28:02","date_gmt":"2016-06-18T21:28:02","guid":{"rendered":"http:\/\/moverdb.com\/?page_id=441"},"modified":"2026-01-08T15:30:43","modified_gmt":"2026-01-08T15:30:43","slug":"consiliul-de-relocare-a-angajatilor","status":"publish","type":"page","link":"https:\/\/moverdb.com\/ro\/employee-relocation-council\/","title":{"rendered":"Explica\u021bii despre Consiliul de relocare a angaja\u021bilor (ERC) la nivel mondial"},"content":{"rendered":"<p>Worldwide Employee Relocation Council (ERC) se descrie ca fiind asocia\u021bia de mobilitate a for\u021bei de munc\u0103 pentru profesioni\u0219tii care supravegheaz\u0103, gestioneaz\u0103 sau sprijin\u0103 transferul angaja\u021bilor din SUA la nivel na\u021bional \u0219i interna\u021bional. <\/p>\n<p>Scopul s\u0103u este de a ajuta membrii - care provin dintr-o serie de profesii, inclusiv din domeniul resurselor umane, din sectorul imobiliar \u0219i din cel militar - s\u0103 fac\u0103 fa\u021b\u0103 provoc\u0103rilor legate de mobilitatea for\u021bei de munc\u0103.<\/p>\n<p><strong>Date esen\u021biale despre ERC:<\/strong><\/p>\n<ol>\n<li>  Membrii ERC provin dintr-o gam\u0103 variat\u0103 de profesii, inclusiv din domeniul resurselor umane, al recrut\u0103rii, guvernamental, militar, imobiliar, servicii financiare, mut\u0103ri, consiliere \u0219i consultan\u021b\u0103.<\/li>\n<li>  Competen\u021ba ERC acoper\u0103 aspecte \u0219i practici de management pentru profesioni\u0219tii \u00een relocalizare din cadrul <a href=\"https:\/\/moverdb.com\/ro\/moving-to-the-united-states\/\" data-internallinksmanager029f6b8e52c=\"94\" title=\"V\u0103 muta\u021bi \u00een Statele Unite? 2026 Costurile vie\u021bii \u0219i sfaturi de relocare\">Statele Unite ale Americii<\/a> \u0219i \u00eentre toate celelalte \u021b\u0103ri.<\/li>\n<li>  ERC are sediul \u00een <a href=\"https:\/\/moverdb.com\/ro\/se-muta-la-washington-dc\/\">Washington, DC,<\/a> cu un birou european la Bruxelles, <a href=\"https:\/\/moverdb.com\/ro\/moving-to-belgium\/\" data-internallinksmanager029f6b8e52c=\"323\" title=\"V\u0103 muta\u021bi \u00een Belgia? 2026 Costuri de trai \u0219i sfaturi de relocare\">Belgia<\/a>.<\/li>\n<li>  ERC ofer\u0103 acredit\u0103ri, cum ar fi Certified Relocation Professional \u0219i Global Mobility Specialist.<\/li>\n<li>  Sunt disponibile diferite categorii de membri, inclusiv membri corporativi (\u00een special profesioni\u0219ti interni), membri ai serviciilor de mobilitate (pentru \u00eentreprinderile de mobilitate a for\u021bei de munc\u0103), membri personali\/profesioni\u0219ti (PERC\u2122) (cei care caut\u0103 informa\u021bii, cum ar fi cadrele universitare \u0219i persoanele aflate \u00een c\u0103utarea unui loc de munc\u0103), evaluatori de reloc\u0103ri, brokeri imobiliari \u0219i companii de gestionare a reloc\u0103rilor.<\/li>\n<li>  \u00cen 2005, ERC avea peste 12.000 de membri (cele mai recente statistici disponibile).<\/li>\n<\/ol>\n<p><strong>Profilul Consiliului mondial de relocare a angaja\u021bilor:<\/strong><\/p>\n<p>ERC are numeroase func\u021bii, printre care se num\u0103r\u0103 lobby-ul \u00een numele membrilor, furnizarea de formare \u0219i educa\u021bie, precum \u0219i oportunit\u0103\u021bi de rela\u021bionare. De asemenea, este implicat \u00een sprijinirea dezvolt\u0103rii standardiz\u0103rii industriei \u0219i a consensului, precum \u0219i \u00een promovarea de noi practici de lucru \u0219i solu\u021bii electronice. <\/p>\n<p>Pe l\u00e2ng\u0103 faptul c\u0103 ac\u021bioneaz\u0103 \u00een numele \u0219i \u00eempreun\u0103 cu membrii s\u0103i, ERC a devenit cunoscut pentru colectarea unei serii de date prin intermediul unor sondaje, inclusiv pentru analizarea adecv\u0103rii ora\u0219elor pentru familiile nou mutate. ERC s-a impus ca o autoritate \u00een materie de mobilitate a for\u021bei de munc\u0103.<\/p>\n<p><strong>Criterii de aderare:<\/strong><\/p>\n<p>Criteriile de aderare nu sunt enumerate pe site-ul web.<\/p>\n<p><strong>Lista membrilor ERC din \u00eentreaga lume <a href=\"https:\/\/moverdb.com\/ro\/moving-companies\/\" data-internallinksmanager029f6b8e52c=\"79\" title=\"Top 25 Companii interna\u021bionale de mutare online\">Companii de mutare<\/a><\/strong><\/p>\n<ul>\n<li> <a href=\"https:\/\/moverdb.com\/ro\/aires\/\">Aires<\/a><\/li>\n<li> <a href=\"https:\/\/moverdb.com\/ro\/armstrong-relocare\/\">Armstrong Relocare<\/a><\/li>\n<li> <a href=\"https:\/\/moverdb.com\/ro\/arpin-international\/\">Arpin International<\/a><\/li>\n<li> <a href=\"https:\/\/moverdb.com\/ro\/atlas-van-lines-international\/\">Atlas Van Lines<\/a><\/li>\n<li> <a href=\"https:\/\/moverdb.com\/ro\/santa-fe-relocalizare\/\">Santa Fe Servicii de relocare<\/a><\/li>\n<li> <a href=\"https:\/\/moverdb.com\/ro\/sterling-relocalizare\/\">Sterling Relocare<\/a><\/li>\n<li> <a href=\"https:\/\/moverdb.com\/ro\/arpin-van-lines\/\">Arpin Van Lines<\/a><\/li>\n<li> <a href=\"https:\/\/moverdb.com\/ro\/suddath\/\">Suddath<\/a><\/li>\n<li> <a href=\"https:\/\/moverdb.com\/ro\/dt-moving\/\">DT Moving<\/a><\/li>\n<li> <a href=\"https:\/\/moverdb.com\/ro\/btr-international\/\">BTR International<\/a><\/li>\n<p><a href=\"https:\/\/moverdb.com\/ro\/packimpex\/\">Packimpex<\/a>\n<\/ul>\n<p><strong>Opinii despre ERC<\/strong><\/p>\n<p>ERC nu apare pe at\u00e2t de multe site-uri web. Acolo unde este men\u021bionat, este adesea \u00een contextul organiza\u021biilor care \u00eei sunt afiliate, cum ar fi Consiliul de relocare a Marilor Lacuri.<\/p>\n<blockquote><p>Pentru a satisface nevoile pie\u021bei de relocalizare \u0219i pentru a ajuta angaja\u021bii s\u0103 \u00eenceap\u0103 f\u0103r\u0103 probleme noua lor perioad\u0103 de via\u021b\u0103, \u0219ase persoane au fondat precursorul Consiliului Mondial de Relocalizare a Angaja\u021bilor (ERC) \u00een 1964, \u00een <a href=\"https:\/\/moverdb.com\/ro\/se-muta-la-chicago\/\">Chicago<\/a>.<\/p><\/blockquote>\n<p>- <a href=\"http:\/\/start-up-services.de\/en\/company-profile-relocation-service\/relocation-associations\/worldwide-employee-relocation-council\/\" target=\"_blank\" rel=\"noopener\">Servicii de \u00eenfiin\u021bare<\/a><\/p>\n<p><strong>Site web:<\/strong> <a href=\"http:\/\/www.worldwideerc.org\/Pages\/index.aspx\" target=\"_blank\" rel=\"noopener\">http:\/\/www.worldwideerc.org\/Pages\/index.aspx<\/a><\/p>","protected":false},"excerpt":{"rendered":"<p>The Worldwide Employee Relocation Council (ERC) describes itself as the workforce mobility association for professionals who oversee, manage, or support U.S. domestic and international employee transfer. Its purpose is to help members &#8211; who come from a range of professions, including HR, real estate and military &#8211; to deal with the challenges of workforce mobility. [&hellip;]<\/p>\n","protected":false},"author":1,"featured_media":0,"parent":0,"menu_order":0,"comment_status":"closed","ping_status":"closed","template":"","meta":{"_genesis_hide_title":false,"_genesis_hide_breadcrumbs":false,"_genesis_hide_singular_image":false,"_genesis_hide_footer_widgets":false,"_genesis_custom_body_class":"","_genesis_custom_post_class":"","_genesis_layout":"","footnotes":""},"class_list":{"0":"post-441","1":"page","2":"type-page","3":"status-publish","5":"entry"},"_links":{"self":[{"href":"https:\/\/moverdb.com\/ro\/wp-json\/wp\/v2\/pages\/441","targetHints":{"allow":["GET"]}}],"collection":[{"href":"https:\/\/moverdb.com\/ro\/wp-json\/wp\/v2\/pages"}],"about":[{"href":"https:\/\/moverdb.com\/ro\/wp-json\/wp\/v2\/types\/page"}],"author":[{"embeddable":true,"href":"https:\/\/moverdb.com\/ro\/wp-json\/wp\/v2\/users\/1"}],"replies":[{"embeddable":true,"href":"https:\/\/moverdb.com\/ro\/wp-json\/wp\/v2\/comments?post=441"}],"version-history":[{"count":15,"href":"https:\/\/moverdb.com\/ro\/wp-json\/wp\/v2\/pages\/441\/revisions"}],"predecessor-version":[{"id":6255,"href":"https:\/\/moverdb.com\/ro\/wp-json\/wp\/v2\/pages\/441\/revisions\/6255"}],"wp:attachment":[{"href":"https:\/\/moverdb.com\/ro\/wp-json\/wp\/v2\/media?parent=441"}],"curies":[{"name":"wp","href":"https:\/\/api.w.org\/{rel}","templated":true}]}}