{"id":440,"date":"2016-06-12T19:59:07","date_gmt":"2016-06-12T19:59:07","guid":{"rendered":"http:\/\/moverdb.com\/?page_id=440"},"modified":"2026-01-08T13:19:01","modified_gmt":"2026-01-08T13:19:01","slug":"iata","status":"publish","type":"page","link":"https:\/\/moverdb.com\/ro\/iata\/","title":{"rendered":"Asocia\u021bia Interna\u021bional\u0103 de Transport Aerian (IATA) - Explica\u021bii"},"content":{"rendered":"<p>Asocia\u021bia Interna\u021bional\u0103 de Transport Aerian (IATA) este asocia\u021bia comercial\u0103 global\u0103 a companiilor aeriene din \u00eentreaga lume. <\/p>\n<p>Misiunea sa este de a-\u0219i conduce \u0219i servi membrii, precum \u0219i de a le reprezenta interesele \u00eentr-un mod care s\u0103 stimuleze industria transportului aeroportuar.<\/p>\n<p><strong>Informa\u021bii cheie despre IATA:<\/strong><\/p>\n<ol>\n<li>  Aceasta reprezint\u0103 aproximativ 260 de companii aeriene sau 83% din traficul aerian total.<\/li>\n<li>  Are o acoperire global\u0103.<\/li>\n<li>  Zborurile efectuate de membrii IATA reprezint\u0103 83% din traficul total.<\/li>\n<li>  A fost \u00eenfiin\u021bat\u0103 \u00een Havana, Cuba, \u00een aprilie 1945.<\/li>\n<li>  La \u00eenfiin\u021barea sa, \u00een 1945, avea 57 de membri din 31 de \u021b\u0103ri, majoritatea din Europa \u0219i America de Nord. \u00cen prezent, are aproximativ 260 de membri din 117 \u021b\u0103ri din toate col\u021burile lumii.<\/li>\n<li>  Printre priorit\u0103\u021bile sale se num\u0103r\u0103 siguran\u021ba, securitatea, mediul \u00eenconjur\u0103tor, serviciile, simplificarea activit\u0103\u021bii \u0219i sprijinirea construirii de rela\u021bii \u00een cadrul industriei.<\/li>\n<li>  Planul de facturare \u0219i decontare al IATA reprezint\u0103 coloana vertebral\u0103 financiar\u0103 a industriei prin gestionarea fluxului de peste $270 de miliarde de euro generat anual de v\u00e2nz\u0103rile de bilete ale agen\u021biilor de turism c\u0103tre companiile aeriene.<\/li>\n<\/ol>\n<p><strong>Profilul Asocia\u021biei Interna\u021bionale de Transport Aerian:<\/strong><\/p>\n<p>IATA este o asocia\u021bie comercial\u0103 recunoscut\u0103 la nivel mondial pentru companiile aeriene \u0219i func\u021bioneaz\u0103 de peste 50 de ani. Printre membrii s\u0103i se num\u0103r\u0103 at\u00e2t <a href=\"https:\/\/moverdb.com\/ro\/expeditor-de-marfuri\/\">transport de marf\u0103<\/a> \u0219i a transportatorilor de pasageri \u0219i are birouri \u00een 53 de \u021b\u0103ri din \u00eentreaga lume. <\/p>\n<p>A crescut al\u0103turi de industria transportului aerian, lucr\u00e2nd \u00eempreun\u0103 cu acest sector pentru a contribui la dezvoltarea de standarde, practici \u0219i proceduri de reglementare \u0219i pentru a asigura un nivel constant de servicii pentru clien\u021bi. IATA este o organiza\u021bie cu adev\u0103rat global\u0103, iar cei 260 de membri ai s\u0103i provin din peste 117 \u021b\u0103ri.<\/p>\n<p>Pe l\u00e2ng\u0103 protec\u021bia consumatorilor, IATA s-a implicat \u00een sprijinirea industriei aeriene pentru a deveni mai durabil\u0103. Organiza\u021bia ofer\u0103 informa\u021bii despre companiile aeriene, o serie de publica\u021bii \u0219i programe de formare \u0219i acreditare pentru cei care lucreaz\u0103 \u00een industria de turism. <\/p>\n<p>\u00cen plus, furnizeaz\u0103 o serie de servicii financiare, cum ar fi un serviciu de colectare a crean\u021belor pentru companiile aeriene.<\/p>\n<p><strong>Criterii de aderare<\/strong><\/p>\n<p>Calitatea de membru IATA cu drepturi \u0219i privilegii depline poate fi ob\u021binut\u0103 numai dup\u0103: \u00eenregistrarea \u00een cadrul IATA Operational Safety Audit (IOSA), o examinare administrativ\u0103 de c\u0103tre departamentul pentru membri, plata tuturor taxelor de \u00eenscriere \u0219i a cotiza\u021biilor de membru.<\/p>\n<p>Finalizarea cu succes a unui IOSA va duce la ad\u0103ugarea la registrul IOSA. O companie aerian\u0103 trebuie s\u0103 fie \u00eenscris\u0103 \u00een registrul IOSA \u00eenainte de a i se aproba calitatea de membru IATA.<\/p>\n<p>Dup\u0103 aceasta, se depune un formular de cerere \u00eenso\u021bit de urm\u0103toarele documente justificative:<\/p>\n<ul>\n<li> O copie certificat\u0103 a certificatului de operator aerian (AOC), valabil pentru cel pu\u021bin \u0219ase luni, cu \u0219tampila, data \u0219i semn\u0103tura ORIGINAL\u0102 a autorit\u0103\u021bii emitente (nu un notar), \u00eempreun\u0103 cu specifica\u021biile opera\u021bionale emise de statul de \u00eenmatriculare, dac\u0103 este cazul.<\/li>\n<li> O copie certificat\u0103 a certificatului de \u00eenregistrare la autoritatea competent\u0103, de exemplu, Camera de Comer\u021b sau echivalent. Se accept\u0103 certificarea de c\u0103tre un notar.<\/li>\n<li> Situa\u021biile financiare auditate ale companiei aeriene solicitante \u0219i, \u00een cazul \u00een care aceasta este de\u021binut\u0103 majoritar de o alt\u0103 companie (inclusiv de stat), situa\u021biile financiare ale companiei proprietar. Acestea trebuie s\u0103 fie certificate de un expert contabil sau de un contabil public. \u00cen cazul companiilor aeriene noi, se accept\u0103 un plan de afaceri \u00eentocmit de un expert contabil autorizat sau public.<\/li>\n<li> Raportul anual al companiei aeriene solicitante sau statutul companiei care arat\u0103 modul \u00een care este constituit\u0103 sau profilul companiei aeriene.<\/li>\n<li> Certificate de asigurare valabile cu tipul de aeronav\u0103, num\u0103rul de \u00eenmatriculare pentru fiecare aeronav\u0103 \u0219i detaliile respective ale autorit\u0103\u021bii de \u00eenmatriculare, valabile pentru o perioad\u0103 de cel pu\u021bin \u0219ase luni.<\/li>\n<li> Statisticile de trafic pentru ultimii doi ani. Aceast\u0103 cerin\u021b\u0103 nu se aplic\u0103 companiilor aeriene noi.<\/li>\n<li> Orarul\/ orarul publicat, \u00een cazul \u00een care compania aerian\u0103 are opera\u021biuni programate. \u00cen cazul opera\u021biunilor neregulate, se solicit\u0103 o list\u0103 de destina\u021bii.<\/li>\n<\/ul>\n<p><strong>Lista membrilor IATA <a href=\"https:\/\/moverdb.com\/ro\/moving-companies\/\" data-internallinksmanager029f6b8e52c=\"79\" title=\"Top 25 Companii interna\u021bionale de mutare online\">Companii de mutare<\/a><\/strong><\/p>\n<ul>\n<li> <a href=\"https:\/\/moverdb.com\/ro\/armstrong-relocare\/\">Armstrong Relocare<\/a><\/li>\n<li> <a href=\"https:\/\/moverdb.com\/ro\/atlas-van-lines-international\/\">Atlas Van Lines<\/a><\/li>\n<li> <a href=\"https:\/\/moverdb.com\/ro\/suddath\/\">Suddath<\/a><\/li>\n<li> <a href=\"https:\/\/moverdb.com\/ro\/nippon-express\/\">Nippon Express<\/a><\/li>\n<li> <a href=\"https:\/\/moverdb.com\/ro\/bolliger\/\">Bolliger<\/a><\/li>\n<\/ul>\n<p><strong>Opinii despre Asocia\u021bia Interna\u021bional\u0103 de Transport Aerian<\/strong><\/p>\n<p>IATA apare pe majoritatea site-urilor web ale marilor companii aeriene (adesea prin intermediul unui cod IATA de identificare) \u0219i are, de asemenea, o pagin\u0103 proprie pe Wikipedia. <\/p>\n<p>Importan\u021ba sa ca asocia\u021bie comercial\u0103 este evident\u0103, la fel ca \u0219i implicarea sa \u00een elaborarea anumitor standarde industriale pentru sectorul companiilor aeriene. Faptul c\u0103 membrii s\u0103i sunt responsabili pentru mai mult de 90% din traficul aerian regulat din lume este un aspect care este men\u021bionat frecvent. <\/p>\n<p>Articolele online despre industria aeronautic\u0103 men\u021bioneaz\u0103 adesea IATA \u0219i implicarea sa \u00een luarea deciziilor \u00een probleme cheie \u0219i \u00een formularea de sugestii importante, cum ar fi reglementarea dimensiunii bagajelor destinate compartimentelor de deasupra capului. <\/p>\n<p>IATA este men\u021bionat\u0103 \u00een numeroase contexte, de la parteneriate de gestionare a proiectelor la reglement\u0103ri ale UE. Av\u00e2nd \u00een vedere frecven\u021ba \u0219i amploarea rapoartelor de \u0219tiri care men\u021bioneaz\u0103 IATA, aceasta este \u00een mod clar o asocia\u021bie comercial\u0103 activ\u0103 \u0219i proeminent\u0103.<\/p>\n<p><strong>Site web:<\/strong> <a href=\"http:\/\/www.iata.org\/Pages\/default.aspx\" target=\"_blank\" rel=\"noopener\">http:\/\/www.iata.org\/Pages\/default.aspx<\/a><\/p>","protected":false},"excerpt":{"rendered":"<p>The International Air Transport Association (IATA) is the global trade association for the world&#8217;s airlines. Its mission is to lead and serve its members, as well as to represent their interests in a way that boosts the airport transport industry. Key facts about IATA: It represents around 260 airlines or 83% of total air traffic. [&hellip;]<\/p>\n","protected":false},"author":1,"featured_media":0,"parent":0,"menu_order":0,"comment_status":"closed","ping_status":"closed","template":"","meta":{"_genesis_hide_title":false,"_genesis_hide_breadcrumbs":false,"_genesis_hide_singular_image":false,"_genesis_hide_footer_widgets":false,"_genesis_custom_body_class":"","_genesis_custom_post_class":"","_genesis_layout":"","footnotes":""},"class_list":{"0":"post-440","1":"page","2":"type-page","3":"status-publish","5":"entry"},"_links":{"self":[{"href":"https:\/\/moverdb.com\/ro\/wp-json\/wp\/v2\/pages\/440","targetHints":{"allow":["GET"]}}],"collection":[{"href":"https:\/\/moverdb.com\/ro\/wp-json\/wp\/v2\/pages"}],"about":[{"href":"https:\/\/moverdb.com\/ro\/wp-json\/wp\/v2\/types\/page"}],"author":[{"embeddable":true,"href":"https:\/\/moverdb.com\/ro\/wp-json\/wp\/v2\/users\/1"}],"replies":[{"embeddable":true,"href":"https:\/\/moverdb.com\/ro\/wp-json\/wp\/v2\/comments?post=440"}],"version-history":[{"count":10,"href":"https:\/\/moverdb.com\/ro\/wp-json\/wp\/v2\/pages\/440\/revisions"}],"predecessor-version":[{"id":13161,"href":"https:\/\/moverdb.com\/ro\/wp-json\/wp\/v2\/pages\/440\/revisions\/13161"}],"wp:attachment":[{"href":"https:\/\/moverdb.com\/ro\/wp-json\/wp\/v2\/media?parent=440"}],"curies":[{"name":"wp","href":"https:\/\/api.w.org\/{rel}","templated":true}]}}