{"id":439,"date":"2016-06-12T19:46:10","date_gmt":"2016-06-12T19:46:10","guid":{"rendered":"http:\/\/moverdb.com\/?page_id=439"},"modified":"2026-01-08T14:40:02","modified_gmt":"2026-01-08T14:40:02","slug":"lacma","status":"publish","type":"page","link":"https:\/\/moverdb.com\/ro\/lacma\/","title":{"rendered":"Asocia\u021bia Latino-American\u0103 \u0219i din Caraibe a Transportatorilor Interna\u021bionali (LACMA)"},"content":{"rendered":"<p>Asocia\u021bia Latino-American\u0103 \u0219i din Caraibe a Transportatorilor Interna\u021bionali (Latin American and Caribbean International Movers Association - LACIMA) reprezint\u0103 o colec\u021bie de companii de mut\u0103ri \u0219i reloc\u0103ri cu scopul de a \u00eencuraja integrarea \u00eentreprinderilor locale, precum \u0219i a altora din \u00eentreaga lume.<\/p>\n<p><strong>Informa\u021bii cheie despre LACMA:<\/strong><\/p>\n<ol>a<\/p>\n<li>  Calitatea de membru al LACMA este deschis\u0103 companiilor de mut\u0103ri \u0219i reloc\u0103ri din America Latin\u0103 \u0219i din restul lumii.<\/li>\n<li>  Este asocia\u021bia latino-american\u0103 reprezentat\u0103 \u00een <a href=\"https:\/\/moverdb.com\/ro\/fidi-faim\/\">FIDI<\/a>.<\/li>\n<li>  Acesta are sediul \u00een <a href=\"https:\/\/moverdb.com\/ro\/moving-to-panama\/\" data-internallinksmanager029f6b8e52c=\"432\" title=\"V\u0103 muta\u021bi \u00een Panama? 2026 Costurile de trai \u0219i sfaturi de relocare\">Panama<\/a>.<\/li>\n<li>  Aceasta ac\u021bioneaz\u0103 ca mediator pentru orice conflict care ar putea ap\u0103rea \u00eentre membrii s\u0103i sau \u00eentre un membru \u0219i alte persoane care nu sunt afiliate la asocia\u021bie.<\/li>\n<li>  Aceasta nu cere ca membrii lor s\u0103 fie <a href=\"https:\/\/moverdb.com\/ro\/fidi-faim\/\" data-internallinksmanager029f6b8e52c=\"16\" title=\"FIDI &amp; FAIM (FIDI Accredited International Mover) Explicat\">FIDI<\/a> afilia\u021bi, deoarece LACMA \u00ee\u0219i men\u021bine criteriile de afiliere independente.<\/li>\n<li>  LACMA are propriul institut de formare care ofer\u0103 seminarii la fa\u021ba locului \u0219i virtuale, inclusiv un curs de formare pentru instructorii de pachete.<\/li>\n<li>  Acesta ofer\u0103 un program de garantare a pl\u0103\u021bilor, care reprezint\u0103 o resurs\u0103 pentru membrii care doresc s\u0103 colecteze sumele restante de la al\u021bi membri din cadrul asocia\u021biei.<\/li>\n<li>  Membrii LACMA pot fi membri activi (\u00eentreprinderi din America Latin\u0103 sau din Caraibe care sunt implicate activ \u00een mut\u0103ri \u0219i ambalaje interna\u021bionale, cu personal propriu, mijloace de transport \u0219i facilit\u0103\u021bi de depozitare), asocia\u021bi (\u00eentreprinderi din afara Americii Latine \u0219i a Caraibelor care sunt implicate \u00een mut\u0103ri \u0219i ambalaje interna\u021bionale) sau adjunc\u021bi (\u00eentreprinderi care furnizeaz\u0103 bunuri \u0219i servicii utile membrilor).<\/li>\n<li>  Organiza\u021bia precizeaz\u0103: \"FIDI America Latin\u0103 reprezint\u0103 53 de companii (FIDI-LACMA \u0219i FIDI-Non LACMA) din regiunea noastr\u0103.<\/li>\n<\/ol>\n<p><strong>Profilul Asocia\u021biei Interna\u021bionale a Transportatorilor din America Latin\u0103 \u0219i Caraibe<\/strong><\/p>\n<p>LACMA a fost creat\u0103 pentru a reprezenta interesele membrilor s\u0103i \u0219i pentru a stabili \u0219i men\u021bine standardele de servicii din industrie. <\/p>\n<p>Este organiza\u021bia FIDI din America Latin\u0103, ceea ce \u00eei confer\u0103 o anumit\u0103 credibilitate, deoarece este recunoscut\u0103 de FIDI ca fiind reprezentativ\u0103 pentru interesele companiilor afiliate FIDI din regiune. <\/p>\n<p>LACMA ofer\u0103 mai multe tipuri de abonament, printre care Active \u0219i Associate. De asemenea, pune la dispozi\u021bia membrilor o gam\u0103 larg\u0103 de programe de e-learning, informa\u021bii \u0219i seminarii pentru a contribui la \u00eembun\u0103t\u0103\u021birea cuno\u0219tin\u021belor \u0219i a eficien\u021bei \u00een afaceri - Institutul de Formare LACMA a fost \u00eenfiin\u021bat \u00een 1992 \u00een scopul unei mai bune educ\u0103ri a membrilor. <\/p>\n<p>Membrii beneficiaz\u0103, de asemenea, de anumite m\u0103suri de protec\u021bie, cum ar fi programul de garantare a pl\u0103\u021bilor - conceput pentru a ajuta la recuperarea sumelor datorate de al\u021bi membri - \u0219i programul S.O.S. al LACMA, care ofer\u0103 ajutor umanitar membrilor afecta\u021bi de dezastrele naturale care afecteaz\u0103 frecvent aceast\u0103 parte a lumii.<\/p>\n<p><strong>Criterii de aderare:<\/strong><\/p>\n<p><u>Membri activi<\/u><\/p>\n<ul>\n<li> Completa\u021bi cererea de aderare pe formularul oficial al LACMA \u0219i furniza\u021bi informa\u021biile solicitate, sunte\u021bi de acord s\u0103 respecta\u021bi statutul \u0219i regulamentele LACMA, Codul de etic\u0103 \u0219i rezolu\u021biile stabilite de Consiliul de administra\u021bie al LACMA.<\/li>\n<li> Asigura\u021bi sponsorizarea a cinci (5) membri activi ai LACMA.<\/li>\n<li> Furniza\u021bi situa\u021biile financiare, cu notele aferente, pentru ultimii doi ani.<\/li>\n<li> Furnizarea Cartei corporative a companiei (necesar\u0103 o activitate de minim patru ani \u00een cadrul <a href=\"https:\/\/moverdb.com\/ro\/moving-companies\/\">mi\u0219care interna\u021bional\u0103<\/a> industrie).<\/li>\n<li> Pl\u0103ti\u021bi taxa de admitere, taxa de ini\u021biere PGP, taxele anuale de membru PGP \u0219i LACMA dup\u0103 ce procesul de \u00eenscriere a fost finalizat \u0219i cererea a fost aprobat\u0103.<\/li>\n<\/ul>\n<p><u>Membri asocia\u021bi<\/u><\/p>\n<ul>\n<li> Completa\u021bi cererea de aderare pe formularul oficial al LACMA \u0219i furniza\u021bi informa\u021biile solicitate, sunte\u021bi de acord s\u0103 respecta\u021bi statutul \u0219i regulamentele LACMA, Codul de etic\u0103 \u0219i rezolu\u021biile stabilite de Consiliul de administra\u021bie al LACMA.<\/li>\n<li> Asigurarea sponsoriz\u0103rii a cinci (5) membri activi \u0219i\/sau asocia\u021bi ai LACMA, dintre care cel pu\u021bin doi sunt membri asocia\u021bi.<\/li>\n<li> Furniza\u021bi situa\u021biile financiare, cu notele aferente, pentru ultimii doi ani.<\/li>\n<li> Furnizarea Cartei corporative a companiei (este necesar un minim de patru ani de activitate \u00een industria mut\u0103rilor interna\u021bionale).<\/li>\n<li> Pl\u0103ti\u021bi taxa de admitere, taxa de ini\u021biere PGP, taxa anual\u0103 de membru PGP \u0219i LACMA dup\u0103 ce procesul de \u00eenscriere a fost finalizat \u0219i cererea a fost aprobat\u0103.<\/li>\n<\/ul>\n<p><u>Membri adjunc\u021bi<\/u><\/p>\n<ul>\n<li> Completa\u021bi cererea de aderare pe formularul oficial al LACMA \u0219i furniza\u021bi toate informa\u021biile solicitate, accepta\u021bi s\u0103 respecta\u021bi statutul \u0219i regulamentele LACMA, Codul de etic\u0103 \u0219i rezolu\u021biile stabilite de Consiliul de administra\u021bie al LACMA.<\/li>\n<li> Asigura\u021bi sponsorizarea a (2) membri activi \u0219i\/sau asocia\u021bi ai LACMA.<\/li>\n<li> Pl\u0103ti\u021bi taxa de admitere \u0219i taxa anual\u0103 de membru al LACMA odat\u0103 ce procesul de \u00eenscriere a fost finalizat \u0219i cererea a fost aprobat\u0103. V\u0103 rug\u0103m s\u0103 contacta\u021bi secretariatul LACMA pentru taxele citate.<\/li>\n<li> Furniza\u021bi dovada c\u0103 produsul sau serviciul oferit a fost comercializat timp de cel pu\u021bin un an.<\/li>\n<\/ul>\n<p><strong>Exemplu de companii membre<\/strong><\/p>\n<ul>\n<li> <a href=\"https:\/\/moverdb.com\/ro\/aires\/\">Aires<\/a><\/li>\n<li> <a href=\"https:\/\/moverdb.com\/ro\/arpin-international\/\">Arpin International<\/a><\/li>\n<li> <a href=\"https:\/\/moverdb.com\/ro\/atlas-van-lines-international\/\">Atlas Van Lines<\/a><\/li>\n<li> <a href=\"https:\/\/moverdb.com\/ro\/santa-fe-relocalizare\/\">Santa Fe Servicii de relocare<\/a><\/li>\n<li> <a href=\"https:\/\/moverdb.com\/ro\/sterling-relocalizare\/\">Sterling Relocare<\/a><\/li>\n<li> <a href=\"https:\/\/moverdb.com\/ro\/stevens-worldwide-van-lines\/\">Stevens Worldwide Van Lines<\/a><\/li>\n<li> <a href=\"https:\/\/moverdb.com\/ro\/amj-campbell-van-lines\/\">AMJ Campbell Van Lines<\/a><\/li>\n<li> <a href=\"https:\/\/moverdb.com\/ro\/suddath\/\">Suddath<\/a><\/li>\n<li> <a href=\"https:\/\/moverdb.com\/ro\/dt-moving\/\">DT Moving<\/a><\/li>\n<li> <a href=\"https:\/\/moverdb.com\/ro\/john-mason\/\">John Mason International Movers<\/a><\/li>\n<li> <a href=\"https:\/\/moverdb.com\/ro\/mudanzas-gou\/\">Mudanzas Gou<\/a><\/li>\n<li> <a href=\"https:\/\/moverdb.com\/ro\/gil-stauffer\/\">Gil Stauffer<\/a><\/li>\n<\/ul>\n<p><strong>Opinii despre LACMA:<\/strong><\/p>\n<p>Informa\u021biile online indic\u0103 faptul c\u0103 membrii LACMA reprezint\u0103 90% din mut\u0103rile c\u0103tre \u0219i dinspre regiunea Americii Latine \u0219i Caraibelor. Este remarcat ca fiind unul dintre cele mai importante <a href=\"https:\/\/moverdb.com\/ro\/organizatii-asociatii\/\">organiza\u021bii interna\u021bionale de mutare \u0219i transport maritim<\/a>.<\/p>\n<p>Transportatorii men\u021bioneaz\u0103 LACMA \u00een contextul asigur\u0103rii clien\u021bilor cu privire la standardele de profesionalism \u0219i la acoperirea geografic\u0103. Membrii s\u0103i sunt cita\u021bi ca fiind unii dintre cei mai buni transportatori din lume, iar informa\u021biile online arat\u0103 c\u0103 membrii reprezint\u0103 urm\u0103toarele zone: <em>\"Europa 31%, The <a href=\"https:\/\/moverdb.com\/ro\/moving-to-the-united-states\/\" data-internallinksmanager029f6b8e52c=\"94\" title=\"V\u0103 muta\u021bi \u00een Statele Unite? 2026 Costurile vie\u021bii \u0219i sfaturi de relocare\">Statele Unite ale Americii<\/a> &amp; <a href=\"https:\/\/moverdb.com\/ro\/moving-to-canada\/\" data-internallinksmanager029f6b8e52c=\"265\" title=\"Mutarea \u00een Canada? 2026 Costurile de trai \u0219i sfaturi de relocare\">Canada<\/a> 26%, America Latin\u0103 \u0219i Caraibe 28% \u0219i <a href=\"https:\/\/moverdb.com\/ro\/moving-to-australia\/living-in-australia\/\" data-internallinksmanager029f6b8e52c=\"240\" title=\"21 Secretele despre via\u021ba \u00een Australia pe care trebuie s\u0103 le \u0219tii \u00eenainte de a te muta\">Australia<\/a>, Orientul Mijlociu \u0219i Orientul \u00cendep\u0103rtat 15%.\"<\/em> <\/p>\n<p>Cei care au inclus LACMA pe site-urile lor web sunt adesea din afara regiunii, dar \u00ee\u0219i demonstreaz\u0103 prezen\u021ba la nivel global prin apartenen\u021ba la organiza\u021bie.<\/p>\n<blockquote><p>LACMA este o asocia\u021bie format\u0103 din cele mai bune companii de mut\u0103ri interna\u021bionale din America Latin\u0103 \u0219i Caraibe, care reprezint\u0103 peste 90 la sut\u0103 din mut\u0103rile din \u0219i c\u0103tre aceast\u0103 regiune.<\/p><\/blockquote>\n<p>- <a href=\"http:\/\/www.brytor.ca\/memberships.php\" target=\"_blank\" rel=\"noopener\">Brytor International Moving<\/a><\/p>\n<blockquote><p>LACMA este asocia\u021bia care \u00eei include pe cei mai buni 260 <a href=\"https:\/\/moverdb.com\/ro\/moving-companies\/\" data-internallinksmanager029f6b8e52c=\"79\" title=\"Top 25 Companii interna\u021bionale de mutare online\">companii de mutare<\/a> din lume, \u00een special din America Latin\u0103 \u0219i din Caraibe. Datorit\u0103 prestigiului lor, acestea genereaz\u0103 90% din importurile \u0219i exporturile efectuate \u00een America Latin\u0103.<\/p><\/blockquote>\n<p>- <a href=\"http:\/\/miglobal.com\/miglobal.com\/httpdocs\/affiliations.html\" target=\"_blank\" rel=\"noopener\">Mudanzas Internacionales Global<\/a><\/p>\n<p><strong>Site web:<\/strong> <a href=\"http:\/\/www.lacmassoc.org\/\" target=\"_blank\" rel=\"noopener\">http:\/\/www.lacmassoc.org\/<\/a><\/p>","protected":false},"excerpt":{"rendered":"<p>The Latin American and Caribbean International Movers Association (LACIMA) represents a collection of moving and relocation companies with a view to encouraging integration of locally based businesses, as well as others across the world. Key facts about LACMA: a Membership of LACMA is open to moving and relocation companies from Latin America and the rest [&hellip;]<\/p>\n","protected":false},"author":1,"featured_media":0,"parent":0,"menu_order":0,"comment_status":"closed","ping_status":"closed","template":"","meta":{"_genesis_hide_title":false,"_genesis_hide_breadcrumbs":false,"_genesis_hide_singular_image":false,"_genesis_hide_footer_widgets":false,"_genesis_custom_body_class":"","_genesis_custom_post_class":"","_genesis_layout":"","footnotes":""},"class_list":{"0":"post-439","1":"page","2":"type-page","3":"status-publish","5":"entry"},"_links":{"self":[{"href":"https:\/\/moverdb.com\/ro\/wp-json\/wp\/v2\/pages\/439","targetHints":{"allow":["GET"]}}],"collection":[{"href":"https:\/\/moverdb.com\/ro\/wp-json\/wp\/v2\/pages"}],"about":[{"href":"https:\/\/moverdb.com\/ro\/wp-json\/wp\/v2\/types\/page"}],"author":[{"embeddable":true,"href":"https:\/\/moverdb.com\/ro\/wp-json\/wp\/v2\/users\/1"}],"replies":[{"embeddable":true,"href":"https:\/\/moverdb.com\/ro\/wp-json\/wp\/v2\/comments?post=439"}],"version-history":[{"count":21,"href":"https:\/\/moverdb.com\/ro\/wp-json\/wp\/v2\/pages\/439\/revisions"}],"predecessor-version":[{"id":13169,"href":"https:\/\/moverdb.com\/ro\/wp-json\/wp\/v2\/pages\/439\/revisions\/13169"}],"wp:attachment":[{"href":"https:\/\/moverdb.com\/ro\/wp-json\/wp\/v2\/media?parent=439"}],"curies":[{"name":"wp","href":"https:\/\/api.w.org\/{rel}","templated":true}]}}