{"id":437,"date":"2016-06-12T15:02:39","date_gmt":"2016-06-12T15:02:39","guid":{"rendered":"http:\/\/moverdb.com\/?page_id=437"},"modified":"2026-01-08T13:18:34","modified_gmt":"2026-01-08T13:18:34","slug":"hgfaa","status":"publish","type":"page","link":"https:\/\/moverdb.com\/ro\/hgfaa\/","title":{"rendered":"Asocia\u021bia de expeditori de bunuri de uz casnic din America (HGFAA) Explicat"},"content":{"rendered":"<p>Household Goods Forwarders Association of America (HGFAA) se descrie ca fiind o asocia\u021bie global\u0103 de transportatori care se angajeaz\u0103 s\u0103 se asigure c\u0103 clien\u021bii primesc cele mai bune servicii posibile \u00een timpul mut\u0103rii lor. \u00cen prezent a fost \u00eenlocuit\u0103 de c\u0103tre <a href=\"https:\/\/moverdb.com\/ro\/sunt\/\">Asocia\u021bia Interna\u021bional\u0103 a Transportatorilor<\/a> (<a href=\"https:\/\/moverdb.com\/ro\/iam\/\" data-internallinksmanager029f6b8e52c=\"23\" title=\"Explica\u021bii despre Asocia\u021bia Interna\u021bional\u0103 a Transportatorilor (IAM)\">IAM<\/a>), de\u0219i mai multe firme de mut\u0103ri \u00eenc\u0103 o listeaz\u0103 pe site-urile lor. <\/p>\n<p><strong>Date cheie despre HGFAA:<\/strong><\/p>\n<ol>\n<li>  HGFAA are peste 1.800 de companii membre la nivel mondial.<\/li>\n<li>  HGFAA este o organiza\u021bie global\u0103 cu membri din peste 160 de \u021b\u0103ri \u0219i teritorii.<\/li>\n<li>  Portal este revista industrial\u0103 a asocia\u021biei.<\/li>\n<li>  Asocia\u021bia reprezint\u0103 industria de mut\u0103ri \u00een <a href=\"https:\/\/moverdb.com\/ro\/moving-to-the-united-states\/\" data-internallinksmanager029f6b8e52c=\"94\" title=\"V\u0103 muta\u021bi \u00een Statele Unite? 2026 Costurile vie\u021bii \u0219i sfaturi de relocare\">Statele Unite ale Americii<\/a>.<\/li>\n<li>  HGFAA este cunoscut\u0103 pentru re\u021beaua sa de comunica\u021bii \u0219i pentru facilit\u0103\u021bile de formare.<\/li>\n<\/ol>\n<p><strong>Profilul Household Goods Forwarders Association of America:<\/strong><\/p>\n<p>HGFAA este axat\u0103 pe consumator, oferind o baz\u0103 de date cu firme de mutare de \u00eencredere care v\u0103 pot ajuta cu o relocalizare oriunde \u00een lume. Ea se angajeaz\u0103 s\u0103 permit\u0103 standarde \u00eenalte de servicii \u0219i s\u0103 se asigure c\u0103 consumatorii au la dispozi\u021bie toate informa\u021biile de care au nevoie pentru a se muta, de la organizarea zilei mut\u0103rii p\u00e2n\u0103 la mutare \u0219i asisten\u021b\u0103 medical\u0103. <\/p>\n<p>HGFAA \u00ee\u0219i produce propria revist\u0103 industrial\u0103 numit\u0103 Portal, care are \u0219ase numere pe an. Site-ul s\u0103u web ofer\u0103 o multitudine de link-uri at\u00e2t pentru industrie, c\u00e2t \u0219i pentru consumatori, c\u0103tre subiecte de interes, cum ar fi diurna, c\u0103l\u0103torii \u0219i transport \u0219i mutarea cu animale de companie.<\/p>\n<p><strong>Criterii de aderare:<\/strong><\/p>\n<p>HGFAA ofer\u0103 un formular de aderare care poate fi desc\u0103rcat, dar acesta nu este \u00een prezent accesibil prin intermediul site-ului web. Pe site nu sunt enumerate condi\u021biile de aderare.<\/p>\n<p><strong>Exemplu de companii membre<\/strong><\/p>\n<ul>\n<li> <a href=\"https:\/\/moverdb.com\/ro\/atlas-van-lines-international\/\">Atlas Van Lines<\/a><\/li>\n<li> <a href=\"https:\/\/moverdb.com\/ro\/eagle-relocari\/\">Eagle Reloc\u0103ri<\/a><\/li>\n<li> <a href=\"https:\/\/moverdb.com\/ro\/excess-international-movers\/\">Exces de mut\u0103ri interna\u021bionale<\/a><\/li>\n<li> <a href=\"https:\/\/moverdb.com\/ro\/fn-removals\/\">F&amp;N Worldwide Removals<\/a><\/li>\n<li> <a href=\"https:\/\/moverdb.com\/ro\/mudanzas-gou\/\">Mudanzas Gou<\/a><\/li>\n<\/ul>\n<p><strong>Opinii despre HGFAA:<\/strong><\/p>\n<p>HGFAA nu are un profil foarte mare pe internet \u0219i nu este men\u021bionat\u0103 pe multe site-uri web ale firmelor de mut\u0103ri. Opiniile online despre HGFAA ale celor care o men\u021bioneaz\u0103 pe site-urile lor se concentreaz\u0103 pe natura global\u0103 a asocia\u021biei \u0219i pe angajamentul acesteia fa\u021b\u0103 de standardele \u00eenalte de servicii.<\/p>\n<p><a href=\"http:\/\/www.bloomberg.com\/profiles\/companies\/0774891D:US-household-goods-forwarders-association-of-america\" target=\"_blank\" rel=\"noopener\">Bloomberg se concentreaz\u0103<\/a> pe baza reprezent\u0103rii industriei, a faptului c\u0103 ac\u021bioneaz\u0103 ca o re\u021bea de comunicare \u0219i un centru de formare \u0219i a bog\u0103\u021biei de formare, resurse, publica\u021bii \u0219i servicii de referin\u021b\u0103.<\/p>\n<blockquote><p>HHGFAA este o asocia\u021bie global\u0103 de expeditori \u0219i transportatori care se angajeaz\u0103 s\u0103 ofere clien\u021bilor cel mai \u00eenalt nivel de servicii disponibile.<\/p><\/blockquote>\n<p>- <a href=\"http:\/\/www.amjbc.ca\/international-moving-services\/\" target=\"_blank\" rel=\"noopener\">AMJ Campbell Reloc\u0103ri la nivel mondial<\/a><\/p>\n<p><strong>Site web:<\/strong> <a href=\"http:\/\/www.hhgfaa.org\/\" target=\"_blank\" rel=\"noopener\">http:\/\/www.hhgfaa.org\/<\/a><\/p>","protected":false},"excerpt":{"rendered":"<p>The Household Goods Forwarders Association of America (HGFAA) describes itself as a global association of movers who are committed to ensuring that customers receive the best possible service during their move. It has now been replaced by the International Association of Movers (IAM), although several movers still list it on their websites. Key facts about [&hellip;]<\/p>\n","protected":false},"author":1,"featured_media":0,"parent":0,"menu_order":0,"comment_status":"closed","ping_status":"closed","template":"","meta":{"_genesis_hide_title":false,"_genesis_hide_breadcrumbs":false,"_genesis_hide_singular_image":false,"_genesis_hide_footer_widgets":false,"_genesis_custom_body_class":"","_genesis_custom_post_class":"","_genesis_layout":"","footnotes":""},"class_list":{"0":"post-437","1":"page","2":"type-page","3":"status-publish","5":"entry"},"_links":{"self":[{"href":"https:\/\/moverdb.com\/ro\/wp-json\/wp\/v2\/pages\/437","targetHints":{"allow":["GET"]}}],"collection":[{"href":"https:\/\/moverdb.com\/ro\/wp-json\/wp\/v2\/pages"}],"about":[{"href":"https:\/\/moverdb.com\/ro\/wp-json\/wp\/v2\/types\/page"}],"author":[{"embeddable":true,"href":"https:\/\/moverdb.com\/ro\/wp-json\/wp\/v2\/users\/1"}],"replies":[{"embeddable":true,"href":"https:\/\/moverdb.com\/ro\/wp-json\/wp\/v2\/comments?post=437"}],"version-history":[{"count":12,"href":"https:\/\/moverdb.com\/ro\/wp-json\/wp\/v2\/pages\/437\/revisions"}],"predecessor-version":[{"id":6221,"href":"https:\/\/moverdb.com\/ro\/wp-json\/wp\/v2\/pages\/437\/revisions\/6221"}],"wp:attachment":[{"href":"https:\/\/moverdb.com\/ro\/wp-json\/wp\/v2\/media?parent=437"}],"curies":[{"name":"wp","href":"https:\/\/api.w.org\/{rel}","templated":true}]}}