{"id":436,"date":"2016-06-12T14:04:20","date_gmt":"2016-06-12T14:04:20","guid":{"rendered":"http:\/\/moverdb.com\/?page_id=436"},"modified":"2026-01-08T14:47:42","modified_gmt":"2026-01-08T14:47:42","slug":"aima","status":"publish","type":"page","link":"https:\/\/moverdb.com\/ro\/aima\/","title":{"rendered":"Asocia\u021bia australian\u0103 de mut\u0103ri interna\u021bionale (AIMA) Explicat"},"content":{"rendered":"<p>Australian International Movers Association (AIMA) se descrie pe sine ca un forum profesional pentru <a href=\"https:\/\/moverdb.com\/ro\/international-removals\/\" data-internallinksmanager029f6b8e52c=\"27\" title=\"36 Cele mai bune companii de mut\u0103ri interna\u021bionale din Marea Britanie\">mut\u0103ri interna\u021bionale<\/a> industrie. Membrii trebuie s\u0103 de\u021bin\u0103 <a href=\"https:\/\/moverdb.com\/ro\/fidi-faim\/\">FIDI\/FAIM<\/a> sau \u00eendeplinesc criterii stricte de aderare, inclusiv cerin\u021be de integritate financiar\u0103.<\/p>\n<p><strong>Informa\u021bii cheie despre AIMA:<\/strong><\/p>\n<ol>\n<li>  A fost \u00eenfiin\u021bat\u0103 \u00een 1975.<\/li>\n<li>  Are aproximativ 60 de membri \u00een <a href=\"https:\/\/moverdb.com\/ro\/moving-to-australia\/living-in-australia\/\" data-internallinksmanager029f6b8e52c=\"240\" title=\"21 Secretele despre via\u021ba \u00een Australia pe care trebuie s\u0103 le \u0219tii \u00eenainte de a te muta\">Australia<\/a>.<\/li>\n<li>  AIMA reprezint\u0103 industria mut\u0103rilor din Australia \u0219i nu atrage membri din afara \u021b\u0103rii. Cu toate acestea, ea acoper\u0103 companiile australiene care fac <a href=\"https:\/\/moverdb.com\/ro\/moving-companies\/\">mut\u0103ri interna\u021bionale<\/a>.<\/li>\n<li>  Este recunoscut ca fiind <a href=\"https:\/\/moverdb.com\/ro\/fidi-faim\/\" data-internallinksmanager029f6b8e52c=\"16\" title=\"FIDI &amp; FAIM (FIDI Accredited International Mover) Explicat\">FIDI<\/a> Asocia\u021bia din Australia.<\/li>\n<li>  Membrii nu trebuie s\u0103 de\u021bin\u0103 certific\u0103ri FIDI\/FAIM pentru a se \u00eenscrie.<\/li>\n<li>  AIMA reprezint\u0103 filialele FIDI afiliate <a href=\"https:\/\/moverdb.com\/ro\/moving-companies\/australia-moving-companies\/\" data-internallinksmanager029f6b8e52c=\"176\" title=\"17 Cele mai bune companii de mutare interna\u021bional\u0103 din Australia\">mutan\u021bi \u00een Australia<\/a> ca \"Asocia\u021bia FIDI\" \u0219i trimite delega\u021bi la Congresul FIDI \u0219i la Adunarea General\u0103 FIDI care au loc anual.<\/li>\n<\/ol>\n<p><strong>Profilul Asocia\u021biei australiene de mut\u0103ri interna\u021bionale:<\/strong><\/p>\n<p>Misiunea AIMA este de a permite industriei de mut\u0103ri din Australia s\u0103 se autoguverneze, s\u0103-\u0219i \u00eembun\u0103t\u0103\u021beasc\u0103 serviciile, s\u0103 se asigure c\u0103 clien\u021bii primesc servicii mai bune, s\u0103 protejeze interesele publice \u0219i s\u0103 ofere industriei o modalitate de a trata ca un singur om cu guvernul. <\/p>\n<p>AIMA ofer\u0103, de asemenea, un tribunal independent pentru litigii. Este asocia\u021bia FIDI recunoscut\u0103 \u00een Australia, ceea ce \u00eenseamn\u0103 c\u0103 persoanele care fac mut\u0103ri cu FIDI\/FAIM sunt automat eligibile pentru a se al\u0103tura AIMA. Australia <a href=\"https:\/\/moverdb.com\/ro\/moving-companies\/\" data-internallinksmanager029f6b8e52c=\"79\" title=\"Top 25 Companii interna\u021bionale de mutare online\">companii de mutare<\/a> f\u0103r\u0103 FAIM sunt \u00een continuare eligibile pentru a deveni membri AIMA, dar trebuie s\u0103 \u00eendeplineasc\u0103 criterii care s\u0103 m\u0103soare cuno\u0219tin\u021bele lor de specialitate, resursele, experien\u021ba \u0219i pozi\u021bia lor financiar\u0103. <\/p>\n<p>Numai membrii AIMA sunt obliga\u021bi s\u0103 se supun\u0103 procesului de solu\u021bionare a litigiilor AIMA.<\/p>\n<p><strong>Criterii de aderare:<\/strong><\/p>\n<p>Criteriile stricte de aderare la AIMA includ verificarea capacit\u0103\u021bilor opera\u021bionale \u0219i a integrit\u0103\u021bii financiare. Detaliile acestor criterii nu sunt comunicate pe site.<\/p>\n<p>Companiile care de\u021bin deja calitatea de membru FIDI\/FAIM au dreptul automat de a deveni membre.<\/p>\n<p><strong>Companii membre<\/strong><\/p>\n<ul>\n<li> <a href=\"https:\/\/moverdb.com\/ro\/conroy-removals\/\">Conroy Removals<\/a><\/li>\n<\/ul>\n<p><strong>Opinii despre AIMA:<\/strong><\/p>\n<p>AIMA este v\u0103zut\u0103 ca una dintre organiza\u021biile de mut\u0103ri interna\u021bionale care ofer\u0103 asigur\u0103ri c\u0103 o mutare va fi efectuat\u0103 la cele mai \u00eenalte standarde posibile. Este o garan\u021bie c\u0103 o firm\u0103 de mut\u0103ri are calific\u0103rile necesare \u0219i este la curent cu ceea ce se consider\u0103 a fi cele mai bune practici locale. <\/p>\n<p>O serie de \u00eentreprinderi men\u021bioneaz\u0103 AIMA pe site-urile lor web ca fiind o acreditare interna\u021bional\u0103, o marc\u0103 de calitate al\u0103turi de alte m\u0103rci, cum ar fi FIDI. Cu toate acestea, domeniul de aplicare al AIMA este destul de limitat, deoarece nu are at\u00e2t de mul\u021bi membri ca unele organiza\u021bii similare din alte \u021b\u0103ri.<\/p>\n<p>Exist\u0103 <a href=\"http:\/\/vandijktrack.com\/mim\/\" target=\"_blank\" rel=\"noopener\">un site negativ<\/a> care indic\u0103 faptul c\u0103 un client se afl\u0103 \u00een litigiu cu un membru AIMA \u0219i c\u0103 ob\u021binerea unui rezultat \u00een leg\u0103tur\u0103 cu acest litigiu a durat mult timp. <\/p>\n<p>Aceast\u0103 persoan\u0103 indic\u0103 faptul c\u0103 nu ar lua prea \u00een serios acreditarea AIMA ca fiind un indiciu de calitate. Cu toate acestea, pe site-ul web se precizeaz\u0103, de asemenea, c\u0103 AIMA le-a oferit asisten\u021b\u0103, iar litigiul nu pare s\u0103 fi fost actualizat din 2010, ceea ce indic\u0103 faptul c\u0103 a fost solu\u021bionat.<\/p>\n<blockquote><p>Prin urmare, membrii publicului care aleg un membru AIMA pentru a efectua mutarea lor interna\u021bional\u0103 pot face acest lucru cu \u00eencredere.<\/p><\/blockquote>\n<p>- <a href=\"http:\/\/www.ossworldwidemovers.com\/australian-international-movers-association\" target=\"_blank\" rel=\"noopener\">OSS World Wide Movers<\/a><\/p>\n<blockquote><p>Australian International Movers Association (AIMA) - Se asigur\u0103 c\u0103 membrii sunt califica\u021bi \u00een mod adecvat \u0219i c\u0103 au la dispozi\u021bie cele mai bune practici actuale din industrie.<\/p><\/blockquote>\n<p>- <a href=\"http:\/\/www.internationalremovalsaustralia.com.au\/why-choose-us\" target=\"_blank\" rel=\"noopener\">KeysBros Moving Solutions<\/a><\/p>\n<p><strong>Site web:<\/strong> <a href=\"http:\/\/aima.com.au\/\" target=\"_blank\" rel=\"noopener\">http:\/\/aima.com.au\/<\/a><\/p>\n<h2>Alte ghiduri utile pentru Australia<\/h2>\n<ul>\n<li> <a href=\"https:\/\/moverdb.com\/ro\/transport-maritim-de-containere\/australia\/\">2024 Taxe de transport maritim de m\u0103rfuri containerizate c\u0103tre \u0219i din Australia<\/a><\/li>\n<li> <a href=\"https:\/\/moverdb.com\/ro\/moving-companies\/australia-2\/\">17 Cele mai bune companii de mutare interna\u021bional\u0103 din Australia<\/a><\/li>\n<li> <a href=\"https:\/\/moverdb.com\/ro\/cele-mai-bune-servicii-de-transfer-international-de-bani\/money-transfer-companies-australia\/\">10 Cele mai bune companii de transfer de bani din Australia<\/a><\/li>\n<li> <a href=\"https:\/\/moverdb.com\/ro\/in-miscare-in-australia\/\">Mutarea \u00een Australia? 2026 Costuri de trai \u0219i sfaturi de relocare<\/a><\/li>\n<li> <a href=\"https:\/\/moverdb.com\/ro\/in-miscare-in-australia\/best-places-to-live-australia\/\">13 Cele mai bune locuri pentru a tr\u0103i \u00een Australia<\/a><\/li>\n<li> <a href=\"https:\/\/moverdb.com\/ro\/in-miscare-in-australia\/living-in-australia\/\">21 Secretele despre via\u021ba \u00een Australia pe care trebuie s\u0103 le \u0219tii \u00eenainte de a te muta<\/a><\/li>\n<li> <a href=\"https:\/\/moverdb.com\/ro\/in-miscare-in-australia\/moving-to-perth\/\">V\u0103 muta\u021bi \u00een Perth? 2026 Costuri de trai \u0219i sfaturi de relocare<\/a><\/li>\n<li> <a href=\"https:\/\/moverdb.com\/ro\/in-miscare-in-australia\/moving-to-australia-from-the-us\/\">Mutarea \u00een Australia din Statele Unite ale Americii<\/a><\/li>\n<li> <a href=\"https:\/\/moverdb.com\/ro\/transport-maritim-de-containere\/to-australia-from-the-united-states\/\">Costuri de transport maritim de containere \u00een Australia din Statele Unite ale Americii<\/a><\/li>\n<li> <a href=\"https:\/\/moverdb.com\/ro\/in-miscare-in-australia\/moving-to-australia-from-the-uk\/\">Mutarea \u00een Australia din Marea Britanie<\/a><\/li>\n<li> <a href=\"https:\/\/moverdb.com\/ro\/transport-maritim-de-containere\/to-australia-from-the-uk\/\">Transportul de containere c\u0103tre Australia din Marea Britanie Costuri \u0219i timpii<\/a><\/li>\n<li> <a href=\"https:\/\/moverdb.com\/ro\/in-miscare-in-australia\/moving-to-australia-from-bahrain\/\">Mutarea \u00een Australia din Bahrain<\/a><\/li>\n<li> <a href=\"https:\/\/moverdb.com\/ro\/in-miscare-in-australia\/moving-to-australia-from-the-uae\/\">Mutarea \u00een Australia din Dubai \u0219i Emiratele Arabe Unite<\/a><\/li>\n<li> <a href=\"https:\/\/moverdb.com\/ro\/transport-maritim-de-containere\/to-australia-from-dubai\/\">Transportul de containere c\u0103tre Australia din Dubai Costuri \u0219i timpii<\/a><\/li>\n<li> <a href=\"https:\/\/moverdb.com\/ro\/transport-maritim-de-containere\/to-australia-from-uae\/\">Transportul de containere c\u0103tre Australia din EAU Costuri \u0219i timpii<\/a><\/li>\n<li> <a href=\"https:\/\/moverdb.com\/ro\/in-miscare-in-australia\/moving-to-australia-from-kuwait\/\">Mutarea \u00een Australia din Kuweit<\/a><\/li>\n<li> <a href=\"https:\/\/moverdb.com\/ro\/in-miscare-in-australia\/moving-to-australia-from-qatar\/\">Mutarea \u00een Australia din Qatar<\/a><\/li>\n<li> <a href=\"https:\/\/moverdb.com\/ro\/transport-maritim-de-containere\/to-australia-from-qatar\/\">Transportul de containere c\u0103tre Australia din Qatar Costuri \u0219i timpii<\/a><\/li>\n<li> <a href=\"https:\/\/moverdb.com\/ro\/in-miscare-in-australia\/moving-to-australia-from-singapore\/\">Mutarea \u00een Australia din Singapore<\/a><\/li>\n<li> <a href=\"https:\/\/moverdb.com\/ro\/transport-maritim-de-containere\/to-australia-from-singapore\/\">Transportul de containere c\u0103tre Australia din Singapore Costuri \u0219i timpii<\/a><\/li>\n<li> <a href=\"https:\/\/moverdb.com\/ro\/in-miscare-in-australia\/moving-to-australia-from-south-africa\/\">Mutarea \u00een Australia din Africa de Sud<\/a><\/li>\n<li> <a href=\"https:\/\/moverdb.com\/ro\/transport-maritim-de-containere\/to-australia-from-canada\/\">Costuri de transport maritim container \u00een Australia din Canada<\/a><\/li>\n<li> <a href=\"https:\/\/moverdb.com\/ro\/transport-maritim-de-containere\/to-australia-from-new-zealand\/\">Costuri de transport maritim de containere \u00een Australia din Noua Zeeland\u0103<\/a><\/li>\n<li> <a href=\"https:\/\/moverdb.com\/ro\/in-miscare-in-australia\/moving-to-hobart\/\">V\u0103 muta\u021bi la Hobart? 2026 Costuri de trai \u0219i sfaturi de relocare<\/a><\/li>\n<li> <a href=\"https:\/\/moverdb.com\/ro\/in-miscare-in-australia\/moving-to-gold-coast\/\">V\u0103 muta\u021bi \u00een Gold Coast? 2026 Costuri de trai \u0219i sfaturi de relocare<\/a><\/li>\n<li> <a href=\"https:\/\/moverdb.com\/ro\/in-miscare-in-australia\/moving-to-melbourne\/\">V\u0103 muta\u021bi la Melbourne? 2026 Costuri de trai \u0219i sfaturi de relocare<\/a><\/li>\n<\/ul>","protected":false},"excerpt":{"rendered":"<p>The Australian International Movers Association (AIMA) describes itself as a professional forum for the international removals industry. Members must hold FIDI\/FAIM or meet strict membership criteria, including requirements for financial integrity. Key facts about AIMA: It was established in 1975. It has around 60 members in Australia. AIMA represents the moving industry in Australia and [&hellip;]<\/p>\n","protected":false},"author":1,"featured_media":0,"parent":0,"menu_order":0,"comment_status":"closed","ping_status":"closed","template":"","meta":{"_genesis_hide_title":false,"_genesis_hide_breadcrumbs":false,"_genesis_hide_singular_image":false,"_genesis_hide_footer_widgets":false,"_genesis_custom_body_class":"","_genesis_custom_post_class":"","_genesis_layout":"","footnotes":""},"class_list":{"0":"post-436","1":"page","2":"type-page","3":"status-publish","5":"entry"},"_links":{"self":[{"href":"https:\/\/moverdb.com\/ro\/wp-json\/wp\/v2\/pages\/436","targetHints":{"allow":["GET"]}}],"collection":[{"href":"https:\/\/moverdb.com\/ro\/wp-json\/wp\/v2\/pages"}],"about":[{"href":"https:\/\/moverdb.com\/ro\/wp-json\/wp\/v2\/types\/page"}],"author":[{"embeddable":true,"href":"https:\/\/moverdb.com\/ro\/wp-json\/wp\/v2\/users\/1"}],"replies":[{"embeddable":true,"href":"https:\/\/moverdb.com\/ro\/wp-json\/wp\/v2\/comments?post=436"}],"version-history":[{"count":9,"href":"https:\/\/moverdb.com\/ro\/wp-json\/wp\/v2\/pages\/436\/revisions"}],"predecessor-version":[{"id":17998,"href":"https:\/\/moverdb.com\/ro\/wp-json\/wp\/v2\/pages\/436\/revisions\/17998"}],"wp:attachment":[{"href":"https:\/\/moverdb.com\/ro\/wp-json\/wp\/v2\/media?parent=436"}],"curies":[{"name":"wp","href":"https:\/\/api.w.org\/{rel}","templated":true}]}}