{"id":435,"date":"2016-06-12T14:17:13","date_gmt":"2016-06-12T14:17:13","guid":{"rendered":"http:\/\/moverdb.com\/?page_id=435"},"modified":"2026-05-15T14:55:38","modified_gmt":"2026-05-15T14:55:38","slug":"afra","status":"publish","type":"page","link":"https:\/\/moverdb.com\/ro\/afra\/","title":{"rendered":"Asocia\u021bia australian\u0103 de mutare a mobilei (AFRA) explicat\u0103"},"content":{"rendered":"<p>Australian Furniture Removers Association (AFRA) se descrie at\u00e2t ca reprezentant al industriei de mut\u0103ri din Australia, c\u00e2t \u0219i ca organism de reglementare a acesteia. <a href=\"https:\/\/moverdb.com\/ro\/moving-to-australia\/living-in-australia\/\" data-internallinksmanager029f6b8e52c=\"240\" title=\"21 Secretele despre via\u021ba \u00een Australia pe care trebuie s\u0103 le \u0219tii \u00eenainte de a te muta\">Australia<\/a>. <\/p>\n<p>Are o larg\u0103 acoperire geografic\u0103 \u00een Australia \u0219i este adesea citat ca fiind un semn de calitate.<\/p>\n<p><strong>Date esen\u021biale despre AFRA:<\/strong><\/p>\n<ol>\n<li>  \u00cen prezent, aproximativ 350 de companii de mutare a mobilei \u0219i companii asociate sunt membre ale AFRA.<\/li>\n<li>  Membrii AFRA acoper\u0103 aproape toate regiunile din Australia, dar nu \u0219i loca\u021biile interna\u021bionale.<\/li>\n<li>  Auditul este un lucru prin care membrii AFRA trebuie s\u0103 treac\u0103 \u00een mod regulat. Exist\u0103 un audit ini\u021bial care are loc odat\u0103 cu cererea de aderare, urmat de un audit la 12 luni de la acceptare \u0219i apoi un audit la fiecare patru ani. \u00cen cazul \u00een care auditurile arat\u0103 c\u0103 membrii nu respect\u0103 cerin\u021bele de baz\u0103, exist\u0103 o perioad\u0103 de 21 de zile pentru a corecta acest lucru \u00eenainte ca AFRA s\u0103 poat\u0103 lua m\u0103suri disciplinare \u00eempotriva membrilor s\u0103i.<\/li>\n<li>  Membrii AFRA sunt diver\u0219i, de la companii mici, operate de un singur camion, p\u00e2n\u0103 la companii multina\u021bionale mari, cu multe filiale at\u00e2t \u00een Australia, c\u00e2t \u0219i \u00een alte \u021b\u0103ri. <a href=\"https:\/\/moverdb.com\/ro\/moving-companies\/\">\u00een str\u0103in\u0103tate<\/a>.<\/li>\n<li>  AFRA are anumite cerin\u021be de baz\u0103 pe care membrii trebuie s\u0103 le \u00eendeplineasc\u0103, iar acestea sunt cuprinz\u0103toare, viz\u00e2nd toate aspectele, de la spa\u021bii la personal, vehicule, echipamente \u0219i asigur\u0103ri.<\/li>\n<li>  \u00cen cazul \u00een care pl\u00e2ngerile sau reclama\u021biile nu sunt rezolvate de c\u0103tre membri, acestea pot fi transmise de c\u0103tre client c\u0103tre AFRA.<\/li>\n<li>  To\u021bi membrii AFRA au asigurare de r\u0103spundere civil\u0103 \u0219i sunt autoriza\u021bi s\u0103 furnizeze asigurare de tranzit pentru toate bunurile \u0219i efectele care sunt mutate.<\/li>\n<\/ol>\n<p><strong>Profilul Asocia\u021biei australiene de mut\u0103ri de mobil\u0103:<\/strong><\/p>\n<p>AFRA este un organism oficial al exper\u021bilor \u00een mut\u0103ri, care ofer\u0103 acreditare membrilor care caut\u0103 un semn de calitate de \u00eencredere pe care s\u0103-l afi\u0219eze consumatorilor. <\/p>\n<p>Numai cei care au echipamentul, vehiculele, spa\u021biile \u0219i personalul instruit pentru a efectua o mutare profesional\u0103 vor primi acreditarea de membru AFRA. Dup\u0103 primirea acredit\u0103rii, organiza\u021bia continu\u0103 s\u0103 \u00ee\u0219i evalueze membrii pentru a se asigura c\u0103 standardele nu au sc\u0103zut. <\/p>\n<p>Cerin\u021bele pe care AFRA le impune membrilor s\u0103i sunt menite s\u0103 fac\u0103 din industria mut\u0103rilor un loc mai bun pentru consumatori \u00een ceea ce prive\u0219te factori precum protec\u021bia financiar\u0103 \u0219i servicii de calitate. AFRA ofer\u0103 calitatea de membru numai companiilor australiene, dar acestea pot servi clien\u021bi care se mut\u0103 \u00een Australia sau \u00een alte \u021b\u0103ri. <a href=\"https:\/\/moverdb.com\/ro\/mutari-internationale\/\">\u00een str\u0103in\u0103tate<\/a>. <\/p>\n<p>Ca parte a beneficiilor sale de membru, AFRA ofer\u0103 formare, informa\u021bii \u0219i \u00eendrumare pentru membri, precum \u0219i o resurs\u0103 pentru cele mai recente \u0219tiri \u0219i schimb\u0103ri care afecteaz\u0103 industria.<\/p>\n<p><strong>Criterii de aderare:<\/strong><\/p>\n<p>Criteriile de afiliere nu sunt enumerate pe site, ci pe formularul de cerere (care, de asemenea, nu este disponibil pe site). Un pachet de aderare poate fi ob\u021binut de la <a href=\"mailto:admin@afra.com.au\">admin@afra.com.au<\/a>.<\/p>\n<p>\u00cenainte de acordarea calit\u0103\u021bii de membru, fiecare societate va fi supus\u0103 unui audit.<\/p>\n<p><strong>Companii membre<\/strong><\/p>\n<ul>\n<li> <a href=\"https:\/\/moverdb.com\/ro\/conroy-removals\/\">Conroy Removals<\/a><\/li>\n<\/ul>\n<p><strong>Opinii despre AFRA:<\/strong><\/p>\n<p>AFRA este considerat\u0103 un indicator al unei \u00eentreprinderi de calitate \u0219i este sugerat\u0103 pe site-urile guvernamentale ca o modalitate de a se asigura c\u0103 o firm\u0103 de mut\u0103ri are resursele, standardele \u0219i competen\u021bele necesare pentru a efectua o mutare. <\/p>\n<p>Faptul c\u0103 AFRA \u00eei aprob\u0103 doar pe cei care sunt capabili s\u0103 efectueze o mutare \u00een mod profesionist este considerat important, la fel ca \u0219i faptul c\u0103 membrii AFRA trebuie s\u0103 dispun\u0103 de protec\u021bie, cum ar fi diverse asigur\u0103ri. <\/p>\n<p>Se subliniaz\u0103 faptul c\u0103, dac\u0103 o \u00eentreprindere este membr\u0103 a AFRA, aceasta le ofer\u0103 clien\u021bilor s\u0103i \u0219ansa de a avea acces la informa\u021biile AFRA \u0219i de a se bucura de siguran\u021ba serviciului de solu\u021bionare a litigiilor. Opinia online subliniaz\u0103 faptul c\u0103 \"toate marile companii na\u021bionale <a href=\"https:\/\/moverdb.com\/ro\/international-removals\/\" data-internallinksmanager029f6b8e52c=\"27\" title=\"36 Cele mai bune companii de mut\u0103ri interna\u021bionale din Marea Britanie\">companii de mutare<\/a> sunt dedica\u021bi idealului AFRA.\" <\/p>\n<p>Folosirea unui membru AFRA pentru \u00eendep\u0103rtarea membrilor este unul dintre sfaturile pentru mutare oferite de un <a href=\"https:\/\/www.allianz.com.au\/home-insurance\/news\/6-tips-on-how-to-hire-the-best-removalists\" target=\"_blank\" rel=\"noopener\">societate major\u0103 de servicii financiare<\/a>, \u00een care se arat\u0103 c\u0103 legisla\u021bia australian\u0103 nu prevede c\u0103 cei care fac mut\u0103ri trebuie s\u0103 aib\u0103 asigurare, dar AFRA are. De asemenea, apreciaz\u0103 faptul c\u0103 membrii AFRA vor fi la curent cu cele mai recente evolu\u021bii \u0219i vor fi \u021binu\u021bi la standarde minime.<\/p>\n<blockquote><p>Agen\u021bii de mut\u0103ri acredita\u021bi de AFRA trebuie s\u0103 \u00eendeplineasc\u0103 anumite standarde \u00een ceea ce prive\u0219te echipamentele, vehiculele, spa\u021biile \u0219i formarea personalului necesar pentru a efectua o mutare profesional\u0103.<\/p><\/blockquote>\n<p>- <a href=\"http:\/\/www.fairtrading.nsw.gov.au\/ftw\/Consumers\/Buying_services\/Hiring_a_removalist.page\" target=\"_blank\" rel=\"noopener\">Guvernul NSW<\/a><\/p>\n<blockquote><p>AFRA este un organism oficial al exper\u021bilor \u00een mut\u0103ri din Australia, care ajut\u0103 la reglementarea industriei mut\u0103rilor. AFRA acrediteaz\u0103 numai acele firme de mut\u0103ri care dispun de echipamentul, vehiculele, spa\u021biile \u0219i preg\u0103tirea personalului necesare pentru a realiza o mutare profesional\u0103.<\/p><\/blockquote>\n<p>- <a href=\"http:\/\/www.ashtons.com.au\/afra-accreditation.html\" target=\"_blank\" rel=\"noopener\">Ashtons Mut\u0103ri<\/a><\/p>\n<p><strong>Site web:<\/strong> <a href=\"http:\/\/www.afra.com.au\/\" target=\"_blank\" rel=\"noopener\">http:\/\/www.afra.com.au\/<\/a><\/p>\n<h2>Alte ghiduri utile pentru Australia<\/h2>\n<ul>\n<li> <a href=\"https:\/\/moverdb.com\/ro\/transport-maritim-de-containere\/australia\/\">2024 Taxe de transport maritim de m\u0103rfuri containerizate c\u0103tre \u0219i din Australia<\/a><\/li>\n<li> <a href=\"https:\/\/moverdb.com\/ro\/moving-companies\/australia-2\/\">17 Cele mai bune companii de mutare interna\u021bional\u0103 din Australia<\/a><\/li>\n<li> <a href=\"https:\/\/moverdb.com\/ro\/cele-mai-bune-servicii-de-transfer-international-de-bani\/money-transfer-companies-australia\/\">10 Cele mai bune companii de transfer de bani din Australia<\/a><\/li>\n<li> <a href=\"https:\/\/moverdb.com\/ro\/in-miscare-in-australia\/\">Mutarea \u00een Australia? 2026 Costuri de trai \u0219i sfaturi de relocare<\/a><\/li>\n<li> <a href=\"https:\/\/moverdb.com\/ro\/in-miscare-in-australia\/best-places-to-live-australia\/\">13 Cele mai bune locuri pentru a tr\u0103i \u00een Australia<\/a><\/li>\n<li> <a href=\"https:\/\/moverdb.com\/ro\/in-miscare-in-australia\/living-in-australia\/\">21 Secretele despre via\u021ba \u00een Australia pe care trebuie s\u0103 le \u0219tii \u00eenainte de a te muta<\/a><\/li>\n<li> <a href=\"https:\/\/moverdb.com\/ro\/in-miscare-in-australia\/moving-to-australia-from-the-us\/\">Mutarea \u00een Australia din Statele Unite ale Americii<\/a><\/li>\n<li> <a href=\"https:\/\/moverdb.com\/ro\/transport-maritim-de-containere\/to-australia-from-the-united-states\/\">Costuri de transport maritim de containere \u00een Australia din Statele Unite ale Americii<\/a><\/li>\n<li> <a href=\"https:\/\/moverdb.com\/ro\/in-miscare-in-australia\/moving-to-australia-from-the-uk\/\">Mutarea \u00een Australia din Marea Britanie<\/a><\/li>\n<li> <a href=\"https:\/\/moverdb.com\/ro\/transport-maritim-de-containere\/to-australia-from-the-uk\/\">Transportul de containere c\u0103tre Australia din Marea Britanie Costuri \u0219i timpii<\/a><\/li>\n<li> <a href=\"https:\/\/moverdb.com\/ro\/in-miscare-in-australia\/moving-to-australia-from-bahrain\/\">Mutarea \u00een Australia din Bahrain<\/a><\/li>\n<li> <a href=\"https:\/\/moverdb.com\/ro\/in-miscare-in-australia\/moving-to-australia-from-the-uae\/\">Mutarea \u00een Australia din Dubai \u0219i Emiratele Arabe Unite<\/a><\/li>\n<li> <a href=\"https:\/\/moverdb.com\/ro\/transport-maritim-de-containere\/to-australia-from-dubai\/\">Transportul de containere c\u0103tre Australia din Dubai Costuri \u0219i timpii<\/a><\/li>\n<li> <a href=\"https:\/\/moverdb.com\/ro\/transport-maritim-de-containere\/to-australia-from-uae\/\">Transportul de containere c\u0103tre Australia din EAU Costuri \u0219i timpii<\/a><\/li>\n<li> <a href=\"https:\/\/moverdb.com\/ro\/in-miscare-in-australia\/moving-to-australia-from-kuwait\/\">Mutarea \u00een Australia din Kuweit<\/a><\/li>\n<li> <a href=\"https:\/\/moverdb.com\/ro\/in-miscare-in-australia\/moving-to-australia-from-qatar\/\">Mutarea \u00een Australia din Qatar<\/a><\/li>\n<li> <a href=\"https:\/\/moverdb.com\/ro\/transport-maritim-de-containere\/to-australia-from-qatar\/\">Transportul de containere c\u0103tre Australia din Qatar Costuri \u0219i timpii<\/a><\/li>\n<li> <a href=\"https:\/\/moverdb.com\/ro\/in-miscare-in-australia\/moving-to-perth\/\">V\u0103 muta\u021bi \u00een Perth? 2026 Costuri de trai \u0219i sfaturi de relocare<\/a><\/li>\n<li> <a href=\"https:\/\/moverdb.com\/ro\/in-miscare-in-australia\/moving-to-australia-from-singapore\/\">Mutarea \u00een Australia din Singapore<\/a><\/li>\n<li> <a href=\"https:\/\/moverdb.com\/ro\/transport-maritim-de-containere\/to-australia-from-singapore\/\">Transportul de containere c\u0103tre Australia din Singapore Costuri \u0219i timpii<\/a><\/li>\n<li> <a href=\"https:\/\/moverdb.com\/ro\/in-miscare-in-australia\/moving-to-australia-from-south-africa\/\">Mutarea \u00een Australia din Africa de Sud<\/a><\/li>\n<li> <a href=\"https:\/\/moverdb.com\/ro\/transport-maritim-de-containere\/to-australia-from-canada\/\">Costuri de transport maritim container \u00een Australia din Canada<\/a><\/li>\n<li> <a href=\"https:\/\/moverdb.com\/ro\/transport-maritim-de-containere\/to-australia-from-new-zealand\/\">Costuri de transport maritim de containere \u00een Australia din Noua Zeeland\u0103<\/a><\/li>\n<li> <a href=\"https:\/\/moverdb.com\/ro\/in-miscare-in-australia\/moving-to-hobart\/\">V\u0103 muta\u021bi la Hobart? 2026 Costuri de trai \u0219i sfaturi de relocare<\/a><\/li>\n<li> <a href=\"https:\/\/moverdb.com\/ro\/in-miscare-in-australia\/moving-to-gold-coast\/\">V\u0103 muta\u021bi \u00een Gold Coast? 2026 Costuri de trai \u0219i sfaturi de relocare<\/a><\/li>\n<li> <a href=\"https:\/\/moverdb.com\/ro\/in-miscare-in-australia\/moving-to-melbourne\/\">V\u0103 muta\u021bi la Melbourne? 2026 Costuri de trai \u0219i sfaturi de relocare<\/a><\/li>\n<\/ul>","protected":false},"excerpt":{"rendered":"<p>The Australian Furniture Removers Association (AFRA) describes itself both as a representative of, and regulator of, the removals industry in Australia. It has broad geographic reach within Australia and is often cited as a mark of quality. Key facts about the AFRA: Currently, around 350 furniture removal and associated companies are members of AFRA. The [&hellip;]<\/p>\n","protected":false},"author":1,"featured_media":0,"parent":0,"menu_order":0,"comment_status":"closed","ping_status":"closed","template":"","meta":{"_genesis_hide_title":false,"_genesis_hide_breadcrumbs":false,"_genesis_hide_singular_image":false,"_genesis_hide_footer_widgets":false,"_genesis_custom_body_class":"","_genesis_custom_post_class":"","_genesis_layout":"","footnotes":""},"class_list":{"0":"post-435","1":"page","2":"type-page","3":"status-publish","5":"entry"},"_links":{"self":[{"href":"https:\/\/moverdb.com\/ro\/wp-json\/wp\/v2\/pages\/435","targetHints":{"allow":["GET"]}}],"collection":[{"href":"https:\/\/moverdb.com\/ro\/wp-json\/wp\/v2\/pages"}],"about":[{"href":"https:\/\/moverdb.com\/ro\/wp-json\/wp\/v2\/types\/page"}],"author":[{"embeddable":true,"href":"https:\/\/moverdb.com\/ro\/wp-json\/wp\/v2\/users\/1"}],"replies":[{"embeddable":true,"href":"https:\/\/moverdb.com\/ro\/wp-json\/wp\/v2\/comments?post=435"}],"version-history":[{"count":11,"href":"https:\/\/moverdb.com\/ro\/wp-json\/wp\/v2\/pages\/435\/revisions"}],"predecessor-version":[{"id":17997,"href":"https:\/\/moverdb.com\/ro\/wp-json\/wp\/v2\/pages\/435\/revisions\/17997"}],"wp:attachment":[{"href":"https:\/\/moverdb.com\/ro\/wp-json\/wp\/v2\/media?parent=435"}],"curies":[{"name":"wp","href":"https:\/\/api.w.org\/{rel}","templated":true}]}}