{"id":434,"date":"2016-06-05T06:20:47","date_gmt":"2016-06-05T06:20:47","guid":{"rendered":"http:\/\/moverdb.com\/?page_id=434"},"modified":"2026-01-08T14:48:22","modified_gmt":"2026-01-08T14:48:22","slug":"fidi-faim","status":"publish","type":"page","link":"https:\/\/moverdb.com\/ro\/fidi-faim\/","title":{"rendered":"FIDI &amp; FAIM (FIDI Accredited International Mover) Explicat"},"content":{"rendered":"<p>FIDI (F\u00e9d\u00e9ration Internationale des D\u00e9m\u00e9nageurs Internationaux; Federa\u021bia Interna\u021bional\u0103 a Transportatorilor Interna\u021bionali) este o organiza\u021bie umbrel\u0103 la nivel mondial a \u00eentreprinderilor de mut\u0103ri \u0219i reloc\u0103ri interna\u021bionale. <\/p>\n<p>Aceasta se descrie ca fiind un standard industrial mondial pentru cei mai buni transportatori de calitate superioar\u0103 \u0219i a ini\u021biat programul de management al calit\u0103\u021bii FIDI Accredited International Mover (FAIM), un program de certificare a calit\u0103\u021bii dedicat exclusiv industriei mut\u0103rilor interna\u021bionale.<\/p>\n<p><strong>Date cheie despre organiza\u021bie:<\/strong><\/p>\n<ol>\n<li>  FIDI reprezint\u0103 peste <strong>600 independent <a href=\"https:\/\/moverdb.com\/ro\/moving-companies\/\">companii<\/a><\/strong> \u00een mai mult de <strong>100 de \u021b\u0103ri<\/strong>.<\/li>\n<li>  FIDI este cea mai mare organiza\u021bie umbrel\u0103 a <a href=\"https:\/\/moverdb.com\/ro\/mutari-internationale\/\">mut\u0103ri interna\u021bionale<\/a> \u0219i companii de relocalizare.<\/li>\n<li>  FIDI ofer\u0103 at\u00e2t servicii de relocare personal\u0103, c\u00e2t \u0219i de relocare de afaceri.<\/li>\n<li>  Toate filialele FIDI trebuie s\u0103 respecte un standard de calitate FIDI-FAIM riguros.<\/li>\n<li>  FIDI ofer\u0103 Programul de Management al Calit\u0103\u021bii FAIM, care este considerat unul dintre cele mai riguroase standarde din industrie, cu mai mult de <strong>200 de cerin\u021be de calitate<\/strong> referitoare at\u00e2t la opera\u021biuni, c\u00e2t \u0219i la serviciile pentru clien\u021bi.<\/li>\n<li>  Fiecare afiliat FIDI trebuie s\u0103 treac\u0103 printr-o evaluare periodic\u0103 independent\u0103 a activit\u0103\u021bilor sale de mi\u0219care interna\u021bional\u0103. \u00cen cazul \u00een care nu reu\u0219esc s\u0103 treac\u0103 evaluarea, sunt exclu\u0219i din FIDI.<\/li>\n<li>  Toate filialele FIDI trebuie s\u0103 semneze \u0219i s\u0103 adere la o Cart\u0103 obligatorie de combatere a mitei \u0219i a corup\u021biei.<\/li>\n<li>  To\u021bi membrii FIDI trebuie s\u0103 fie, de asemenea, certifica\u021bi FAIM - acest lucru se solicit\u0103 \u00een acela\u0219i timp cu calitatea de membru.<\/li>\n<li>  FAIM Plus este disponibil pentru cei care de\u021bin certificarea ISO 9001.<\/li>\n<\/ol>\n<p><strong>Profilul organiza\u021biei FIDI<\/strong><\/p>\n<p>FIDI este o asocia\u021bie global\u0103 de transportatori care ofer\u0103 afilia\u021bilor s\u0103i un sigiliu de aprobare puternic \u0219i recunoscut pentru servicii, oportunit\u0103\u021bi sporite de rela\u021bionare \u0219i posibilitatea de a-\u0219i extinde afacerea. <\/p>\n<p>Aceasta organizeaz\u0103 conferin\u021be periodice \u0219i sesiuni de formare pentru membrii din \u00eentreaga lume \u0219i ofer\u0103 membrilor un plan de protec\u021bie a pl\u0103\u021bilor, care \u00eei ajut\u0103 s\u0103 protejeze p\u00e2n\u0103 la 90% din valoarea facturilor lor. FIDI s-a pozi\u021bionat, de asemenea, pentru a-\u0219i \u021bine afilia\u021bii la curent cu cele mai recente nout\u0103\u021bi din industrie \u0219i are un grup de exper\u021bi \u00een domeniu care ofer\u0103 \u00eendrumare de specialitate \u0219i gestioneaz\u0103 litigiile dintre membri. <\/p>\n<p>Programul de management al calit\u0103\u021bii FIDI Accredited International Mover (FAIM) face parte din oferta FIDI, o certificare de calitate pentru industria mut\u0103rilor care a fost dezvoltat\u0103 prin consultare \u0219i bune practici de la cele mai bune companii mari, mici, private \u0219i publice. <a href=\"https:\/\/moverdb.com\/ro\/moving-companies\/\" data-internallinksmanager029f6b8e52c=\"79\" title=\"Top 25 Companii interna\u021bionale de mutare online\">companii interna\u021bionale de mutare<\/a> din \u00eentreaga lume.<\/p>\n<p><strong>Criterii de aderare:<\/strong><\/p>\n<p>Pentru a v\u0103 al\u0103tura Alian\u021bei Globale FIDI trebuie s\u0103 \u00eendeplini\u021bi urm\u0103toarele cerin\u021be obligatorii:<\/p>\n<ul>\n<li> Respecta\u021bi reglement\u0103rile FIDI<\/li>\n<li> S\u0103 opereze \u00een domeniul serviciilor de mut\u0103ri intercontinentale cu cel pu\u021bin 2 ani \u00eenainte de aplicare<\/li>\n<li> Efectua\u021bi minimum 10 mut\u0103ri intercontinentale pe an*.<\/li>\n<li> s\u0103 aib\u0103 o acoperire de asigurare corespunz\u0103toare \u0219i adecvat\u0103<\/li>\n<li> Semna\u021bi Carta FIDI \u00eempotriva mitei \u0219i a corup\u021biei (Carta ABC FIDI).<\/li>\n<li> S\u0103 fie s\u0103n\u0103to\u0219i din punct de vedere financiar (s\u0103n\u0103tatea dumneavoastr\u0103 financiar\u0103 va fi verificat\u0103 de un auditor independent \u00een timpul etapei de depunere a cererii)<\/li>\n<li> S\u0103 fie certificat FIDI-FAIM (ve\u021bi solicita certificarea FAIM \u00een acela\u0219i timp cu solicitarea de aderare la FIDI).<\/li>\n<\/ul>\n<p><strong>Certificarea FAIM:<\/strong><\/p>\n<p>Programul de certificare FIDI-FAIM prevede c\u0103 transportatorii interna\u021bionali trebuie s\u0103 fac\u0103 o evaluare periodic\u0103 independent\u0103 a activit\u0103\u021bilor lor de mutare intercontinental\u0103 prin intermediul unui audit independent, care se efectueaz\u0103 la fiecare trei ani.<\/p>\n<p>Acest lucru asigur\u0103 faptul c\u0103 societ\u0103\u021bile FIDI lucreaz\u0103 \u00een conformitate cu un standard comun la nivel mondial pentru gestionarea \u0219i prestarea de servicii de mutare interna\u021bional\u0103 \u00eentr-un mod uniform, eficient \u0219i orientat spre calitate. De asemenea, ofer\u0103 un mecanism transparent care asigur\u0103 men\u021binerea unor standarde ridicate.<\/p>\n<p>Din punctul de vedere al clientului final, o firm\u0103 certificat\u0103 FAIM ofer\u0103 persoanei care se mut\u0103 \u0219i departamentului de resurse umane care organizeaz\u0103 mutarea sa \u00eencrederea c\u0103 firma cunoa\u0219te domeniul de activitate \u0219i c\u0103 dispune de resursele \u0219i cuno\u0219tin\u021bele necesare pentru a face treaba \u00een mod corespunz\u0103tor.<\/p>\n<p>Evaluarea la fa\u021ba locului este realizat\u0103 \u00een mod independent de c\u0103tre evaluatorii interna\u021bionali Ernst &amp; Young.<\/p>\n<p><strong>Unele companii membre<\/strong><\/p>\n<ul>\n<li> <a href=\"https:\/\/moverdb.com\/ro\/aires\/\">Aires<\/a><\/li>\n<li> <a href=\"https:\/\/moverdb.com\/ro\/cadogan-tate\/\">Cadogan Tate<\/a><\/li>\n<li> <a href=\"https:\/\/moverdb.com\/ro\/harrow-green\/\">Harrow Green<\/a><\/li>\n<li> <a href=\"https:\/\/moverdb.com\/ro\/santa-fe-relocalizare\/\">Santa Fe Relocare<\/a><\/li>\n<li> <a href=\"https:\/\/moverdb.com\/ro\/team-relocari\/\">Reloc\u0103ri \u00een echip\u0103<\/a><\/li>\n<li> <a href=\"https:\/\/moverdb.com\/ro\/nippon-express\/\">Nippon Express<\/a><\/li>\n<li> <a href=\"https:\/\/moverdb.com\/ro\/settelen\/\">Settelen<\/a><\/li>\n<li> <a href=\"https:\/\/moverdb.com\/ro\/conroy-removals\/\">Conroy Removals<\/a><\/li>\n<li> <a href=\"https:\/\/moverdb.com\/ro\/bolliger\/\">Bolliger<\/a><\/li>\n<li> <a href=\"https:\/\/moverdb.com\/ro\/mudanzas-gou\/\">Mudanzas Gou<\/a><\/li>\n<li> <a href=\"https:\/\/moverdb.com\/ro\/gil-stauffer\/\">Gil Stauffer<\/a><\/li>\n<li> <a href=\"https:\/\/moverdb.com\/ro\/packimpex\/\">Packimpex<\/a><\/li>\n<\/ul>\n<p><strong>Opinii despre organiza\u021bie<\/strong><\/p>\n<p>FIDI este foarte apreciat de c\u0103tre acei promotori care \u00eel men\u021bioneaz\u0103 pe site-urile lor, at\u00e2t \u00een ceea ce prive\u0219te resursele semnificative de care dispune, c\u00e2t \u0219i faptul c\u0103 auditul este \u00een curs de desf\u0103\u0219urare. <\/p>\n<p>Independen\u021ba este un alt factor cheie \u00een reputa\u021bia pe care FIDI \u0219i-a construit-o. Fiecare companie de mut\u0103ri are o procedur\u0103 de conformitate la fa\u021ba locului efectuat\u0103 de un consultant din afara \u021b\u0103rii sale. <\/p>\n<blockquote><p>Pentru companiile de mut\u0103ri care aspir\u0103 la niveluri maxime de calitate, FAIM\/ISO ofer\u0103 cel mai \u00eenalt standard de certificare disponibil \u00een lume.<\/p><\/blockquote>\n<p> - <a href=\"http:\/\/www.ossworldwidemovers.com\/fidi-accredited-international-mover\" target=\"_blank\" rel=\"noopener\">OSS World Wide Movers<\/a><\/p>\n<blockquote><p>Exist\u0103 numeroase companii de mut\u0103ri \u00een \u00eentreaga lume. Cum le separa\u021bi pe cele bune de cele rele? \u00cencepe\u021bi cu FIDI\/FAIM, standardul de aur pentru mut\u0103ri interna\u021bionale.<\/p><\/blockquote>\n<p>- <a href=\"http:\/\/www.jkmoving.com\/International\/International_Network-_FIDI\/FAIM\/\" target=\"_blank\" rel=\"noopener\">JK Moving Services<\/a><\/p>\n<p><a href=\"http:\/\/www.jkmoving.com\/International\/International_Network-_FIDI\/FAIM\/\" target=\"_blank\" rel=\"noopener\"><\/a><\/p>\n<blockquote><p>Acesta este cel mai riguros \u0219i cuprinz\u0103tor program de calitate pentru industria de mut\u0103ri interna\u021bionale \u0219i cuprinde peste 200 de cerin\u021be de calitate referitoare la opera\u021biunile \u0219i serviciile oferite clien\u021bilor de c\u0103tre o organiza\u021bie. FIDI ofer\u0103 acum o acreditare numit\u0103 FAIM.<\/p><\/blockquote>\n<p>- <a href=\"http:\/\/www.suddathinternational.com\/news\/2013\/8\/1\/faim-plus.aspx\" target=\"_blank\" rel=\"noopener\">Suddath<\/a><\/p>\n<p><strong>Site web:<\/strong> <a href=\"https:\/\/www.fidi.org\" target=\"_blank\" rel=\"noopener\">https:\/\/www.fidi.org<\/a><\/p>","protected":false},"excerpt":{"rendered":"<p>FIDI (F\u00e9d\u00e9ration Internationale des D\u00e9m\u00e9nageurs Internationaux; The Federation of International Movers) is a global umbrella organisation of international moving and relocation businesses. It describes itself as a worldwide industry standard for top quality movers and has pioneered the FIDI Accredited International Mover (FAIM) Quality Management Programme, a quality certification programme dedicated exclusively to the international [&hellip;]<\/p>\n","protected":false},"author":1,"featured_media":0,"parent":0,"menu_order":0,"comment_status":"closed","ping_status":"closed","template":"","meta":{"_genesis_hide_title":false,"_genesis_hide_breadcrumbs":false,"_genesis_hide_singular_image":false,"_genesis_hide_footer_widgets":false,"_genesis_custom_body_class":"","_genesis_custom_post_class":"","_genesis_layout":"","footnotes":""},"class_list":{"0":"post-434","1":"page","2":"type-page","3":"status-publish","5":"entry"},"_links":{"self":[{"href":"https:\/\/moverdb.com\/ro\/wp-json\/wp\/v2\/pages\/434","targetHints":{"allow":["GET"]}}],"collection":[{"href":"https:\/\/moverdb.com\/ro\/wp-json\/wp\/v2\/pages"}],"about":[{"href":"https:\/\/moverdb.com\/ro\/wp-json\/wp\/v2\/types\/page"}],"author":[{"embeddable":true,"href":"https:\/\/moverdb.com\/ro\/wp-json\/wp\/v2\/users\/1"}],"replies":[{"embeddable":true,"href":"https:\/\/moverdb.com\/ro\/wp-json\/wp\/v2\/comments?post=434"}],"version-history":[{"count":28,"href":"https:\/\/moverdb.com\/ro\/wp-json\/wp\/v2\/pages\/434\/revisions"}],"predecessor-version":[{"id":6210,"href":"https:\/\/moverdb.com\/ro\/wp-json\/wp\/v2\/pages\/434\/revisions\/6210"}],"wp:attachment":[{"href":"https:\/\/moverdb.com\/ro\/wp-json\/wp\/v2\/media?parent=434"}],"curies":[{"name":"wp","href":"https:\/\/api.w.org\/{rel}","templated":true}]}}