{"id":4333,"date":"2022-07-23T02:03:57","date_gmt":"2022-07-23T02:03:57","guid":{"rendered":"https:\/\/moverdb.com\/?page_id=4333"},"modified":"2026-01-08T13:20:02","modified_gmt":"2026-01-08T13:20:02","slug":"islanda","status":"publish","type":"page","link":"https:\/\/moverdb.com\/ro\/container-shipping\/iceland\/","title":{"rendered":"2026 Taxe de expediere a containerelor de marf\u0103 maritim\u0103 c\u0103tre \u0219i din Islanda"},"content":{"rendered":"<div class=\"wp-block-image\">\r\n<figure class=\"aligncenter size-full\"><img loading=\"lazy\" decoding=\"async\" width=\"1000\" height=\"664\" src=\"https:\/\/moverdb.com\/wp-content\/uploads\/iceland.jpg\" alt=\"Vedere aerian\u0103 a ora\u0219ului Reykjavik, Islanda, iarna\" class=\"wp-image-4328\" srcset=\"https:\/\/moverdb.com\/wp-content\/uploads\/iceland.jpg 1000w, https:\/\/moverdb.com\/wp-content\/uploads\/iceland-300x200.jpg 300w, https:\/\/moverdb.com\/wp-content\/uploads\/iceland-18x12.jpg 18w, https:\/\/moverdb.com\/wp-content\/uploads\/iceland-600x398.jpg 600w\" sizes=\"auto, (max-width: 1000px) 100vw, 1000px\" \/><\/figure>\r\n<\/div>\r\n\r\n\r\n<p><strong><a href=\"https:\/\/moverdb.com\/ro\/moving-to-iceland\/\" data-internallinksmanager029f6b8e52c=\"434\" title=\"V\u0103 muta\u021bi \u00een Islanda? 2026 Costuri de trai \u0219i sfaturi de relocare\">Islanda<\/a><\/strong> face ca majoritatea oamenilor care nu au fost niciodat\u0103 acolo s\u0103 se g\u00e2ndeasc\u0103 la frig \u0219i ghea\u021b\u0103, dar \u00eentreba\u021bi orice expat care locuie\u0219te acolo \u0219i v\u0103 va spune c\u0103 este de fapt unul dintre cele mai frumoase locuri de pe P\u0103m\u00e2nt.<\/p>\r\n\r\n\r\n\r\n<p>Aceast\u0103 \u021bar\u0103 nordic\u0103 este renumit\u0103 pentru priveli\u0219tile sale naturale pline de ghe\u021bari, gheizere, vulcani \u0219i izvoare termale. Calitatea vie\u021bii \u00een Islanda este, de asemenea, cotat\u0103 excep\u021bional de bine pe toate listele existente. \u021aara ofer\u0103 oportunit\u0103\u021bi de angajare deosebite, salarii mari, beneficii sociale excelente, siguran\u021b\u0103 deosebit\u0103 \u0219i multe altele.<\/p>\r\n\r\n\r\n\r\n<p>Nu mai este nevoie s\u0103 spunem c\u0103 transportul obiectelor de uz casnic pe aceast\u0103 insul\u0103 din nordul Europei poate fi pu\u021bin costisitor.<\/p>\r\n\r\n\r\n\r\n<p>\u00cen acest articol, am afi\u0219at toate cele mai mici Islanda <a href=\"https:\/\/moverdb.com\/ro\/container-shipping\/\" data-internallinksmanager029f6b8e52c=\"3\" title=\"Graficul ratelor de transport maritim interna\u021bional de containere: Aprilie 2026\">tarifele de transport maritim \u00een containere<\/a> pe care l-am putut g\u0103si spre \u0219i dinspre Reykjav\u00ed, Islanda.<\/p>\r\n\r\n\r\n\r\n<p>Pute\u021bi, de asemenea, s\u0103 solicita\u021bi o ofert\u0103 de pre\u021b precis\u0103 pentru a expedia c\u0103tre sau din loca\u021bia dvs. utiliz\u00e2nd instrumentul nostru gratuit de ofert\u0103 situat \u00een partea de sus a acestei pagini.<\/p>\r\n\r\n\r\n\r\n<div id=\"ez-toc-container\" class=\"ez-toc-v2_0_82_2 ez-toc-wrap-left counter-hierarchy ez-toc-counter ez-toc-transparent ez-toc-container-direction\">\n<div class=\"ez-toc-title-container\">\n<p class=\"ez-toc-title\" style=\"cursor:inherit\">Sec\u021biuni<\/p>\n<span class=\"ez-toc-title-toggle\"><a href=\"#\" class=\"ez-toc-pull-right ez-toc-btn ez-toc-btn-xs ez-toc-btn-default ez-toc-toggle\" aria-label=\"Comuta\u021bi tabelul de con\u021binut\"><span class=\"ez-toc-js-icon-con\"><span class=\"\"><span class=\"eztoc-hide\" style=\"display:none;\">Toggle<\/span><span class=\"ez-toc-icon-toggle-span\"><svg style=\"fill: #999;color:#999\" xmlns=\"http:\/\/www.w3.org\/2000\/svg\" class=\"list-377408\" width=\"20px\" height=\"20px\" viewbox=\"0 0 24 24\" fill=\"none\"><path d=\"M6 6H4v2h2V6zm14 0H8v2h12V6zM4 11h2v2H4v-2zm16 0H8v2h12v-2zM4 16h2v2H4v-2zm16 0H8v2h12v-2z\" fill=\"currentColor\"><\/path><\/svg><svg style=\"fill: #999;color:#999\" class=\"arrow-unsorted-368013\" xmlns=\"http:\/\/www.w3.org\/2000\/svg\" width=\"10px\" height=\"10px\" viewbox=\"0 0 24 24\" version=\"1.2\" baseprofile=\"tiny\"><path d=\"M18.2 9.3l-6.2-6.3-6.2 6.3c-.2.2-.3.4-.3.7s.1.5.3.7c.2.2.4.3.7.3h11c.3 0 .5-.1.7-.3.2-.2.3-.5.3-.7s-.1-.5-.3-.7zM5.8 14.7l6.2 6.3 6.2-6.3c.2-.2.3-.5.3-.7s-.1-.5-.3-.7c-.2-.2-.4-.3-.7-.3h-11c-.3 0-.5.1-.7.3-.2.2-.3.5-.3.7s.1.5.3.7z\"\/><\/svg><\/span><\/span><\/span><\/a><\/span><\/div>\n<nav><ul class='ez-toc-list ez-toc-list-level-1 eztoc-toggle-hide-by-default' ><li class='ez-toc-page-1 ez-toc-heading-level-2'><a class=\"ez-toc-link ez-toc-heading-1\" href=\"https:\/\/moverdb.com\/ro\/container-shipping\/iceland\/#Shipping_Container_Costs_to_Iceland_Reykjavik\" >Costurile de transport al containerelor \u00een Islanda (Reykjav\u00edk)<\/a><\/li><li class='ez-toc-page-1 ez-toc-heading-level-2'><a class=\"ez-toc-link ez-toc-heading-2\" href=\"https:\/\/moverdb.com\/ro\/container-shipping\/iceland\/#Shipping_Container_Costs_from_Iceland_Reykjavik\" >Costurile de transport al containerelor din Islanda (Reykjav\u00edk)<\/a><ul class='ez-toc-list-level-3' ><li class='ez-toc-heading-level-3'><a class=\"ez-toc-link ez-toc-heading-3\" href=\"https:\/\/moverdb.com\/ro\/container-shipping\/iceland\/#Notes_about_data\" >Note privind datele:<\/a><\/li><\/ul><\/li><li class='ez-toc-page-1 ez-toc-heading-level-2'><a class=\"ez-toc-link ez-toc-heading-4\" href=\"https:\/\/moverdb.com\/ro\/container-shipping\/iceland\/#Other_Useful_Guides_to_Iceland\" >Alte ghiduri utile pentru Islanda<\/a><\/li><\/ul><\/nav><\/div>\n<h2 class=\"wp-block-heading\"><span class=\"ez-toc-section\" id=\"Shipping_Container_Costs_to_Iceland_Reykjavik\"><\/span>Costurile de transport al containerelor \u00een Islanda (Reykjav\u00edk)<span class=\"ez-toc-section-end\"><\/span><\/h2>\r\n\r\n\r\n<div class=\"wp-block-image\">\r\n<figure class=\"aligncenter size-large\"><img loading=\"lazy\" decoding=\"async\" width=\"1024\" height=\"539\" src=\"https:\/\/moverdb.com\/wp-content\/uploads\/Shipping-Container-Costs-to-Iceland-1024x539.png\" alt=\"Costurile de transport al containerelor \u00een Islanda (Reykjav\u00edk)\" class=\"wp-image-4335\" srcset=\"https:\/\/moverdb.com\/wp-content\/uploads\/Shipping-Container-Costs-to-Iceland-1024x539.png 1024w, https:\/\/moverdb.com\/wp-content\/uploads\/Shipping-Container-Costs-to-Iceland-300x158.png 300w, https:\/\/moverdb.com\/wp-content\/uploads\/Shipping-Container-Costs-to-Iceland-1536x809.png 1536w, https:\/\/moverdb.com\/wp-content\/uploads\/Shipping-Container-Costs-to-Iceland-18x9.png 18w, https:\/\/moverdb.com\/wp-content\/uploads\/Shipping-Container-Costs-to-Iceland-600x316.png 600w, https:\/\/moverdb.com\/wp-content\/uploads\/Shipping-Container-Costs-to-Iceland.png 2000w\" sizes=\"auto, (max-width: 1024px) 100vw, 1024px\" \/><\/figure>\r\n<\/div>\r\n\r\n\n<table id=\"tablepress-119\" class=\"tablepress tablepress-id-119\">\n<thead>\n<tr class=\"row-1\">\n\t<th class=\"column-1\">\u021aara de destina\u021bie (<a href=\"https:\/\/moverdb.com\/ro\/top-49-container-ports\/\" data-internallinksmanager029f6b8e52c=\"80\" title=\"Top 49 cele mai mari \u0219i mai aglomerate porturi de containere \u00een 2026\">Port<\/a>\/ora\u0219)<\/th><th class=\"column-2\">20FT<\/th><th class=\"column-3\">40FT<\/th>\n<\/tr>\n<\/thead>\n<tbody class=\"row-striping row-hover\">\n<tr class=\"row-2\">\n\t<td class=\"column-1\"><a href=\"https:\/\/moverdb.com\/ro\/container-shipping\/andorra\/\" data-internallinksmanager029f6b8e52c=\"88\" title=\"2026 Taxe de transport maritim de m\u0103rfuri containerizate c\u0103tre \u0219i din Andorra\">Andorra (Andorra la Vella)<\/a><\/td><td class=\"column-2\">$990<\/td><td class=\"column-3\">$1,662<\/td>\n<\/tr>\n<tr class=\"row-3\">\n\t<td class=\"column-1\"><a href=\"https:\/\/moverdb.com\/ro\/container-shipping\/australia\/\" data-internallinksmanager029f6b8e52c=\"89\" title=\"2026 Tarife de transport maritim de containere c\u0103tre \u0219i din Australia\">Australia (Sydney)<\/a><\/td><td class=\"column-2\">$1,511<\/td><td class=\"column-3\">$2,464<\/td>\n<\/tr>\n<tr class=\"row-4\">\n\t<td class=\"column-1\"><a href=\"https:\/\/moverdb.com\/ro\/container-shipping\/bangladesh\/\" data-internallinksmanager029f6b8e52c=\"97\" title=\"2026 Transport maritim de m\u0103rfuri container de transport Tarife de transport maritim c\u0103tre \u0219i din Bangladesh\">Bangladesh (Chittagong)<\/a><\/td><td class=\"column-2\">$1,463<\/td><td class=\"column-3\">$2,016<\/td>\n<\/tr>\n<tr class=\"row-5\">\n\t<td class=\"column-1\"><a href=\"https:\/\/moverdb.com\/ro\/container-shipping\/belgium\/\" data-internallinksmanager029f6b8e52c=\"86\" title=\"2026 Taxe de transport maritim de m\u0103rfuri containerizate c\u0103tre \u0219i din Belgia\">Belgia (Antwerp)<\/a><\/td><td class=\"column-2\">$2,794<\/td><td class=\"column-3\">$4,274<\/td>\n<\/tr>\n<tr class=\"row-6\">\n\t<td class=\"column-1\"><a href=\"https:\/\/moverdb.com\/ro\/moving-to-canada\/\" data-internallinksmanager029f6b8e52c=\"265\" title=\"Mutarea \u00een Canada? 2026 Costurile de trai \u0219i sfaturi de relocare\">Canada<\/a> (<a href=\"https:\/\/moverdb.com\/ro\/moving-to-canada\/moving-to-vancouver\/\" data-internallinksmanager029f6b8e52c=\"438\" title=\"V\u0103 muta\u021bi la Vancouver? 2026 Costuri de trai \u0219i sfaturi de relocare\">Vancouver<\/a>)<\/td><td class=\"column-2\">$5,789<\/td><td class=\"column-3\">$7,145<\/td>\n<\/tr>\n<tr class=\"row-7\">\n\t<td class=\"column-1\"><a href=\"https:\/\/moverdb.com\/ro\/container-shipping\/china\/\" data-internallinksmanager029f6b8e52c=\"105\" title=\"2026 Transport maritim de m\u0103rfuri container de transport maritim Tarife de expediere c\u0103tre \u0219i din China\">China (Shanghai)<\/a><\/td><td class=\"column-2\">$3,960<\/td><td class=\"column-3\">$7,350<\/td>\n<\/tr>\n<tr class=\"row-8\">\n\t<td class=\"column-1\"><a href=\"https:\/\/moverdb.com\/ro\/container-shipping\/croatia\/\" data-internallinksmanager029f6b8e52c=\"107\" title=\"2026 Transport maritim de m\u0103rfuri container Tarife de transport maritim c\u0103tre \u0219i din Croa\u021bia\">Croa\u021bia (Rijeka)<\/a><\/td><td class=\"column-2\">$3,883<\/td><td class=\"column-3\">$5,513<\/td>\n<\/tr>\n<tr class=\"row-9\">\n\t<td class=\"column-1\"><a href=\"https:\/\/moverdb.com\/ro\/container-shipping\/germany\/\" data-internallinksmanager029f6b8e52c=\"118\" title=\"2026 Taxe de expediere a containerelor de transport maritim de marf\u0103 c\u0103tre \u0219i din Germania\">Germania (Hamburg)<\/a><\/td><td class=\"column-2\">$2,915<\/td><td class=\"column-3\">$4,326<\/td>\n<\/tr>\n<tr class=\"row-10\">\n\t<td class=\"column-1\"><a href=\"https:\/\/moverdb.com\/ro\/container-shipping\/guernsey\/\" data-internallinksmanager029f6b8e52c=\"121\" title=\"2026 Taxe de expediere a containerelor de marf\u0103 maritim\u0103 c\u0103tre \u0219i din Guernsey\">Guernsey (St Peter Port)<\/a><\/td><td class=\"column-2\">$3,188<\/td><td class=\"column-3\">$4,628<\/td>\n<\/tr>\n<tr class=\"row-11\">\n\t<td class=\"column-1\"><a href=\"https:\/\/moverdb.com\/ro\/container-shipping\/hong-kong\/\" data-internallinksmanager029f6b8e52c=\"123\" title=\"2026 Taxe de expediere a containerelor de transport maritim de marf\u0103 c\u0103tre \u0219i din Hong Kong\">Hong Kong (Hong Kong)<\/a><\/td><td class=\"column-2\">$1,155<\/td><td class=\"column-3\">$2,111<\/td>\n<\/tr>\n<tr class=\"row-12\">\n\t<td class=\"column-1\"><a href=\"https:\/\/moverdb.com\/ro\/container-shipping\/india\/\" data-internallinksmanager029f6b8e52c=\"125\" title=\"2026 Transport maritim de m\u0103rfuri container de transport maritim Tarife de expediere c\u0103tre \u0219i din India\">India (Mumbai)<\/a><\/td><td class=\"column-2\">$5,335<\/td><td class=\"column-3\">$6,720<\/td>\n<\/tr>\n<tr class=\"row-13\">\n\t<td class=\"column-1\"><a href=\"https:\/\/moverdb.com\/ro\/container-shipping\/italy\/\" data-internallinksmanager029f6b8e52c=\"130\" title=\"2026 Transport maritim de m\u0103rfuri container Tarife de transport maritim c\u0103tre \u0219i din Italia\">Italia (Trieste)<\/a><\/td><td class=\"column-2\">$3,883<\/td><td class=\"column-3\">$5,513<\/td>\n<\/tr>\n<tr class=\"row-14\">\n\t<td class=\"column-1\"><a href=\"https:\/\/moverdb.com\/ro\/container-shipping\/jersey\/\" data-internallinksmanager029f6b8e52c=\"132\" title=\"2026 Taxe de expediere a containerelor de marf\u0103 maritim\u0103 c\u0103tre \u0219i din Jersey\">Jersey (St Helier)<\/a><\/td><td class=\"column-2\">$3,188<\/td><td class=\"column-3\">$4,628<\/td>\n<\/tr>\n<tr class=\"row-15\">\n\t<td class=\"column-1\"><a href=\"https:\/\/moverdb.com\/ro\/container-shipping\/lithuania\/\" data-internallinksmanager029f6b8e52c=\"145\" title=\"2026 Taxe de transport maritim de m\u0103rfuri containerizate c\u0103tre \u0219i din Lituania\">Lituania (Klaipeda)<\/a><\/td><td class=\"column-2\">$3,289<\/td><td class=\"column-3\">$4,757<\/td>\n<\/tr>\n<tr class=\"row-16\">\n\t<td class=\"column-1\"><a href=\"https:\/\/moverdb.com\/ro\/moving-to-luxembourg\/\" data-internallinksmanager029f6b8e52c=\"349\" title=\"V\u0103 muta\u021bi \u00een Luxemburg? 2026 Costurile vie\u021bii \u0219i sfaturi de relocare\">Luxemburg<\/a><\/td><td class=\"column-2\">$2,882<\/td><td class=\"column-3\">$4,274<\/td>\n<\/tr>\n<tr class=\"row-17\">\n\t<td class=\"column-1\"><a href=\"https:\/\/moverdb.com\/ro\/container-shipping\/netherlands\/\" data-internallinksmanager029f6b8e52c=\"151\" title=\"2026 Taxe de transport maritim de m\u0103rfuri containerizate c\u0103tre \u0219i din Olanda\">\u021a\u0103rile de Jos (Rotterdam)<\/a><\/td><td class=\"column-2\">$2,794<\/td><td class=\"column-3\">$4,274<\/td>\n<\/tr>\n<tr class=\"row-18\">\n\t<td class=\"column-1\"><a href=\"https:\/\/moverdb.com\/ro\/container-shipping\/pakistan\/\" data-internallinksmanager029f6b8e52c=\"155\" title=\"2026 Transport maritim de m\u0103rfuri container de transport maritim Tarife de expediere c\u0103tre \u0219i din Pakistan\">Pakistan (Karachi)<\/a><\/td><td class=\"column-2\">$2,233<\/td><td class=\"column-3\">$2,793<\/td>\n<\/tr>\n<tr class=\"row-19\">\n\t<td class=\"column-1\"><a href=\"https:\/\/moverdb.com\/ro\/container-shipping\/poland\/\" data-internallinksmanager029f6b8e52c=\"157\" title=\"2026 Transport maritim de marf\u0103 container Taxe de transport maritim c\u0103tre \u0219i din Polonia\">Polonia (Gdansk)<\/a><\/td><td class=\"column-2\">$3,289<\/td><td class=\"column-3\">$4,757<\/td>\n<\/tr>\n<tr class=\"row-20\">\n\t<td class=\"column-1\"><a href=\"https:\/\/moverdb.com\/ro\/container-shipping\/russia\/\" data-internallinksmanager029f6b8e52c=\"160\" title=\"2026 Transport maritim de marf\u0103 container Taxe de transport maritim c\u0103tre \u0219i din Rusia\">Rusia (Sankt Petersburg)<\/a><\/td><td class=\"column-2\">$2,805<\/td><td class=\"column-3\">$4,200<\/td>\n<\/tr>\n<tr class=\"row-21\">\n\t<td class=\"column-1\"><a href=\"https:\/\/moverdb.com\/ro\/container-shipping\/slovenia\/\" data-internallinksmanager029f6b8e52c=\"181\" title=\"2026 Taxe de transport maritim de m\u0103rfuri containerizate c\u0103tre \u0219i din Slovenia\">Slovenia (Koper)<\/a><\/td><td class=\"column-2\">$3,883<\/td><td class=\"column-3\">$5,513<\/td>\n<\/tr>\n<tr class=\"row-22\">\n\t<td class=\"column-1\"><a href=\"https:\/\/moverdb.com\/ro\/container-shipping\/south-korea\/\" data-internallinksmanager029f6b8e52c=\"180\" title=\"2026 Transport maritim de marf\u0103 container Tarife de transport maritim c\u0103tre \u0219i din Coreea de Sud\">Coreea de Sud (Busan)<\/a><\/td><td class=\"column-2\">$7,306<\/td><td class=\"column-3\">$13,737<\/td>\n<\/tr>\n<tr class=\"row-23\">\n\t<td class=\"column-1\"><a href=\"https:\/\/moverdb.com\/ro\/container-shipping\/spain\/\" data-internallinksmanager029f6b8e52c=\"182\" title=\"2026 Taxe de expediere a containerelor de transport maritim de marf\u0103 c\u0103tre \u0219i din Spania\">Spania (Valencia)<\/a><\/td><td class=\"column-2\">$1,067<\/td><td class=\"column-3\">$1,596<\/td>\n<\/tr>\n<tr class=\"row-24\">\n\t<td class=\"column-1\"><a href=\"https:\/\/moverdb.com\/ro\/container-shipping\/thailand\/\" data-internallinksmanager029f6b8e52c=\"189\" title=\"2026 Transport maritim de m\u0103rfuri container de transport maritim Tarife de expediere c\u0103tre \u0219i din Thailanda\">Thailanda (Laem Chabang)<\/a><\/td><td class=\"column-2\">$4,246<\/td><td class=\"column-3\">$7,886<\/td>\n<\/tr>\n<tr class=\"row-25\">\n\t<td class=\"column-1\"><a href=\"https:\/\/moverdb.com\/ro\/moving-to-the-united-states\/\" data-internallinksmanager029f6b8e52c=\"94\" title=\"V\u0103 muta\u021bi \u00een Statele Unite? 2026 Costurile vie\u021bii \u0219i sfaturi de relocare\">SUA<\/a> (<a href=\"https:\/\/moverdb.com\/ro\/moving-to-los-angeles\/\" data-internallinksmanager029f6b8e52c=\"51\" title=\"V\u0103 muta\u021bi \u00een Los Angeles? 2026 Costuri de trai \u0219i sfaturi de relocare \u00een LA\">Los Angeles<\/a>)<\/td><td class=\"column-2\">$1,625<\/td><td class=\"column-3\">$1,855<\/td>\n<\/tr>\n<tr class=\"row-26\">\n\t<td class=\"column-1\"><a href=\"https:\/\/moverdb.com\/ro\/container-shipping\/united-states\/\" data-internallinksmanager029f6b8e52c=\"87\" title=\"2026 Taxe de expediere a containerelor de marf\u0103 maritim\u0103 c\u0103tre \u0219i din SUA\">SUA (New York)<\/a><\/td><td class=\"column-2\">$2,452<\/td><td class=\"column-3\">$2,398<\/td>\n<\/tr>\n<tr class=\"row-27\">\n\t<td class=\"column-1\"><a href=\"https:\/\/moverdb.com\/ro\/container-shipping\/vietnam\/\" data-internallinksmanager029f6b8e52c=\"245\" title=\"2026 Tarife de transport maritim de m\u0103rfuri containerizate c\u0103tre \u0219i din Vietnam\">Vietnam (Saigon)<\/a><\/td><td class=\"column-2\">$4,378<\/td><td class=\"column-3\">$8,148<\/td>\n<\/tr>\n<\/tbody>\n<\/table>\n<!-- #tablepress-119 from cache -->\n\r\n\r\n\r\n<h2 class=\"wp-block-heading\"><span class=\"ez-toc-section\" id=\"Shipping_Container_Costs_from_Iceland_Reykjavik\"><\/span>Costurile de transport al containerelor din Islanda (Reykjav\u00edk)<span class=\"ez-toc-section-end\"><\/span><\/h2>\r\n\r\n\r\n<div class=\"wp-block-image\">\r\n<figure class=\"aligncenter size-large\"><img loading=\"lazy\" decoding=\"async\" width=\"1024\" height=\"539\" src=\"https:\/\/moverdb.com\/wp-content\/uploads\/Shipping-Container-Costs-from-Iceland-1024x539.png\" alt=\"Costurile de transport al containerelor din Islanda (Reykjav\u00edk)\" class=\"wp-image-4336\" srcset=\"https:\/\/moverdb.com\/wp-content\/uploads\/Shipping-Container-Costs-from-Iceland-1024x539.png 1024w, https:\/\/moverdb.com\/wp-content\/uploads\/Shipping-Container-Costs-from-Iceland-300x158.png 300w, https:\/\/moverdb.com\/wp-content\/uploads\/Shipping-Container-Costs-from-Iceland-1536x809.png 1536w, https:\/\/moverdb.com\/wp-content\/uploads\/Shipping-Container-Costs-from-Iceland-18x9.png 18w, https:\/\/moverdb.com\/wp-content\/uploads\/Shipping-Container-Costs-from-Iceland-600x316.png 600w, https:\/\/moverdb.com\/wp-content\/uploads\/Shipping-Container-Costs-from-Iceland.png 2000w\" sizes=\"auto, (max-width: 1024px) 100vw, 1024px\" \/><\/figure>\r\n<\/div>\r\n\r\n\n<table id=\"tablepress-120\" class=\"tablepress tablepress-id-120\">\n<thead>\n<tr class=\"row-1\">\n\t<th class=\"column-1\">\u021aara de destina\u021bie (port\/ora\u0219)<\/th><th class=\"column-2\">20FT<\/th><th class=\"column-3\">40FT<\/th>\n<\/tr>\n<\/thead>\n<tbody class=\"row-striping row-hover\">\n<tr class=\"row-2\">\n\t<td class=\"column-1\">Andorra (Andorra la Vella)<\/td><td class=\"column-2\">$949<\/td><td class=\"column-3\">$1,220<\/td>\n<\/tr>\n<tr class=\"row-3\">\n\t<td class=\"column-1\"><a href=\"https:\/\/moverdb.com\/ro\/container-shipping\/antigua-and-barbuda\/\" data-internallinksmanager029f6b8e52c=\"92\" title=\"2026 Transport maritim de m\u0103rfuri containerizate Tarife de transport maritim c\u0103tre \u0219i din Antigua \u0219i Barbuda\">Antigua \u0219i Barbuda (St John's)<\/a><\/td><td class=\"column-2\">$3,058<\/td><td class=\"column-3\">$5,300<\/td>\n<\/tr>\n<tr class=\"row-4\">\n\t<td class=\"column-1\"><a href=\"https:\/\/moverdb.com\/ro\/container-shipping\/argentina\/\" data-internallinksmanager029f6b8e52c=\"91\" title=\"2026 Transport maritim de marf\u0103 container Taxe de transport maritim c\u0103tre \u0219i din Argentina\">Argentina (Buenos Aires)<\/a><\/td><td class=\"column-2\">$2,045<\/td><td class=\"column-3\">$3,617<\/td>\n<\/tr>\n<tr class=\"row-5\">\n\t<td class=\"column-1\"><a href=\"https:\/\/moverdb.com\/ro\/container-shipping\/aruba\/\" data-internallinksmanager029f6b8e52c=\"90\" title=\"2026 Taxe de expediere a containerelor de marf\u0103 maritim\u0103 c\u0103tre \u0219i din Aruba\">Aruba (Oranjestad)<\/a><\/td><td class=\"column-2\">$2,045<\/td><td class=\"column-3\">$0<\/td>\n<\/tr>\n<tr class=\"row-6\">\n\t<td class=\"column-1\">Australia (Sydney)<\/td><td class=\"column-2\">$2,669<\/td><td class=\"column-3\">$4,859<\/td>\n<\/tr>\n<tr class=\"row-7\">\n\t<td class=\"column-1\"><a href=\"https:\/\/moverdb.com\/ro\/container-shipping\/austria\/\" data-internallinksmanager029f6b8e52c=\"95\" title=\"2026 Taxe de transport maritim de m\u0103rfuri containerizate c\u0103tre \u0219i din Austria\">Austria (Viena)<\/a><\/td><td class=\"column-2\">$300<\/td><td class=\"column-3\">$450<\/td>\n<\/tr>\n<tr class=\"row-8\">\n\t<td class=\"column-1\"><a href=\"https:\/\/moverdb.com\/ro\/container-shipping\/brazil\/\" data-internallinksmanager029f6b8e52c=\"98\" title=\"2026 Transport maritim de marf\u0103 container Taxe de transport maritim c\u0103tre \u0219i din Brazilia\">Brazilia (Santos)<\/a><\/td><td class=\"column-2\">$1,936<\/td><td class=\"column-3\">$2,384<\/td>\n<\/tr>\n<tr class=\"row-9\">\n\t<td class=\"column-1\"><a href=\"https:\/\/moverdb.com\/ro\/container-shipping\/canada\/\" data-internallinksmanager029f6b8e52c=\"102\" title=\"2026 Transport maritim de marf\u0103 container Tarife de transport maritim c\u0103tre \u0219i din Canada\">Canada (Toronto)<\/a><\/td><td class=\"column-2\">$2,356<\/td><td class=\"column-3\">$2,959<\/td>\n<\/tr>\n<tr class=\"row-10\">\n\t<td class=\"column-1\">China (Shanghai)<\/td><td class=\"column-2\">$1,705<\/td><td class=\"column-3\">$1,914<\/td>\n<\/tr>\n<tr class=\"row-11\">\n\t<td class=\"column-1\"><a href=\"https:\/\/moverdb.com\/ro\/container-shipping\/france\/\" data-internallinksmanager029f6b8e52c=\"116\" title=\"2026 Taxe de expediere a containerelor de transport maritim de marf\u0103 c\u0103tre \u0219i din Fran\u021ba\">Fran\u021ba (Marsilia)<\/a><\/td><td class=\"column-2\">$1,096<\/td><td class=\"column-3\">$1,200<\/td>\n<\/tr>\n<tr class=\"row-12\">\n\t<td class=\"column-1\">Germania (Hamburg)<\/td><td class=\"column-2\">$360<\/td><td class=\"column-3\">$600<\/td>\n<\/tr>\n<tr class=\"row-13\">\n\t<td class=\"column-1\">Hong Kong (Hong Kong)<\/td><td class=\"column-2\">$1,470<\/td><td class=\"column-3\">$1,265<\/td>\n<\/tr>\n<tr class=\"row-14\">\n\t<td class=\"column-1\">India (Mumbai)<\/td><td class=\"column-2\">$1,210<\/td><td class=\"column-3\">$1,287<\/td>\n<\/tr>\n<tr class=\"row-15\">\n\t<td class=\"column-1\">SUA (Los Angeles)<\/td><td class=\"column-2\">$5,979<\/td><td class=\"column-3\">$9,080<\/td>\n<\/tr>\n<tr class=\"row-16\">\n\t<td class=\"column-1\">SUA (New York)<\/td><td class=\"column-2\">$4,514<\/td><td class=\"column-3\">$7,028<\/td>\n<\/tr>\n<\/tbody>\n<\/table>\n<!-- #tablepress-120 from cache -->\n\r\n\r\n\r\n<h3 class=\"wp-block-heading\"><span class=\"ez-toc-section\" id=\"Notes_about_data\"><\/span>Note privind datele:<span class=\"ez-toc-section-end\"><\/span><\/h3>\r\n\r\n\r\n\r\n<ul class=\"wp-block-list\"><li>Toate cifrele $ sunt exprimate \u00een dolari americani (USD);<\/li><li>Tarifele sunt exacte de la mijlocul anului 2022;<\/li><li>H\u0103r\u021bile din acest articol au fost create folosind <a href=\"https:\/\/www.mapchart.net\" target=\"_blank\" rel=\"noreferrer noopener\">https:\/\/www.mapchart.net<\/a>. Sunte\u021bi liberi s\u0103 distribui\u021bi h\u0103r\u021bile, at\u00e2ta timp c\u00e2t furniza\u021bi un link de atribuire c\u0103tre <a href=\"https:\/\/moverdb.com\/ro\/\" target=\"_blank\" rel=\"noreferrer noopener\">MoverDB<\/a>;<\/li><li>Tarifele de mai sus sunt doar estimative \u0219i se pot modifica de la data public\u0103rii acestui articol (aprilie 2022). Acestea se bazeaz\u0103 pe cea mai mic\u0103 rat\u0103 estimat\u0103 fie de la <a href=\"https:\/\/www.icontainers.com\" target=\"_blank\" rel=\"noreferrer noopener\">https:\/\/www.icontainers.com<\/a> sau <a href=\"https:\/\/www.freightos.com\" target=\"_blank\" rel=\"noreferrer noopener\">https:\/\/www.freightos.com<\/a>;<\/li><li>Pentru a ob\u021bine o idee mai exact\u0103 a costului pentru dumneavoastr\u0103, v\u0103 rug\u0103m s\u0103 utiliza\u021bi formularul de ofert\u0103 din partea de sus a acestei pagini;<\/li><li>V\u0103 rug\u0103m s\u0103 consulta\u021bi \u0219i ghidul nostru pentru <a href=\"https:\/\/moverdb.com\/ro\/transport-maritim-de-containere\/\" target=\"_blank\" rel=\"noreferrer noopener\">transportul maritim interna\u021bional de containere<\/a>.<\/li><\/ul>\r\n\r\n\r\n<h2><span class=\"ez-toc-section\" id=\"Other_Useful_Guides_to_Iceland\"><\/span>Alte ghiduri utile pentru Islanda<span class=\"ez-toc-section-end\"><\/span><\/h2>\r\n\r\n<ul>\r\n<li> <a href=\"https:\/\/moverdb.com\/ro\/moving-to-iceland\/moving-to-iceland-from-the-uk\/\">Mutarea \u00een Islanda din Regatul Unit<\/a><\/li>\r\n<li> <a href=\"https:\/\/moverdb.com\/ro\/moving-to-iceland\/\">V\u0103 muta\u021bi \u00een Islanda? 2026 Costuri de trai \u0219i sfaturi de relocare<\/a><\/li>\r\n<\/ul>","protected":false},"excerpt":{"rendered":"<p>Iceland makes most people who\u2019ve never been there think of cold and ice, but ask any expat who lives there and they\u2019ll tell you it\u2019s actually one of the most beautiful places on Earth. This Nordic country is famous for its natural vistas filled with glaciers, geysers, flowing volcanoes, and hot springs. Life quality in [&hellip;]<\/p>\n","protected":false},"author":2,"featured_media":4328,"parent":44,"menu_order":0,"comment_status":"open","ping_status":"closed","template":"","meta":{"_genesis_hide_title":false,"_genesis_hide_breadcrumbs":false,"_genesis_hide_singular_image":false,"_genesis_hide_footer_widgets":false,"_genesis_custom_body_class":"","_genesis_custom_post_class":"","_genesis_layout":"","footnotes":""},"class_list":{"0":"post-4333","1":"page","2":"type-page","3":"status-publish","4":"has-post-thumbnail","6":"entry"},"_links":{"self":[{"href":"https:\/\/moverdb.com\/ro\/wp-json\/wp\/v2\/pages\/4333","targetHints":{"allow":["GET"]}}],"collection":[{"href":"https:\/\/moverdb.com\/ro\/wp-json\/wp\/v2\/pages"}],"about":[{"href":"https:\/\/moverdb.com\/ro\/wp-json\/wp\/v2\/types\/page"}],"author":[{"embeddable":true,"href":"https:\/\/moverdb.com\/ro\/wp-json\/wp\/v2\/users\/2"}],"replies":[{"embeddable":true,"href":"https:\/\/moverdb.com\/ro\/wp-json\/wp\/v2\/comments?post=4333"}],"version-history":[{"count":5,"href":"https:\/\/moverdb.com\/ro\/wp-json\/wp\/v2\/pages\/4333\/revisions"}],"predecessor-version":[{"id":17860,"href":"https:\/\/moverdb.com\/ro\/wp-json\/wp\/v2\/pages\/4333\/revisions\/17860"}],"up":[{"embeddable":true,"href":"https:\/\/moverdb.com\/ro\/wp-json\/wp\/v2\/pages\/44"}],"wp:featuredmedia":[{"embeddable":true,"href":"https:\/\/moverdb.com\/ro\/wp-json\/wp\/v2\/media\/4328"}],"wp:attachment":[{"href":"https:\/\/moverdb.com\/ro\/wp-json\/wp\/v2\/media?parent=4333"}],"curies":[{"name":"wp","href":"https:\/\/api.w.org\/{rel}","templated":true}]}}