{"id":432,"date":"2016-06-12T09:28:19","date_gmt":"2016-06-12T09:28:19","guid":{"rendered":"http:\/\/moverdb.com\/?page_id=432"},"modified":"2026-01-08T14:47:56","modified_gmt":"2026-01-08T14:47:56","slug":"asociatia-canadiana-a-transportatorilor","status":"publish","type":"page","link":"https:\/\/moverdb.com\/ro\/canadian-association-of-movers\/","title":{"rendered":"Asocia\u021bia canadian\u0103 de mut\u0103ri (CAM) explicat\u0103"},"content":{"rendered":"<p>Asocia\u021bia canadian\u0103 a transportatorilor este <a href=\"https:\/\/moverdb.com\/ro\/moving-to-canada\/\" data-internallinksmanager029f6b8e52c=\"265\" title=\"Mutarea \u00een Canada? 2026 Costurile de trai \u0219i sfaturi de relocare\">Canada<\/a>'s care reprezint\u0103 companiile de mut\u0103ri \u0219i depozitare. A fost \u00eenfiin\u021bat\u0103 pentru a contribui la protejarea \u0219i dezvoltarea \u00eentreprinderilor membre \u0219i, de asemenea, pentru a le oferi consumatorilor o modalitate de a g\u0103si servicii de mutare de \u00eencredere, profesioniste \u0219i cu reputa\u021bie.<\/p>\n<p><strong>Date cheie despre CAM:<\/strong><\/p>\n<ol>\n<li>  Printre membrii s\u0103i se num\u0103r\u0103 persoane care se ocup\u0103 de mut\u0103ri at\u00e2t \u00een Canada, c\u00e2t \u0219i \u00een str\u0103in\u0103tate.<\/li>\n<li>  Membrii sunt companii de mut\u0103ri \u0219i reloc\u0103ri, companii de transport, furnizori din industrie, \u00eentreprinderi care ofer\u0103 servicii legate de mut\u0103ri, cum ar fi serviciile de ambalare.<\/li>\n<li>  Codul de etic\u0103 le cere membrilor s\u0103 adere la termeni precum corectitudinea \u0219i onestitatea fa\u021b\u0103 de clien\u021bi \u0219i o abordare con\u0219tient\u0103 a siguran\u021bei \u00een orice moment.<\/li>\n<li>  Asocia\u021bia canadian\u0103 a firmelor de mut\u0103ri pune la dispozi\u021bia consumatorilor un proces de solu\u021bionare a reclama\u021biilor.<\/li>\n<li>  CAM ofer\u0103 programul Certified Canadian Mover, care ofer\u0103 consumatorilor siguran\u021ba c\u0103 primesc servicii bazate pe conduit\u0103 etic\u0103, competen\u021b\u0103 profesional\u0103 \u0219i gestionarea eficient\u0103 a reclama\u021biilor.<\/li>\n<li>  CAM este singura asocia\u021bie de transportatori din Canada care reglementeaz\u0103 \u0219i \u021bine eviden\u021ba transportatorilor cu reputa\u021bie \u0219i a celor cu reputa\u021bie \u00eendoielnic\u0103.<\/li>\n<\/ol>\n<p><strong>Profilul Asocia\u021biei Canadiene a Transportatorilor:<\/strong><\/p>\n<p>Canadian Association of Movers este asocia\u021bia canadian\u0103 de comer\u021b pentru cei care se ocup\u0103 de mut\u0103ri. Aceasta este format\u0103 din \u00eentreprinderi canadiene, precum \u0219i din organiza\u021bii din str\u0103in\u0103tate. <\/p>\n<p>CAM are o serie de obiective, printre care se num\u0103r\u0103 \u00eembun\u0103t\u0103\u021birea expertizei profesionale \u0219i a competen\u021bei opera\u021bionale \u0219i crearea de leg\u0103turi \u00eentre companiile de mut\u0103ri \u0219i liniile de camioane pentru a face schimb de informa\u021bii \u0219i pentru a stimula industria de mutare a bunurilor de uz casnic \u00een ansamblu.<\/p>\n<p>Membrii CAM sunt considera\u021bi ca fiind cei mai buni din \u021bar\u0103. <a href=\"https:\/\/moverdb.com\/ro\/moving-companies\/\" data-internallinksmanager029f6b8e52c=\"79\" title=\"Top 25 Companii interna\u021bionale de mutare online\">companii de mutare<\/a>. Exist\u0103 dou\u0103 certific\u0103ri disponibile pentru membrii CAM - Certified Overseas Mover \u0219i Certified Canadian Mover. <\/p>\n<p>Ambele sunt concepute pentru a le oferi consumatorilor o gam\u0103 de servicii de mutare de \u00eencredere, care au documenta\u021bie actualizat\u0103, ader\u0103 la un cod de etic\u0103, \u0219tiu cum s\u0103 trateze pl\u00e2ngerile clien\u021bilor \u0219i ader\u0103 la liniile directoare privind bunele practici.<\/p>\n<p><strong>Criterii de aderare:<\/strong><\/p>\n<p>Este posibil ca solicitan\u021bilor s\u0103 li se cear\u0103 s\u0103 prezinte diverse documente pentru a finaliza procesul de aprobare a calit\u0103\u021bii de membru. Toate cererile de aderare sunt supuse aprob\u0103rii Consiliului de administra\u021bie.<\/p>\n<p><strong>Transportatorii<\/strong><\/p>\n<p>CAM solicit\u0103 ca solicitan\u021bii s\u0103 fi desf\u0103\u0219urat o activitate de cel pu\u021bin doi ani \u00een calitate de transportatori.<\/p>\n<p>Solicitan\u021bii care doresc s\u0103 devin\u0103 membri ai companiei de transport trebuie s\u0103 completeze un formular de cerere \u0219i s\u0103 furnizeze CAM urm\u0103toarele documente (numai fotocopii):<\/p>\n<ul>\n<li> Licen\u021b\u0103 de afaceri<\/li>\n<li> Fotografii ale spa\u021biilor \u0219i vehiculelor<\/li>\n<li> Num\u0103rul \u0219i num\u0103rul de \u00eenregistrare \u00een scopuri de TPS\/TVH<\/li>\n<li> Certificatul de compensare a accidentelor de munc\u0103<\/li>\n<li> Certificat de asigurare care s\u0103 ateste o r\u0103spundere civil\u0103 de minimum $1 milion de euro \u0219i o limit\u0103 minim\u0103 de marf\u0103 de minimum $250.000 de euro.<\/li>\n<li> Certificat de constituire<\/li>\n<li> Dou\u0103 referin\u021be comerciale cu durata rela\u021biei (de exemplu, banc\u0103, furnizor de echipamente de mutare etc.)<\/li>\n<li> Anun\u021b \u00een Pagini Aurii sau articole promo\u021bionale (op\u021bional)<\/li>\n<li> Formularul Codului de etic\u0103 semnat<\/li>\n<\/ul>\n<p><strong>Afilia\u021bi<\/strong><\/p>\n<p>O companie care nu deplaseaz\u0103 bunuri de uz casnic cu camionul, dar care ofer\u0103 servicii legate de industria de mutare, cum ar fi servicii de ambalare, servicii de reducere a dimensiunii, \u00eendep\u0103rtarea gunoiului etc., se poate califica pentru a fi membru afiliat. <\/p>\n<p>Solicitan\u021bii unui statut de membru afiliat trebuie s\u0103 completeze un formular de cerere \u0219i este posibil s\u0103 li se cear\u0103 s\u0103 furnizeze CAM urm\u0103toarele documente relevante pentru afacerea lor, cum ar fi (numai fotocopii):<\/p>\n<ul>\n<li> Licen\u021b\u0103 de afaceri<\/li>\n<li> Fotografii ale spa\u021biilor \u0219i vehiculelor<\/li>\n<li> Num\u0103rul \u0219i num\u0103rul de \u00eenregistrare \u00een scopuri de TPS\/TVH<\/li>\n<li> Certificatul de compensare a accidentelor de munc\u0103<\/li>\n<li> Certificat de asigurare care s\u0103 ateste o r\u0103spundere civil\u0103 de cel pu\u021bin $1 milion de euro<\/li>\n<li> Certificat de constituire<\/li>\n<li> Dou\u0103 referin\u021be comerciale cu indicarea duratei rela\u021biei (de exemplu, banc\u0103, firm\u0103 de mut\u0103ri etc.)<\/li>\n<li> Anun\u021b \u00een Pagini Aurii sau articole promo\u021bionale (op\u021bional)<\/li>\n<li> Formularul Codului de etic\u0103 semnat<\/li>\n<\/ul>\n<p><strong>Transportatorii interna\u021bionali<\/strong><\/p>\n<ul>\n<li> Scrisori de recomandare din partea a doi transportatori interna\u021bionali care sunt CAM, <a href=\"https:\/\/moverdb.com\/ro\/fidi-faim\/\">FIDI<\/a> sau <a href=\"https:\/\/moverdb.com\/ro\/sunt\/\">IAM<\/a> membri<\/li>\n<li> Formularul semnat al Codului de etic\u0103 canadian pentru cei care fac mut\u0103ri interna\u021bionale<\/li>\n<\/ul>\n<p><strong>Top 10 companii de mutare membre<\/strong> (\u00een func\u021bie de m\u0103rime)<\/p>\n<ol>\n<li> <a href=\"https:\/\/moverdb.com\/ro\/united-van-lines\/\">United Van Lines<\/a><\/li>\n<li> <a href=\"https:\/\/moverdb.com\/ro\/north-american-van-lines\/\">North American Van Lines<\/a><\/li>\n<li> <a href=\"https:\/\/moverdb.com\/ro\/amj-campbell-van-lines\/\">AMJ Campbell Van Lines<\/a><\/li>\n<\/ol>\n<p><strong>Opinii despre CAM:<\/strong><\/p>\n<p>CAM este considerat\u0103 o resurs\u0103 util\u0103 pentru a-i ajuta pe consumatori s\u0103 evite escrocheriile \u0219i operatorii care ofer\u0103 pre\u021buri reduse nerealiste, care sunt apoi umflate \u00een ziua mut\u0103rii. <\/p>\n<p>Cei care sunt membri ai CAM sunt considera\u021bi ca fiind capabili s\u0103 ofere un anumit nivel de servicii pe care al\u021bi transportatori - f\u0103r\u0103 certificare - nu \u00eel au. <\/p>\n<p>Opinia online vede CAM ca pe o modalitate de verificare a fiabilit\u0103\u021bii unei companii de mut\u0103ri, \u00een special pentru c\u0103 CAM separ\u0103 <em>\"de la bine, de la r\u0103u, de la ur\u00e2t.\"<\/em> Organiza\u021bia este foarte apreciat\u0103 pentru dorin\u021ba sa de a promova standarde \u00eenalte de conduit\u0103 etic\u0103 \u0219i pentru faptul c\u0103 are un proces de aplicare riguros. <\/p>\n<p>Cei care men\u021bioneaz\u0103 organiza\u021bia online subliniaz\u0103 c\u0103 aceasta este o modalitate de a fi siguri c\u0103 firma de mut\u0103ri are o asigurare \u0219i standarde de servicii adecvate. Se subliniaz\u0103 adesea modul \u00een care CAM \u021bine o eviden\u021b\u0103 nu numai a propriilor membri, ci \u0219i a firmelor de mut\u0103ri care nu au o reputa\u021bie at\u00e2t de bun\u0103. <\/p>\n<p>Acest lucru este v\u0103zut ca un indicator al faptului c\u0103 organiza\u021bia are o perspectiv\u0103 bun\u0103 asupra industriei de transport \u0219i c\u0103 membrii s\u0103i sunt de partea bun\u0103 a liniei.<\/p>\n<blockquote><p>Printre companiile de mut\u0103ri \u0219i depozitare, CAM face diferen\u021ba \u00eentre cei buni, cei r\u0103i \u0219i cei ur\u00e2\u021bi. Obiectivele sale sunt de a promova standarde \u00eenalte de conduit\u0103 etic\u0103 \u00een cadrul industriei de mut\u0103ri, de a promova ini\u021biative de calitate, de a instrui \u0219i educa personalul \u0219i de a monitoriza performan\u021ba membrilor s\u0103i. <\/p>\n<p>Aceasta ajut\u0103 consumatorii s\u0103 aib\u0103 acces la servicii de mutare credibile \u0219i profesionale. Prin procesul s\u0103u riguros de aplicare, CAM cere membrilor s\u0103i s\u0103 semneze un cod de etic\u0103 strict, s\u0103 aib\u0103 o asigurare adecvat\u0103 \u0219i s\u0103 men\u021bin\u0103 standardele pentru instala\u021biile lor.<\/p><\/blockquote>\n<p>- <a href=\"http:\/\/www.uvl.ca\/Content\/Canadian+Association+of+Movers\" target=\"_blank\" rel=\"noopener noreferrer\">United Van Lines Canada<\/a> <\/p>\n<blockquote><p>Asocia\u021bia canadian\u0103 a firmelor de mut\u0103ri (CAM) este singura asocia\u021bie de mut\u0103ri din Canada care reglementeaz\u0103 \u0219i \u021bine eviden\u021ba firmelor de mut\u0103ri de \u00eencredere \u0219i a celor de rea-credin\u021b\u0103. <\/p><\/blockquote>\n<p>- <a href=\"http:\/\/www.greatcanadianvanlines.com\/how-to-choose-a-moving-company\/\" target=\"_blank\" rel=\"noopener noreferrer\">Marele canadian Van Lines<\/a><\/p>\n<blockquote><p>O alegere gre\u0219it\u0103 \u00een selectarea unei companii de mut\u0103ri pentru a muta bunurile de o via\u021b\u0103 poate fi dezastruoas\u0103. Operatorii de escrocherie vor profita de consumatori oferind pre\u021buri reduse, f\u0103c\u00e2nd promisiuni nerealiste, umfl\u00e2nd pre\u021bul \u00een ziua mut\u0103rii \u0219i \u021bin\u00e2nd bunurile de uz casnic pentru r\u0103scump\u0103rare. <\/p>\n<p>Aceste companii nu \u00ee\u0219i asum\u0103 nicio responsabilitate pentru nivelul serviciilor furnizate. Dac\u0103 oferta unei firme de mut\u0103ri pare \u0219i sun\u0103 prea bun\u0103 pentru a fi adev\u0103rat\u0103, \u00eenseamn\u0103 c\u0103 este.<\/p>\n<p>De ce s\u0103 ne asum\u0103m acest risc? Muta\u021bi-v\u0103 cu un transportator care este membru al CAM. CAM este asocia\u021bia comercial\u0103 din Canada care reprezint\u0103 companiile de mut\u0103ri \u0219i depozitare.<\/p><\/blockquote>\n<p>- <a href=\"http:\/\/amjtorontomoving.com\/Partners\/ArticleID\/44\/Canadian-Association-of-Movers-CAM\" target=\"_blank\" rel=\"noopener noreferrer\">AMJ Campbell - Toronto<\/a><\/p>\n<p><strong>Site web:<\/strong> <a href=\"http:\/\/www.mover.net\/\" target=\"_blank\" rel=\"noopener noreferrer\">http:\/\/www.mover.net\/<\/a><\/p>\n<p><strong>NOT\u0102! \u00cen formularul de mai jos, unele companii de mut\u0103ri care v\u0103 contacteaz\u0103 dup\u0103 trimiterea formularului pot s\u0103 nu fie asocia\u021bi CAM.<\/strong><\/p>","protected":false},"excerpt":{"rendered":"<p>The Canadian Association of Movers is Canada&#8217;s trade association representing moving and storage companies. It was established to help protect and grow its member businesses and also to offer consumers a way to find reputable, professional and reliable moving services. Key facts about CAM: Membership includes movers both in Canada and overseas. Membership covers movers [&hellip;]<\/p>\n","protected":false},"author":1,"featured_media":0,"parent":0,"menu_order":0,"comment_status":"closed","ping_status":"closed","template":"","meta":{"_genesis_hide_title":false,"_genesis_hide_breadcrumbs":false,"_genesis_hide_singular_image":false,"_genesis_hide_footer_widgets":false,"_genesis_custom_body_class":"","_genesis_custom_post_class":"","_genesis_layout":"","footnotes":""},"class_list":{"0":"post-432","1":"page","2":"type-page","3":"status-publish","5":"entry"},"_links":{"self":[{"href":"https:\/\/moverdb.com\/ro\/wp-json\/wp\/v2\/pages\/432","targetHints":{"allow":["GET"]}}],"collection":[{"href":"https:\/\/moverdb.com\/ro\/wp-json\/wp\/v2\/pages"}],"about":[{"href":"https:\/\/moverdb.com\/ro\/wp-json\/wp\/v2\/types\/page"}],"author":[{"embeddable":true,"href":"https:\/\/moverdb.com\/ro\/wp-json\/wp\/v2\/users\/1"}],"replies":[{"embeddable":true,"href":"https:\/\/moverdb.com\/ro\/wp-json\/wp\/v2\/comments?post=432"}],"version-history":[{"count":9,"href":"https:\/\/moverdb.com\/ro\/wp-json\/wp\/v2\/pages\/432\/revisions"}],"predecessor-version":[{"id":3502,"href":"https:\/\/moverdb.com\/ro\/wp-json\/wp\/v2\/pages\/432\/revisions\/3502"}],"wp:attachment":[{"href":"https:\/\/moverdb.com\/ro\/wp-json\/wp\/v2\/media?parent=432"}],"curies":[{"name":"wp","href":"https:\/\/api.w.org\/{rel}","templated":true}]}}