{"id":430,"date":"2016-06-08T14:50:20","date_gmt":"2016-06-08T14:50:20","guid":{"rendered":"http:\/\/moverdb.com\/?page_id=430"},"modified":"2026-01-08T14:47:52","modified_gmt":"2026-01-08T14:47:52","slug":"bar-overseas","status":"publish","type":"page","link":"https:\/\/moverdb.com\/ro\/bar-overseas\/","title":{"rendered":"Explica\u021bii despre grupul de peste m\u0103ri al Asocia\u021biei Britanice a Transportatorilor (BAR)"},"content":{"rendered":"<p><a href=\"https:\/\/moverdb.com\/ro\/british-association-of-removers\/\" data-internallinksmanager029f6b8e52c=\"9\" title=\"Asocia\u021bia Britanic\u0103 a Transportatorilor (BAR) Explica\u021bii\">BAR<\/a> Overseas Group face parte din <a href=\"https:\/\/moverdb.com\/ro\/asociatia-britanica-a-demolatorilor\/\">Asocia\u021bia Britanic\u0103 a Transportatorilor<\/a> (BAR), o asocia\u021bie profesional\u0103. <\/p>\n<p>La fel ca \u0219i organiza\u021bia mam\u0103, este dedicat\u0103 promov\u0103rii excelen\u021bei profesionale \u00een industria mut\u0103rilor \u0219i are o experien\u021b\u0103 deosebit\u0103 \u00een ceea ce prive\u0219te transportul de piese \u0219i de echipamente. <a href=\"https:\/\/moverdb.com\/ro\/transport-maritim-de-containere\/\">transporturi cu \u00eenc\u0103rc\u0103tur\u0103 complet\u0103 de containere<\/a> la nivel mondial \u0219i m\u0103rfurile care intr\u0103 \u00een <a href=\"https:\/\/moverdb.com\/ro\/moving-to-the-uk\/\" data-internallinksmanager029f6b8e52c=\"93\" title=\"V\u0103 muta\u021bi \u00een Regatul Unit? 2026 Costurile vie\u021bii \u0219i sfaturi de relocare\">MAREA BRITANIE<\/a> din str\u0103in\u0103tate.<\/p>\n<p><strong>Informa\u021bii cheie despre BAR Overseas Group:<\/strong><\/p>\n<ol>\n<li>  BAR Overseas este format dintr-un grup de 50 de exper\u021bi britanici. <a href=\"https:\/\/moverdb.com\/ro\/moving-companies\/\">companii<\/a> care se specializeaz\u0103 \u00een fiecare aspect al <a href=\"https:\/\/moverdb.com\/ro\/mutari-internationale\/\">mut\u0103ri \u00een str\u0103in\u0103tate \u0219i mut\u0103ri interna\u021bionale<\/a> \u0219i reloc\u0103ri.<\/li>\n<li>  Membrii ader\u0103 la o schem\u0103 de garantare a pl\u0103\u021bilor \u00een avans, menit\u0103 s\u0103 protejeze toate pl\u0103\u021bile \u00een avans ale clien\u021bilor.<\/li>\n<li>  Membrii sunt companii profesionale care se angajeaz\u0103 s\u0103 ofere servicii la cele mai \u00eenalte standarde \u0219i care sunt specializate \u00een reloc\u0103ri \u00een str\u0103in\u0103tate.<\/li>\n<li>  Grupul BAR Overseas cere membrilor s\u0103i standarde \u00eenalte \u00een ceea ce prive\u0219te elemente precum formarea personalului, vehiculele \u0219i echipamentele, iar vizitele la fa\u021ba locului pot avea loc la \u00eent\u00e2mplare.<\/li>\n<li>  Standardul de calitate BS 8564 a fost elaborat de BAR Overseas Group \u00een colaborare cu BSI (British Standards Institution). To\u021bi membrii trebuie s\u0103 \u00eel de\u021bin\u0103.<\/li>\n<li>  Garan\u021bia de plat\u0103 avansat\u0103 BAR protejeaz\u0103 clien\u021bii - dac\u0103 firma de mut\u0103ri cu care clientul a f\u0103cut rezervarea se confrunt\u0103 cu dificult\u0103\u021bi financiare, atunci o alt\u0103 firm\u0103 de mut\u0103ri preia sarcina pentru a se asigura c\u0103 lucrarea este finalizat\u0103, f\u0103r\u0103 costuri suplimentare. <a href=\"https:\/\/moverdb.com\/ro\/costuri-de-mutare\/\">cost<\/a> c\u0103tre client.<\/li>\n<\/ol>\n<p><strong>Profilul organiza\u021biei:<\/strong><\/p>\n<p>BAR este cea mai veche asocia\u021bie profesional\u0103 din sectorul mut\u0103rilor \u0219i cea mai veche asocia\u021bie de profil din Rom\u00e2nia. <strong>Grupul Overseas<\/strong> este conceput pentru a-\u0219i extinde raza de ac\u021biune din Regatul Unit c\u0103tre destina\u021bii din \u00eentreaga lume. <\/p>\n<p>Calitatea de membru este deschis\u0103 numai pentru persoanele care de\u021bin deja calitatea de membru BAR, dar acest lucru nu garanteaz\u0103 c\u0103 vor fi acceptate \u00een cadrul Grupului de peste m\u0103ri. Viziunea grupului este aceea de a face din membrii s\u0103i alegerea de \u00eencredere pentru munca \u00een str\u0103in\u0103tate \u00een industrie \u0219i de a promova \u0219i dezvolta cele mai bune practici profesionale pentru mut\u0103rile \u00een str\u0103in\u0103tate.<\/p>\n<p><strong>Criterii de aderare:<\/strong><\/p>\n<ul>\n<li> Membrii trebuie s\u0103 fac\u0103 deja parte din BAR.<\/li>\n<li> Membrii trebuie s\u0103 apar\u021bin\u0103 unei scheme de garantare a pl\u0103\u021bilor \u00een avans (Advanced Payment Guarantee - APG) aprobate.<\/li>\n<li> Membrii trebuie s\u0103 de\u021bin\u0103 fie <a href=\"https:\/\/moverdb.com\/ro\/fidi-faim\/\">FIDI-FAIM<\/a>, sau BS 8564 (The Overseas Moving Standard), sau un standard echivalent sau un standard extern aprobat \u0219i auditat superior.<\/li>\n<\/ul>\n<p><strong>Exemplu de companii membre:<\/strong><\/p>\n<ul>\n<li> <a href=\"https:\/\/moverdb.com\/ro\/harrow-green\/\">Harrow Green<\/a><\/li>\n<li> <a href=\"https:\/\/moverdb.com\/ro\/anglo-pacific\/\">Anglo Pacific<\/a><\/li>\n<li> <a href=\"https:\/\/moverdb.com\/ro\/matthew-james\/\">Matthew James<\/a><\/li>\n<li> <a href=\"https:\/\/moverdb.com\/ro\/shore-porters-society\/\">Societatea Portarilor de Coast\u0103<\/a><\/li>\n<li> <a href=\"https:\/\/moverdb.com\/ro\/pss-removals\/\">PSS International Removals<\/a><\/li>\n<\/ul>\n<p><strong>Opinii despre BAR Overseas Group<\/strong><\/p>\n<p>BAR Overseas este considerat ca av\u00e2nd criterii stricte de aderare, iar membrii sunt inspecta\u021bi periodic pentru a se asigura c\u0103 standardele nu au sc\u0103zut. Reputa\u021bia asocia\u021biei se bazeaz\u0103 pe examinarea cuprinz\u0103toare a membrilor s\u0103i, care include totul, de la opera\u021biuni la instala\u021bii. <\/p>\n<p>Sistemul de protec\u021bie financiar\u0103 este v\u0103zut ca un mare avantaj pentru membri, deoarece ace\u0219tia pot oferi protec\u021bie financiar\u0103 suplimentar\u0103 clien\u021bilor. BAR Overseas beneficiaz\u0103 de reputa\u021bia existent\u0103 a Asocia\u021biei Britanice a Transportatorilor de Muta\u021bii \u0219i este considerat\u0103 un standard de calitate pentru mut\u0103rile \u00een str\u0103in\u0103tate. <\/p>\n<p>O companie subliniaz\u0103 faptul c\u0103 \u00een Marea Britanie exist\u0103 doar 50-60 de companii care au \u00eendeplinit criteriile de aderare la BAR Overseas Group \u0219i acesta este unul dintre motivele pentru care este o mare realizare s\u0103 prime\u0219ti statutul de membru.<\/p>\n<blockquote><p>Membrii trebuie s\u0103 respecte standarde stricte \u0219i sunt inspecta\u021bi periodic pentru a se asigura c\u0103 instala\u021biile, echipamentele, formarea personalului \u0219i procedurile opera\u021bionale r\u0103m\u00e2n la cel mai \u00eenalt nivel.<\/p><\/blockquote>\n<p>- <a href=\"http:\/\/www.abels.co.uk\/european-removals-moving-to-europe\/bar-overseas-group-what-is-this\/\" target=\"_blank\" rel=\"noopener\">Abels<\/a><\/p>\n<blockquote><p>Grupul BAR Overseas a creat sistemul de pl\u0103\u021bi \u00een avans IMMI (International Movers Mutual Insurance) pentru a proteja clien\u021bii.<\/p><\/blockquote>\n<p>- <a href=\"http:\/\/www.johnmason.com\/about-us\/accreditations\/bar-overseas-group\/\" target=\"_blank\" rel=\"noopener\">JohnMason<\/a> <\/p>\n<blockquote><p>Garant\u0103m lini\u0219tea sufleteasc\u0103 pentru mutarea dvs. \u00een str\u0103in\u0103tate.Grupul BAR Overseas este o sec\u021biune specializat\u0103 a Asocia\u021biei Britanice a Transportatorilor, ai c\u0103rei membri sunt exper\u021bi \u00een toate domeniile de mutare \u00een str\u0103in\u0103tate. Mai pu\u021bin de 60 de companii din Marea Britanie \u00eendeplinesc criteriile stricte de aderare \u0219i standardele exigente cerute membrilor s\u0103i.<\/p><\/blockquote>\n<p>- <a href=\"http:\/\/www.simpsons-uk.com\/removals_accreditations\/overseas_group\" target=\"_blank\" rel=\"noopener\">Simpsons<\/a><\/p>\n<p><strong>Site web:<\/strong> <a href=\"http:\/\/www.baroverseas.co.uk\/\" target=\"_blank\" rel=\"noopener\">http:\/\/www.baroverseas.co.uk\/<\/a><\/p>","protected":false},"excerpt":{"rendered":"<p>BAR Overseas Group is part of the British Association of Removers (BAR), a Trade Association. Just like its parent organisation, it is dedicated to promoting professional excellence in the removals industry and has particular experience dealing with part and full container load shipments worldwide and goods coming into the UK from abroad. Key facts about [&hellip;]<\/p>\n","protected":false},"author":1,"featured_media":0,"parent":0,"menu_order":0,"comment_status":"closed","ping_status":"closed","template":"","meta":{"_genesis_hide_title":false,"_genesis_hide_breadcrumbs":false,"_genesis_hide_singular_image":false,"_genesis_hide_footer_widgets":false,"_genesis_custom_body_class":"","_genesis_custom_post_class":"","_genesis_layout":"","footnotes":""},"class_list":{"0":"post-430","1":"page","2":"type-page","3":"status-publish","5":"entry"},"_links":{"self":[{"href":"https:\/\/moverdb.com\/ro\/wp-json\/wp\/v2\/pages\/430","targetHints":{"allow":["GET"]}}],"collection":[{"href":"https:\/\/moverdb.com\/ro\/wp-json\/wp\/v2\/pages"}],"about":[{"href":"https:\/\/moverdb.com\/ro\/wp-json\/wp\/v2\/types\/page"}],"author":[{"embeddable":true,"href":"https:\/\/moverdb.com\/ro\/wp-json\/wp\/v2\/users\/1"}],"replies":[{"embeddable":true,"href":"https:\/\/moverdb.com\/ro\/wp-json\/wp\/v2\/comments?post=430"}],"version-history":[{"count":16,"href":"https:\/\/moverdb.com\/ro\/wp-json\/wp\/v2\/pages\/430\/revisions"}],"predecessor-version":[{"id":6187,"href":"https:\/\/moverdb.com\/ro\/wp-json\/wp\/v2\/pages\/430\/revisions\/6187"}],"wp:attachment":[{"href":"https:\/\/moverdb.com\/ro\/wp-json\/wp\/v2\/media?parent=430"}],"curies":[{"name":"wp","href":"https:\/\/api.w.org\/{rel}","templated":true}]}}