{"id":429,"date":"2016-06-06T14:44:52","date_gmt":"2016-06-06T14:44:52","guid":{"rendered":"http:\/\/moverdb.com\/?page_id=429"},"modified":"2026-01-08T14:47:51","modified_gmt":"2026-01-08T14:47:51","slug":"asociatia-britanica-a-demolatorilor","status":"publish","type":"page","link":"https:\/\/moverdb.com\/ro\/british-association-of-removers\/","title":{"rendered":"Asocia\u021bia Britanic\u0103 a Transportatorilor (BAR) Explica\u021bii"},"content":{"rendered":"<p>Asocia\u021bia Britanic\u0103 a Transportatorilor de Muta\u021bii (BAR) se descrie ca fiind \"vocea recunoscut\u0103 a industriei profesionale de mut\u0103ri\" \u0219i este un organism cheie \u00een cadrul <a href=\"https:\/\/moverdb.com\/ro\/moving-to-the-uk\/\" data-internallinksmanager029f6b8e52c=\"93\" title=\"V\u0103 muta\u021bi \u00een Regatul Unit? 2026 Costurile vie\u021bii \u0219i sfaturi de relocare\">MAREA BRITANIE<\/a> industria \u00een mi\u0219care. <\/p>\n<p>Formarea, standardele profesionale \u0219i furnizarea de informa\u021bii \u0219i consiliere clien\u021bilor sunt incluse \u00een atribu\u021biile BAR, precum \u0219i un serviciu de solu\u021bionare a litigiilor.<\/p>\n<p><strong>Informa\u021bii cheie despre BAR:<\/strong><\/p>\n<ol>\n<li>  BAR are mai multe tipuri de membri: Membru britanic, <a href=\"https:\/\/moverdb.com\/ro\/bar-overseas\/\">Apartenen\u021ba la un grup de peste m\u0103ri<\/a>, membru al grupului de mut\u0103ri comerciale, membru al grupului de interes pentru depozitarea de sine. <a href=\"https:\/\/moverdb.com\/ro\/mutari-internationale\/\">Companii<\/a> pot fi, de asemenea, afilia\u021bi interna\u021bionali (\u00eentreprinderi din afara Marii Britanii care desf\u0103\u0219oar\u0103 activit\u0103\u021bi comerciale \u00een industria de mut\u0103ri) \u0219i afilia\u021bi (\u00eentreprinderi care nu sunt implicate \u00een activit\u0103\u021bi de mut\u0103ri \u0219i depozitare, dar care furnizeaz\u0103 bunuri \u0219i servicii pentru aceast\u0103 industrie).<\/li>\n<li>  BAR are singurul Cod de practic\u0103 din industria mut\u0103rilor care este aprobat \u0219i monitorizat de c\u0103tre Trading Standards Institute.<\/li>\n<li>  Trading Standards Institute monitorizeaz\u0103 performan\u021ba tuturor membrilor BAR.<\/li>\n<li>  BAR acoper\u0103 at\u00e2t Marea Britanie, c\u00e2t \u0219i <a href=\"https:\/\/moverdb.com\/ro\/moving-companies\/\">mut\u0103ri interna\u021bionale<\/a>.<\/li>\n<li>  BAR are propria divizie de formare profesional\u0103 - BAR Training Services, care ofer\u0103 cursuri de formare profesional\u0103 \u00een domeniul afacerilor care stabilesc standardele \u00een materie de formare specific\u0103 industriei.<\/li>\n<li>  Membrii BAR sunt supu\u0219i unor inspec\u021bii permanente ale amplasamentelor pe durata calit\u0103\u021bii de membru.<\/li>\n<li> BAR conduce, de asemenea, \u0219i <a href=\"https:\/\/www.trustedmover.org\" target=\"_blank\" rel=\"noopener\">Mover de \u00eencredere<\/a> pentru a v\u0103 ajuta s\u0103 g\u0103si\u021bi agen\u021bi de eliminare a BAR.<\/li>\n<\/ol>\n<p><strong>Profilul organiza\u021biei:<\/strong><\/p>\n<p>BAR s-a impus ca un organism al industriei cu misiunea de a men\u021bine standardele profesionale \u00een sectorul mut\u0103rilor, \u00een beneficiul membrilor s\u0103i \u0219i al clien\u021bilor acestora. Acesta are un cod de practic\u0103 care stabile\u0219te standardele de servicii, materiale, vehicule \u0219i depozitare, formarea personalului \u0219i modul de abordare a unei situa\u021bii \u00een cazul \u00een care ceva nu merge bine. <\/p>\n<p>De asemenea, ofer\u0103 protec\u021bie financiar\u0103 pentru clien\u021bi, de exemplu, \u00een cazul \u00een care o lucrare este anulat\u0103 de c\u0103tre firma de transport. Clien\u021bii pot depune pl\u00e2ngeri la BAR cu privire la un membru \u0219i exist\u0103, de asemenea, un serviciu alternativ de solu\u021bionare a litigiilor. <\/p>\n<p>Formarea profesional\u0103 este o parte esen\u021bial\u0103 a programului de afiliere la BAR, iar membrii au acces la module de ELearning pe teme precum leadership, finan\u021be, v\u00e2nz\u0103ri \u0219i v\u00e2nz\u0103ri, servicii pentru clien\u021bi, marketing, coaching, management \u0219i dezvoltarea competen\u021belor de supraveghere.<\/p>\n<p><strong>Unele companii membre<\/strong><\/p>\n<ul>\n<li> <a href=\"https:\/\/moverdb.com\/ro\/cadogan-tate\/\">Cadogan Tate<\/a><\/li>\n<li> <a href=\"https:\/\/moverdb.com\/ro\/anglo-pacific\/\">Anglo Pacific<\/a><\/li>\n<li> <a href=\"https:\/\/moverdb.com\/ro\/shore-porters-society\/\">Societatea Portarilor de Coast\u0103<\/a><\/li>\n<li> <a href=\"https:\/\/moverdb.com\/ro\/matthew-james\/\">Matthew James<\/a><\/li>\n<li> <a href=\"https:\/\/moverdb.com\/ro\/robinsons\/\">Robinsons Relocare<\/a><\/li>\n<li> <a href=\"https:\/\/moverdb.com\/ro\/conroy-removals\/\">Conroy Removals<\/a><\/li>\n<\/ul>\n<p><strong>Criterii de aderare:<\/strong><\/p>\n<p>Pe site-ul web nu sunt disponibile criterii de aderare, care precizeaz\u0103: \"Dac\u0103 sunte\u021bi interesat s\u0103 deveni\u021bi membru al BAR \u0219i pentru a ob\u021bine criteriile de aderare \u0219i un formular de cerere, v\u0103 rug\u0103m s\u0103 contacta\u021bi BAR, furniz\u00e2nd informa\u021biile despre compania dumneavoastr\u0103 \u0219i datele de contact.\"<\/p>\n<p><strong>Opinii din industrie despre Asocia\u021bia Britanic\u0103 a Transportatorilor:<\/strong><\/p>\n<p>BAR apare frecvent pe site-urile web ale firmelor britanice de mut\u0103ri \u0219i mul\u021bi dintre cei care o men\u021bioneaz\u0103 se concentreaz\u0103 pe longevitatea sa ca una dintre cele mai vechi asocia\u021bii comerciale din sectorul mut\u0103rilor \u0219i pe istoria sa de peste un secol. <\/p>\n<p>Faptul c\u0103 Trading Standards a aprobat Codul s\u0103u de practic\u0103 este considerat un alt avantaj major, deoarece acesta ofer\u0103 consumatorilor garan\u021bia c\u0103 interesele lor sunt protejate dincolo de cerin\u021bele de baz\u0103 ale legii. <\/p>\n<p>Faptul c\u0103 asocia\u021bia efectueaz\u0103 inspec\u021bii permanente la fa\u021ba locului este considerat important, la fel ca \u0219i faptul c\u0103 membrii trebuie s\u0103 furnizeze dovezi privind satisfac\u021bia continu\u0103 a clien\u021bilor. <\/p>\n<p>Opinia general\u0103 este c\u0103 <em>\"aleg\u00e2nd un membru BAR, v\u0103 ve\u021bi asigura c\u0103 mutarea dvs. va decurge c\u00e2t mai u\u0219or posibil.\"<\/em> BAR este considerat un standard de mutare de c\u0103tre site-urile de imobiliare, care \u00eel descriu ca fiind o cerin\u021b\u0103 de baz\u0103 pentru un bun transportator, care va respecta standarde minime de profesionalism \u0219i va oferi o anumit\u0103 protec\u021bie financiar\u0103.<\/p>\n<blockquote><p>Alegerea unei firme de mut\u0103ri care s-a angajat s\u0103 devin\u0103 membru al BAR este un bun punct de plecare, deoarece arat\u0103 c\u0103 este dispus\u0103 s\u0103 respecte un standard minim. Membrii BAR au standarde minime de conduit\u0103 pentru a deveni membri, ceea ce va fi \u00een interesul dumneavoastr\u0103, cum ar fi vehicule legale \u0219i licen\u021biate, protec\u021bie pentru depozitul dumneavoastr\u0103 \u0219i arbitraj sau conciliere gratuit\u0103 \u0219i \u00een cazul pu\u021bin probabil \u00een care ceva nu merge bine.<\/p><\/blockquote>\n<p>- <a href=\"http:\/\/www.rightmove.co.uk\/choosing-a-removal-company.html\" target=\"_blank\" rel=\"noopener\">rightmove<\/a><\/p>\n<blockquote><p>Fiecare membru BAR respect\u0103 Codul de practic\u0103 BAR, care este aprobat de Trading Standards. Acest cod riguros protejeaz\u0103 \u0219i promoveaz\u0103 interesele consumatorilor dincolo de cerin\u021bele de baz\u0103 ale legii.<\/p><\/blockquote>\n<p>- <a href=\"http:\/\/www.pickfords.co.uk\/british-association-of-removers\" target=\"_blank\" rel=\"noopener\">Pickfords<\/a><\/p>\n<blockquote><p>Mai mult de 97% de consumatori recomand\u0103 dispozitivul de \u00eendep\u0103rtare BAR.<\/p><\/blockquote>\n<p>- <a href=\"http:\/\/www.comparemymove.com\/blog\/our-partners\/a-guide-to-joining-the-british-association-of-removers\/\" target=\"_blank\" rel=\"noopener\">Compara\u021bi Mi\u0219carea mea<\/a><\/p>\n<p><strong>Site web:<\/strong> <a href=\"http:\/\/www.bar.co.uk\/\" target=\"_blank\" rel=\"noopener\">http:\/\/www.bar.co.uk\/<\/a><\/p>","protected":false},"excerpt":{"rendered":"<p>The British Association of Removers (BAR) describes itself as the &#8220;recognised voice of the professional moving industry&#8221; and it is a key body in the UK moving industry. Training, professional standards and providing information and advice to customers are included in the BAR&#8217;s remit, as well as a dispute resolution service. Key facts about BAR: [&hellip;]<\/p>\n","protected":false},"author":1,"featured_media":0,"parent":0,"menu_order":0,"comment_status":"closed","ping_status":"closed","template":"","meta":{"_genesis_hide_title":false,"_genesis_hide_breadcrumbs":false,"_genesis_hide_singular_image":false,"_genesis_hide_footer_widgets":false,"_genesis_custom_body_class":"","_genesis_custom_post_class":"","_genesis_layout":"","footnotes":""},"class_list":{"0":"post-429","1":"page","2":"type-page","3":"status-publish","5":"entry"},"_links":{"self":[{"href":"https:\/\/moverdb.com\/ro\/wp-json\/wp\/v2\/pages\/429","targetHints":{"allow":["GET"]}}],"collection":[{"href":"https:\/\/moverdb.com\/ro\/wp-json\/wp\/v2\/pages"}],"about":[{"href":"https:\/\/moverdb.com\/ro\/wp-json\/wp\/v2\/types\/page"}],"author":[{"embeddable":true,"href":"https:\/\/moverdb.com\/ro\/wp-json\/wp\/v2\/users\/1"}],"replies":[{"embeddable":true,"href":"https:\/\/moverdb.com\/ro\/wp-json\/wp\/v2\/comments?post=429"}],"version-history":[{"count":18,"href":"https:\/\/moverdb.com\/ro\/wp-json\/wp\/v2\/pages\/429\/revisions"}],"predecessor-version":[{"id":6186,"href":"https:\/\/moverdb.com\/ro\/wp-json\/wp\/v2\/pages\/429\/revisions\/6186"}],"wp:attachment":[{"href":"https:\/\/moverdb.com\/ro\/wp-json\/wp\/v2\/media?parent=429"}],"curies":[{"name":"wp","href":"https:\/\/api.w.org\/{rel}","templated":true}]}}