{"id":414,"date":"2016-07-03T15:12:27","date_gmt":"2016-07-03T15:12:27","guid":{"rendered":"http:\/\/moverdb.com\/?page_id=414"},"modified":"2026-01-08T14:39:56","modified_gmt":"2026-01-08T14:39:56","slug":"costuri-de-mutare","status":"publish","type":"page","link":"https:\/\/moverdb.com\/ro\/moving-costs\/","title":{"rendered":"Costuri de mutare interna\u021bional\u0103: 9 lucruri pe care nu le pute\u021bi ignora"},"content":{"rendered":"<p><img loading=\"lazy\" decoding=\"async\" src=\"https:\/\/moverdb.com\/wp-content\/uploads\/International-Moving-Costs.jpg\" alt=\"Costuri de mutare interna\u021bional\u0103\" width=\"720\" height=\"477\" class=\"aligncenter size-full wp-image-780\" srcset=\"https:\/\/moverdb.com\/wp-content\/uploads\/International-Moving-Costs.jpg 720w, https:\/\/moverdb.com\/wp-content\/uploads\/International-Moving-Costs-300x200.jpg 300w, https:\/\/moverdb.com\/wp-content\/uploads\/International-Moving-Costs-600x398.jpg 600w\" sizes=\"auto, (max-width: 720px) 100vw, 720px\" \/><\/p>\n<p>Mul\u021bi oameni care se mut\u0103 \u00een str\u0103in\u0103tate sunt surprin\u0219i de c\u00e2t de mari pot fi costurile de mutare interna\u021bional\u0103. \u00cen cele ce urmeaz\u0103, vom analiza multe dintre cheltuielile a\u0219teptate \u0219i nea\u0219teptate cu care v\u0103 pute\u021bi confrunta \u0219i cum pute\u021bi economisi bani. <\/p>\n<div id=\"ez-toc-container\" class=\"ez-toc-v2_0_82_2 ez-toc-wrap-left counter-hierarchy ez-toc-counter ez-toc-transparent ez-toc-container-direction\">\n<div class=\"ez-toc-title-container\">\n<p class=\"ez-toc-title\" style=\"cursor:inherit\">Sec\u021biuni<\/p>\n<span class=\"ez-toc-title-toggle\"><a href=\"#\" class=\"ez-toc-pull-right ez-toc-btn ez-toc-btn-xs ez-toc-btn-default ez-toc-toggle\" aria-label=\"Comuta\u021bi tabelul de con\u021binut\"><span class=\"ez-toc-js-icon-con\"><span class=\"\"><span class=\"eztoc-hide\" style=\"display:none;\">Toggle<\/span><span class=\"ez-toc-icon-toggle-span\"><svg style=\"fill: #999;color:#999\" xmlns=\"http:\/\/www.w3.org\/2000\/svg\" class=\"list-377408\" width=\"20px\" height=\"20px\" viewbox=\"0 0 24 24\" fill=\"none\"><path d=\"M6 6H4v2h2V6zm14 0H8v2h12V6zM4 11h2v2H4v-2zm16 0H8v2h12v-2zM4 16h2v2H4v-2zm16 0H8v2h12v-2z\" fill=\"currentColor\"><\/path><\/svg><svg style=\"fill: #999;color:#999\" class=\"arrow-unsorted-368013\" xmlns=\"http:\/\/www.w3.org\/2000\/svg\" width=\"10px\" height=\"10px\" viewbox=\"0 0 24 24\" version=\"1.2\" baseprofile=\"tiny\"><path d=\"M18.2 9.3l-6.2-6.3-6.2 6.3c-.2.2-.3.4-.3.7s.1.5.3.7c.2.2.4.3.7.3h11c.3 0 .5-.1.7-.3.2-.2.3-.5.3-.7s-.1-.5-.3-.7zM5.8 14.7l6.2 6.3 6.2-6.3c.2-.2.3-.5.3-.7s-.1-.5-.3-.7c-.2-.2-.4-.3-.7-.3h-11c-.3 0-.5.1-.7.3-.2.2-.3.5-.3.7s.1.5.3.7z\"\/><\/svg><\/span><\/span><\/span><\/a><\/span><\/div>\n<nav><ul class='ez-toc-list ez-toc-list-level-1 eztoc-toggle-hide-by-default' ><li class='ez-toc-page-1 ez-toc-heading-level-2'><a class=\"ez-toc-link ez-toc-heading-1\" href=\"https:\/\/moverdb.com\/ro\/moving-costs\/#1_Moving_Transportation_Costs\" >1. Costuri de mutare \u0219i transport<\/a><\/li><li class='ez-toc-page-1 ez-toc-heading-level-2'><a class=\"ez-toc-link ez-toc-heading-2\" href=\"https:\/\/moverdb.com\/ro\/moving-costs\/#2_Packing_Unpacking_Costs\" >2. Costuri de ambalare \u0219i despachetare<\/a><\/li><li class='ez-toc-page-1 ez-toc-heading-level-2'><a class=\"ez-toc-link ez-toc-heading-3\" href=\"https:\/\/moverdb.com\/ro\/moving-costs\/#3_Moving_Insurance_Costs\" >3. Costurile asigur\u0103rii de mutare<\/a><\/li><li class='ez-toc-page-1 ez-toc-heading-level-2'><a class=\"ez-toc-link ez-toc-heading-4\" href=\"https:\/\/moverdb.com\/ro\/moving-costs\/#4_Storage_Costs\" >4. Costuri de depozitare<\/a><\/li><li class='ez-toc-page-1 ez-toc-heading-level-2'><a class=\"ez-toc-link ez-toc-heading-5\" href=\"https:\/\/moverdb.com\/ro\/moving-costs\/#5Customs_Duty_Charges_Taxes\" >5.Taxe \u0219i impozite vamale<\/a><\/li><li class='ez-toc-page-1 ez-toc-heading-level-2'><a class=\"ez-toc-link ez-toc-heading-6\" href=\"https:\/\/moverdb.com\/ro\/moving-costs\/#6_Visa_Fees\" >6. Taxe de viz\u0103<\/a><\/li><li class='ez-toc-page-1 ez-toc-heading-level-2'><a class=\"ez-toc-link ez-toc-heading-7\" href=\"https:\/\/moverdb.com\/ro\/moving-costs\/#7_Lawyer_Fees\" >7. Onorariile avoca\u021bilor<\/a><\/li><li class='ez-toc-page-1 ez-toc-heading-level-2'><a class=\"ez-toc-link ez-toc-heading-8\" href=\"https:\/\/moverdb.com\/ro\/moving-costs\/#8_Housing_Costs\" >8. Costurile cu locuin\u021bele<\/a><\/li><li class='ez-toc-page-1 ez-toc-heading-level-2'><a class=\"ez-toc-link ez-toc-heading-9\" href=\"https:\/\/moverdb.com\/ro\/moving-costs\/#9_Other_Costs\" >9. Alte costuri<\/a><\/li><\/ul><\/nav><\/div>\n<h2><span class=\"ez-toc-section\" id=\"1_Moving_Transportation_Costs\"><\/span>1. Costuri de mutare \u0219i transport<span class=\"ez-toc-section-end\"><\/span><\/h2>\n<p>Cea mai mare cheltuial\u0103 cu care v\u0103 ve\u021bi confrunta este angajarea unui <a href=\"https:\/\/moverdb.com\/ro\/moving-companies\/\">companie de mutare interna\u021bional\u0103<\/a> s\u0103 v\u0103 mute bunurile din casa dvs. din \u021bara A \u00een noua dvs. locuin\u021b\u0103 din \u021bara B. Pute\u021bi compara companiile folosind formularul de mai sus.<\/p>\n<p>Costul se va baza pe c\u00e2\u021biva factori principali:<\/p>\n<ul>\n<li> <strong>Dimensiunea mut\u0103rii:<\/strong> Cu c\u00e2t este mai mare mutarea, cu at\u00e2t va fi mai scump\u0103. Acest lucru este valabil at\u00e2t \u00een ceea ce prive\u0219te greutatea, c\u00e2t \u0219i volumul. Serviciile de grupaj pot reduce aceast\u0103 tax\u0103 dac\u0103 nu ave\u021bi suficiente bunuri pentru o \u00eenc\u0103rc\u0103tur\u0103 complet\u0103.<\/li>\n<li> <strong>Distan\u021ba:<\/strong> Cu c\u00e2t trebuie s\u0103 v\u0103 deplasa\u021bi mai departe, cu at\u00e2t va fi mai scump.<\/li>\n<li> <strong>Traseu:<\/strong> Unele destina\u021bii sunt destul de comune, iar altele sunt destul de rare. De exemplu, mut\u0103rile interna\u021bionale \u00eentre <a href=\"https:\/\/moverdb.com\/ro\/moving-to-canada\/\" data-internallinksmanager029f6b8e52c=\"265\" title=\"Mutarea \u00een Canada? 2026 Costurile de trai \u0219i sfaturi de relocare\">Canada<\/a> \u0219i <a href=\"https:\/\/moverdb.com\/ro\/moving-to-the-united-states\/\" data-internallinksmanager029f6b8e52c=\"94\" title=\"V\u0103 muta\u021bi \u00een Statele Unite? 2026 Costurile vie\u021bii \u0219i sfaturi de relocare\">Statele Unite ale Americii<\/a> sau \u00een interiorul Europei sunt comune, iar aceste rute vor fi \u00een general mai ieftine datorit\u0103 concuren\u021bei, \u00een compara\u021bie cu cele mai pu\u021bin frecvente.<\/li>\n<li> <strong>Metoda de transport:<\/strong> Metoda pe care o alege\u021bi pentru a v\u0103 muta bunurile este un factor important \u00een pre\u021bul final pe care \u00eel ve\u021bi pl\u0103ti. Transportul maritim este cea mai ieftin\u0103 op\u021biune, \u00een timp ce transportul aerian este cel mai scump. Camioanele vor efectua aproape \u00eentotdeauna prima \u0219i ultima etap\u0103 a oric\u0103rei mut\u0103ri, indiferent de metoda sau metodele folosite \u00eentre ele.<\/li>\n<\/ul>\n<p>Av\u00e2nd \u00een vedere c\u0103 transportul maritim este cea mai ieftin\u0103 op\u021biune, unele persoane \u00eencearc\u0103 s\u0103 se adreseze direct unei companii de transport maritim. <a href=\"https:\/\/moverdb.com\/ro\/companii-de-transport-maritim\/\">companie de transport maritim interna\u021bional<\/a>. De\u0219i acest lucru poate fi uneori mai ieftin, cele mai multe dintre aceste companii nu sunt cu adev\u0103rat preg\u0103tite pentru mut\u0103ri la domiciliu, ci se ocup\u0103 \u00een principal de <a href=\"https:\/\/moverdb.com\/ro\/expeditor-de-marfuri\/\">transportul de marf\u0103<\/a>.    <\/p>\n<p>Pentru a \u00een\u021belege mai bine costurile de mutare \u0219i de transport, poate dori\u021bi s\u0103 citi\u021bi \u0219i ghidul nostru de <a href=\"https:\/\/moverdb.com\/ro\/transport-maritim-de-containere\/\">Costuri de transport maritim interna\u021bional de containere<\/a> sau s\u0103ri\u021bi direct la ob\u021binerea <a href=\"https:\/\/moverdb.com\/ro\/citate\/\">citate interna\u021bionale \u00een mi\u0219care<\/a>.<\/p>\n<p><strong>Costuri tipice:<\/strong> \u00cencep\u00e2nd de la <strong>$1,000<\/strong> USD (\u00a3750; \u20ac900) \u0219i poate dep\u0103\u0219i cu u\u0219urin\u021b\u0103 $10.000 pentru mut\u0103ri pe distan\u021be lungi \u00een str\u0103in\u0103tate.<\/p>\n<h2><span class=\"ez-toc-section\" id=\"2_Packing_Unpacking_Costs\"><\/span>2. Costuri de ambalare \u0219i despachetare<span class=\"ez-toc-section-end\"><\/span><\/h2>\n<p>De\u0219i nu toate <a href=\"https:\/\/moverdb.com\/ro\/moving-companies\/\" data-internallinksmanager029f6b8e52c=\"79\" title=\"Top 25 Companii interna\u021bionale de mutare online\">companii de mutare<\/a> percep taxe suplimentare pentru ambalare \u0219i despachetare, mul\u021bi fac acest lucru. \u00cen func\u021bie de \u021bara \u00een care v\u0103 muta\u021bi, este posibil s\u0103 nu ave\u021bi de ales \u00een ceea ce prive\u0219te suportarea acestor costuri. Motivul este acela c\u0103 documentele vamale ale unor \u021b\u0103ri cer ca firma de mut\u0103ri s\u0103 garanteze pentru bunurile importate \u0219i s\u0103 se asigure c\u0103 nu se transport\u0103 nimic ilegal.<\/p>\n<p>Printre obiectele ilegale se num\u0103r\u0103 cele evidente, cum ar fi drogurile \u0219i armele, dar pot fi \u0219i lucruri de care nu sunte\u021bi con\u0219tien\u021bi, cum ar fi anumite plante sau animale. Companiile de mutare prinse c\u0103 \u00eencalc\u0103 legea pot fi amendate sau \u00ee\u0219i pot pierde licen\u021bele \u0219i, prin urmare, capacitatea de a face afaceri \u00een \u021bara respectiv\u0103.<\/p>\n<p>Dac\u0103 dori\u021bi s\u0103 evita\u021bi sau s\u0103 reduce\u021bi acest cost, nu uita\u021bi s\u0103 vorbi\u021bi cu firma de mut\u0103ri pentru a vedea dac\u0103 pute\u021bi face ceva. Uneori pute\u021bi economisi bani dac\u0103 \u00eempacheta\u021bi singur lucrurile, dar l\u0103sa\u021bi cutiile deschise pentru ca ace\u0219tia s\u0103 le inspecteze. \u0218i pute\u021bi economisi \u00eentotdeauna bani la cel\u0103lalt cap\u0103t dac\u0103 alege\u021bi s\u0103 despacheta\u021bi singuri lucrurile \u00een noua dvs. cas\u0103. <\/p>\n<p>\u00cen cele din urm\u0103, nu uita\u021bi c\u0103 nu exist\u0103 nicio modalitate de a evita plata materialelor de ambalare, cum ar fi cutii, folie cu bule \u0219i band\u0103 adeziv\u0103. <\/p>\n<p><strong>Cost tipic:<\/strong> \u00cencep\u00e2nd de la <strong>$100<\/strong> USD (75 lire sterline, 90 euro), dar de obicei c\u00e2teva sute de dolari.    <\/p>\n<h2><span class=\"ez-toc-section\" id=\"3_Moving_Insurance_Costs\"><\/span>3. Costurile asigur\u0103rii de mutare<span class=\"ez-toc-section-end\"><\/span><\/h2>\n<p>Unele companii de mut\u0103ri includ asigurarea \u00een pre\u021bul oferit, dar nu toate o fac. Asigura\u021bi-v\u0103 c\u0103 verifica\u021bi exact ce acoper\u0103 \u0219i ce nu acoper\u0103 asigurarea. <\/p>\n<p>\u00cen cazul \u00een care m\u0103rfurile dumneavoastr\u0103 sunt trimise pe mare, trebuie s\u0103 v\u0103 asigura\u021bi c\u0103 exist\u0103 un fel de poli\u021b\u0103 de asigurare maritim\u0103. \u00cen orice caz, ve\u021bi dori s\u0103 ave\u021bi o poli\u021b\u0103 care s\u0103 acopere valoarea total\u0103 a pierderii, furtului \u0219i\/sau deterior\u0103rii bunurilor dumneavoastr\u0103.   <\/p>\n<p><strong>Costuri tipice:<\/strong> \u00cencep\u00e2nd de la <strong>$100<\/strong> USD (75 lire sterline, 90 euro), dar poate fi mult mai mare dac\u0103 se transport\u0103 bunuri de mare valoare, neobi\u0219nuite \u0219i\/sau rare.<\/p>\n<h2><span class=\"ez-toc-section\" id=\"4_Storage_Costs\"><\/span>4. Costuri de depozitare<span class=\"ez-toc-section-end\"><\/span><\/h2>\n<p>Atunci c\u00e2nd v\u0103 muta\u021bi \u00een str\u0103in\u0103tate, s-ar putea s\u0103 v\u0103 trezi\u021bi c\u0103 trebuie s\u0103 pl\u0103ti\u021bi pentru depozitare pe l\u00e2ng\u0103 costurile obi\u0219nuite de mutare. Acest lucru se datoreaz\u0103 faptului c\u0103 poate fi dificil s\u0103 coordona\u021bi data mut\u0103rii dvs. cu datele de expediere folosite de c\u0103tre <a href=\"https:\/\/moverdb.com\/ro\/container-shipping\/\" data-internallinksmanager029f6b8e52c=\"3\" title=\"Graficul ratelor de transport maritim interna\u021bional de containere: Aprilie 2026\">transport maritim interna\u021bional<\/a> companii. <\/p>\n<p>Astfel, \u00een timp ce bunurile dumneavoastr\u0103 nu sunt \u00een tranzit, acestea vor trebui s\u0103 fie depozitate undeva. Asigura\u021bi-v\u0103 c\u0103 \u021bine\u021bi cont de acest lucru atunci c\u00e2nd stabili\u021bi a\u0219tept\u0103rile privind data la care vor ajunge bunurile dumneavoastr\u0103.<\/p>\n<p>De asemenea, este posibil s\u0103 dori\u021bi s\u0103 v\u0103 p\u0103stra\u021bi bunurile \u00een depozit \u00een timp ce v\u0103 c\u0103uta\u021bi un loc de trai \u00een noua dumneavoastr\u0103 \u021bar\u0103. Sau poate dori\u021bi doar s\u0103 pl\u0103ti\u021bi pentru a depozita lucrurile p\u00e2n\u0103 la \u00eentoarcere, dac\u0103 anticipa\u021bi c\u0103 este vorba de o mutare temporar\u0103.  <\/p>\n<p><strong>Costuri tipice:<\/strong> \u00cencep\u00e2nd de la <strong>$100<\/strong> USD (75 \u00a375, 90 \u20ac) pe lun\u0103 pentru un apartament mic cu una sau dou\u0103 camere, iar pre\u021burile pot cre\u0219te de acolo. Din fericire, exist\u0103 o concuren\u021b\u0103 destul de mare \u00een acest spa\u021biu, ceea ce ajut\u0103 la men\u021binerea pre\u021burilor la un nivel sc\u0103zut. <\/p>\n<h2><span class=\"ez-toc-section\" id=\"5Customs_Duty_Charges_Taxes\"><\/span>5.Taxe \u0219i impozite vamale<span class=\"ez-toc-section-end\"><\/span><\/h2>\n<p>Un alt mic cost pe care trebuie s\u0103-l lua\u021bi \u00een considerare \u00eenainte de a v\u0103 muta sunt taxele vamale din \u021bara \u00een care v\u0103 muta\u021bi. Unele \u021b\u0103ri, cum ar fi Statele Unite, permit ca majoritatea bunurilor de uz casnic s\u0103 fie mutate f\u0103r\u0103 taxe vamale. <\/p>\n<p>\u00cen timp ce \u021b\u0103ri precum <a href=\"https:\/\/moverdb.com\/ro\/moving-to-the-uk\/\" data-internallinksmanager029f6b8e52c=\"93\" title=\"V\u0103 muta\u021bi \u00een Regatul Unit? 2026 Costurile vie\u021bii \u0219i sfaturi de relocare\">Regatul Unit<\/a> au reguli mai complicate, care depind de locul de unde v\u0103 muta\u021bi. De exemplu, mut\u0103rile din interiorul UE (la momentul redact\u0103rii acestui articol) sunt scutite de taxe vamale, \u00een timp ce mut\u0103rile din afara UE pot avea ca rezultat taxe \u0219i impozite pentru care pute\u021bi solicita scutiri. <\/p>\n<p>De cele mai multe ori, taxele vamale \u0219i drepturile de vam\u0103 sunt percepute \u00een func\u021bie de valoarea m\u0103rfurilor. <\/p>\n<p><strong>Costuri tipice:<\/strong> De la gratuit la aproape nelimitat, \u00een func\u021bie de valoarea \u0219i tipul de bunuri pe care le ve\u021bi aduce cu dumneavoastr\u0103. <\/p>\n<h2><span class=\"ez-toc-section\" id=\"6_Visa_Fees\"><\/span>6. Taxe de viz\u0103<span class=\"ez-toc-section-end\"><\/span><\/h2>\n<p>Atunci c\u00e2nd v\u0103 muta\u021bi \u00eentr-o alt\u0103 \u021bar\u0103 pentru a lucra sau a studia, va trebui s\u0103 solicita\u021bi o viz\u0103, cu excep\u021bia cazului \u00een care v\u0103 muta\u021bi \u00een UE, care v\u0103 permite s\u0103 v\u0103 deplasa\u021bi \u00eentre \u021b\u0103ri f\u0103r\u0103 viz\u0103. Vizele de munc\u0103 \u0219i de studiu presupun aproape \u00eentotdeauna o mul\u021bime de documente \u0219i plata unor taxe uneori destul de importante. <\/p>\n<p>De exemplu, \u00een Regatul Unit, unele vize cost\u0103 peste 1.000 de lire sterline ($1.300 USD; 1.200 de euro). \u0218i nu uita\u021bi c\u0103 aceast\u0103 tax\u0103 trebuie pl\u0103tit\u0103 de fiecare dat\u0103 c\u00e2nd v\u0103 re\u00eennoi\u021bi viza. Acest lucru poate ad\u0103uga semnificativ la costurile globale \u0219i ar trebui s\u0103 fie un lucru pentru care s\u0103 v\u0103 face\u021bi un buget.<\/p>\n<p><strong>Costuri tipice:<\/strong> Este gratuit\u0103 \u00een UE \u0219i variaz\u0103 de la o \u021bar\u0103 la alta, dar poate ajunge la c\u00e2teva mii de dolari pentru fiecare viz\u0103.<\/p>\n<h2><span class=\"ez-toc-section\" id=\"7_Lawyer_Fees\"><\/span>7. Onorariile avoca\u021bilor<span class=\"ez-toc-section-end\"><\/span><\/h2>\n<p>\u00cen general, vizele \u0219i alte documente vamale pot fi completate de unul singur, cu pu\u021bin\u0103 cercetare pe internet, folosind resursele site-urilor guvernamentale din \u021bara de origine \u0219i din \u021bara \u00een care inten\u021biona\u021bi s\u0103 v\u0103 muta\u021bi. <\/p>\n<p>Cu toate acestea, mul\u021bi oameni se simt mai confortabil s\u0103 apeleze la un avocat pentru a rezolva problema uneori extrem de complex\u0103 a mut\u0103rilor interna\u021bionale. <\/p>\n<p>Prin urmare, mul\u021bi oameni aleg s\u0103 angajeze un avocat pentru a completa toate documentele de care au nevoie, \u00een loc s\u0103 se descurce singuri. De\u0219i acest lucru poate oferi lini\u0219te sufleteasc\u0103, poate veni cu un cost destul de substan\u021bial. <\/p>\n<p><strong>Costuri tipice:<\/strong> Variaz\u0103 foarte mult \u00een func\u021bie de \u021bar\u0103, de obicei pre\u021burile \u00eencep de la nu mai pu\u021bin de <strong>$100USD\/or\u0103<\/strong> (75 lire sterline, 90 euro), cu taxe forfetare pentru servicii comune care pot dep\u0103\u0219i cu u\u0219urin\u021b\u0103 <strong>$1,000 USD<\/strong> chiar \u0219i pentru cele mai elementare servicii.  <\/p>\n<h2><span class=\"ez-toc-section\" id=\"8_Housing_Costs\"><\/span>8. Costurile cu locuin\u021bele<span class=\"ez-toc-section-end\"><\/span><\/h2>\n<p>Probabil c\u0103 cea mai mare cheltuial\u0103 pe care o ve\u021bi avea \u00een noua dumneavoastr\u0103 \u021bar\u0103 va fi locuin\u021ba. Cu toate acestea, trebuie s\u0103 fi\u021bi con\u0219tient de faptul c\u0103 modul \u00een care func\u021bioneaz\u0103 locuin\u021bele, precum \u0219i taxele \u0219i impozitele aferente pot varia foarte mult de la o \u021bar\u0103 la alta. <\/p>\n<p>De exemplu, \u00een Statele Unite, pre\u021burile propriet\u0103\u021bilor \u00een afara marilor ora\u0219e de coast\u0103 sunt extrem de sc\u0103zute. Cu toate acestea, va trebui s\u0103 pl\u0103ti\u021bi impozite pe proprietate \u00een fiecare an, \u00een func\u021bie de valoarea propriet\u0103\u021bii, dar numai dac\u0103 sunte\u021bi proprietar. Acestea variaz\u0103 de la 0,28% \u00een <a href=\"https:\/\/moverdb.com\/ro\/moving-to-the-united-states\/moving-to-hawaii\/\" data-internallinksmanager029f6b8e52c=\"403\" title=\"V\u0103 muta\u021bi \u00een Hawaii? 2026 Costuri de trai \u0219i sfaturi de relocare\">Hawaii<\/a> p\u00e2n\u0103 la 2.29% \u00een <a href=\"https:\/\/moverdb.com\/ro\/moving-to-the-united-states\/moving-to-new-jersey\/\" data-internallinksmanager029f6b8e52c=\"417\" title=\"V\u0103 muta\u021bi \u00een New Jersey? 2026 Costurile de trai \u0219i sfaturi de relocare\">New Jersey<\/a>.<\/p>\n<p>Pe de alt\u0103 parte, \u021b\u0103ri precum Marea Britanie nu au impozite directe pe proprietate. \u00cen schimb, pl\u0103ti\u021bi <a href=\"https:\/\/www.gov.uk\/stamp-duty-land-tax\/residential-property-rates\" target=\"_blank\" rel=\"noopener\">tax\u0103 de timbru<\/a> la cump\u0103rarea unei porpet\u0103\u021bi, care poate fi de p\u00e2n\u0103 la 12% din pre\u021bul de achizi\u021bie (cump\u0103r\u0103torul pl\u0103te\u0219te \u00eentreaga tax\u0103, nu \u0219i v\u00e2nz\u0103torul). \u00cen plus, at\u00e2t proprietarii de locuin\u021be, c\u00e2t \u0219i chiria\u0219ii trebuie s\u0103 pl\u0103teasc\u0103 <a href=\"https:\/\/www.gov.uk\/council-tax\/working-out-your-council-tax\" target=\"_blank\" rel=\"noopener\">taxa de consiliu<\/a> \u00een fiecare an, pe baza valorii propriet\u0103\u021bii \u00een 1991. \u00cen medie, aceasta se ridic\u0103 la aproximativ 1.200 de lire sterline ($1.600 USD; 1.400 de euro) pe an.<\/p>\n<p>Prin urmare, atunci c\u00e2nd v\u0103 uita\u021bi la o locuin\u021b\u0103, nu v\u0103 uita\u021bi doar la pre\u021bul de achizi\u021bie \u0219i\/sau de \u00eenchiriere. Asigura\u021bi-v\u0103 c\u0103 \u00een\u021belege\u021bi toate taxele, comisioanele \u0219i impozitele de care ve\u021bi fi r\u0103spunz\u0103tor, av\u00e2nd \u00een vedere tipul, loca\u021bia \u0219i modul de \u00eenchiriere a locuin\u021bei pe care o ve\u021bi folosi. <\/p>\n<p><strong>Costuri tipice:<\/strong> Depinde \u00een \u00eentregime de \u021bar\u0103, dar impozitele nu sunt de obicei mai mici de $1.000 USD pe an \u0219i pot fi substan\u021bial mai mari \u00een \u021b\u0103rile cu un regim de impozitare a propriet\u0103\u021bii bazat pe procente.    <\/p>\n<h2><span class=\"ez-toc-section\" id=\"9_Other_Costs\"><\/span>9. Alte costuri<span class=\"ez-toc-section-end\"><\/span><\/h2>\n<p>\u00cen cele din urm\u0103, atunci c\u00e2nd v\u0103 muta\u021bi la nivel interna\u021bional, trebuie s\u0103 lua\u021bi \u00een calcul o serie de alte taxe \u0219i costuri mici \u0219i mai pu\u021bin mici. Acestea pot include lucruri cum ar fi cump\u0103rarea de mobil\u0103 nou\u0103, dac\u0103 v\u0103 muta\u021bi dintr-o \u021bar\u0103 \u00een care apartamentele mobilate sunt obi\u0219nuite \u00een \u021b\u0103ri precum SUA sau Canada, unde acest lucru este rar.<\/p>\n<p>Chiar dac\u0103 de\u021bine\u021bi propria mobil\u0103, s-ar putea s\u0103 fi\u021bi nevoit s\u0103 cump\u0103ra\u021bi aparate noi, deoarece \u00een diferite \u021b\u0103ri se folosesc tensiuni diferite \u0219i\/sau prize diferite. Folosirea unui tip gre\u0219it de aparat poate deteriora sistemul electric, a\u0219a c\u0103 verifica\u021bi \u00eentotdeauna \u00eenainte de a v\u0103 muta. <\/p>\n<p>De asemenea, este posibil s\u0103 ave\u021bi nevoie de haine noi dac\u0103 v\u0103 muta\u021bi dintr-o zon\u0103 cu vreme rece \u00eentr-o zon\u0103 cu vreme cald\u0103 sau viceversa. Pentru a afla mai multe despre aceste tipuri de costuri, cel mai bine este s\u0103 v\u0103 informa\u021bi mai multe despre \u021bara \u00een care v\u0103 muta\u021bi.<\/p>\n<p>Din acest motiv, am creat c\u00e2teva ghiduri specifice pentru fiecare \u021bar\u0103 \u00een parte, care ar trebui s\u0103 v\u0103 ajute s\u0103 afla\u021bi mai multe despre costurile din \u021bara \u00een care v\u0103 ve\u021bi muta.   <\/p>","protected":false},"excerpt":{"rendered":"<p>Many people who move abroad are surprised a just how high international moving costs can be. Below we look at many of the expected and unexpected expenses you may face and how to save money. 1. Moving &#038; Transportation Costs The biggest single expense you&#8217;ll face is hiring an international moving company to move your [&hellip;]<\/p>\n","protected":false},"author":1,"featured_media":780,"parent":0,"menu_order":0,"comment_status":"closed","ping_status":"closed","template":"","meta":{"_genesis_hide_title":false,"_genesis_hide_breadcrumbs":false,"_genesis_hide_singular_image":false,"_genesis_hide_footer_widgets":false,"_genesis_custom_body_class":"","_genesis_custom_post_class":"","_genesis_layout":"","footnotes":""},"class_list":{"0":"post-414","1":"page","2":"type-page","3":"status-publish","4":"has-post-thumbnail","6":"entry"},"_links":{"self":[{"href":"https:\/\/moverdb.com\/ro\/wp-json\/wp\/v2\/pages\/414","targetHints":{"allow":["GET"]}}],"collection":[{"href":"https:\/\/moverdb.com\/ro\/wp-json\/wp\/v2\/pages"}],"about":[{"href":"https:\/\/moverdb.com\/ro\/wp-json\/wp\/v2\/types\/page"}],"author":[{"embeddable":true,"href":"https:\/\/moverdb.com\/ro\/wp-json\/wp\/v2\/users\/1"}],"replies":[{"embeddable":true,"href":"https:\/\/moverdb.com\/ro\/wp-json\/wp\/v2\/comments?post=414"}],"version-history":[{"count":15,"href":"https:\/\/moverdb.com\/ro\/wp-json\/wp\/v2\/pages\/414\/revisions"}],"predecessor-version":[{"id":13165,"href":"https:\/\/moverdb.com\/ro\/wp-json\/wp\/v2\/pages\/414\/revisions\/13165"}],"wp:featuredmedia":[{"embeddable":true,"href":"https:\/\/moverdb.com\/ro\/wp-json\/wp\/v2\/media\/780"}],"wp:attachment":[{"href":"https:\/\/moverdb.com\/ro\/wp-json\/wp\/v2\/media?parent=414"}],"curies":[{"name":"wp","href":"https:\/\/api.w.org\/{rel}","templated":true}]}}