{"id":4126,"date":"2022-06-07T21:11:54","date_gmt":"2022-06-07T21:11:54","guid":{"rendered":"https:\/\/moverdb.com\/?page_id=4126"},"modified":"2026-01-08T14:38:32","modified_gmt":"2026-01-08T14:38:32","slug":"insulele-cayman","status":"publish","type":"page","link":"https:\/\/moverdb.com\/ro\/container-shipping\/cayman-islands\/","title":{"rendered":"2022 Tarife de expediere a containerelor de marf\u0103 maritim\u0103 c\u0103tre \u0219i din Insulele Cayman"},"content":{"rendered":"<div class=\"wp-block-image\">\n<figure class=\"aligncenter size-full\"><img loading=\"lazy\" decoding=\"async\" width=\"1000\" height=\"668\" src=\"https:\/\/moverdb.com\/wp-content\/uploads\/cayman-islands.jpg\" alt=\"Propriet\u0103\u021bi cu vedere la plaj\u0103 \u0219i palmieri \u00een Insulele Cayman\" class=\"wp-image-4095\" srcset=\"https:\/\/moverdb.com\/wp-content\/uploads\/cayman-islands.jpg 1000w, https:\/\/moverdb.com\/wp-content\/uploads\/cayman-islands-300x200.jpg 300w, https:\/\/moverdb.com\/wp-content\/uploads\/cayman-islands-18x12.jpg 18w, https:\/\/moverdb.com\/wp-content\/uploads\/cayman-islands-600x401.jpg 600w\" sizes=\"auto, (max-width: 1000px) 100vw, 1000px\" \/><\/figure>\n<\/div>\n\n\n<p>The <strong><a href=\"https:\/\/moverdb.com\/ro\/moving-to-cayman-islands\/\" data-internallinksmanager029f6b8e52c=\"425\" title=\"V\u0103 muta\u021bi \u00een Insulele Cayman? 2026 Costuri de trai \u0219i sfaturi de relocare\">Insulele Cayman<\/a><\/strong> sunt un paradis u\u0219or de accesat, la fel ca restul \u021b\u0103rilor frumoase din Caraibe. Exist\u0103, de fapt, trei insule Cayman care sunt toate decorate cu plaje uluitoare, palmieri \u0219i lagune imaculate.<\/p>\n\n\n\n<p>Aceast\u0103 \u021bar\u0103 mic\u0103 este perfect\u0103 pentru oricine dore\u0219te s\u0103 se bucure de via\u021b\u0103 \u0219i s\u0103 lucreze \u00een acela\u0219i timp, deoarece este cunoscut\u0103 pentru cultura muncii flexibile \u0219i pentru lipsa impozitului pe venitul personal. Calitatea excelent\u0103 a vie\u021bii \u0219i apropierea de principalele noduri de tranzit sunt, de asemenea, c\u00e2teva dintre avantajele de a locui \u00een Insulele Cayman.<\/p>\n\n\n\n<p>Acestea fiind spuse, dac\u0103 v\u0103 planifica\u021bi o mutare major\u0103 \u00een aceast\u0103 \u021bar\u0103, ar fi foarte util s\u0103 afla\u021bi care sunt costurile de transport al bunurilor personale \u0219i al locuin\u021bei.<\/p>\n\n\n\n<p>Insulele Cayman <a href=\"https:\/\/moverdb.com\/ro\/container-shipping\/\" data-internallinksmanager029f6b8e52c=\"3\" title=\"Graficul ratelor de transport maritim interna\u021bional de containere: Aprilie 2026\">tarifele de transport maritim \u00een containere<\/a> care sunt compilate \u00een acest articol sunt cele mai mici pe care le pute\u021bi g\u0103si acolo, a\u0219a c\u0103 asigura\u021bi-v\u0103 c\u0103 trece\u021bi \u00een revist\u0103 graficele de mai jos \u0219i identifica\u021bi <a href=\"https:\/\/moverdb.com\/ro\/top-49-container-ports\/\" data-internallinksmanager029f6b8e52c=\"80\" title=\"Top 49 cele mai mari \u0219i mai aglomerate porturi de containere \u00een 2026\">port<\/a> ora\u0219ul cel mai apropiat de dumneavoastr\u0103. Dac\u0103 ave\u021bi nevoie de un pre\u021b precis de la u\u0219\u0103 la u\u0219\u0103, v\u0103 rug\u0103m s\u0103 utiliza\u021bi instrumentul de estimare personalizat\u0103 oferit de <a href=\"https:\/\/moverdb.com\/ro\/\">MoverDB<\/a>.<\/p>\n\n\n\n<h2 class=\"wp-block-heading\">Costurile de transport maritim container \u00een Insulele Cayman (George Town)<\/h2>\n\n\n<div class=\"wp-block-image\">\n<figure class=\"aligncenter size-large\"><img loading=\"lazy\" decoding=\"async\" width=\"1024\" height=\"539\" src=\"https:\/\/moverdb.com\/wp-content\/uploads\/Shipping-Container-Costs-to-Cayman-Islands-1024x539.png\" alt=\"Costurile de transport maritim container \u00een Insulele Cayman (George Town)\" class=\"wp-image-4097\" srcset=\"https:\/\/moverdb.com\/wp-content\/uploads\/Shipping-Container-Costs-to-Cayman-Islands-1024x539.png 1024w, https:\/\/moverdb.com\/wp-content\/uploads\/Shipping-Container-Costs-to-Cayman-Islands-300x158.png 300w, https:\/\/moverdb.com\/wp-content\/uploads\/Shipping-Container-Costs-to-Cayman-Islands-1536x809.png 1536w, https:\/\/moverdb.com\/wp-content\/uploads\/Shipping-Container-Costs-to-Cayman-Islands-18x9.png 18w, https:\/\/moverdb.com\/wp-content\/uploads\/Shipping-Container-Costs-to-Cayman-Islands-600x316.png 600w, https:\/\/moverdb.com\/wp-content\/uploads\/Shipping-Container-Costs-to-Cayman-Islands.png 2000w\" sizes=\"auto, (max-width: 1024px) 100vw, 1024px\" \/><\/figure>\n<\/div>\n\n\n<table id=\"tablepress-79\" class=\"tablepress tablepress-id-79\">\n<thead>\n<tr class=\"row-1\">\n\t<th class=\"column-1\">\u021aara de destina\u021bie (port\/ora\u0219)<\/th><th class=\"column-2\">20FT<\/th><th class=\"column-3\">40FT<\/th>\n<\/tr>\n<\/thead>\n<tbody class=\"row-striping row-hover\">\n<tr class=\"row-2\">\n\t<td class=\"column-1\"><a href=\"https:\/\/moverdb.com\/ro\/container-shipping\/andorra\/\" data-internallinksmanager029f6b8e52c=\"88\" title=\"2026 Taxe de transport maritim de m\u0103rfuri containerizate c\u0103tre \u0219i din Andorra\">Andorra (Andorra la Vella)<\/a><\/td><td class=\"column-2\">1868<\/td><td class=\"column-3\">3171<\/td>\n<\/tr>\n<tr class=\"row-3\">\n\t<td class=\"column-1\"><a href=\"https:\/\/moverdb.com\/ro\/container-shipping\/argentina\/\" data-internallinksmanager029f6b8e52c=\"91\" title=\"2026 Transport maritim de marf\u0103 container Taxe de transport maritim c\u0103tre \u0219i din Argentina\">Argentina (Buenos Aires)<\/a><\/td><td class=\"column-2\">3728<\/td><td class=\"column-3\">4313<\/td>\n<\/tr>\n<tr class=\"row-4\">\n\t<td class=\"column-1\"><a href=\"https:\/\/moverdb.com\/ro\/container-shipping\/australia\/\" data-internallinksmanager029f6b8e52c=\"89\" title=\"2026 Tarife de transport maritim de containere c\u0103tre \u0219i din Australia\">Australia (Sydney)<\/a><\/td><td class=\"column-2\">N\/A<\/td><td class=\"column-3\">12406<\/td>\n<\/tr>\n<tr class=\"row-5\">\n\t<td class=\"column-1\"><a href=\"https:\/\/moverdb.com\/ro\/container-shipping\/austria\/\" data-internallinksmanager029f6b8e52c=\"95\" title=\"2026 Taxe de transport maritim de m\u0103rfuri containerizate c\u0103tre \u0219i din Austria\">Austria (Viena)<\/a><\/td><td class=\"column-2\">N\/A<\/td><td class=\"column-3\">3739<\/td>\n<\/tr>\n<tr class=\"row-6\">\n\t<td class=\"column-1\"><a href=\"https:\/\/moverdb.com\/ro\/container-shipping\/bahrain\/\" data-internallinksmanager029f6b8e52c=\"96\" title=\"2026 Taxe de expediere a containerelor de transport maritim de marf\u0103 c\u0103tre \u0219i din Bahrain\">Bahrain (Manama)<\/a><\/td><td class=\"column-2\">N\/A<\/td><td class=\"column-3\">12306<\/td>\n<\/tr>\n<tr class=\"row-7\">\n\t<td class=\"column-1\"><a href=\"https:\/\/moverdb.com\/ro\/container-shipping\/belgium\/\" data-internallinksmanager029f6b8e52c=\"86\" title=\"2026 Taxe de transport maritim de m\u0103rfuri containerizate c\u0103tre \u0219i din Belgia\">Belgia (Antwerp)<\/a><\/td><td class=\"column-2\">2643<\/td><td class=\"column-3\">4077<\/td>\n<\/tr>\n<tr class=\"row-8\">\n\t<td class=\"column-1\"><a href=\"https:\/\/moverdb.com\/ro\/container-shipping\/belize\/\" data-internallinksmanager029f6b8e52c=\"137\" title=\"2026 Transport maritim de marf\u0103 container Taxe de transport maritim c\u0103tre \u0219i din Belize\">Belize (Belize City)<\/a><\/td><td class=\"column-2\">2448<\/td><td class=\"column-3\">2804<\/td>\n<\/tr>\n<tr class=\"row-9\">\n\t<td class=\"column-1\"><a href=\"https:\/\/moverdb.com\/ro\/container-shipping\/brazil\/\" data-internallinksmanager029f6b8e52c=\"98\" title=\"2026 Transport maritim de marf\u0103 container Taxe de transport maritim c\u0103tre \u0219i din Brazilia\">Brazilia (Santos)<\/a><\/td><td class=\"column-2\">3728<\/td><td class=\"column-3\">4327<\/td>\n<\/tr>\n<tr class=\"row-10\">\n\t<td class=\"column-1\"><a href=\"https:\/\/moverdb.com\/ro\/container-shipping\/cambodia\/\" data-internallinksmanager029f6b8e52c=\"101\" title=\"2026 Transport maritim de marf\u0103 container Tarife de transport maritim c\u0103tre \u0219i din Cambodgia\">Cambodgia (Sihanoukville)<\/a><\/td><td class=\"column-2\">7606<\/td><td class=\"column-3\">8276<\/td>\n<\/tr>\n<tr class=\"row-11\">\n\t<td class=\"column-1\"><a href=\"https:\/\/moverdb.com\/ro\/container-shipping\/china\/\" data-internallinksmanager029f6b8e52c=\"105\" title=\"2026 Transport maritim de m\u0103rfuri container de transport maritim Tarife de expediere c\u0103tre \u0219i din China\">China (Beijing)<\/a><\/td><td class=\"column-2\">6757<\/td><td class=\"column-3\">7134<\/td>\n<\/tr>\n<tr class=\"row-12\">\n\t<td class=\"column-1\">China (Shanghai)<\/td><td class=\"column-2\">6696<\/td><td class=\"column-3\">7077<\/td>\n<\/tr>\n<tr class=\"row-13\">\n\t<td class=\"column-1\"><a href=\"https:\/\/moverdb.com\/ro\/container-shipping\/germany\/\" data-internallinksmanager029f6b8e52c=\"118\" title=\"2026 Taxe de expediere a containerelor de transport maritim de marf\u0103 c\u0103tre \u0219i din Germania\">Germania (Hamburg)<\/a><\/td><td class=\"column-2\">2643<\/td><td class=\"column-3\">4077<\/td>\n<\/tr>\n<tr class=\"row-14\">\n\t<td class=\"column-1\"><a href=\"https:\/\/moverdb.com\/ro\/container-shipping\/greece\/\" data-internallinksmanager029f6b8e52c=\"120\" title=\"2026 Transport maritim de marf\u0103 container Tarife de transport maritim c\u0103tre \u0219i din Grecia\">Grecia (Piraeus)<\/a><\/td><td class=\"column-2\">4664<\/td><td class=\"column-3\">8058<\/td>\n<\/tr>\n<tr class=\"row-15\">\n\t<td class=\"column-1\"><a href=\"https:\/\/moverdb.com\/ro\/container-shipping\/guernsey\/\" data-internallinksmanager029f6b8e52c=\"121\" title=\"2026 Taxe de expediere a containerelor de marf\u0103 maritim\u0103 c\u0103tre \u0219i din Guernsey\">Guernsey (St Peter Port)<\/a><\/td><td class=\"column-2\">3704<\/td><td class=\"column-3\">5620<\/td>\n<\/tr>\n<tr class=\"row-16\">\n\t<td class=\"column-1\"><a href=\"https:\/\/moverdb.com\/ro\/container-shipping\/hong-kong\/\" data-internallinksmanager029f6b8e52c=\"123\" title=\"2026 Taxe de expediere a containerelor de transport maritim de marf\u0103 c\u0103tre \u0219i din Hong Kong\">Hong Kong (Hong Kong)<\/a><\/td><td class=\"column-2\">6696<\/td><td class=\"column-3\">7077<\/td>\n<\/tr>\n<tr class=\"row-17\">\n\t<td class=\"column-1\"><a href=\"https:\/\/moverdb.com\/ro\/container-shipping\/indonesia\/\" data-internallinksmanager029f6b8e52c=\"126\" title=\"2026 Transport maritim de m\u0103rfuri container de transport Tarife de transport maritim c\u0103tre \u0219i din Indonezia\">Indonezia (Jakarta)<\/a><\/td><td class=\"column-2\">7295<\/td><td class=\"column-3\">7762<\/td>\n<\/tr>\n<tr class=\"row-18\">\n\t<td class=\"column-1\"><a href=\"https:\/\/moverdb.com\/ro\/container-shipping\/isle-of-man\/\" data-internallinksmanager029f6b8e52c=\"128\" title=\"2026 Taxe de expediere a containerelor de marf\u0103 maritim\u0103 c\u0103tre \u0219i din Insula Man\">Insula Man (Douglas)<\/a><\/td><td class=\"column-2\">3718<\/td><td class=\"column-3\">5641<\/td>\n<\/tr>\n<tr class=\"row-19\">\n\t<td class=\"column-1\"><a href=\"https:\/\/moverdb.com\/ro\/container-shipping\/jersey\/\" data-internallinksmanager029f6b8e52c=\"132\" title=\"2026 Taxe de expediere a containerelor de marf\u0103 maritim\u0103 c\u0103tre \u0219i din Jersey\">Jersey (St Helier)<\/a><\/td><td class=\"column-2\">3704<\/td><td class=\"column-3\">5620<\/td>\n<\/tr>\n<tr class=\"row-20\">\n\t<td class=\"column-1\"><a href=\"https:\/\/moverdb.com\/ro\/container-shipping\/luxembourg\/\" data-internallinksmanager029f6b8e52c=\"146\" title=\"2026 Taxe de expediere a containerelor de marf\u0103 maritim\u0103 c\u0103tre \u0219i din Luxemburg\">Luxemburg (Luxemburg)<\/a><\/td><td class=\"column-2\">2639<\/td><td class=\"column-3\">4071<\/td>\n<\/tr>\n<tr class=\"row-21\">\n\t<td class=\"column-1\"><a href=\"https:\/\/moverdb.com\/ro\/container-shipping\/malaysia\/\" data-internallinksmanager029f6b8e52c=\"148\" title=\"2026 Transport maritim de m\u0103rfuri container de transport Tarife de transport maritim c\u0103tre \u0219i din Malaezia\">Malaezia (Port Kelang)<\/a><\/td><td class=\"column-2\">7354<\/td><td class=\"column-3\">7762<\/td>\n<\/tr>\n<tr class=\"row-22\">\n\t<td class=\"column-1\"><a href=\"https:\/\/moverdb.com\/ro\/container-shipping\/netherlands\/\" data-internallinksmanager029f6b8e52c=\"151\" title=\"2026 Taxe de transport maritim de m\u0103rfuri containerizate c\u0103tre \u0219i din Olanda\">\u021a\u0103rile de Jos (Rotterdam)<\/a><\/td><td class=\"column-2\">2643<\/td><td class=\"column-3\">4077<\/td>\n<\/tr>\n<tr class=\"row-23\">\n\t<td class=\"column-1\"><a href=\"https:\/\/moverdb.com\/ro\/container-shipping\/philippines\/\" data-internallinksmanager029f6b8e52c=\"156\" title=\"2026 Taxe de expediere a containerelor de marf\u0103 maritim\u0103 c\u0103tre \u0219i din Filipine\">Filipine (Manila)<\/a><\/td><td class=\"column-2\">7438<\/td><td class=\"column-3\">7933<\/td>\n<\/tr>\n<tr class=\"row-24\">\n\t<td class=\"column-1\"><a href=\"https:\/\/moverdb.com\/ro\/container-shipping\/russia\/\" data-internallinksmanager029f6b8e52c=\"160\" title=\"2026 Transport maritim de marf\u0103 container Taxe de transport maritim c\u0103tre \u0219i din Rusia\">Rusia (Sankt Petersburg)<\/a><\/td><td class=\"column-2\">2087<\/td><td class=\"column-3\">3243<\/td>\n<\/tr>\n<tr class=\"row-25\">\n\t<td class=\"column-1\"><a href=\"https:\/\/moverdb.com\/ro\/container-shipping\/saudi-arabia\/\" data-internallinksmanager029f6b8e52c=\"178\" title=\"2026 Transport maritim de marf\u0103 container Tarife de transport maritim c\u0103tre \u0219i din Arabia Saudit\u0103\">Arabia Saudit\u0103 (Jeddah)<\/a><\/td><td class=\"column-2\">4098<\/td><td class=\"column-3\">5198<\/td>\n<\/tr>\n<tr class=\"row-26\">\n\t<td class=\"column-1\"><a href=\"https:\/\/moverdb.com\/ro\/container-shipping\/singapore\/\" data-internallinksmanager029f6b8e52c=\"179\" title=\"2026 Transport maritim de marf\u0103 container Taxe de transport maritim c\u0103tre \u0219i din Singapore\">Singapore (Singapore)<\/a><\/td><td class=\"column-2\">7295<\/td><td class=\"column-3\">7704<\/td>\n<\/tr>\n<tr class=\"row-27\">\n\t<td class=\"column-1\"><a href=\"https:\/\/moverdb.com\/ro\/container-shipping\/south-korea\/\" data-internallinksmanager029f6b8e52c=\"180\" title=\"2026 Transport maritim de marf\u0103 container Tarife de transport maritim c\u0103tre \u0219i din Coreea de Sud\">Coreea de Sud (Busan)<\/a><\/td><td class=\"column-2\">7295<\/td><td class=\"column-3\">7704<\/td>\n<\/tr>\n<tr class=\"row-28\">\n\t<td class=\"column-1\"><a href=\"https:\/\/moverdb.com\/ro\/container-shipping\/spain\/\" data-internallinksmanager029f6b8e52c=\"182\" title=\"2026 Taxe de expediere a containerelor de transport maritim de marf\u0103 c\u0103tre \u0219i din Spania\">Spania (Valencia)<\/a><\/td><td class=\"column-2\">12974<\/td><td class=\"column-3\">17177<\/td>\n<\/tr>\n<tr class=\"row-29\">\n\t<td class=\"column-1\"><a href=\"https:\/\/moverdb.com\/ro\/container-shipping\/taiwan\/\" data-internallinksmanager029f6b8e52c=\"183\" title=\"2026 Transport maritim de m\u0103rfuri container de transport maritim Tarife de expediere c\u0103tre \u0219i din Taiwan\">Taiwan (Kaohsiung)<\/a><\/td><td class=\"column-2\">6696<\/td><td class=\"column-3\">7077<\/td>\n<\/tr>\n<tr class=\"row-30\">\n\t<td class=\"column-1\"><a href=\"https:\/\/moverdb.com\/ro\/container-shipping\/thailand\/\" data-internallinksmanager029f6b8e52c=\"189\" title=\"2026 Transport maritim de m\u0103rfuri container de transport maritim Tarife de expediere c\u0103tre \u0219i din Thailanda\">Thailanda (Laem Chabang)<\/a><\/td><td class=\"column-2\">7295<\/td><td class=\"column-3\">7933<\/td>\n<\/tr>\n<tr class=\"row-31\">\n\t<td class=\"column-1\"><a href=\"https:\/\/moverdb.com\/ro\/container-shipping\/united-arab-emirates\/\" data-internallinksmanager029f6b8e52c=\"188\" title=\"2026 Tarife de transport maritim de containere c\u0103tre \u0219i din EAU\">EAU (Jebel Ali)<\/a><\/td><td class=\"column-2\">4098<\/td><td class=\"column-3\">5198<\/td>\n<\/tr>\n<tr class=\"row-32\">\n\t<td class=\"column-1\"><a href=\"https:\/\/moverdb.com\/ro\/container-shipping\/united-kingdom\/\" data-internallinksmanager029f6b8e52c=\"196\" title=\"2026 Tarife de transport maritim de containere c\u0103tre \u0219i din Regatul Unit\">Marea Britanie (Londra)<\/a><\/td><td class=\"column-2\">2756<\/td><td class=\"column-3\">2774<\/td>\n<\/tr>\n<tr class=\"row-33\">\n\t<td class=\"column-1\"><a href=\"https:\/\/moverdb.com\/ro\/moving-to-the-united-states\/\" data-internallinksmanager029f6b8e52c=\"94\" title=\"V\u0103 muta\u021bi \u00een Statele Unite? 2026 Costurile vie\u021bii \u0219i sfaturi de relocare\">SUA<\/a> (<a href=\"https:\/\/moverdb.com\/ro\/moving-to-los-angeles\/\" data-internallinksmanager029f6b8e52c=\"51\" title=\"V\u0103 muta\u021bi \u00een Los Angeles? 2026 Costuri de trai \u0219i sfaturi de relocare \u00een LA\">Los Angeles<\/a>)<\/td><td class=\"column-2\">912<\/td><td class=\"column-3\">1309<\/td>\n<\/tr>\n<tr class=\"row-34\">\n\t<td class=\"column-1\"><a href=\"https:\/\/moverdb.com\/ro\/container-shipping\/united-states\/\" data-internallinksmanager029f6b8e52c=\"87\" title=\"2026 Taxe de expediere a containerelor de marf\u0103 maritim\u0103 c\u0103tre \u0219i din SUA\">SUA (New York)<\/a><\/td><td class=\"column-2\">2624<\/td><td class=\"column-3\">1937<\/td>\n<\/tr>\n<tr class=\"row-35\">\n\t<td class=\"column-1\"><a href=\"https:\/\/moverdb.com\/ro\/container-shipping\/vietnam\/\" data-internallinksmanager029f6b8e52c=\"245\" title=\"2026 Tarife de transport maritim de m\u0103rfuri containerizate c\u0103tre \u0219i din Vietnam\">Vietnam (Saigon)<\/a><\/td><td class=\"column-2\">7295<\/td><td class=\"column-3\">7704<\/td>\n<\/tr>\n<\/tbody>\n<\/table>\n<!-- #tablepress-79 from cache -->\n\n\n\n<h2 class=\"wp-block-heading\">Costurile de transport maritim de containere din Insulele Cayman (George Town)<\/h2>\n\n\n<div class=\"wp-block-image\">\n<figure class=\"aligncenter size-large\"><img loading=\"lazy\" decoding=\"async\" width=\"1024\" height=\"539\" src=\"https:\/\/moverdb.com\/wp-content\/uploads\/Shipping-Container-Costs-from-Cayman-Islands-1024x539.png\" alt=\"Costurile de transport maritim de containere din Insulele Cayman (George Town)\" class=\"wp-image-4096\" srcset=\"https:\/\/moverdb.com\/wp-content\/uploads\/Shipping-Container-Costs-from-Cayman-Islands-1024x539.png 1024w, https:\/\/moverdb.com\/wp-content\/uploads\/Shipping-Container-Costs-from-Cayman-Islands-300x158.png 300w, https:\/\/moverdb.com\/wp-content\/uploads\/Shipping-Container-Costs-from-Cayman-Islands-1536x809.png 1536w, https:\/\/moverdb.com\/wp-content\/uploads\/Shipping-Container-Costs-from-Cayman-Islands-18x9.png 18w, https:\/\/moverdb.com\/wp-content\/uploads\/Shipping-Container-Costs-from-Cayman-Islands-600x316.png 600w, https:\/\/moverdb.com\/wp-content\/uploads\/Shipping-Container-Costs-from-Cayman-Islands.png 2000w\" sizes=\"auto, (max-width: 1024px) 100vw, 1024px\" \/><\/figure>\n<\/div>\n\n\n<table id=\"tablepress-75\" class=\"tablepress tablepress-id-75\">\n<thead>\n<tr class=\"row-1\">\n\t<th class=\"column-1\">\u021aara de destina\u021bie (port\/ora\u0219)<\/th><th class=\"column-2\">20FT<\/th><th class=\"column-3\">40FT<\/th>\n<\/tr>\n<\/thead>\n<tbody class=\"row-striping row-hover\">\n<tr class=\"row-2\">\n\t<td class=\"column-1\">Andorra (Andorra la Vella)<\/td><td class=\"column-2\">346<\/td><td class=\"column-3\">355<\/td>\n<\/tr>\n<tr class=\"row-3\">\n\t<td class=\"column-1\"><a href=\"https:\/\/moverdb.com\/ro\/container-shipping\/antigua-and-barbuda\/\" data-internallinksmanager029f6b8e52c=\"92\" title=\"2026 Transport maritim de m\u0103rfuri containerizate Tarife de transport maritim c\u0103tre \u0219i din Antigua \u0219i Barbuda\">Antigua \u0219i Barbuda (St John's)<\/a><\/td><td class=\"column-2\">600<\/td><td class=\"column-3\">801<\/td>\n<\/tr>\n<tr class=\"row-4\">\n\t<td class=\"column-1\">Argentina (Buenos Aires)<\/td><td class=\"column-2\">928<\/td><td class=\"column-3\">1416<\/td>\n<\/tr>\n<tr class=\"row-5\">\n\t<td class=\"column-1\">Australia (Sydney)<\/td><td class=\"column-2\">6430<\/td><td class=\"column-3\">8027<\/td>\n<\/tr>\n<tr class=\"row-6\">\n\t<td class=\"column-1\">Brazilia (Santos)<\/td><td class=\"column-2\">928<\/td><td class=\"column-3\">1416<\/td>\n<\/tr>\n<tr class=\"row-7\">\n\t<td class=\"column-1\"><a href=\"https:\/\/moverdb.com\/ro\/container-shipping\/canada\/\" data-internallinksmanager029f6b8e52c=\"102\" title=\"2026 Transport maritim de marf\u0103 container Tarife de transport maritim c\u0103tre \u0219i din Canada\">Canada (Toronto)<\/a><\/td><td class=\"column-2\">2331<\/td><td class=\"column-3\">3074<\/td>\n<\/tr>\n<tr class=\"row-8\">\n\t<td class=\"column-1\">Canada (<a href=\"https:\/\/moverdb.com\/ro\/moving-to-canada\/moving-to-vancouver\/\" data-internallinksmanager029f6b8e52c=\"438\" title=\"V\u0103 muta\u021bi la Vancouver? 2026 Costuri de trai \u0219i sfaturi de relocare\">Vancouver<\/a>)<\/td><td class=\"column-2\">2842<\/td><td class=\"column-3\">3664<\/td>\n<\/tr>\n<tr class=\"row-9\">\n\t<td class=\"column-1\">China (Beijing)<\/td><td class=\"column-2\">3737<\/td><td class=\"column-3\">4102<\/td>\n<\/tr>\n<tr class=\"row-10\">\n\t<td class=\"column-1\">China (Shanghai)<\/td><td class=\"column-2\">3449<\/td><td class=\"column-3\">4010<\/td>\n<\/tr>\n<tr class=\"row-11\">\n\t<td class=\"column-1\"><a href=\"https:\/\/moverdb.com\/ro\/container-shipping\/colombia\/\" data-internallinksmanager029f6b8e52c=\"106\" title=\"2026 Transport maritim de m\u0103rfuri container Tarife de transport maritim c\u0103tre \u0219i din Columbia\">Columbia (Barranquilla)<\/a><\/td><td class=\"column-2\">638<\/td><td class=\"column-3\">870<\/td>\n<\/tr>\n<tr class=\"row-12\">\n\t<td class=\"column-1\">Indonezia (Jakarta)<\/td><td class=\"column-2\">6307<\/td><td class=\"column-3\">7267<\/td>\n<\/tr>\n<tr class=\"row-13\">\n\t<td class=\"column-1\">Malaezia (Port Kelang)<\/td><td class=\"column-2\">6307<\/td><td class=\"column-3\">7267<\/td>\n<\/tr>\n<tr class=\"row-14\">\n\t<td class=\"column-1\"><a href=\"https:\/\/moverdb.com\/ro\/container-shipping\/new-zealand\/\" data-internallinksmanager029f6b8e52c=\"163\" title=\"2026 Transport maritim de marf\u0103 container Tarife de transport maritim c\u0103tre \u0219i din Noua Zeeland\u0103\">Noua Zeeland\u0103 (Auckland)<\/a><\/td><td class=\"column-2\">6430<\/td><td class=\"column-3\">8027<\/td>\n<\/tr>\n<tr class=\"row-15\">\n\t<td class=\"column-1\"><a href=\"https:\/\/moverdb.com\/ro\/container-shipping\/papua-new-guinea\/\" data-internallinksmanager029f6b8e52c=\"165\" title=\"2026 Transport maritim de marf\u0103 container Tarife de transport maritim c\u0103tre \u0219i din Papua Noua Guinee\">Papua Noua Guinee (Port Moresby)<\/a><\/td><td class=\"column-2\">6430<\/td><td class=\"column-3\">8027<\/td>\n<\/tr>\n<tr class=\"row-16\">\n\t<td class=\"column-1\">Singapore (Singapore)<\/td><td class=\"column-2\">6307<\/td><td class=\"column-3\">7267<\/td>\n<\/tr>\n<tr class=\"row-17\">\n\t<td class=\"column-1\"><a href=\"https:\/\/moverdb.com\/ro\/container-shipping\/south-africa\/\" data-internallinksmanager029f6b8e52c=\"185\" title=\"2026 Taxe de expediere a containerelor de transport maritim de marf\u0103 c\u0103tre \u0219i din Africa de Sud\">Africa de Sud (Durban)<\/a><\/td><td class=\"column-2\">4806<\/td><td class=\"column-3\">5277<\/td>\n<\/tr>\n<tr class=\"row-18\">\n\t<td class=\"column-1\">SUA (Los Angeles)<\/td><td class=\"column-2\">729<\/td><td class=\"column-3\">905<\/td>\n<\/tr>\n<tr class=\"row-19\">\n\t<td class=\"column-1\">SUA (New York)<\/td><td class=\"column-2\">363<\/td><td class=\"column-3\">363<\/td>\n<\/tr>\n<\/tbody>\n<\/table>\n<!-- #tablepress-75 from cache -->\n\n\n\n<h3 class=\"wp-block-heading\">Note privind datele:<\/h3>\n\n\n\n<ul class=\"wp-block-list\"><li>Toate cifrele $ sunt exprimate \u00een dolari americani (USD);<\/li><li>Tarifele sunt exacte de la mijlocul anului 2022;<\/li><li>H\u0103r\u021bile din acest articol au fost create folosind <a href=\"https:\/\/www.mapchart.net\" target=\"_blank\" rel=\"noreferrer noopener\">https:\/\/www.mapchart.net<\/a>. Sunte\u021bi liberi s\u0103 distribui\u021bi h\u0103r\u021bile, at\u00e2ta timp c\u00e2t furniza\u021bi un link de atribuire c\u0103tre <a href=\"https:\/\/moverdb.com\/ro\/\" target=\"_blank\" rel=\"noreferrer noopener\">MoverDB<\/a>;<\/li><li>Tarifele de mai sus sunt doar estimative \u0219i se pot modifica de la data public\u0103rii acestui articol (aprilie 2022). Acestea se bazeaz\u0103 pe cea mai mic\u0103 rat\u0103 estimat\u0103 fie de la <a href=\"https:\/\/www.icontainers.com\" target=\"_blank\" rel=\"noreferrer noopener\">https:\/\/www.icontainers.com<\/a> sau <a href=\"https:\/\/www.freightos.com\" target=\"_blank\" rel=\"noreferrer noopener\">https:\/\/www.freightos.com<\/a>;<\/li><li>Pentru a ob\u021bine o idee mai exact\u0103 a costului pentru dumneavoastr\u0103, v\u0103 rug\u0103m s\u0103 utiliza\u021bi formularul de ofert\u0103 din partea de sus a acestei pagini;<\/li><li>V\u0103 rug\u0103m s\u0103 consulta\u021bi \u0219i ghidul nostru pentru <a href=\"https:\/\/moverdb.com\/ro\/transport-maritim-de-containere\/\" target=\"_blank\" rel=\"noreferrer noopener\">transportul maritim interna\u021bional de containere<\/a><\/li><\/ul>","protected":false},"excerpt":{"rendered":"<p>The Cayman Islands are an easily-accessible paradise just like the rest of the beautiful countries in the Caribbean. There are, in fact, three Cayman islands that are all decorated with breathtaking beaches, palm trees, and pristine lagoons. This small country is perfect for anyone willing to enjoy their life while still working as the place [&hellip;]<\/p>\n","protected":false},"author":2,"featured_media":4095,"parent":44,"menu_order":0,"comment_status":"open","ping_status":"closed","template":"","meta":{"_genesis_hide_title":false,"_genesis_hide_breadcrumbs":false,"_genesis_hide_singular_image":false,"_genesis_hide_footer_widgets":false,"_genesis_custom_body_class":"","_genesis_custom_post_class":"","_genesis_layout":"","footnotes":""},"class_list":{"0":"post-4126","1":"page","2":"type-page","3":"status-publish","4":"has-post-thumbnail","6":"entry"},"_links":{"self":[{"href":"https:\/\/moverdb.com\/ro\/wp-json\/wp\/v2\/pages\/4126","targetHints":{"allow":["GET"]}}],"collection":[{"href":"https:\/\/moverdb.com\/ro\/wp-json\/wp\/v2\/pages"}],"about":[{"href":"https:\/\/moverdb.com\/ro\/wp-json\/wp\/v2\/types\/page"}],"author":[{"embeddable":true,"href":"https:\/\/moverdb.com\/ro\/wp-json\/wp\/v2\/users\/2"}],"replies":[{"embeddable":true,"href":"https:\/\/moverdb.com\/ro\/wp-json\/wp\/v2\/comments?post=4126"}],"version-history":[{"count":1,"href":"https:\/\/moverdb.com\/ro\/wp-json\/wp\/v2\/pages\/4126\/revisions"}],"predecessor-version":[{"id":4127,"href":"https:\/\/moverdb.com\/ro\/wp-json\/wp\/v2\/pages\/4126\/revisions\/4127"}],"up":[{"embeddable":true,"href":"https:\/\/moverdb.com\/ro\/wp-json\/wp\/v2\/pages\/44"}],"wp:featuredmedia":[{"embeddable":true,"href":"https:\/\/moverdb.com\/ro\/wp-json\/wp\/v2\/media\/4095"}],"wp:attachment":[{"href":"https:\/\/moverdb.com\/ro\/wp-json\/wp\/v2\/media?parent=4126"}],"curies":[{"name":"wp","href":"https:\/\/api.w.org\/{rel}","templated":true}]}}