{"id":384,"date":"2016-05-26T14:06:53","date_gmt":"2016-05-26T14:06:53","guid":{"rendered":"http:\/\/moverdb.com\/?page_id=384"},"modified":"2026-01-08T14:40:17","modified_gmt":"2026-01-08T14:40:17","slug":"comentarii","status":"publish","type":"page","link":"https:\/\/moverdb.com\/ro\/reviews\/","title":{"rendered":"MoverDB International Moving Company Recenzii \u0219i scoruri explicate"},"content":{"rendered":"<p>La MoverDB.com, scopul nostru este de a v\u0103 oferi informa\u021bii \u0219i recenzii impar\u021biale despre cele mai mari \u0219i mai bune companii de transport din lume. <a href=\"https:\/\/moverdb.com\/ro\/moving-companies\/\">cele mai bune companii interna\u021bionale de mutare<\/a>. Pentru a face acest lucru, am creat profiluri pentru fiecare firm\u0103 de mut\u0103ri.<\/p>\n<p>Fiecare profil include urm\u0103toarele informa\u021bii:<\/p>\n<ol>\n<li> Servicii de mutare oferite de companie.<\/li>\n<li> Profilul companiei: inclusiv istoricul, reputa\u021bia \u0219i <a href=\"https:\/\/moverdb.com\/ro\/organizatii-asociatii\/\">organiza\u021bii \u0219i afilieri<\/a> \u00eempreun\u0103 cu orice alte fapte interesante.<\/li>\n<li> Recenzii de pe internet pentru a v\u0103 ajuta s\u0103 alege\u021bi o firm\u0103 de mut\u0103ri mai bun\u0103.<\/li>\n<\/ol>\n<p><strong>4. Revizuirea site-ului web explicat\u0103<\/strong><\/p>\n<p>\u00cen cele din urm\u0103, MoverDB.com include, de asemenea, un scor de recenzii pe site pentru fiecare firm\u0103 de mut\u0103ri. Aceasta este o evaluare a utilit\u0103\u021bii site-ului web \u0219i <strong>nu reflect\u0103<\/strong> calitatea aparatului de transport \u00een sine. \u00cen schimb, se analizeaz\u0103 urm\u0103toarele aspecte:<\/p>\n<ol>\n<li> Informa\u021bii de contact clare<\/li>\n<li> Posibilitatea de a ob\u021bine cu u\u0219urin\u021b\u0103 o ofert\u0103<\/li>\n<li> Informa\u021bii clare \u0219i utile pe site-ul web<\/li>\n<li> Apartenen\u021ba la organiza\u021bii interna\u021bionale de mut\u0103ri<\/li>\n<li> Recenzii \u0219i m\u0103rturii<\/li>\n<\/ol>\n<p><em>V\u0103 rug\u0103m s\u0103 le folosi\u021bi pe propriul risc. MoverDB.com nu \u00ee\u0219i asum\u0103 nicio responsabilitate pentru acurate\u021bea informa\u021biilor prezentate. \u00cen plus, nu ne asum\u0103m nicio responsabilitate pentru utilizarea informa\u021biilor \u0219i recenziilor de pe acest site \u00een alegerea unui transportator. Noi oferim pur \u0219i simplu o modalitate de a <a href=\"https:\/\/moverdb.com\/ro\/citate\/\">compara\u021bi mutan\u021bi cu citate gratuite<\/a>.<\/em><\/p>","protected":false},"excerpt":{"rendered":"<p>At MoverDB.com our goal is to bring you unbiased information and reviews of the world&#8217;s biggest and best international moving companies. To do this we&#8217;ve created profiles for each and every mover. Each profile includes the following information: Moving services offered by the company. Company profile: including history, reputation and organizations &#038; affiliations along with [&hellip;]<\/p>\n","protected":false},"author":1,"featured_media":0,"parent":0,"menu_order":0,"comment_status":"closed","ping_status":"closed","template":"","meta":{"_genesis_hide_title":false,"_genesis_hide_breadcrumbs":false,"_genesis_hide_singular_image":false,"_genesis_hide_footer_widgets":false,"_genesis_custom_body_class":"","_genesis_custom_post_class":"","_genesis_layout":"","footnotes":""},"class_list":{"0":"post-384","1":"page","2":"type-page","3":"status-publish","5":"entry"},"_links":{"self":[{"href":"https:\/\/moverdb.com\/ro\/wp-json\/wp\/v2\/pages\/384","targetHints":{"allow":["GET"]}}],"collection":[{"href":"https:\/\/moverdb.com\/ro\/wp-json\/wp\/v2\/pages"}],"about":[{"href":"https:\/\/moverdb.com\/ro\/wp-json\/wp\/v2\/types\/page"}],"author":[{"embeddable":true,"href":"https:\/\/moverdb.com\/ro\/wp-json\/wp\/v2\/users\/1"}],"replies":[{"embeddable":true,"href":"https:\/\/moverdb.com\/ro\/wp-json\/wp\/v2\/comments?post=384"}],"version-history":[{"count":3,"href":"https:\/\/moverdb.com\/ro\/wp-json\/wp\/v2\/pages\/384\/revisions"}],"predecessor-version":[{"id":387,"href":"https:\/\/moverdb.com\/ro\/wp-json\/wp\/v2\/pages\/384\/revisions\/387"}],"wp:attachment":[{"href":"https:\/\/moverdb.com\/ro\/wp-json\/wp\/v2\/media?parent=384"}],"curies":[{"name":"wp","href":"https:\/\/api.w.org\/{rel}","templated":true}]}}