{"id":366,"date":"2016-05-22T20:25:26","date_gmt":"2016-05-22T20:25:26","guid":{"rendered":"http:\/\/moverdb.com\/?page_id=366"},"modified":"2026-01-08T14:47:18","modified_gmt":"2026-01-08T14:47:18","slug":"organizatii-asociatii","status":"publish","type":"page","link":"https:\/\/moverdb.com\/ro\/organizations-associations\/","title":{"rendered":"28 Organiza\u021bii \u0219i asocia\u021bii interna\u021bionale de mutare \u0219i transport maritim"},"content":{"rendered":"<p><img loading=\"lazy\" decoding=\"async\" width=\"720\" height=\"486\" src=\"https:\/\/moverdb.com\/wp-content\/uploads\/number-buttons.jpg\" alt=\"Organiza\u021bii \u0219i asocia\u021bii interna\u021bionale de mutare \u0219i transport maritim\" class=\"aligncenter size-full wp-image-367\" srcset=\"https:\/\/moverdb.com\/wp-content\/uploads\/number-buttons.jpg 720w, https:\/\/moverdb.com\/wp-content\/uploads\/number-buttons-300x203.jpg 300w, https:\/\/moverdb.com\/wp-content\/uploads\/number-buttons-600x405.jpg 600w\" sizes=\"auto, (max-width: 720px) 100vw, 720px\" \/><\/p>\n<p>Mai jos este o list\u0103 neexhaustiv\u0103 a celor mai importante organiza\u021bii, asocia\u021bii, scheme, bresle, consilii etc. de mut\u0103ri \u0219i transporturi interna\u021bionale.   <\/p>\n<ol>\n<li> <a href=\"https:\/\/moverdb.com\/ro\/sunt\/\">Asocia\u021bia Interna\u021bional\u0103 a Transportatorilor<\/a> (IAM) - The <a href=\"https:\/\/moverdb.com\/ro\/iam\/\" data-internallinksmanager029f6b8e52c=\"23\" title=\"Explica\u021bii despre Asocia\u021bia Interna\u021bional\u0103 a Transportatorilor (IAM)\">Asocia\u021bia Interna\u021bional\u0103 a Transportatorilor<\/a> (IAM) este un organism de comer\u021b global cu membri care furnizeaz\u0103 servicii de mutare, expediere, transport maritim, logistic\u0103 \u0219i servicii conexe.<\/li>\n<li> <a href=\"https:\/\/moverdb.com\/ro\/fidi-faim\/\">FIDI &amp; FIDI acreditat FIDI International Mover<\/a> (<a href=\"https:\/\/moverdb.com\/ro\/fidi-faim\/\" data-internallinksmanager029f6b8e52c=\"16\" title=\"FIDI &amp; FAIM (FIDI Accredited International Mover) Explicat\">FAIM<\/a>) - FIDI (F\u00e9d\u00e9ration Internationale des D\u00e9m\u00e9nageurs Internationaux; Federa\u021bia Interna\u021bional\u0103 a Transportatorilor Interna\u021bionali) este o organiza\u021bie umbrel\u0103 la nivel mondial a \u00eentreprinderilor de mut\u0103ri \u0219i reloc\u0103ri interna\u021bionale.<\/li>\n<li> <a href=\"https:\/\/moverdb.com\/ro\/amsa\/\">Asocia\u021bia american\u0103 de mutare \u0219i depozitare<\/a> (AMSA) - \u00cen cadrul <a href=\"https:\/\/moverdb.com\/ro\/amsa\/\" data-internallinksmanager029f6b8e52c=\"5\" title=\"Asocia\u021bia American\u0103 de Mutare \u0219i Depozitare (AMSA) Explicat\">Asocia\u021bia american\u0103 de mutare \u0219i depozitare<\/a> (AMSA) este asocia\u021bia na\u021bional\u0103 de comer\u021b pentru industria american\u0103 a mut\u0103rilor.<\/li>\n<li> <a href=\"https:\/\/moverdb.com\/ro\/janta-promovare\/\">Transportator interna\u021bional \u00eenregistrat (RIM) \/ ProMover interna\u021bional<\/a> - Interna\u021bional <a href=\"https:\/\/moverdb.com\/ro\/rim-promover\/\" data-internallinksmanager029f6b8e52c=\"76\" title=\"Certificarea RIM International ProMover explicat\u0103\">ProMover<\/a> certificarea face parte din programul Registered International Mover (RIM), creat de American Moving &amp; Storage Association (AMSA).<\/li>\n<li> <a href=\"https:\/\/moverdb.com\/ro\/asociatia-britanica-a-demolatorilor\/\">Asocia\u021bia Britanic\u0103 a Transportatorilor<\/a> (BAR) - The <a href=\"https:\/\/moverdb.com\/ro\/british-association-of-removers\/\" data-internallinksmanager029f6b8e52c=\"9\" title=\"Asocia\u021bia Britanic\u0103 a Transportatorilor (BAR) Explica\u021bii\">Asocia\u021bia Britanic\u0103 a Transportatorilor<\/a> (BAR) se descrie pe sine ca fiind \"vocea recunoscut\u0103 a industriei mut\u0103rilor profesionale\" \u0219i este un organism cheie \u00een cadrul <a href=\"https:\/\/moverdb.com\/ro\/moving-to-the-uk\/\" data-internallinksmanager029f6b8e52c=\"93\" title=\"V\u0103 muta\u021bi \u00een Regatul Unit? 2026 Costurile vie\u021bii \u0219i sfaturi de relocare\">MAREA BRITANIE<\/a> industria \u00een mi\u0219care.<\/li>\n<li> <a href=\"https:\/\/moverdb.com\/ro\/bar-overseas\/\">Grupul BAR Overseas<\/a> - <a href=\"https:\/\/moverdb.com\/ro\/bar-overseas\/\" data-internallinksmanager029f6b8e52c=\"10\" title=\"Explica\u021bii despre grupul de peste m\u0103ri al Asocia\u021biei Britanice a Transportatorilor (BAR)\">BAR Overseas<\/a> Grupul face parte din Asocia\u021bia Britanic\u0103 a Transportatorilor (BAR), care se dedic\u0103 promov\u0103rii excelen\u021bei profesionale \u00een industria mut\u0103rilor.<\/li>\n<li> <a href=\"https:\/\/moverdb.com\/ro\/mtc\/\">Clubul de tranzac\u021bionare Movers<\/a> (<a href=\"https:\/\/moverdb.com\/ro\/mtc\/\" data-internallinksmanager029f6b8e52c=\"30\" title=\"Explica\u021bii despre Movers Trading Club (MTC)\">MTC<\/a>) - Pentru companiile membre ale BAR Overseas Group, pentru a contribui la reducerea <a href=\"https:\/\/moverdb.com\/ro\/costuri-de-mutare\/\">costuri de mutare<\/a> la <a href=\"https:\/\/moverdb.com\/ro\/moving-to-the-united-states\/\" data-internallinksmanager029f6b8e52c=\"94\" title=\"V\u0103 muta\u021bi \u00een Statele Unite? 2026 Costurile vie\u021bii \u0219i sfaturi de relocare\">SUA<\/a> din Marea Britanie.<\/li>\n<li> <a href=\"https:\/\/moverdb.com\/ro\/asociatia-canadiana-a-transportatorilor\/\">Asocia\u021bia canadian\u0103 a transportatorilor<\/a> (CAM) - The <a href=\"https:\/\/moverdb.com\/ro\/canadian-association-of-movers\/\" data-internallinksmanager029f6b8e52c=\"11\" title=\"Asocia\u021bia canadian\u0103 de mut\u0103ri (CAM) explicat\u0103\">Asocia\u021bia canadian\u0103 a transportatorilor<\/a> este <a href=\"https:\/\/moverdb.com\/ro\/moving-to-canada\/\" data-internallinksmanager029f6b8e52c=\"265\" title=\"Mutarea \u00een Canada? 2026 Costurile de trai \u0219i sfaturi de relocare\">Canada<\/a>'s care reprezint\u0103 companiile de mut\u0103ri \u0219i depozitare. <\/li>\n<li> <a href=\"https:\/\/moverdb.com\/ro\/aima\/\">Asocia\u021bia australian\u0103 de mut\u0103ri interna\u021bionale<\/a> (AIMA) - \u00cen cadrul <a href=\"https:\/\/moverdb.com\/ro\/aima\/\" data-internallinksmanager029f6b8e52c=\"8\" title=\"Asocia\u021bia australian\u0103 de mut\u0103ri interna\u021bionale (AIMA) Explicat\">Asocia\u021bia australian\u0103 de mut\u0103ri interna\u021bionale<\/a> (AIMA) se descrie pe sine ca un forum profesional pentru <a href=\"https:\/\/moverdb.com\/ro\/international-removals\/\" data-internallinksmanager029f6b8e52c=\"27\" title=\"36 Cele mai bune companii de mut\u0103ri interna\u021bionale din Marea Britanie\">mut\u0103ri interna\u021bionale<\/a> industrie.<\/li>\n<li> <a href=\"https:\/\/moverdb.com\/ro\/afra\/\">Asocia\u021bia australian\u0103 de mutare a mobilei<\/a> (AFRA) - \u00cen cadrul <a href=\"https:\/\/moverdb.com\/ro\/afra\/\" data-internallinksmanager029f6b8e52c=\"7\" title=\"Asocia\u021bia australian\u0103 de mutare a mobilei (AFRA) explicat\u0103\">Asocia\u021bia australian\u0103 de mutare a mobilei<\/a> (AFRA) se descrie at\u00e2t ca reprezentant al industriei de mut\u0103ri din <a href=\"https:\/\/moverdb.com\/ro\/moving-to-australia\/living-in-australia\/\" data-internallinksmanager029f6b8e52c=\"240\" title=\"21 Secretele despre via\u021ba \u00een Australia pe care trebuie s\u0103 le \u0219tii \u00eenainte de a te muta\">Australia<\/a>.<\/li>\n<li> <a href=\"https:\/\/moverdb.com\/ro\/hgfaa\/\">Asocia\u021bia expeditorilor de bunuri de uz casnic din America<\/a> (HGFAA) - Proiectul <a href=\"https:\/\/moverdb.com\/ro\/hgfaa\/\" data-internallinksmanager029f6b8e52c=\"21\" title=\"Asocia\u021bia de expeditori de bunuri de uz casnic din America (HGFAA) Explicat\">Asocia\u021bia expeditorilor de bunuri de uz casnic din America<\/a> (HGFAA) se descrie ca fiind o asocia\u021bie global\u0103 de firme de mut\u0103ri care se angajeaz\u0103 s\u0103 se asigure c\u0103 clien\u021bii primesc cele mai bune servicii posibile \u00een timpul mut\u0103rii lor.<\/li>\n<li> <a href=\"https:\/\/moverdb.com\/ro\/ncbfaa\/\">Asocia\u021bia Na\u021bional\u0103 a Brokerilor Vamali \u0219i a Transportatorilor din America<\/a> (NCBFAA) - Comitetul <a href=\"https:\/\/moverdb.com\/ro\/ncbfaa\/\" data-internallinksmanager029f6b8e52c=\"73\" title=\"Asocia\u021bia Na\u021bional\u0103 a Brokerilor Vamali \u0219i Transportatorilor din America (NCBFAA)\">Asocia\u021bia Na\u021bional\u0103 a Brokerilor Vamali \u0219i a Transportatorilor din America<\/a> (NCBFAA) este considerat\u0103 vocea industriei logistice de transport din America.<\/li>\n<li> <a href=\"https:\/\/moverdb.com\/ro\/lacma\/\">Asocia\u021bia Interna\u021bional\u0103 a Transportatorilor din America Latin\u0103 \u0219i Caraibe<\/a> (LACMA) - Expozi\u021bia <a href=\"https:\/\/moverdb.com\/ro\/lacma\/\" data-internallinksmanager029f6b8e52c=\"28\" title=\"Asocia\u021bia Latino-American\u0103 \u0219i din Caraibe a Transportatorilor Interna\u021bionali (LACMA)\">Asocia\u021bia Interna\u021bional\u0103 a Transportatorilor din America Latin\u0103 \u0219i Caraibe<\/a> (LACIMA) reprezint\u0103 o colec\u021bie de companii de mut\u0103ri \u0219i reloc\u0103ri, cu scopul de a \u00eencuraja integrarea \u00eentreprinderilor locale, precum \u0219i a altora din \u00eentreaga lume.<\/li>\n<li> <a href=\"https:\/\/moverdb.com\/ro\/iata\/\">Asocia\u021bia Interna\u021bional\u0103 a Transportului Aerian<\/a> (IATA) - Comitetul <a href=\"https:\/\/moverdb.com\/ro\/iata\/\" data-internallinksmanager029f6b8e52c=\"22\" title=\"Asocia\u021bia Interna\u021bional\u0103 de Transport Aerian (IATA) - Explica\u021bii\">Asocia\u021bia Interna\u021bional\u0103 a Transportului Aerian<\/a> (IATA) este asocia\u021bia comercial\u0103 global\u0103 a companiilor aeriene din \u00eentreaga lume. Misiunea sa este de a-\u0219i conduce \u0219i servi membrii, precum \u0219i de a le reprezenta interesele \u00eentr-un mod care s\u0103 stimuleze industria transportului aeroportuar.<\/li>\n<li> <a href=\"https:\/\/moverdb.com\/ro\/euromovers\/\">Parteneriatul european al transportatorilor (EUROMOVERS International)<\/a> - <a href=\"https:\/\/moverdb.com\/ro\/euromovers\/\" data-internallinksmanager029f6b8e52c=\"12\" title=\"Parteneriatul european al transportatorilor (EUROMOVERS International) - explica\u021bii\">Euromovers<\/a> are sediul \u00een <a href=\"https:\/\/moverdb.com\/ro\/moving-to-luxembourg\/\" data-internallinksmanager029f6b8e52c=\"349\" title=\"V\u0103 muta\u021bi \u00een Luxemburg? 2026 Costurile vie\u021bii \u0219i sfaturi de relocare\">Luxemburg<\/a> \u0219i este alc\u0103tuit dintr-un num\u0103r de lideri <a href=\"https:\/\/moverdb.com\/ro\/moving-companies\/\" data-internallinksmanager029f6b8e52c=\"79\" title=\"Top 25 Companii interna\u021bionale de mutare online\">companii interna\u021bionale de mutare<\/a> care au format o re\u021bea pe baza unor standarde, viziuni \u0219i direc\u021bii comune.<\/li>\n<li> <a href=\"https:\/\/moverdb.com\/ro\/consiliul-de-relocare-a-angajatilor\/\">ERC la nivel mondial<\/a> (Consiliul de relocare a angaja\u021bilor) - Consiliul <a href=\"https:\/\/moverdb.com\/ro\/employee-relocation-council\/\" data-internallinksmanager029f6b8e52c=\"83\" title=\"Explica\u021bii despre Consiliul de relocare a angaja\u021bilor (ERC) la nivel mondial\">Consiliul mondial pentru relocarea angaja\u021bilor<\/a> (ERC) se descrie ca fiind asocia\u021bia de mobilitate a for\u021bei de munc\u0103 pentru profesioni\u0219tii care supravegheaz\u0103, gestioneaz\u0103 sau sprijin\u0103 transferul angaja\u021bilor din SUA la nivel na\u021bional \u0219i interna\u021bional.<\/li>\n<li> <a href=\"https:\/\/moverdb.com\/ro\/harmony-relocation-network\/\">Re\u021beaua de relocare Harmony<\/a> - \u00cen cazul \u00een care <a href=\"https:\/\/moverdb.com\/ro\/harmony-relocation-network\/\" data-internallinksmanager029f6b8e52c=\"20\" title=\"Explica\u021bii despre re\u021beaua Harmony Relocation Network (HRN)\">Re\u021beaua de relocare Harmony<\/a> (HRN) este un grup de companii partenere care a fost creat pentru a construi o re\u021bea paneuropean\u0103 pentru relocarea global\u0103.<\/li>\n<li> <a href=\"https:\/\/moverdb.com\/ro\/eura\/\">Asocia\u021bia European\u0103 de Relocare<\/a> (EuRA) - Comisia European\u0103 <a href=\"https:\/\/moverdb.com\/ro\/eura\/\" data-internallinksmanager029f6b8e52c=\"13\" title=\"Explica\u021bii despre Asocia\u021bia European\u0103 de Relocare (EuRA)\">Asocia\u021bia European\u0103 de Relocare<\/a> (EuRA) promoveaz\u0103 beneficiile serviciilor de relocare \u0219i mobilitate gestionate \u00een mod profesionist pentru companiile care au angaja\u021bi mobili la nivel mondial.<\/li>\n<li> <a href=\"https:\/\/moverdb.com\/ro\/asociatia-relocalizare-profesionisti\/\">Asocia\u021bia profesioni\u0219tilor \u00een relocalizare<\/a> (ARP) - Sistemul <a href=\"https:\/\/moverdb.com\/ro\/association-relocation-professionals\/\" data-internallinksmanager029f6b8e52c=\"6\" title=\"Asocia\u021bia Profesioni\u0219tilor \u00een Relocare (ARP) Explicat\">Asocia\u021bia profesioni\u0219tilor \u00een relocalizare<\/a> (ARP) este un organism profesional pentru industria reloc\u0103rii din Marea Britanie.<\/li>\n<li> <a href=\"https:\/\/moverdb.com\/ro\/rios\/\">Schema Ombudsmanului din industria mut\u0103rilor<\/a> (<a href=\"https:\/\/moverdb.com\/ro\/rios\/\" data-internallinksmanager029f6b8e52c=\"75\" title=\"Schema Ombudsmanului din industria mut\u0103rilor (RIOS) explicat\u0103\">RIOS<\/a>) - Schema Ombudsmanului din industria mut\u0103rilor (RIOS) se ocup\u0103 de pl\u00e2ngerile care sunt f\u0103cute cu privire la \u00eentreprinderile din industria mut\u0103rilor din Marea Britanie.<\/li>\n<li> <a href=\"https:\/\/moverdb.com\/ro\/fedemac\/\">Federa\u021bia Asocia\u021biei Europene a Transportatorilor<\/a> (FEDEMAC) - \u00cen cadrul <a href=\"https:\/\/moverdb.com\/ro\/fedemac\/\" data-internallinksmanager029f6b8e52c=\"15\" title=\"Federa\u021bia Asocia\u021biei Europene a Transportatorilor (FEDEMAC) Explica\u021bii\">Federa\u021bia Asocia\u021biei Europene a Transportatorilor<\/a> (FEDEMAC) este un organism european care a fost \u00eenfiin\u021bat pentru a promova industria mut\u0103rilor la nivel european.<\/li>\n<li> <a href=\"https:\/\/moverdb.com\/ro\/asociatia-de-transport-de-marfa\/\">Asocia\u021bia de transport de marf\u0103<\/a> (ALS) - \u00cen cadrul <a href=\"https:\/\/moverdb.com\/ro\/freight-transport-association\/\" data-internallinksmanager029f6b8e52c=\"18\" title=\"Asocia\u021bia de transport de m\u0103rfuri (FTA) - explica\u021bii\">Asocia\u021bia de transport de marf\u0103<\/a> (FTA) a fost \u00eenfiin\u021bat\u0103 pentru a reprezenta interesele companiilor de logistic\u0103, indiferent dac\u0103 acestea transport\u0103 m\u0103rfuri pe cale maritim\u0103, aerian\u0103, rutier\u0103 sau feroviar\u0103.<\/li>\n<li> <a href=\"https:\/\/moverdb.com\/ro\/eurovan-movers\/\">Re\u021beaua Eurovan International Movers<\/a> - <a href=\"https:\/\/moverdb.com\/ro\/eurovan-movers\/\" data-internallinksmanager029f6b8e52c=\"14\" title=\"Re\u021beaua de mut\u0103ri interna\u021bionale Eurovan (EM) - explica\u021bii\">Re\u021beaua Eurovan International Movers<\/a> (EM) este o re\u021bea de transportatori locali independen\u021bi cu sediul \u00een <a href=\"https:\/\/moverdb.com\/ro\/moving-to-germany\/\" data-internallinksmanager029f6b8e52c=\"321\" title=\"V\u0103 muta\u021bi \u00een Germania? 2026 Costurile vie\u021bii \u0219i sfaturi de relocare\">Germania<\/a>. Re\u021beaua este conceput\u0103 pentru a r\u0103spunde nevoii de a putea oferi niveluri constante de servicii pentru mut\u0103rile interna\u021bionale care pot traversa mai multe \u021b\u0103ri.<\/li>\n<li> <a href=\"https:\/\/moverdb.com\/ro\/ngrs\/\">Breasla na\u021bional\u0103 a transportatorilor \u0219i depozitarilor<\/a> (NGRS) - Sistemul <a href=\"https:\/\/moverdb.com\/ro\/ngrs\/\" data-internallinksmanager029f6b8e52c=\"74\" title=\"Explicarea breslei na\u021bionale a transportatorilor \u0219i depozitarilor (NGRS)\">Breasla na\u021bional\u0103 a transportatorilor \u0219i depozitarilor<\/a> (NGRS) a fost \u00eenfiin\u021bat pentru a oferi o anumit\u0103 reglementare pentru industria de mutare \u0219i depozitare din Regatul Unit.<\/li>\n<li> <a href=\"https:\/\/moverdb.com\/ro\/organizatie-internationala-de-timp-de-razboi\/\">Organiza\u021bia Maritim\u0103 Interna\u021bional\u0103<\/a> (OMI) - \u00cenceperea <a href=\"https:\/\/moverdb.com\/ro\/international-maritime-organisation\/\" data-internallinksmanager029f6b8e52c=\"24\" title=\"Explica\u021bii despre Organiza\u021bia Maritim\u0103 Interna\u021bional\u0103 (OMI)\">Organiza\u021bia Maritim\u0103 Interna\u021bional\u0103<\/a> (IMO) este o agen\u021bie a ONU, cu sediul \u00een Marea Britanie, care este responsabil\u0103 de reglementarea transportului maritim.<\/li>\n<li> <a href=\"https:\/\/moverdb.com\/ro\/consiliul-maritim-mondial\/\">Consiliul Mondial al Transportului Maritim<\/a> (WSC) - \u00cen cadrul <a href=\"https:\/\/moverdb.com\/ro\/world-shipping-council\/\" data-internallinksmanager029f6b8e52c=\"82\" title=\"Explica\u021bii despre Consiliul Mondial al Transporturilor Maritime (WSC)\">Consiliul Mondial al Transportului Maritim<\/a> (WSC) ofer\u0103 o voce pentru industria transportului maritim de linie.<\/li>\n<li> <a href=\"https:\/\/moverdb.com\/ro\/organizatia-mondiala-a-vamilor\/\">Organiza\u021bia Mondial\u0103 a V\u0103milor<\/a> (<a href=\"https:\/\/moverdb.com\/ro\/world-customs-organization\/\" data-internallinksmanager029f6b8e52c=\"81\" title=\"Explica\u021bii despre Organiza\u021bia Mondial\u0103 a V\u0103milor (OMV)\">WCO<\/a>) - Organiza\u021bia Mondial\u0103 a V\u0103milor (OMV) este un organism interguvernamental independent care reprezint\u0103 vocea comunit\u0103\u021bii vamale. <\/li>\n<li> <a href=\"https:\/\/moverdb.com\/ro\/camera-internationala-de-expediere\/\">Camera Interna\u021bional\u0103 a Transporturilor Maritime<\/a> (ICS) -  <a href=\"https:\/\/moverdb.com\/ro\/international-chamber-shipping\/\" data-internallinksmanager029f6b8e52c=\"78\" title=\"Explica\u021bii despre Camera Interna\u021bional\u0103 de Transport Naval (ICS)\">Camera Interna\u021bional\u0103 a Transporturilor Maritime<\/a> (ICS) este o asocia\u021bie comercial\u0103 care reprezint\u0103 armatorii \u0219i operatorii de nave prin intermediul asocia\u021biilor na\u021bionale de armatori. <\/li>\n<\/ol>","protected":false},"excerpt":{"rendered":"<p>Below is a non-exhaustive list of the most important international moving &#038; shipping organizations, associations, schemes, guilds, councils etc. International Association of Movers (IAM) &#8211; The International Association of Movers (IAM) is a global trade body with members who provide moving, forwarding, shipping, logistics, and related services. FIDI &#038; FIDI Accredited International Mover (FAIM) &#8211; [&hellip;]<\/p>\n","protected":false},"author":1,"featured_media":367,"parent":0,"menu_order":0,"comment_status":"closed","ping_status":"closed","template":"","meta":{"_genesis_hide_title":false,"_genesis_hide_breadcrumbs":false,"_genesis_hide_singular_image":false,"_genesis_hide_footer_widgets":false,"_genesis_custom_body_class":"","_genesis_custom_post_class":"","_genesis_layout":"","footnotes":""},"class_list":{"0":"post-366","1":"page","2":"type-page","3":"status-publish","4":"has-post-thumbnail","6":"entry"},"_links":{"self":[{"href":"https:\/\/moverdb.com\/ro\/wp-json\/wp\/v2\/pages\/366","targetHints":{"allow":["GET"]}}],"collection":[{"href":"https:\/\/moverdb.com\/ro\/wp-json\/wp\/v2\/pages"}],"about":[{"href":"https:\/\/moverdb.com\/ro\/wp-json\/wp\/v2\/types\/page"}],"author":[{"embeddable":true,"href":"https:\/\/moverdb.com\/ro\/wp-json\/wp\/v2\/users\/1"}],"replies":[{"embeddable":true,"href":"https:\/\/moverdb.com\/ro\/wp-json\/wp\/v2\/comments?post=366"}],"version-history":[{"count":29,"href":"https:\/\/moverdb.com\/ro\/wp-json\/wp\/v2\/pages\/366\/revisions"}],"predecessor-version":[{"id":1342,"href":"https:\/\/moverdb.com\/ro\/wp-json\/wp\/v2\/pages\/366\/revisions\/1342"}],"wp:featuredmedia":[{"embeddable":true,"href":"https:\/\/moverdb.com\/ro\/wp-json\/wp\/v2\/media\/367"}],"wp:attachment":[{"href":"https:\/\/moverdb.com\/ro\/wp-json\/wp\/v2\/media?parent=366"}],"curies":[{"name":"wp","href":"https:\/\/api.w.org\/{rel}","templated":true}]}}