{"id":351,"date":"2016-05-22T21:04:36","date_gmt":"2016-05-22T21:04:36","guid":{"rendered":"http:\/\/moverdb.com\/?page_id=351"},"modified":"2026-01-08T14:40:12","modified_gmt":"2026-01-08T14:40:12","slug":"mcgimpsey-brothers-removals","status":"publish","type":"page","link":"https:\/\/moverdb.com\/ro\/mcgimpsey-brothers-removals\/","title":{"rendered":"McGimpsey Brothers Removals: Recenzii despre mut\u0103rile interna\u021bionale"},"content":{"rendered":"<p>McGimpsey Brothers Removals ofer\u0103 clien\u021bilor urm\u0103toarele servicii \u00een cazul reloc\u0103rii \u00een str\u0103in\u0103tate \u0219i la nivel local, at\u00e2t pentru persoane fizice, c\u00e2t \u0219i pentru \u00eentreprinderi. Un profil al companiei \u0219i recenzii urmeaz\u0103 \u00een sec\u021biunea de servicii.<\/p>\n<p><strong>Mutarea peste m\u0103ri<\/strong><\/p>\n<ul>\n<li> Transport aerian \u0219i maritim zilnic<\/li>\n<li> Ambalare, etichetare \u0219i \u00eenc\u0103rcare specializat\u0103 pentru export<\/li>\n<li> Expediere \u0219i v\u0103muire<\/li>\n<li> Livrare, despachetare \u0219i instalare, \u00eendep\u0103rtarea gunoiului<\/li>\n<li> Acoperire de asigurare<\/li>\n<li> Consultant personal dedicat<\/li>\n<\/ul>\n<p><strong>Mutarea \u00een Europa<\/strong><\/p>\n<ul>\n<li> Din u\u0219\u0103 \u00een u\u0219\u0103<\/li>\n<li> Vehicule de mutare de top, construite special<\/li>\n<li> Dispozitive de urm\u0103rire de \u00eenalt\u0103 securitate \u0219i sisteme de naviga\u021bie prin satelit<\/li>\n<li> Ambalare \u0219i despachetare<\/li>\n<li> Acoperire de asigurare<\/li>\n<li> Consultant personal dedicat<\/li>\n<\/ul>\n<p><strong>Mutarea corporativ\u0103 \u0219i de afaceri<\/strong><\/p>\n<ul>\n<li> Relocarea \u00eentreprinderilor la nivel mondial<\/li>\n<li> Relocarea angaja\u021bilor \u00een \u00eentreaga lume<\/li>\n<li> Consultant personal dedicat<\/li>\n<\/ul>\n<p><strong>Mutarea \u00een interior <a href=\"https:\/\/moverdb.com\/ro\/moving-to-ireland\/\" data-internallinksmanager029f6b8e52c=\"320\" title=\"V\u0103 muta\u021bi \u00een Irlanda? 2026 Costurile vie\u021bii \u0219i sfaturi de relocare\">Irlanda<\/a><\/strong><\/p>\n<ul>\n<li> Din u\u0219\u0103 \u00een u\u0219\u0103<\/li>\n<li> Ambalare \u0219i despachetare<\/li>\n<li> Asigurare<\/li>\n<li> Consultant personal dedicat<\/li>\n<\/ul>\n<p><strong>Mutarea <a href=\"https:\/\/moverdb.com\/ro\/moving-to-isle-of-man\/\" data-internallinksmanager029f6b8e52c=\"339\" title=\"V\u0103 muta\u021bi \u00een Isle of Man? 2026 Costurile de trai \u0219i sfaturi de relocare\">Insula Man<\/a> \u0219i Insulele Canalului<\/strong><\/p>\n<ul>\n<li> Din u\u0219\u0103 \u00een u\u0219\u0103<\/li>\n<li> Ambalare \u0219i despachetare<\/li>\n<li> V\u0103muire<\/li>\n<li> Asigurare<\/li>\n<li> Consultant personal dedicat<\/li>\n<\/ul>\n<p><strong>Depozitare<\/strong><\/p>\n<ul>\n<li> Stocarea documentelor \u0219i a arhivelor<\/li>\n<li> Depozit de sine st\u0103t\u0103tor<\/li>\n<li> Depozitarea afacerilor<\/li>\n<li> Depozitare \u00een depozit<\/li>\n<\/ul>\n<h2>Profilul companiei McGimpsey Removals<\/h2>\n<p>McGimpsey Removals se descriu ca un boutique de cinci stele <a href=\"https:\/\/moverdb.com\/ro\/moving-companies\/\" data-internallinksmanager029f6b8e52c=\"79\" title=\"Top 25 Companii interna\u021bionale de mutare online\">companie \u00een mi\u0219care<\/a> care ofer\u0103 clien\u021bilor s\u0103i servicii de top. Ace\u0219tia opereaz\u0103 de 30 de ani \u0219i cred \u00een utilizarea unui transport \u0219i a unui ambalaj de calitate superioar\u0103, precum \u0219i a unui personal bine preg\u0103tit \u0219i atent.<\/p>\n<p>Cei de la McGimpsey Removals spun c\u0103 nu numai c\u0103 se angajeaz\u0103 s\u0103 ofere cele mai bune servicii posibile persoanelor fizice \u0219i companiilor care se mut\u0103 \u00een str\u0103in\u0103tate \u0219i la nivel local, ci \u0219i c\u0103 \u00ee\u0219i urm\u0103resc cu aten\u021bie amprenta de carbon.<\/p>\n<p>Afilieri \u0219i acredit\u0103ri McGimpsey Removals:<\/p>\n<ul>\n<li> <a href=\"https:\/\/moverdb.com\/ro\/asociatia-britanica-a-demolatorilor\/\">Asocia\u021bia Britanic\u0103 a Transportatorilor<\/a> (<a href=\"https:\/\/moverdb.com\/ro\/british-association-of-removers\/\" data-internallinksmanager029f6b8e52c=\"9\" title=\"Asocia\u021bia Britanic\u0103 a Transportatorilor (BAR) Explica\u021bii\">BAR<\/a>)<\/li>\n<li> <a href=\"https:\/\/moverdb.com\/ro\/fidi-faim\/\">FIDI<\/a><\/li>\n<li> <a href=\"https:\/\/moverdb.com\/ro\/sunt\/\">Asocia\u021bia Interna\u021bional\u0103 a Transportatorilor (IAM)<\/a><\/li>\n<li> <a href=\"https:\/\/moverdb.com\/ro\/mtc\/\">Clubul de tranzac\u021bionare The Movers<\/a> (<a href=\"https:\/\/moverdb.com\/ro\/mtc\/\" data-internallinksmanager029f6b8e52c=\"30\" title=\"Explica\u021bii despre Movers Trading Club (MTC)\">MTC<\/a>)<\/li>\n<li> Asocia\u021bia pentru mobilitatea for\u021bei de munc\u0103 <\/li>\n<\/ul>\n<h2>McGimpsey Brothers Removals Recenzii<\/h2>\n<p><strong>Pozitiv<\/strong><\/p>\n<p><em>\"Aceast\u0103 companie a fost genial\u0103 de la \u00eenceput p\u00e2n\u0103 la sf\u00e2r\u0219it. Consultantul de mutare a fost de ajutor, bine informat \u0219i \u00eentotdeauna a r\u0103spuns rapid \u0219i m-a \u021binut la curent, chiar \u0219i dup\u0103 ce totul a fost livrat, mi-a trimis un e-mail pentru a verifica dac\u0103 sunt mul\u021bumit.\"<\/em> - Elizabeth Heib via <a href=\"https:\/\/plus.google.com\/111359327014801398449\/reviews\" target=\"_blank\" rel=\"noopener\">Recenzii Google<\/a><\/p>\n<p><strong>Negativ<\/strong><\/p>\n<p><em>\"Am avut o experien\u021b\u0103 teribil\u0103 cu aceast\u0103 companie! Sunt foarte serviabili atunci c\u00e2nd vor rezervarea ta \u0219i promit mult, dar din p\u0103cate livreaz\u0103 pu\u021bin. I-am folosit pentru a transporta ni\u0219te echipamente comerciale grele de exerci\u021bii fizice din Irlanda la <a href=\"https:\/\/moverdb.com\/ro\/moving-to-the-uk\/\" data-internallinksmanager029f6b8e52c=\"93\" title=\"V\u0103 muta\u021bi \u00een Regatul Unit? 2026 Costurile vie\u021bii \u0219i sfaturi de relocare\">MAREA BRITANIE<\/a> \u0219i...\"<\/em> - Chantelle Smith via <a href=\"https:\/\/plus.google.com\/100947701157660629611\/reviews\" target=\"_blank\" rel=\"noopener\">Recenzii Google<\/a><\/p>\n<div itemprop=\"review\" itemscope itemtype=\"http:\/\/schema.org\/Review\">\n<span itemprop=\"author\" itemscope=\"\" itemtype=\"http:\/\/schema.org\/Organization\"><span itemprop=\"name\">MoverDB.com<\/span><\/span> Revizuirea online a site-ului pentru <span itemprop=\"itemreviewed\" itemscope=\"\" itemtype=\"http:\/\/schema.org\/Brand\"><span itemprop=\"name\">McGimpsey Brothers Removals<\/span><\/span>:<\/p>\n<ol>\n<li> Detalii de contact clare pe site-ul web (inclusiv num\u0103rul de telefon): <strong>Da<\/strong><\/li>\n<li> U\u0219or de ob\u021binut <a href=\"https:\/\/moverdb.com\/ro\/citate\/\">citate de mut\u0103ri interna\u021bionale<\/a>? (Formular de solicitare a unui deviz online): <strong>Da<\/strong><\/li>\n<li> Informa\u021bii clare pe site-ul web: <strong>Par\u021bial<\/strong>. Informa\u021biile sunt sumare, dar vor fi furnizate mai multe informa\u021bii la cerere.<\/li>\n<li> Apartenen\u021ba la organiza\u021bii interna\u021bionale recunoscute \u00een domeniul mut\u0103rii: <strong>Da<\/strong>, a se vedea mai sus.<\/li>\n<li> Lista de clien\u021bi \u0219i\/sau m\u0103rturii ale clien\u021bilor anteriori: <strong>Da<\/strong> Nu exist\u0103 o list\u0103 de clien\u021bi, dar exist\u0103 m\u0103rturii ale clien\u021bilor anteriori.<\/li>\n<\/ol>\n<div itemprop=\"reviewRating\" itemscope itemtype=\"http:\/\/schema.org\/Rating\"><meta itemprop=\"worstRating\" content = \"0\" \/><meta itemprop=\"bestRating\" content=\"5\" \/><meta itemprop=\"ratingValue\" content=\"4\"><\/div>\n<p><strong>Scor general: 4\/5<\/strong><br \/>\n<strong>Data revizuirii:<\/strong> <span itemprop=\"datePublished\" content=\"2016-05-22\">22\/05\/2016<\/span><\/p>\n<\/div>\n<p>Mai multe despre <a href=\"https:\/\/moverdb.com\/ro\/mutari-internationale\/\">Companii de mut\u0103ri din Marea Britanie<\/a> \u0219i a noastr\u0103 <a href=\"https:\/\/moverdb.com\/ro\/comentarii\/\">procesul de revizuire explicat<\/a>.<\/p>\n<p><strong>Site web:<\/strong> <a href=\"https:\/\/www.mcgimpseys.com\/\" target=\"_blank\" rel=\"noopener\">https:\/\/www.mcgimpseys.com\/<\/a><\/p>","protected":false},"excerpt":{"rendered":"<p>McGimpsey Brothers Removals offers clients the following services when relocating abroad and locally, for both individuals and businesses. A company profile and reviews follow the services section. Moving Overseas Daily air and sea freight Specialist export packing, labelling and loading Shipping and customs clearance Delivery, unpacking and setting up, removal of rubbish Insurance cover Personal [&hellip;]<\/p>\n","protected":false},"author":1,"featured_media":0,"parent":0,"menu_order":0,"comment_status":"closed","ping_status":"closed","template":"","meta":{"_genesis_hide_title":false,"_genesis_hide_breadcrumbs":false,"_genesis_hide_singular_image":false,"_genesis_hide_footer_widgets":false,"_genesis_custom_body_class":"","_genesis_custom_post_class":"","_genesis_layout":"","footnotes":""},"class_list":{"0":"post-351","1":"page","2":"type-page","3":"status-publish","5":"entry"},"_links":{"self":[{"href":"https:\/\/moverdb.com\/ro\/wp-json\/wp\/v2\/pages\/351","targetHints":{"allow":["GET"]}}],"collection":[{"href":"https:\/\/moverdb.com\/ro\/wp-json\/wp\/v2\/pages"}],"about":[{"href":"https:\/\/moverdb.com\/ro\/wp-json\/wp\/v2\/types\/page"}],"author":[{"embeddable":true,"href":"https:\/\/moverdb.com\/ro\/wp-json\/wp\/v2\/users\/1"}],"replies":[{"embeddable":true,"href":"https:\/\/moverdb.com\/ro\/wp-json\/wp\/v2\/comments?post=351"}],"version-history":[{"count":10,"href":"https:\/\/moverdb.com\/ro\/wp-json\/wp\/v2\/pages\/351\/revisions"}],"predecessor-version":[{"id":13176,"href":"https:\/\/moverdb.com\/ro\/wp-json\/wp\/v2\/pages\/351\/revisions\/13176"}],"wp:attachment":[{"href":"https:\/\/moverdb.com\/ro\/wp-json\/wp\/v2\/media?parent=351"}],"curies":[{"name":"wp","href":"https:\/\/api.w.org\/{rel}","templated":true}]}}