{"id":349,"date":"2016-05-22T20:51:02","date_gmt":"2016-05-22T20:51:02","guid":{"rendered":"http:\/\/moverdb.com\/?page_id=349"},"modified":"2026-01-08T15:20:48","modified_gmt":"2026-01-08T15:20:48","slug":"team-relocari","status":"publish","type":"page","link":"https:\/\/moverdb.com\/ro\/team-relocations\/","title":{"rendered":"Recenzii Team Relocations International Moving &amp; Removals"},"content":{"rendered":"<p>Team Relocations ofer\u0103 urm\u0103toarele servicii de mutare pentru persoane fizice \u0219i juridice care \u00ee\u0219i mut\u0103 personalul sau birourile \u00eentregi \u00een str\u0103in\u0103tate. Citi\u021bi mai jos profilul companiei \u0219i recenziile companiei Team Localiz\u0103ri.<\/p>\n<p><strong>Muta\u021bii personale \u0219i corporative<\/strong><\/p>\n<ul>\n<li> Serviciu de consultan\u021b\u0103 care ofer\u0103 solu\u021bii individuale la mutare<\/li>\n<li> Managementul strategic al reloc\u0103rii<\/li>\n<li> Tehnologie webZone avansat\u0103<\/li>\n<li> Ambalare \u0219i expediere<\/li>\n<li> Asigurare aranjat\u0103<\/li>\n<\/ul>\n<p><strong>Servicii de proprietate<\/strong><\/p>\n<ul>\n<li> C\u0103utare acas\u0103<\/li>\n<li> Negocieri de \u00eenchiriere \u0219i re\u00eennoiri<\/li>\n<li> Verificarea inventarului de intrare\/ie\u0219ire<\/li>\n<li> \u00cenchiriere de mobil\u0103 \u0219i electrocasnice<\/li>\n<li> Cazare temporar\u0103<\/li>\n<li> Programe de plecare<\/li>\n<li> Managementul v\u00e2nz\u0103rilor de case<\/li>\n<li> Managementul propriet\u0103\u021bii <\/li>\n<li> Programul de v\u00e2nzare garantat\u0103 a locuin\u021belor<\/li>\n<\/ul>\n<p><strong>Instalarea<\/strong><\/p>\n<ul>\n<li> Orientare<\/li>\n<li> Informa\u021bii despre destina\u021bie<\/li>\n<li> Briefinguri culturale<\/li>\n<li> Formare lingvistic\u0103<\/li>\n<li> Managementul mut\u0103rii<\/li>\n<li> Servicii de menajere\/menajer\u0103<\/li>\n<\/ul>\n<p><strong>Programe pentru familii<\/strong><\/p>\n<ul>\n<li> Cercetare \u0219i \u00eenregistrare \u00een domeniul educa\u021biei<\/li>\n<li> Relocarea animalelor de companie<\/li>\n<li> Sprijin pentru parteneri<\/li>\n<\/ul>\n<p><strong>Servicii de depozitare<\/strong><\/p>\n<ul>\n<li> Depozitare specializat\u0103<\/li>\n<li> Arhiva \u0219i depozitarea documentelor<\/li>\n<li> Stocare tradi\u021bional\u0103<\/li>\n<\/ul>\n<p><strong>Servicii specializate<\/strong><\/p>\n<ul>\n<li> Mut\u0103ri globale pentru expeditorul privat<\/li>\n<li> Mut\u0103ri \u0219i reloc\u0103ri comerciale \u0219i de birouri<\/li>\n<li> Mutarea spitalului<\/li>\n<li> Depozitare domestic\u0103<\/li>\n<li> Stocarea documentelor \u0219i a arhivelor<\/li>\n<\/ul>\n<p><strong>Servicii suplimentare<\/strong><\/p>\n<ul>\n<li> Ascensoare cu scar\u0103 pentru acces dificil<\/li>\n<li> Ambalaje de art\u0103 \u0219i antichit\u0103\u021bi<\/li>\n<li> Servicii de electrician, inclusiv<\/li>\n<li> Schimbarea fi\u0219elor pentru a se adapta la prize locale<\/li>\n<li> Re-cablarea l\u0103mpilor \u0219i aparatelor<\/li>\n<li> Furnizarea de transformatoare<\/li>\n<li> Handyman<\/li>\n<li> Serviciul de menajer\u0103<\/li>\n<li> Acordarea pianului<\/li>\n<li> Instalarea\/eliminarea antenei parabolice<\/li>\n<li> Echipe de cur\u0103\u021benie<\/li>\n<li> Colectarea de la birou<\/li>\n<li> Cutii de caritate<\/li>\n<li> <a href=\"https:\/\/moverdb.com\/ro\/auto-transport-expediere\/\">Transportul vehiculelor<\/a> \u0219i depozitare<\/li>\n<\/ul>\n<h2>Profilul companiei Team Relocation<\/h2>\n<p>Team Relocation a fost fondat\u0103 \u00een 1977 \u0219i este acum una dintre cele mai mari companii de relocalizare \u0219i <a href=\"https:\/\/moverdb.com\/ro\/international-removals\/\" data-internallinksmanager029f6b8e52c=\"27\" title=\"36 Cele mai bune companii de mut\u0103ri interna\u021bionale din Marea Britanie\">companii de mutare<\/a> din lume. Team Location are birouri \u00een 13 \u021b\u0103ri \u0219i multe persoane importante, companii multina\u021bionale \u0219i agen\u021bii guvernamentale folosesc aceast\u0103 companie pentru relocarea personalului \u0219i a companiilor \u00een str\u0103in\u0103tate \u0219i \u00een regiune. <\/p>\n<p>Team Relocation va lucra numai cu parteneri care \u00eemp\u0103rt\u0103\u0219esc acelea\u0219i valori fundamentale ca \u0219i ei; acestea includ excelen\u021ba, integritatea, responsabilitatea \u0219i securitatea. Compania se concentreaz\u0103 pe servicii de relocalizare, mutare \u0219i servicii specializate. <\/p>\n<p>De asemenea, compania crede cu t\u0103rie \u00een drepturile interna\u021bionale ale omului \u0219i sprijin\u0103 numeroase organiza\u021bii de caritate din \u00eentreaga lume.<\/p>\n<p>Acredit\u0103rile \u0219i afilierile Team Locations sunt enumerate mai jos:<\/p>\n<ul>\n<li> <a href=\"https:\/\/moverdb.com\/ro\/asociatia-britanica-a-demolatorilor\/\">Asocia\u021bia Britanic\u0103 a Transportatorilor (BAR)<\/a><\/li>\n<li> DBA<\/li>\n<li> The <a href=\"https:\/\/moverdb.com\/ro\/mtc\/\">Clubul de tranzac\u021bionare Movers<\/a> (<a href=\"https:\/\/moverdb.com\/ro\/mtc\/\" data-internallinksmanager029f6b8e52c=\"30\" title=\"Explica\u021bii despre Movers Trading Club (MTC)\">MTC<\/a>)<\/li>\n<li> <a href=\"https:\/\/moverdb.com\/ro\/fidi-faim\/\">FAIM<\/a><\/li>\n<li> <a href=\"https:\/\/moverdb.com\/ro\/fidi-faim\/\">FIDI<\/a><\/li>\n<li> Asocia\u021bia Mondial\u0103 pentru Mobilitate <\/li>\n<li> <a href=\"https:\/\/moverdb.com\/ro\/sunt\/\">Asocia\u021bia Interna\u021bional\u0103 a Transportatorilor (IAM)<\/a><\/li>\n<li> OMNI<\/li>\n<\/ul>\n<h2>Recenzii Team Relocations<\/h2>\n<p><em>\u00cen acest moment nu am g\u0103sit niciun comentariu pentru Team Relocations postat \u00een alt\u0103 parte online.<\/em><\/p>\n<div itemprop=\"review\" itemscope itemtype=\"http:\/\/schema.org\/Review\">\n<span itemprop=\"author\" itemscope=\"\" itemtype=\"http:\/\/schema.org\/Organization\"><span itemprop=\"name\">MoverDB.com<\/span><\/span> Revizuirea online a site-ului pentru <span itemprop=\"itemreviewed\" itemscope=\"\" itemtype=\"http:\/\/schema.org\/Brand\"><span itemprop=\"name\">Reloc\u0103ri \u00een echip\u0103<\/span><\/span>:<\/p>\n<ol>\n<li> Detalii de contact clare pe site-ul web (inclusiv num\u0103rul de telefon): <strong>Da<\/strong><\/li>\n<li> U\u0219or de ob\u021binut <a href=\"https:\/\/moverdb.com\/ro\/citate\/\">citate de mut\u0103ri interna\u021bionale<\/a>? (Formular de solicitare a unui deviz online): <strong>Da<\/strong><\/li>\n<li> Informa\u021bii clare pe site-ul web: <strong>Da<\/strong>. Un site web informativ, dar informa\u021biile detaliate trebuie s\u0103 fie ob\u021binute direct de la companie.<\/li>\n<li> Apartenen\u021ba la organiza\u021bii interna\u021bionale recunoscute \u00een domeniul mut\u0103rii: <strong>Da<\/strong>, a se vedea mai sus.<\/li>\n<li> Lista de clien\u021bi \u0219i\/sau m\u0103rturii ale clien\u021bilor anteriori: <strong>Nu.<\/strong><\/li>\n<\/ol>\n<div itemprop=\"reviewRating\" itemscope itemtype=\"http:\/\/schema.org\/Rating\"><meta itemprop=\"worstRating\" content = \"0\" \/><meta itemprop=\"bestRating\" content=\"5\" \/><meta itemprop=\"ratingValue\" content=\"4\"><\/div>\n<p><strong>Scor general: 4\/5<\/strong><br \/>\n<strong>Data revizuirii:<\/strong> <span itemprop=\"datePublished\" content=\"2016-05-22\">22\/05\/2016<\/span><\/p>\n<\/div>\n<p>Mai multe despre <a href=\"https:\/\/moverdb.com\/ro\/moving-companies\/\">companii interna\u021bionale de mutare<\/a> \u0219i a noastr\u0103 <a href=\"https:\/\/moverdb.com\/ro\/comentarii\/\">procesul de revizuire explicat<\/a>.<\/p>\n<p><strong>Site web:<\/strong> <a href=\"http:\/\/www.teamrelocations.com\/\" target=\"_blank\" rel=\"noopener\">http:\/\/www.teamrelocations.com<\/a><\/p>","protected":false},"excerpt":{"rendered":"<p>Team Relocations offers the following moving services for individuals and corporates moving personnel or whole offices abroad. Read Team Locations&#8217; company profile and reviews below. Personal and Corporate Moves Consultancy service offering individual solutions to moving Strategic relocation management Advanced webZone technology Packing and shipping Insurance arranged Property Services Home Search Tenancy Negotiations &#038; Renewals [&hellip;]<\/p>\n","protected":false},"author":1,"featured_media":0,"parent":0,"menu_order":0,"comment_status":"closed","ping_status":"closed","template":"","meta":{"_genesis_hide_title":false,"_genesis_hide_breadcrumbs":false,"_genesis_hide_singular_image":false,"_genesis_hide_footer_widgets":false,"_genesis_custom_body_class":"","_genesis_custom_post_class":"","_genesis_layout":"","footnotes":""},"class_list":{"0":"post-349","1":"page","2":"type-page","3":"status-publish","5":"entry"},"_links":{"self":[{"href":"https:\/\/moverdb.com\/ro\/wp-json\/wp\/v2\/pages\/349","targetHints":{"allow":["GET"]}}],"collection":[{"href":"https:\/\/moverdb.com\/ro\/wp-json\/wp\/v2\/pages"}],"about":[{"href":"https:\/\/moverdb.com\/ro\/wp-json\/wp\/v2\/types\/page"}],"author":[{"embeddable":true,"href":"https:\/\/moverdb.com\/ro\/wp-json\/wp\/v2\/users\/1"}],"replies":[{"embeddable":true,"href":"https:\/\/moverdb.com\/ro\/wp-json\/wp\/v2\/comments?post=349"}],"version-history":[{"count":12,"href":"https:\/\/moverdb.com\/ro\/wp-json\/wp\/v2\/pages\/349\/revisions"}],"predecessor-version":[{"id":6243,"href":"https:\/\/moverdb.com\/ro\/wp-json\/wp\/v2\/pages\/349\/revisions\/6243"}],"wp:attachment":[{"href":"https:\/\/moverdb.com\/ro\/wp-json\/wp\/v2\/media?parent=349"}],"curies":[{"name":"wp","href":"https:\/\/api.w.org\/{rel}","templated":true}]}}