{"id":348,"date":"2016-05-22T19:54:24","date_gmt":"2016-05-22T19:54:24","guid":{"rendered":"http:\/\/moverdb.com\/?page_id=348"},"modified":"2026-01-08T15:20:45","modified_gmt":"2026-01-08T15:20:45","slug":"sterling-relocalizare","status":"publish","type":"page","link":"https:\/\/moverdb.com\/ro\/sterling-relocation\/","title":{"rendered":"Recenzii Sterling Relocation International Moving &amp; Removals"},"content":{"rendered":"<p>Sterling ofer\u0103 angajatorilor interna\u021bionali o modalitate u\u0219oar\u0103 de relocare a personalului lor \u00een \u00eentreaga lume. Serviciile lor sunt enumerate mai jos, \u00eempreun\u0103 cu recenzii ale clien\u021bilor \u0219i un profil al companiei.<\/p>\n<p><strong>Servicii de relocare<\/strong><\/p>\n<ul>\n<li> Managementul atribu\u021biilor<\/li>\n<li> Formare intercultural\u0103<\/li>\n<li> Servicii de plecare<\/li>\n<li> Asisten\u021b\u0103 pentru educa\u021bie<\/li>\n<li> Managementul cheltuielilor<\/li>\n<li> \u00cenchiriere de mobilier<\/li>\n<li> V\u00e2nzarea garantat\u0103 a casei<\/li>\n<li> Serviciul de c\u0103utare a locuin\u021belor<\/li>\n<li> Imigra\u021bie, vize \u0219i permise de munc\u0103<\/li>\n<li> Formare lingvistic\u0103<\/li>\n<li> Managementul mut\u0103rii<\/li>\n<li> Servicii de mutare<\/li>\n<li> Orientare<\/li>\n<li> Asisten\u021b\u0103 pentru parteneri<\/li>\n<li> Consultare politic\u0103<\/li>\n<li> Managementul propriet\u0103\u021bii<\/li>\n<li> Servicii de acomodare<\/li>\n<li> Cazare pe termen scurt<\/li>\n<li> Depozitare<\/li>\n<li> Managementul chiriilor<\/li>\n<li> Capac de tranzit<\/li>\n<\/ul>\n<h2>Profilul companiei Sterling Relocation<\/h2>\n<p>Sterling Relocation a fost fondat\u0103 \u00een 1991 cu scopul de a fi cel mai bun furnizor de servicii de relocare global\u0103 pentru lumea corporatist\u0103. Este de\u021binut\u0103 de UniGroup, o companie de $1,7 miliarde de euro care relocheaz\u0103 oameni de peste 80 de ani. <\/p>\n<p>Re\u021beaua de relocare UniGroup opereaz\u0103 \u00een peste 180 de \u021b\u0103ri, prin intermediul a 1200 de centre de servicii.<\/p>\n<p>Mul\u021bi dintre angaja\u021bii Sterling Relocation au locuit \u00een str\u0103in\u0103tate \u0219i \u00een\u021beleg astfel provoc\u0103rile cu care se confrunt\u0103 angaja\u021bii \u0219i familiile lor atunci c\u00e2nd se mut\u0103 \u00een str\u0103in\u0103tate. Fiecare client trateaz\u0103 direct cu un membru al personalului care se asigur\u0103 c\u0103 toate aspectele mut\u0103rii se desf\u0103\u0219oar\u0103 f\u0103r\u0103 probleme. <\/p>\n<p>\u00cen 2015, 99,63% dintre clien\u021bii Sterling Relocation au fost mul\u021bumi\u021bi de mutarea lor.<\/p>\n<p>Sterling Relocation spune c\u0103 valorile, misiunea \u0219i viziunea lor includ pasiunea pentru industria lor, onestitatea pe toate fronturile, grija pentru clien\u021bi \u0219i personal \u0219i furnizarea celor mai bune servicii posibile.<\/p>\n<p>Lista de acredit\u0103ri \u0219i afilieri a Sterling Relocation:<\/p>\n<ul>\n<li> <a href=\"https:\/\/moverdb.com\/ro\/fidi-faim\/\">Federa\u021bia Transportatorilor Interna\u021bionali<\/a> (<a href=\"https:\/\/moverdb.com\/ro\/fidi-faim\/\" data-internallinksmanager029f6b8e52c=\"16\" title=\"FIDI &amp; FAIM (FIDI Accredited International Mover) Explicat\">FIDI<\/a>)<\/li>\n<li> <a href=\"https:\/\/moverdb.com\/ro\/asociatia-relocalizare-profesionisti\/\">Asocia\u021bia profesioni\u0219tilor \u00een relocalizare<\/a> (<a href=\"https:\/\/moverdb.com\/ro\/association-relocation-professionals\/\" data-internallinksmanager029f6b8e52c=\"6\" title=\"Asocia\u021bia Profesioni\u0219tilor \u00een Relocare (ARP) Explicat\">ARP<\/a>)<\/li>\n<li> <a href=\"https:\/\/moverdb.com\/ro\/consiliul-de-relocare-a-angajatilor\/\">Consiliul de relocare a angaja\u021bilor - ERC la nivel mondial<\/a><\/li>\n<li> <a href=\"https:\/\/moverdb.com\/ro\/eura\/\">Asocia\u021bia European\u0103 de Relocare<\/a> (<a href=\"https:\/\/moverdb.com\/ro\/eura\/\" data-internallinksmanager029f6b8e52c=\"13\" title=\"Explica\u021bii despre Asocia\u021bia European\u0103 de Relocare (EuRA)\">EuRA<\/a>)<\/li>\n<li> Re\u021beaua interna\u021bional\u0103 de mut\u0103ri \u00een str\u0103in\u0103tate (OMNI)<\/li>\n<li> <a href=\"https:\/\/moverdb.com\/ro\/sunt\/\">Asocia\u021bia Interna\u021bional\u0103 a Transportatorilor (IAM)<\/a><\/li>\n<li> <a href=\"https:\/\/moverdb.com\/ro\/lacma\/\">Asocia\u021bia de mut\u0103ri din America Latin\u0103 \u0219i Caraibe<\/a> (<a href=\"https:\/\/moverdb.com\/ro\/lacma\/\" data-internallinksmanager029f6b8e52c=\"28\" title=\"Asocia\u021bia Latino-American\u0103 \u0219i din Caraibe a Transportatorilor Interna\u021bionali (LACMA)\">LACMA<\/a>)<\/li>\n<li> <a href=\"https:\/\/moverdb.com\/ro\/asociatia-britanica-a-demolatorilor\/\">Asocia\u021bia Britanic\u0103 a Transportatorilor (BAR)<\/a><\/li>\n<\/ul>\n<h2>Recenzii Sterling Relocation<\/h2>\n<p><strong>Pozitiv<\/strong><\/p>\n<p><em>\"Am fost emo\u021bionat de Sterlin de la <a href=\"https:\/\/moverdb.com\/ro\/moving-to-london\/\">Londra<\/a> la <a href=\"https:\/\/moverdb.com\/ro\/moving-to-switzerland\/\" data-internallinksmanager029f6b8e52c=\"327\" title=\"V\u0103 muta\u021bi \u00een Elve\u021bia? 2026 Costurile vie\u021bii \u0219i sfaturi de relocare\">Elve\u021bia<\/a> \u00eentr-o relocalizare corporativ\u0103 acum c\u00e2\u021biva ani. \u00centruc\u00e2t am mai suportat c\u00e2teva mut\u0103ri dup\u0103 aceea, m\u0103 simt acum \u00een m\u0103sur\u0103 s\u0103 le judec. \u0218i trebuie s\u0103 spun c\u0103 au organizat pur \u0219i simplu cea mai bun\u0103 mutare pe care am avut-o.\"<\/em> - revizuire <a href=\"http:\/\/www.yelp.co.uk\/biz\/sterling-corporate-relocation-london\" target=\"_blank\" rel=\"noopener\">prin Yelp<\/a><\/p>\n<p><strong>Negativ<\/strong><\/p>\n<p><em>Nu am g\u0103sit nicio recenzie negativ\u0103 pentru Sterling Relocation online<\/em><\/p>\n<div itemprop=\"review\" itemscope itemtype=\"http:\/\/schema.org\/Review\">\n<span itemprop=\"author\" itemscope=\"\" itemtype=\"http:\/\/schema.org\/Organization\"><span itemprop=\"name\">MoverDB.com<\/span><\/span> Revizuirea online a site-ului pentru <span itemprop=\"itemreviewed\" itemscope=\"\" itemtype=\"http:\/\/schema.org\/Brand\"><span itemprop=\"name\">Sterling Relocare<\/span><\/span>:<\/p>\n<ol>\n<li> Detalii de contact clare pe site-ul web (inclusiv num\u0103rul de telefon): <strong>Da<\/strong><\/li>\n<li> U\u0219or de ob\u021binut <a href=\"https:\/\/moverdb.com\/ro\/citate\/\">citate de mut\u0103ri interna\u021bionale<\/a>? (Formular de solicitare a unui deviz online): <strong>Da<\/strong><\/li>\n<li> Informa\u021bii clare pe site-ul web: <strong>Da<\/strong> Site-ul web al Sterling Relocation con\u021bine informa\u021bii complete despre toate aspectele afacerii lor. De asemenea, are o sec\u021biune util\u0103 de \"\u0218tiri\", care ofer\u0103 informa\u021bii actualizate despre nevoile de viz\u0103 \u0219i despre via\u021ba \u00een diferite \u021b\u0103ri din \u00eentreaga lume.<\/li>\n<li> Apartenen\u021ba la organiza\u021bii interna\u021bionale recunoscute \u00een domeniul mut\u0103rii: <strong>Da<\/strong>, a se vedea mai sus.<\/li>\n<li> Lista de clien\u021bi \u0219i\/sau m\u0103rturii ale clien\u021bilor anteriori: <strong>Par\u021bial<\/strong> \u00cen timp ce nu exist\u0103 o list\u0103 de clien\u021bi, dar exist\u0103 diverse m\u0103rturii ale clien\u021bilor punctate pe site.<\/li>\n<\/ol>\n<div itemprop=\"reviewRating\" itemscope itemtype=\"http:\/\/schema.org\/Rating\"><meta itemprop=\"worstRating\" content = \"0\" \/><meta itemprop=\"bestRating\" content=\"5\" \/><meta itemprop=\"ratingValue\" content=\"4.5\"><\/div>\n<p><strong>Scor general: 4.5\/5<\/strong><br \/>\n<strong>Data revizuirii:<\/strong> <span itemprop=\"datePublished\" content=\"2016-05-22\">22\/05\/2016<\/span>\n<\/div>\n<p>Mai multe despre <a href=\"https:\/\/moverdb.com\/ro\/mutari-internationale\/\">Companii de mut\u0103ri din Marea Britanie<\/a> \u0219i a noastr\u0103 <a href=\"https:\/\/moverdb.com\/ro\/comentarii\/\">procesul de revizuire explicat<\/a>.<\/p>\n<p><strong>Site web:<\/strong> <a href=\"http:\/\/www.sterling.com\/\" target=\"_blank\" rel=\"noopener\">http:\/\/www.sterling.com\/<\/a><\/p>","protected":false},"excerpt":{"rendered":"<p>Sterling offers international employers an easy way to relocate their staff worldwide. Their services are listed below, together with customer reviews and a company profile. Relocation Services Assignment Management Cross Culture Training Departure Services Education Assistance Expense Management Furniture Rental Guaranteed Home Sale Home Finding Service Immigration, Visa and Work Permits Language Training Move Management [&hellip;]<\/p>\n","protected":false},"author":1,"featured_media":0,"parent":0,"menu_order":0,"comment_status":"closed","ping_status":"closed","template":"","meta":{"_genesis_hide_title":false,"_genesis_hide_breadcrumbs":false,"_genesis_hide_singular_image":false,"_genesis_hide_footer_widgets":false,"_genesis_custom_body_class":"","_genesis_custom_post_class":"","_genesis_layout":"","footnotes":""},"class_list":{"0":"post-348","1":"page","2":"type-page","3":"status-publish","5":"entry"},"_links":{"self":[{"href":"https:\/\/moverdb.com\/ro\/wp-json\/wp\/v2\/pages\/348","targetHints":{"allow":["GET"]}}],"collection":[{"href":"https:\/\/moverdb.com\/ro\/wp-json\/wp\/v2\/pages"}],"about":[{"href":"https:\/\/moverdb.com\/ro\/wp-json\/wp\/v2\/types\/page"}],"author":[{"embeddable":true,"href":"https:\/\/moverdb.com\/ro\/wp-json\/wp\/v2\/users\/1"}],"replies":[{"embeddable":true,"href":"https:\/\/moverdb.com\/ro\/wp-json\/wp\/v2\/comments?post=348"}],"version-history":[{"count":15,"href":"https:\/\/moverdb.com\/ro\/wp-json\/wp\/v2\/pages\/348\/revisions"}],"predecessor-version":[{"id":6240,"href":"https:\/\/moverdb.com\/ro\/wp-json\/wp\/v2\/pages\/348\/revisions\/6240"}],"wp:attachment":[{"href":"https:\/\/moverdb.com\/ro\/wp-json\/wp\/v2\/media?parent=348"}],"curies":[{"name":"wp","href":"https:\/\/api.w.org\/{rel}","templated":true}]}}