{"id":347,"date":"2016-05-22T19:43:53","date_gmt":"2016-05-22T19:43:53","guid":{"rendered":"http:\/\/moverdb.com\/?page_id=347"},"modified":"2026-01-08T15:20:38","modified_gmt":"2026-01-08T15:20:38","slug":"santa-fe-relocalizare","status":"publish","type":"page","link":"https:\/\/moverdb.com\/ro\/santa-fe-relocation\/","title":{"rendered":"Santa Fe Relocation Services International Moving &amp; Removals Recenzii"},"content":{"rendered":"<p>Santa Fe Relocation Services este o companie de relocare de \u00eenalt\u0103 calitate. Numeroasele sale servicii de mutare sunt enumerate mai jos, \u00eempreun\u0103 cu un profil al companiei \u0219i recenzii ale clien\u021bilor.<\/p>\n<p><strong>Servicii de mobilitate global\u0103<\/strong><\/p>\n<ul>\n<li> Relocarea global\u0103 \u0219i gestionarea DSP la nivel mondial<\/li>\n<li> Gestionarea vizelor \u0219i a imigra\u021biei<\/li>\n<li> Managementul mut\u0103rilor pentru persoane fizice \u0219i angaja\u021bi ai companiilor<\/li>\n<\/ul>\n<p><strong>Servicii de mutare \u0219i depozitare<\/strong><\/p>\n<ul>\n<li> Mutarea interna\u021bional\u0103<\/li>\n<li> Mutarea intern\u0103 \u0219i local\u0103<\/li>\n<li> Depozitare<\/li>\n<li> Relocarea animalelor de companie<\/li>\n<li> <a href=\"https:\/\/moverdb.com\/ro\/auto-transport-expediere\/\">Transportul vehiculelor<\/a><\/li>\n<li> Leg\u0103turi c\u0103tre acoperirea protec\u021biei<\/li>\n<li> Handyman &amp; Valet Services<\/li>\n<li> \u00cenchiriere de mobilier<\/li>\n<li> Excelen\u021b\u0103 \u00een servicii de mutare \u0219i depozitare<\/li>\n<\/ul>\n<p><strong>Servicii de relocare<\/strong><\/p>\n<ul>\n<li> Atribuirea sumei forfetare<\/li>\n<li> Misiuni pe termen scurt<\/li>\n<li> C\u0103utare acas\u0103<\/li>\n<li> C\u0103utarea \u0219colii<\/li>\n<li> Servicii de instalare<\/li>\n<li> Lista de verificare \u0219i relocarea dintr-o privire<\/li>\n<li> Vize \u0219i imigra\u021bie<\/li>\n<li> Ghiduri de destina\u021bie<\/li>\n<\/ul>\n<p><strong>Servicii comerciale<\/strong><\/p>\n<ul>\n<li> Mutarea birourilor<\/li>\n<li> Instala\u021bii hoteliere<\/li>\n<li> Expozi\u021bii \u00een \u00eentreaga lume<\/li>\n<li> Mut\u0103ri de art\u0103 \u0219i antichit\u0103\u021bi<\/li>\n<li> Proiecte speciale, cum ar fi mut\u0103ri de spitale, facilit\u0103\u021bi militare, facilit\u0103\u021bi educa\u021bionale<\/li>\n<\/ul>\n<h2>Profilul companiei Santa Fe Relocation Services<\/h2>\n<p>Santa Fe ofer\u0103 servicii de mobilitate global\u0103 pentru angaja\u021bii expatria\u021bi ai companiilor. Compania se m\u00e2ndre\u0219te cu faptul c\u0103 elimin\u0103 stresul legat de relocarea angaja\u021bilor \u0219i se m\u00e2ndre\u0219te cu clien\u021bii s\u0103i din Fortune 500. Compania se ocup\u0103 anual de aproximativ 60.000 de mut\u0103ri interna\u021bionale \u0219i 15.000 de mut\u0103ri interne. <\/p>\n<p>Santa Fe \u0219i-a \u00eenceput via\u021ba \u00een <a href=\"https:\/\/moverdb.com\/ro\/moving-to-hong-kong\/\" data-internallinksmanager029f6b8e52c=\"350\" title=\"V\u0103 muta\u021bi \u00een Hong Kong? 2026 Costurile vie\u021bii \u0219i sfaturi de relocare\">Hong Kong<\/a> \u00een 1980. Grupul Santa Fe a achizi\u021bionat companii din \u00eentreaga lume, cea mai veche fiind Wridgways of <a href=\"https:\/\/moverdb.com\/ro\/moving-to-australia\/living-in-australia\/\" data-internallinksmanager029f6b8e52c=\"240\" title=\"21 Secretele despre via\u021ba \u00een Australia pe care trebuie s\u0103 le \u0219tii \u00eenainte de a te muta\">Australia<\/a> care a fost fondat\u0103 \u00een 1892. Santa Fe are birouri pe \u0219ase continente, iar sediul central se afl\u0103 \u00een <a href=\"https:\/\/moverdb.com\/ro\/moving-to-london\/\">Londra<\/a> \u0219i ofer\u0103 clien\u021bilor s\u0103i servicii de relocalizare la nivel global, regional \u0219i local. <\/p>\n<p>Santa Fe Relocation Services Asocia\u021bii \u0219i acredit\u0103ri:<\/p>\n<ul>\n<li> <a href=\"https:\/\/moverdb.com\/ro\/consiliul-de-relocare-a-angajatilor\/\">ERC la nivel mondial<\/a><\/li>\n<li> <a href=\"https:\/\/moverdb.com\/ro\/eura\/\">Asocia\u021bia European\u0103 de Relocare<\/a> (<a href=\"https:\/\/moverdb.com\/ro\/eura\/\" data-internallinksmanager029f6b8e52c=\"13\" title=\"Explica\u021bii despre Asocia\u021bia European\u0103 de Relocare (EuRA)\">EuRA<\/a>)<\/li>\n<li> <a href=\"https:\/\/moverdb.com\/ro\/fidi-faim\/\">Federa\u021bia Global\u0103 a Companiilor Interna\u021bionale de Mutare<\/a> (<a href=\"https:\/\/moverdb.com\/ro\/fidi-faim\/\" data-internallinksmanager029f6b8e52c=\"16\" title=\"FIDI &amp; FAIM (FIDI Accredited International Mover) Explicat\">FIDI<\/a>)<\/li>\n<li> <a href=\"https:\/\/moverdb.com\/ro\/fidi-faim\/\">Acreditat FIDI-FAIM \u0219i FAIM Plus<\/a><\/li>\n<li> <a href=\"https:\/\/moverdb.com\/ro\/sunt\/\">Asocia\u021bia Interna\u021bional\u0103 a Transportatorilor (IAM)<\/a><\/li>\n<li> <a href=\"https:\/\/moverdb.com\/ro\/lacma\/\">LACMA<\/a><\/li>\n<li> Managementul calit\u0103\u021bii ISO9001<\/li>\n<li> ISO14001 Managementul mediului<\/li>\n<li> OHSAS18001 Managementul s\u0103n\u0103t\u0103\u021bii \u0219i securit\u0103\u021bii<\/li>\n<li> ISO27001 Securitatea datelor<\/li>\n<\/ul>\n<h2>Santa Fe Relocation Services Recenzii<\/h2>\n<p><strong>Pozitiv<\/strong><\/p>\n<p><em>\"Santa Fe are o echip\u0103 berlinez\u0103 (<a href=\"https:\/\/moverdb.com\/ro\/moving-to-germany\/\" data-internallinksmanager029f6b8e52c=\"321\" title=\"V\u0103 muta\u021bi \u00een Germania? 2026 Costurile vie\u021bii \u0219i sfaturi de relocare\">Germania<\/a>) \u0219i m-au uimit cu adev\u0103rat cu serviciile pe care le-au oferit. Domnul H Schulz \u0219i doamna A. Hoenow au executat mutarea mea f\u0103r\u0103 probleme, \u00een mod eficient \u0219i \u00eentotdeauna cu o atitudine prietenoas\u0103.\"<\/em> Dot Stein via <a href=\"http:\/\/www.mymovingreviews.com\/movingreviews\/simply-the-best-51520\" target=\"_blank\" rel=\"noopener\">MyMovingReviews<\/a><\/p>\n<p><em>\"De la \u00eenceputul \u0219i p\u00e2n\u0103 la sf\u00e2r\u0219itul procesului, serviciile oferite au fost profesioniste, utile, iar echipa a f\u0103cut tot posibilul pentru a se asigura c\u0103 mutarea a fost realizat\u0103 \u00eentr-o manier\u0103 de calitate.\"<\/em> Linda, Melbourne via <a href=\"http:\/\/www.productreview.com.au\/p\/santa-fe-wridgways.html\" target=\"_blank\" rel=\"noopener\">Revizuirea produsului<\/a><\/p>\n<p><strong>Negativ<\/strong><\/p>\n<p><em>\"A NU SE UTILIZA. Compania cu care au contractat (Roy Trevor Removals) a distrus complet podelele mele din lemn nou-nou\u021b \u0219i a \u00eencercat de fapt s\u0103 dea vina pe <a href=\"https:\/\/moverdb.com\/ro\/moving-to-the-united-states\/\" data-internallinksmanager029f6b8e52c=\"94\" title=\"V\u0103 muta\u021bi \u00een Statele Unite? 2026 Costurile vie\u021bii \u0219i sfaturi de relocare\">us<\/a> pentru pagubele produse.\"<\/em> Pamela Rollins via <a href=\"http:\/\/www.mymovingreviews.com\/movingreviews\/horrible-damage-to-floors-51782\" target=\"_blank\" rel=\"noopener\">MyMovingReviews<\/a><\/p>\n<p><em>\"Aceasta a fost o mutare interna\u021bional\u0103 din PNG la Perth. Ne-am f\u0103cut bagajele p\u00e2n\u0103 \u00een octombrie 2015, dup\u0103 mai bine de 5 luni \u0219i \u00eenc\u0103 nu avem toate lucrurile noastre.\" <\/em>Liz via <a href=\"http:\/\/www.productreview.com.au\/p\/santa-fe-wridgways.html\" target=\"_blank\" rel=\"noopener\">Revizuirea produsului<\/a><\/p>\n<div itemprop=\"review\" itemscope itemtype=\"http:\/\/schema.org\/Review\">\n<span itemprop=\"author\" itemscope=\"\" itemtype=\"http:\/\/schema.org\/Organization\"><span itemprop=\"name\">MoverDB.com<\/span><\/span> Revizuirea online a site-ului pentru <span itemprop=\"itemreviewed\" itemscope=\"\" itemtype=\"http:\/\/schema.org\/Brand\"><span itemprop=\"name\">Santa Fe Servicii de relocare<\/span><\/span>:<\/p>\n<ol>\n<li> Detalii de contact clare pe site-ul web (inclusiv num\u0103rul de telefon): <strong>Da<\/strong><\/li>\n<li> U\u0219or de ob\u021binut <a href=\"https:\/\/moverdb.com\/ro\/citate\/\">citate de mut\u0103ri interna\u021bionale<\/a>? (Formular de solicitare a unui deviz online): <strong>Da<\/strong><\/li>\n<li> Informa\u021bii clare pe site-ul web: <strong>Da<\/strong>. Un site extrem de informativ.<\/li>\n<li> Apartenen\u021ba la organiza\u021bii interna\u021bionale recunoscute \u00een domeniul mut\u0103rii: <strong>Da<\/strong>, a se vedea mai sus.<\/li>\n<li> Lista de clien\u021bi \u0219i\/sau m\u0103rturii ale clien\u021bilor anteriori: <strong>Da<\/strong>, de\u0219i nu exist\u0103 o list\u0103 de clien\u021bi, exist\u0103 multe m\u0103rturii pozitive ale clien\u021bilor.<\/li>\n<\/ol>\n<div itemprop=\"reviewRating\" itemscope itemtype=\"http:\/\/schema.org\/Rating\"><meta itemprop=\"worstRating\" content = \"0\" \/><meta itemprop=\"bestRating\" content=\"5\" \/><meta itemprop=\"ratingValue\" content=\"5\"><\/div>\n<p><strong>Scor general: 5\/5<\/strong><br \/>\n<strong>Data revizuirii:<\/strong> <span itemprop=\"datePublished\" content=\"2016-05-22\">22\/05\/2016<\/span>\n<\/div>\n<p>Mai multe despre <a href=\"https:\/\/moverdb.com\/ro\/mutari-internationale\/\">Companii de mut\u0103ri din Marea Britanie<\/a> \u0219i a noastr\u0103 <a href=\"https:\/\/moverdb.com\/ro\/comentarii\/\">procesul de revizuire explicat<\/a>.<\/p>\n<p><strong>Site web:<\/strong> <a href=\"http:\/\/www.santaferelo.com\/\" target=\"_blank\" rel=\"noopener\">http:\/\/www.santaferelo.com\/<\/a><\/p>","protected":false},"excerpt":{"rendered":"<p>Santa Fe Relocation Services is a high-end relocation company. It&#8217;s many removal services are listed below, together with a company profile and customer reviews. Global Mobility Services Global relocation and DSP management worldwide Visa and immigration management Move management for individuals and corporate employees Moving and Storage Services International Moving Domestic and Local Moving Storage [&hellip;]<\/p>\n","protected":false},"author":1,"featured_media":0,"parent":0,"menu_order":0,"comment_status":"closed","ping_status":"closed","template":"","meta":{"_genesis_hide_title":false,"_genesis_hide_breadcrumbs":false,"_genesis_hide_singular_image":false,"_genesis_hide_footer_widgets":false,"_genesis_custom_body_class":"","_genesis_custom_post_class":"","_genesis_layout":"","footnotes":""},"class_list":{"0":"post-347","1":"page","2":"type-page","3":"status-publish","5":"entry"},"_links":{"self":[{"href":"https:\/\/moverdb.com\/ro\/wp-json\/wp\/v2\/pages\/347","targetHints":{"allow":["GET"]}}],"collection":[{"href":"https:\/\/moverdb.com\/ro\/wp-json\/wp\/v2\/pages"}],"about":[{"href":"https:\/\/moverdb.com\/ro\/wp-json\/wp\/v2\/types\/page"}],"author":[{"embeddable":true,"href":"https:\/\/moverdb.com\/ro\/wp-json\/wp\/v2\/users\/1"}],"replies":[{"embeddable":true,"href":"https:\/\/moverdb.com\/ro\/wp-json\/wp\/v2\/comments?post=347"}],"version-history":[{"count":14,"href":"https:\/\/moverdb.com\/ro\/wp-json\/wp\/v2\/pages\/347\/revisions"}],"predecessor-version":[{"id":6235,"href":"https:\/\/moverdb.com\/ro\/wp-json\/wp\/v2\/pages\/347\/revisions\/6235"}],"wp:attachment":[{"href":"https:\/\/moverdb.com\/ro\/wp-json\/wp\/v2\/media?parent=347"}],"curies":[{"name":"wp","href":"https:\/\/api.w.org\/{rel}","templated":true}]}}