{"id":320,"date":"2016-05-17T21:20:57","date_gmt":"2016-05-17T21:20:57","guid":{"rendered":"http:\/\/moverdb.com\/?page_id=320"},"modified":"2026-01-08T14:40:08","modified_gmt":"2026-01-08T14:40:08","slug":"matthew-james","status":"publish","type":"page","link":"https:\/\/moverdb.com\/ro\/matthew-james\/","title":{"rendered":"Matthew James Reloc\u0103ri globale"},"content":{"rendered":"<p>Matthew James Global Relocations este o companie privat\u0103 care ofer\u0103 numeroase servicii pentru persoane fizice \u0219i companii care se mut\u0103 \u00een str\u0103in\u0103tate \u0219i la nivel local. Serviciile sale sunt enumerate mai jos, \u00eempreun\u0103 cu un profil al companiei \u0219i recenzii.<\/p>\n<p><strong>Reloc\u0103ri interna\u021bionale<\/strong><\/p>\n<ul>\n<li> Serviciu complet din u\u0219\u0103 \u00een u\u0219\u0103<\/li>\n<li> Servicii de ambalare \u0219i \u00eempachetare pentru export<\/li>\n<li> Servicii de despachetare \u0219i reasamblare<\/li>\n<li> <a href=\"https:\/\/moverdb.com\/ro\/container-shipping\/\" data-internallinksmanager029f6b8e52c=\"3\" title=\"Graficul ratelor de transport maritim interna\u021bional de containere: Aprilie 2026\">Transport maritim interna\u021bional<\/a> inventar<\/li>\n<li> Transporturi dedicate \u0219i de grupaj<\/li>\n<li> Asisten\u021b\u0103 la v\u0103muire<\/li>\n<li> L\u0103zi personalizate pentru articole fragile \u0219i delicate<\/li>\n<li> Acoperire interna\u021bional\u0103 de asigurare \u00een largul m\u0103rii<\/li>\n<li> Acoperire de asigurare general\u0103<\/li>\n<\/ul>\n<p><strong>Reloc\u0103ri europene<\/strong><\/p>\n<ul>\n<li> Serviciu complet din u\u0219\u0103 \u00een u\u0219\u0103<\/li>\n<li> Ambalare, \u00eempachetare \u0219i despachetare<\/li>\n<li> <a href=\"https:\/\/moverdb.com\/ro\/auto-transport-expediere\/\">Vehicul<\/a>, transport cu barca \u0219i cu bicicleta<\/li>\n<li> Asigurare aranjat\u0103<\/li>\n<\/ul>\n<p><strong>Muta\u021bii domestice<\/strong><\/p>\n<ul>\n<li> Serviciu complet din u\u0219\u0103 \u00een u\u0219\u0103<\/li>\n<li> Ambalare, \u00eempachetare \u0219i despachetare<\/li>\n<li> Asigurare automat\u0103 de p\u00e2n\u0103 la 50.000 de lire sterline<\/li>\n<\/ul>\n<p><strong>Depozitare \u00een Londra \u0219i <a href=\"https:\/\/moverdb.com\/ro\/moving-to-spain\/\" data-internallinksmanager029f6b8e52c=\"266\" title=\"V\u0103 muta\u021bi \u00een Spania? 2026 Costurile vie\u021bii \u0219i sfaturi de relocare\">Spania<\/a><\/strong><\/p>\n<ul>\n<li> Depozitarea \u00een containere<\/li>\n<li> Depozit de sine st\u0103t\u0103tor<\/li>\n<li> Stocarea arhivelor<\/li>\n<\/ul>\n<h2>Matthew James Profilul companiei<\/h2>\n<p>Matthew James Global Relocations a mutat oameni \u00een \u00eentreaga lume timp de trei genera\u021bii. Acoper\u0103 peste 25.000 de destina\u021bii din peste 300 de \u021b\u0103ri prin intermediul unor parteneriate globale de \u00eencredere. Compania este specializat\u0103 \u00een mut\u0103ri \u00een Spania \u0219i are trei birouri \u00een aceast\u0103 \u021bar\u0103.<\/p>\n<p>Directorul general de ast\u0103zi, Matthew De-Machen, este pasionat de camioane \u00eenc\u0103 de c\u00e2nd era copil, iar acest lucru a fost integrat \u00een companie. <\/p>\n<p>Compania a devenit faimoas\u0103 pentru vehiculele sale personalizate de \u00eenalt\u0103 calitate \u0219i exist\u0103 chiar \u0219i modele de vehicule disponibile pentru a fi cump\u0103rate. Pasiunea lui Matthew De-Machen pentru perfec\u021biunea \u00een materie de camioane s-a extins \u0219i la Matthew James, unde compania sus\u021bine c\u0103 numai perfec\u021biunea este suficient\u0103.<\/p>\n<p>Afilieri \u0219i acredit\u0103ri ale Matthew James Relocation Services:<\/p>\n<ul>\n<li> <a href=\"https:\/\/moverdb.com\/ro\/asociatia-britanica-a-demolatorilor\/\">Asocia\u021bia Britanic\u0103 a Transportatorilor (BAR)<\/a><\/li>\n<li> <a href=\"https:\/\/moverdb.com\/ro\/sunt\/\">Asocia\u021bia Interna\u021bional\u0103 a Transportatorilor (IAM)<\/a><\/li>\n<li> <a href=\"https:\/\/moverdb.com\/ro\/bar-overseas\/\">Asocia\u021bia Britanic\u0103 a Transportatorilor - Asociat interna\u021bional<\/a><\/li>\n<li> QAS International<\/li>\n<li> <a href=\"https:\/\/moverdb.com\/ro\/fedemac\/\">Fedemac European Movers<\/a><\/li>\n<li> Schema de recunoa\u0219tere a operatorilor de flote (FORS) - Aur<\/li>\n<li> Standard de servicii de calitate asigurat\u0103 - Activit\u0103\u021bi de mutare a mobilei \u0219i servicii de mutare peste hotare<\/li>\n<li> Institutul pentru standarde comerciale (TSI)<\/li>\n<\/ul>\n<h2>Matthew James Relocation Recenzii<\/h2>\n<p><strong>Pozitiv<\/strong><\/p>\n<ul>\n<li> <em>\"Foarte politicos la ambele capete ale mut\u0103rii. Toate bunurile noastre par s\u0103 fi supravie\u021buit c\u0103l\u0103toriei\"<\/em> - prin <a href=\"http:\/\/www.referenceline.com\/removers_removals-in-dartford-matthewjamesremovalsstorageltd-14758\" target=\"_blank\" rel=\"noopener\">Linia de referin\u021b\u0103<\/a>.<\/li>\n<li> <em>\"profesionist, amabil, eficient, vesel\"<\/em> - prin <a href=\"https:\/\/www.trustedmover.org\/questionnaire\/7167\" target=\"_blank\" rel=\"noopener\">Mover de \u00eencredere<\/a><\/li>\n<li> <em>\"Am numai cuvinte de laud\u0103 pentru modul minunat \u00een care personalul de la Mathew James s-a ocupat de mutarea mea, de la consultarea ini\u021bial\u0103, ofert\u0103 \u0219i ambalare p\u00e2n\u0103 la livrare.\"<\/em> - prin <a href=\"http:\/\/www.reviews.co.uk\/company-reviews\/store\/matthew-james-removals\" target=\"_blank\" rel=\"noopener\">Recenzii.co.uk<\/a><\/li>\n<\/ul>\n<p><strong>Negativ<\/strong><\/p>\n<ul>\n<li> <em>\"Nep\u0103sare total\u0103 fa\u021b\u0103 de clien\u021bi \u0219i lips\u0103 absolut\u0103 de aten\u021bie.\"<\/em> - prin <a href=\"https:\/\/www.yell.com\/biz\/matthew-james-removals-and-storage-dartford-8459632\/\" target=\"_blank\" rel=\"noopener\">Url\u0103<\/a><\/li>\n<\/ul>\n<div itemprop=\"review\" itemscope itemtype=\"http:\/\/schema.org\/Review\">\n<span itemprop=\"author\" itemscope=\"\" itemtype=\"http:\/\/schema.org\/Organization\"><span itemprop=\"name\">MoverDB.com<\/span><\/span> Revizuirea online a site-ului pentru <span itemprop=\"itemreviewed\" itemscope=\"\" itemtype=\"http:\/\/schema.org\/Brand\"><span itemprop=\"name\">Matthew James Removals<\/span><\/span>:<\/p>\n<ol>\n<li> Detalii de contact clare pe site-ul web (inclusiv num\u0103rul de telefon): <strong>Da<\/strong><\/li>\n<li> U\u0219or de ob\u021binut <a href=\"https:\/\/moverdb.com\/ro\/citate\/\">citate de mut\u0103ri interna\u021bionale<\/a>? (Formular de solicitare a unui deviz online): <strong>Da<\/strong><\/li>\n<li> Informa\u021bii clare pe site-ul web: <strong>Par\u021bial\u0103.<\/strong> Site-ul nu con\u021bine prea multe informa\u021bii utile \u0219i v\u0103 sugereaz\u0103 s\u0103 contacta\u021bi compania pentru detalii.<\/li>\n<li> Apartenen\u021ba la organiza\u021bii interna\u021bionale recunoscute \u00een domeniul mut\u0103rii: <strong>Da<\/strong>, a se vedea mai sus.<\/li>\n<li> Lista de clien\u021bi \u0219i\/sau m\u0103rturii ale clien\u021bilor anteriori: <strong>Par\u021bial\u0103.<\/strong> Pe site nu exist\u0103 o list\u0103 de clien\u021bi, \u00eens\u0103 sunte\u021bi direc\u021bionat c\u0103tre ReferenceLine pentru a vedea m\u0103rturii.<\/li>\n<\/ol>\n<div itemprop=\"reviewRating\" itemscope itemtype=\"http:\/\/schema.org\/Rating\"><meta itemprop=\"worstRating\" content = \"0\" \/><meta itemprop=\"bestRating\" content=\"5\" \/><meta itemprop=\"ratingValue\" content=\"4.5\"><\/div>\n<p><strong>Scor general: 4.5\/5<\/strong><br \/>\n<strong>Data revizuirii:<\/strong> <span itemprop=\"datePublished\" content=\"2016-05-017\">17\/05\/2016<\/span><\/p>\n<\/div>\n<p>Mai multe despre <a href=\"https:\/\/moverdb.com\/ro\/mutari-internationale\/\">Companii de mut\u0103ri din Marea Britanie<\/a> \u0219i a noastr\u0103 <a href=\"https:\/\/moverdb.com\/ro\/comentarii\/\">procesul de revizuire explicat<\/a>.<\/p>\n<p><strong>Site web:<\/strong> <a href=\"http:\/\/www.matthewjamesremovals.com\/\" target=\"_blank\" rel=\"noopener\">http:\/\/www.matthewjamesremovals.com\/<\/a><\/p>","protected":false},"excerpt":{"rendered":"<p>Matthew James Global Relocations is a privately owned company which offers many services for individuals and companies moving abroad and locally. Its services are listed below, together with a company profile and reviews. International Relocations Complete door to door service Export packing and wrapping services Unpacking and reassembly services International shipping inventory Dedicated and Groupage [&hellip;]<\/p>\n","protected":false},"author":1,"featured_media":0,"parent":0,"menu_order":0,"comment_status":"closed","ping_status":"closed","template":"","meta":{"_genesis_hide_title":false,"_genesis_hide_breadcrumbs":false,"_genesis_hide_singular_image":false,"_genesis_hide_footer_widgets":false,"_genesis_custom_body_class":"","_genesis_custom_post_class":"","_genesis_layout":"","footnotes":""},"class_list":{"0":"post-320","1":"page","2":"type-page","3":"status-publish","5":"entry"},"_links":{"self":[{"href":"https:\/\/moverdb.com\/ro\/wp-json\/wp\/v2\/pages\/320","targetHints":{"allow":["GET"]}}],"collection":[{"href":"https:\/\/moverdb.com\/ro\/wp-json\/wp\/v2\/pages"}],"about":[{"href":"https:\/\/moverdb.com\/ro\/wp-json\/wp\/v2\/types\/page"}],"author":[{"embeddable":true,"href":"https:\/\/moverdb.com\/ro\/wp-json\/wp\/v2\/users\/1"}],"replies":[{"embeddable":true,"href":"https:\/\/moverdb.com\/ro\/wp-json\/wp\/v2\/comments?post=320"}],"version-history":[{"count":12,"href":"https:\/\/moverdb.com\/ro\/wp-json\/wp\/v2\/pages\/320\/revisions"}],"predecessor-version":[{"id":13173,"href":"https:\/\/moverdb.com\/ro\/wp-json\/wp\/v2\/pages\/320\/revisions\/13173"}],"wp:attachment":[{"href":"https:\/\/moverdb.com\/ro\/wp-json\/wp\/v2\/media?parent=320"}],"curies":[{"name":"wp","href":"https:\/\/api.w.org\/{rel}","templated":true}]}}